{"id":10496,"date":"2018-09-04T18:08:18","date_gmt":"2018-09-04T21:08:18","guid":{"rendered":"http:\/\/www.saopaulo.sp.leg.br\/escoladoparlamento\/?page_id=10496"},"modified":"2018-11-01T17:17:57","modified_gmt":"2018-11-01T20:17:57","slug":"funcionamento-e-atuacao-dos-tribunais-de-contas-e-do-poder-legislativo-parceria-com-o-conselho-participativo-municipal","status":"publish","type":"page","link":"https:\/\/www.saopaulo.sp.leg.br\/escoladoparlamento\/cursos\/cursos-anteriores\/cursos-realizados-2018\/funcionamento-e-atuacao-dos-tribunais-de-contas-e-do-poder-legislativo-parceria-com-o-conselho-participativo-municipal\/","title":{"rendered":"Funcionamento e Atua\u00e7\u00e3o dos Tribunais de Contas e do Poder Legislativo: Parceria com o Conselho Participativo Municipal"},"content":{"rendered":"<section class=\"entry-content cf sem-topo\" style=\"padding: 20px 0px 0px;color: #333333;text-indent: 0px;letter-spacing: normal;font-family: myriad-pro, 'Helvetica Neue', Helvetica, Arial;font-size: 16px;font-style: normal;font-weight: 400\">\n<p style=\"margin: 0px 0px 1.5em\"><strong>Diretor\u00a0respons\u00e1vel:<\/strong>\u00a0Humberto Dantas<\/p>\n<p style=\"margin: 0px 0px 1.5em\"><strong>Coordenador:<\/strong>\u00a0Alexsandro Santos<\/p>\n<p style=\"margin: 0px 0px 1.5em\">No primeiro semestre de 2018, em um esfor\u00e7o in\u00e9dito, a\u00a0<em>C\u00e2mara Municipal de S\u00e3o Paulo\u00a0<\/em>(e sua\u00a0<em>Escola do Parlamento<\/em>), a\u00a0<em>Assembleia Legislativa<\/em>\u00a0(e seu\u00a0<em>Instituto Legislativo Paulistano<\/em>), o\u00a0<em>Tribunal de Contas do Munic\u00edpio<\/em>\u00a0(e sua\u00a0<em>Escola Superior de Gest\u00e3o e Contas P\u00fablicas<\/em>) e o\u00a0<em>Tribunal de Contas do Estado<\/em>\u00a0(e sua\u00a0<em>Escola de Contas P\u00fablicas<\/em>) realizaram a primeira edi\u00e7\u00e3o do curso\u00a0<em><strong>Legislativos e Tribunais de Contas: Funcionamento e Atua\u00e7\u00e3o<\/strong><\/em>. Naquele momento, justific\u00e1vamos a necessidade de fortalecermos a democracia com a\u00e7\u00f5es que fossem capazes de mobilizar, na popula\u00e7\u00e3o em geral, o reconhecimento pleno da miss\u00e3o e dos modos de operar dos diferentes \u00f3rg\u00e3os da administra\u00e7\u00e3o p\u00fablica, fossem eles constitutivos do Poder Executivo, do Poder Legislativo ou do Poder Judici\u00e1rio.<\/p>\n<p style=\"margin: 0px 0px 1.5em\">Provocadas pela\u00a0<em>Secretaria Especial de Rela\u00e7\u00f5es Sociais da Prefeitura de S\u00e3o Paulo<\/em>para organizar uma nova edi\u00e7\u00e3o do mesmo curso, com a finalidade de ampliar o repert\u00f3rio e fortalecer as condi\u00e7\u00f5es de participa\u00e7\u00e3o dos integrantes do\u00a0<em>Conselho Participativo Municipal<\/em>, as mesmas institui\u00e7\u00f5es pactuaram uma oferta da forma\u00e7\u00e3o exclusivamente destinada a este p\u00fablico alvo.<\/p>\n<p style=\"margin: 0px 0px 1.5em\"><strong>Objetivos<\/strong>:<\/p>\n<ul>\n<li>Possibilitar \u00e0s\/aos conselheiras\/os a amplia\u00e7\u00e3o de seu letramento pol\u00edtico a partir do reconhecimento da miss\u00e3o, estrutura de funcionamento e atua\u00e7\u00e3o cotidiana do Poder Legislativo (municipal e estadual) e dos \u00f3rg\u00e3os de controle externo (<em>Tribunal de Contas do Munic\u00edpio<\/em>\u00a0e\u00a0<em>Tribunal de Contas do Estado<\/em>)<\/li>\n<li>Fortalecer e ampliar os canais de di\u00e1logo da\u00a0<em>Escola do Parlamento<\/em>, da\u00a0<em>Escola Superior de Gest\u00e3o e Contas P\u00fablicas \u201cEur\u00edpedes Sales\u201d<\/em>\u00a0e da\u00a0<em>Escola de Contas P\u00fablicas do TCE<\/em>\u00a0com o\u00a0<em>Conselho Participativo Municipal<\/em><\/li>\n<\/ul>\n<p style=\"margin: 0px 0px 1.5em\"><strong>P\u00fablico Alvo<\/strong>: Conselheiros do Conselho Participativo Municipal e mun\u00edcipes em geral<\/p>\n<p style=\"margin: 0px 0px 1.5em\"><strong>Carga Hor\u00e1ria:\u00a0<\/strong>12 horas<\/p>\n<h2><strong>Inscri\u00e7\u00f5es:\u00a0<span style=\"color: #ff0000\">encerradas<\/span><\/strong><\/h2>\n<p style=\"margin: 0px 0px 1.5em\"><strong>Programa\u00e7\u00e3o:<\/strong><\/p>\n<p style=\"margin: 0px 0px 1.5em\">A primeira atividade do curso ser\u00e1 um\u00a0<strong>Semin\u00e1rio<\/strong>, de livre participa\u00e7\u00e3o.<\/p>\n<table>\n<tbody>\n<tr>\n<td width=\"144\"><\/td>\n<td width=\"144\"><strong>Atividade<\/strong><\/td>\n<td width=\"144\"><strong>Palestrantes<\/strong><\/td>\n<td width=\"144\"><strong>Local<\/strong><\/td>\n<\/tr>\n<tr>\n<td width=\"144\"><strong>17 de outubro<\/strong><\/p>\n<p style=\"margin: 0px 0px 1.5em\">14h30 \u00e0s 16h30<\/p>\n<\/td>\n<td width=\"144\"><strong>Semin\u00e1rio de Abertura<\/strong>\u00a0<em>Casas Legislativas e Tribunais de Contas em S\u00e3o Paulo<\/em><\/td>\n<td width=\"144\">Prof. Humberto Dantas<\/p>\n<p style=\"margin: 0px 0px 1.5em\">Prof. Jess\u00e9 de Souza<\/p>\n<p style=\"margin: 0px 0px 1.5em\">Prof. Vinicius Schurgelies<\/p>\n<p style=\"margin: 0px 0px 1.5em\">Profa. Bibiana Helena Freitas Camargo<\/p>\n<\/td>\n<td width=\"144\">C\u00e2mara Municipal de S\u00e3o Paulo \u2013 Sala S\u00e9rgio Vieira de Mello<\/td>\n<\/tr>\n<\/tbody>\n<\/table>\n<p style=\"margin: 0px 0px 1.5em\"><strong>CURSO<\/strong><\/p>\n<table>\n<tbody>\n<tr>\n<td width=\"144\"><strong>23 de outubro<\/strong><\/p>\n<p style=\"margin: 0px 0px 1.5em\"><strong>14h30 \u00e0s 17h30<\/strong><\/p>\n<\/td>\n<td width=\"144\">Prof. Humberto Dantas<\/td>\n<td width=\"144\"><em>Hist\u00f3ria, Fun\u00e7\u00e3o Social, Estrutura e Funcionamento da C\u00e2mara Municipal de S\u00e3o Paulo + visita guiada<\/em><\/td>\n<td width=\"144\">C\u00e2mara Municipal de S\u00e3o Paulo \u2013\u00a0<a href=\"http:\/\/www.saopaulo.sp.leg.br\/transparencia\/auditorios-online\/sala-oscar-pedroso-horta-sala-b\/\">Sala Oscar Pedroso Horta<\/a><\/td>\n<\/tr>\n<tr>\n<td width=\"144\"><strong>24 de outubro<\/strong><\/p>\n<p style=\"margin: 0px 0px 1.5em\"><strong>9h30 \u00e0s 12h30<\/strong><\/p>\n<\/td>\n<td width=\"144\">Profa. Alessandra Salles<\/td>\n<td width=\"144\"><em>Hist\u00f3ria, Fun\u00e7\u00e3o Social, Estrutura e Funcionamento do Tribunal de Contas do Munic\u00edpio de S\u00e3o Paulo + visita guiada<\/em><\/td>\n<td width=\"144\">Escola Superior de Gest\u00e3o e Contas P\u00fablicas Eur\u00edpedes Sales (Tribunal de Contas do Munic\u00edpio) \u2013\u00a0<span style=\"color: #333333;text-indent: 0px;letter-spacing: normal;font-family: myriad-pro, 'Helvetica Neue', Helvetica, Arial;font-size: 16px;font-style: normal;font-weight: 400;float: none;background-color: #ffffff\">\u00a0<\/span><a href=\"https:\/\/www.google.com.br\/maps\/place\/Av.+Professor+Ascendino+Reis,+1130+-+Vila+Clementino,+S%C3%A3o+Paulo+-+SP\/@-23.6001058,-46.6547025,17z\/data=!3m1!4b1!4m5!3m4!1s0x94ce5a185dc50551:0x41c50d2521470e47!8m2!3d-23.6001058!4d-46.6525138?hl=pt-BR\">Av. Professor Ascendino Reis, 1130 \u2013 Vila Clementino<\/a><\/td>\n<\/tr>\n<tr>\n<td width=\"144\"><strong>30 de outubro<\/strong><\/p>\n<p style=\"margin: 0px 0px 1.5em\"><strong>14h30 \u00e0s 17h30<\/strong><\/p>\n<\/td>\n<td width=\"144\">Prof. Vinicius Schurgelies<\/td>\n<td width=\"144\"><em>Hist\u00f3ria, Fun\u00e7\u00e3o Social, Estrutura e Funcionamento da\u00a0Assembleia Legislativa de S\u00e3o Paulo + visita guiada<\/em><\/td>\n<td width=\"144\">Instituto Legislativo Paulista (Assembleia Legislativa de S\u00e3o Paulo) \u2013\u00a0<a href=\"https:\/\/www.google.com.br\/maps\/place\/Av.+Srg.+Mario+Kozel+Filho,+165+-+Para%C3%ADso,+S%C3%A3o+Paulo+-+SP\/@-23.5795565,-46.6598459,17z\/data=!3m1!4b1!4m5!3m4!1s0x94ce59eeb37ad6e7:0xf9374a3e9443dcb5!8m2!3d-23.5795565!4d-46.6576572?hl=pt-BR\">Av. Sgt. Mario Kozel Filho, 165\u00a0\u2013\u00a0Para\u00edso<\/a><\/td>\n<\/tr>\n<tr>\n<td width=\"144\"><strong>31 de outubro<\/strong><\/p>\n<p style=\"margin: 0px 0px 1.5em\"><strong>9h30 \u00e0s 12h30<\/strong><\/p>\n<\/td>\n<td width=\"144\">Profa. Bibiana Helena Freitas<\/td>\n<td width=\"144\"><em>Hist\u00f3ria, Fun\u00e7\u00e3o Social, Estrutura e Funcionamento do Tribunal de Contas do Estado de S\u00e3o Paulo + visita guiada<\/em><\/td>\n<td width=\"144\">Escola de Contas P\u00fablicas (Tribunal de Contas do Estado) \u2013\u00a0<a href=\"https:\/\/www.google.com.br\/maps\/place\/Av.+Rangel+Pestana,+315+-+Centro,+S%C3%A3o+Paulo+-+SP,+01015-010\/@-23.5494504,-46.6328352,17z\/data=!3m1!4b1!4m5!3m4!1s0x94ce5900f380a677:0x2fded638330da258!8m2!3d-23.5494504!4d-46.6306465?hl=pt-BR\">Av. Rangel Pestana, 315 \u2013 Centro<\/a><\/td>\n<\/tr>\n<\/tbody>\n<\/table>\n<\/section>\n","protected":false},"excerpt":{"rendered":"<p>Diretor\u00a0respons\u00e1vel:\u00a0Humberto Dantas Coordenador:\u00a0Alexsandro Santos No primeiro semestre de 2018, em um esfor\u00e7o in\u00e9dito, a\u00a0C\u00e2mara Municipal de S\u00e3o Paulo\u00a0(e sua\u00a0Escola do Parlamento), a\u00a0Assembleia Legislativa\u00a0(e seu\u00a0Instituto Legislativo Paulistano), o\u00a0Tribunal de Contas do Munic\u00edpio\u00a0(e sua\u00a0Escola Superior de Gest\u00e3o e Contas P\u00fablicas) e o\u00a0Tribunal de Contas do Estado\u00a0(e sua\u00a0Escola de Contas P\u00fablicas) realizaram a primeira edi\u00e7\u00e3o do curso\u00a0Legislativos e [&hellip;]<\/p>\n","protected":false},"author":522,"featured_media":0,"parent":8438,"menu_order":335,"comment_status":"closed","ping_status":"closed","template":"","meta":{"_acf_changed":false,"footnotes":""},"class_list":["post-10496","page","type-page","status-publish","hentry"],"acf":[],"_links":{"self":[{"href":"https:\/\/www.saopaulo.sp.leg.br\/escoladoparlamento\/wp-json\/wp\/v2\/pages\/10496","targetHints":{"allow":["GET"]}}],"collection":[{"href":"https:\/\/www.saopaulo.sp.leg.br\/escoladoparlamento\/wp-json\/wp\/v2\/pages"}],"about":[{"href":"https:\/\/www.saopaulo.sp.leg.br\/escoladoparlamento\/wp-json\/wp\/v2\/types\/page"}],"author":[{"embeddable":true,"href":"https:\/\/www.saopaulo.sp.leg.br\/escoladoparlamento\/wp-json\/wp\/v2\/users\/522"}],"replies":[{"embeddable":true,"href":"https:\/\/www.saopaulo.sp.leg.br\/escoladoparlamento\/wp-json\/wp\/v2\/comments?post=10496"}],"version-history":[{"count":0,"href":"https:\/\/www.saopaulo.sp.leg.br\/escoladoparlamento\/wp-json\/wp\/v2\/pages\/10496\/revisions"}],"up":[{"embeddable":true,"href":"https:\/\/www.saopaulo.sp.leg.br\/escoladoparlamento\/wp-json\/wp\/v2\/pages\/8438"}],"wp:attachment":[{"href":"https:\/\/www.saopaulo.sp.leg.br\/escoladoparlamento\/wp-json\/wp\/v2\/media?parent=10496"}],"curies":[{"name":"wp","href":"https:\/\/api.w.org\/{rel}","templated":true}]}}