{"id":10374,"date":"2018-08-22T14:22:37","date_gmt":"2018-08-22T17:22:37","guid":{"rendered":"http:\/\/www.saopaulo.sp.leg.br\/escoladoparlamento\/?page_id=10374"},"modified":"2018-09-10T13:37:48","modified_gmt":"2018-09-10T16:37:48","slug":"a-educacao-como-base-no-combate-a-desigualdade","status":"publish","type":"page","link":"https:\/\/www.saopaulo.sp.leg.br\/escoladoparlamento\/cursos\/cursos-anteriores\/cursos-realizados-2018\/a-educacao-como-base-no-combate-a-desigualdade\/","title":{"rendered":"A Educa\u00e7\u00e3o como base no combate \u00e0 Desigualdade"},"content":{"rendered":"<p><strong>Diretor Respons\u00e1vel:<\/strong> Ilza Jorge<\/p>\n<p><strong>Coordenador:<\/strong> Tamara Ilinsky Crantschaninov<\/p>\n<p>A <em>Desigualdade<\/em> \u00e9 um dos principais desafios a ser enfrentado, n\u00e3o apenas no Brasil como no mundo, e v\u00e1rios setores da sociedade sinalizam que o combate a ela perpassa prioritariamente pela <em>Educa\u00e7\u00e3o<\/em>.<\/p>\n<p>Estudos demonstram que em termos intergeracionais, a <em>desigualdade<\/em> diminui com o maior acesso \u00e0 educa\u00e7\u00e3o de qualidade. E por mais que tenhamos, ap\u00f3s 30 anos da Constitui\u00e7\u00e3o de 1988, melhorado e muito o acesso \u00e0 educa\u00e7\u00e3o, a m\u00e1 qualidade do ensino mant\u00e9m e at\u00e9 aumenta a desigualdade &#8211;\u00a0o contr\u00e1rio do que \u00e9 visto em pa\u00edses mais desenvolvidos, onde ela amplia as oportunidades e \u00e9 tamb\u00e9m estrat\u00e9gica para o desenvolvimento econ\u00f4mico.<\/p>\n<p>Com vistas a colaborar com o debate sobre o combate \u00e0 <em>desigualdade<\/em>, a <em>Escola do Parlamento<\/em> e o coletivo <em>Faz Diferen\u00e7a? Debates sobre Desigualdades <\/em>realiza mais este encontro do <em>Ciclo de Debates sobre Desigualdades<\/em>.<\/p>\n<p><strong>Objetivos:<\/strong> trazer elementos que colaborem no debate com os participantes\u00a0 sobre o combate \u00e0 desigualdade educacional<\/p>\n<p><strong>P\u00fablico alvo:<\/strong> servidores, assessores parlamentares, estudantes e demais interessados no tema<\/p>\n<p><strong>Vagas: <\/strong>150<\/p>\n<p><strong>Carga Hor\u00e1ria:<\/strong> 3 horas<\/p>\n<p><strong>Programa\u00e7\u00e3o:<\/strong><\/p>\n<table>\n<tbody>\n<tr>\n<td width=\"188\"><\/td>\n<td width=\"191\"><strong>Palestrante<\/strong><\/td>\n<td width=\"189\"><strong>Tema<\/strong><\/td>\n<\/tr>\n<tr>\n<td rowspan=\"3\" width=\"188\"><strong>03 de setembro<\/strong><\/p>\n<p><strong>19h-22h<\/strong><\/p>\n<p><a href=\"http:\/\/www.saopaulo.sp.leg.br\/transparencia\/auditorios-online\/auditorio-prestes-maia\/\"><strong>Audit\u00f3rio Prestes Maia<\/strong><\/a><\/td>\n<td width=\"191\"><strong>Iracema Nascimento<\/strong> (professora da Faculdade de Educa\u00e7\u00e3o da USP)<\/p>\n<p><a href=\"https:\/\/www.saopaulo.sp.leg.br\/escoladoparlamento\/wp-content\/uploads\/sites\/5\/2018\/09\/Iracema_EduDesigualdades_EscolaParlamento_03092018.pdf\">Apresenta\u00e7\u00e3o profa. Iracema Nascimento<\/a><\/td>\n<td width=\"189\"><em>Educa\u00e7\u00e3o e Desigualdade: Dados nacionais, aspectos de organiza\u00e7\u00e3o, gest\u00e3o e estrutura da escola<\/em><\/td>\n<\/tr>\n<tr>\n<td width=\"191\"><strong>Caio Callegari\u00a0<\/strong>(Todos pela Educa\u00e7\u00e3o)<\/p>\n<p><a href=\"https:\/\/www.saopaulo.sp.leg.br\/escoladoparlamento\/wp-content\/uploads\/sites\/5\/2018\/09\/2018_09_03_Faz-Diferen\u00e7a.pdf\">Apresenta\u00e7\u00e3o Caio Callegari<\/a><\/td>\n<td width=\"189\"><em>A agenda do Faz Diferen\u00e7a para redu\u00e7\u00e3o de desigualdades na Educa\u00e7\u00e3o: propostas de pol\u00edticas p\u00fablicas baseadas em evid\u00eancias para o munic\u00edpio de S\u00e3o Paulo<\/em><\/td>\n<\/tr>\n<tr>\n<td width=\"191\"><strong>Claudio Fonseca <\/strong>(Vereador<em> PPS)<\/em><\/td>\n<td width=\"189\"><em>O papel do Legislativo no combate \u00e0 desigualdade educacional<\/em><\/td>\n<\/tr>\n<tr>\n<td colspan=\"3\" width=\"569\"><\/td>\n<\/tr>\n<\/tbody>\n<\/table>\n<h2><strong>Inscri\u00e7\u00f5es: <span style=\"color: #ff0000\">encerradas<\/span><\/strong><\/h2>\n<p>&nbsp;<\/p>\n","protected":false},"excerpt":{"rendered":"<p>Diretor Respons\u00e1vel: Ilza Jorge Coordenador: Tamara Ilinsky Crantschaninov A Desigualdade \u00e9 um dos principais desafios a ser enfrentado, n\u00e3o apenas no Brasil como no mundo, e v\u00e1rios setores da sociedade sinalizam que o combate a ela perpassa prioritariamente pela Educa\u00e7\u00e3o. Estudos demonstram que em termos intergeracionais, a desigualdade diminui com o maior acesso \u00e0 educa\u00e7\u00e3o [&hellip;]<\/p>\n","protected":false},"author":522,"featured_media":0,"parent":8438,"menu_order":342,"comment_status":"closed","ping_status":"closed","template":"","meta":{"_acf_changed":false,"footnotes":""},"class_list":["post-10374","page","type-page","status-publish","hentry"],"acf":[],"_links":{"self":[{"href":"https:\/\/www.saopaulo.sp.leg.br\/escoladoparlamento\/wp-json\/wp\/v2\/pages\/10374","targetHints":{"allow":["GET"]}}],"collection":[{"href":"https:\/\/www.saopaulo.sp.leg.br\/escoladoparlamento\/wp-json\/wp\/v2\/pages"}],"about":[{"href":"https:\/\/www.saopaulo.sp.leg.br\/escoladoparlamento\/wp-json\/wp\/v2\/types\/page"}],"author":[{"embeddable":true,"href":"https:\/\/www.saopaulo.sp.leg.br\/escoladoparlamento\/wp-json\/wp\/v2\/users\/522"}],"replies":[{"embeddable":true,"href":"https:\/\/www.saopaulo.sp.leg.br\/escoladoparlamento\/wp-json\/wp\/v2\/comments?post=10374"}],"version-history":[{"count":0,"href":"https:\/\/www.saopaulo.sp.leg.br\/escoladoparlamento\/wp-json\/wp\/v2\/pages\/10374\/revisions"}],"up":[{"embeddable":true,"href":"https:\/\/www.saopaulo.sp.leg.br\/escoladoparlamento\/wp-json\/wp\/v2\/pages\/8438"}],"wp:attachment":[{"href":"https:\/\/www.saopaulo.sp.leg.br\/escoladoparlamento\/wp-json\/wp\/v2\/media?parent=10374"}],"curies":[{"name":"wp","href":"https:\/\/api.w.org\/{rel}","templated":true}]}}