{"id":10150,"date":"2018-08-03T17:21:57","date_gmt":"2018-08-03T20:21:57","guid":{"rendered":"http:\/\/www.saopaulo.sp.leg.br\/escoladoparlamento\/?page_id=10150"},"modified":"2018-08-29T13:29:57","modified_gmt":"2018-08-29T16:29:57","slug":"envelhecer-em-sao-paulo-discutindo-as-condicoes-de-vida-dos-idosos-na-cidade","status":"publish","type":"page","link":"https:\/\/www.saopaulo.sp.leg.br\/escoladoparlamento\/cursos\/cursos-anteriores\/cursos-realizados-2018\/envelhecer-em-sao-paulo-discutindo-as-condicoes-de-vida-dos-idosos-na-cidade\/","title":{"rendered":"Envelhecer em S\u00e3o Paulo: Discutindo as Condi\u00e7\u00f5es de Vida dos Idosos na Cidade"},"content":{"rendered":"<p><strong>Diretora Respons\u00e1vel:<\/strong> Ilza Val\u00e9ria Moreira Jorge<\/p>\n<p><strong>Coordenadora:<\/strong> Sandra Gomes<\/p>\n<p>Assim como no mundo todo, o envelhecimento da popula\u00e7\u00e3o brasileira acontece rapidamente. De acordo com o IBGE, a popula\u00e7\u00e3o com 60 anos ou mais que em 2012 era de 25,4 milh\u00f5es, passou em 2017 para 30,2 milh\u00f5es. S\u00e3o Paulo \u00e9 uma das cidades que abriga grande parte dos idosos do pa\u00eds, e muitos deles enfrentam problemas de acesso \u00e0 diversas pol\u00edticas p\u00fablicas.<\/p>\n<p>Visando apresentar dados e discutir quest\u00f5es sobre as condi\u00e7\u00f5es de vida e sa\u00fade das pessoas idosas e apresentar pesquisa sobre o perfil das pessoas residentes em ILPIs (Institui\u00e7\u00f5es de Longa Perman\u00eancia para Idosos), a <em>Escola da Parlamento<\/em> e a <em>Coordena\u00e7\u00e3o de Pol\u00edticas para Pessoas Idosas da Secretaria Municipal de Direitos Humanos e Cidadania de S\u00e3o Paulo<\/em> promovem o Semin\u00e1rio <em>Envelhecer em S\u00e3o Paulo: Discutindo as condi\u00e7\u00f5es de vida das pessoas idosas na cidade<\/em>. O debate ser\u00e1 conduzido pela professora Dra. Yeda Duarte, professora da USP\/SP, coordenadora do <em>SABE \u2013 Estudo Longitudinal de m\u00faltiplas coortes* sobre as condi\u00e7\u00f5es de vida de sa\u00fade dos idosos residentes no munic\u00edpio de SP<\/em>.<\/p>\n<p>* <span style=\"color: #404040;text-indent: 0px;letter-spacing: normal;font-family: 'Droid Serif', serif;font-size: 16px;font-style: normal;font-weight: 400;float: none;background-color: #ffffff\">Conjunto de indiv\u00edduos que t\u00eam algo relevante para ser estudado comparativamente<\/span><\/p>\n<p><strong>Objetivos:<\/strong> apresentar dados e debater com os participantes as condi\u00e7\u00f5es de vida e sa\u00fade dos idosos na cidade de S\u00e3o Paulo.<\/p>\n<p><strong>P\u00fablico alvo:<\/strong> Servidores, assessores parlamentares, estudantes e demais interessados no tema.<\/p>\n<p><strong>Vagas:<\/strong> 200<\/p>\n<h2><strong>Inscri\u00e7\u00f5es: <span style=\"color: #ff0000\">encerradas<\/span><\/strong><\/h2>\n<p>&nbsp;<\/p>\n<p><strong>Programa\u00e7\u00e3o:<\/strong><\/p>\n<table>\n<tbody>\n<tr>\n<td><\/td>\n<td><strong>Palestrantes<\/strong><\/td>\n<td><strong>Temas<\/strong><\/td>\n<\/tr>\n<tr>\n<td><strong>14 de agosto<\/strong> \u2013 14h\/17h<\/p>\n<p><a href=\"http:\/\/www.saopaulo.sp.leg.br\/transparencia\/auditorios-online\/salao-nobre-presidente-joao-brasil-vita\/\">Sal\u00e3o Nobre<\/a><\/td>\n<td rowspan=\"2\">Yeda Duarte &#8211; <em>professora da USP\/SP, coordenadora do SABE \u2013 Estudo Longitudinal de m\u00faltiplas coortes sobre as condi\u00e7\u00f5es de vida de sa\u00fade dos idosos residentes no munic\u00edpio de SP<\/em><\/p>\n<p><strong>Media\u00e7\u00e3o: <\/strong>Sandra Regina Gomes \u2013 <em>Coordena\u00e7\u00e3o de Pol\u00edticas para pessoas Idosas da SMDHC <\/em><\/p>\n<p>&nbsp;<\/td>\n<td>Discutindo as condi\u00e7\u00f5es de vida e sa\u00fade das pessoas idosas nessa megal\u00f3pole<\/p>\n<p><a href=\"http:\/\/www.saopaulo.sp.leg.br\/escoladoparlamento\/wp-content\/uploads\/sites\/5\/2018\/08\/SABE-2015-2018.pdf\">SABE 2015-2018<\/a><\/td>\n<\/tr>\n<tr>\n<td><strong>28 de agosto<\/strong> \u2013 14h\/17h<\/p>\n<p><a href=\"http:\/\/www.saopaulo.sp.leg.br\/transparencia\/auditorios-online\/salao-nobre-presidente-joao-brasil-vita\/\">Sal\u00e3o Nobre<\/a><\/td>\n<td>Pessoas pouco lembradas: O real retrato das pessoas idosas residentes em ILPI<\/td>\n<\/tr>\n<\/tbody>\n<\/table>\n","protected":false},"excerpt":{"rendered":"<p>Diretora Respons\u00e1vel: Ilza Val\u00e9ria Moreira Jorge Coordenadora: Sandra Gomes Assim como no mundo todo, o envelhecimento da popula\u00e7\u00e3o brasileira acontece rapidamente. De acordo com o IBGE, a popula\u00e7\u00e3o com 60 anos ou mais que em 2012 era de 25,4 milh\u00f5es, passou em 2017 para 30,2 milh\u00f5es. S\u00e3o Paulo \u00e9 uma das cidades que abriga grande [&hellip;]<\/p>\n","protected":false},"author":522,"featured_media":0,"parent":8438,"menu_order":346,"comment_status":"closed","ping_status":"closed","template":"","meta":{"_acf_changed":false,"footnotes":""},"class_list":["post-10150","page","type-page","status-publish","hentry"],"acf":[],"_links":{"self":[{"href":"https:\/\/www.saopaulo.sp.leg.br\/escoladoparlamento\/wp-json\/wp\/v2\/pages\/10150","targetHints":{"allow":["GET"]}}],"collection":[{"href":"https:\/\/www.saopaulo.sp.leg.br\/escoladoparlamento\/wp-json\/wp\/v2\/pages"}],"about":[{"href":"https:\/\/www.saopaulo.sp.leg.br\/escoladoparlamento\/wp-json\/wp\/v2\/types\/page"}],"author":[{"embeddable":true,"href":"https:\/\/www.saopaulo.sp.leg.br\/escoladoparlamento\/wp-json\/wp\/v2\/users\/522"}],"replies":[{"embeddable":true,"href":"https:\/\/www.saopaulo.sp.leg.br\/escoladoparlamento\/wp-json\/wp\/v2\/comments?post=10150"}],"version-history":[{"count":0,"href":"https:\/\/www.saopaulo.sp.leg.br\/escoladoparlamento\/wp-json\/wp\/v2\/pages\/10150\/revisions"}],"up":[{"embeddable":true,"href":"https:\/\/www.saopaulo.sp.leg.br\/escoladoparlamento\/wp-json\/wp\/v2\/pages\/8438"}],"wp:attachment":[{"href":"https:\/\/www.saopaulo.sp.leg.br\/escoladoparlamento\/wp-json\/wp\/v2\/media?parent=10150"}],"curies":[{"name":"wp","href":"https:\/\/api.w.org\/{rel}","templated":true}]}}