{"id":923,"date":"2020-04-15T18:32:14","date_gmt":"2020-04-15T21:32:14","guid":{"rendered":"http:\/\/www.saopaulo.sp.leg.br\/biblioteca-novo\/?page_id=923"},"modified":"2023-08-08T17:51:35","modified_gmt":"2023-08-08T20:51:35","slug":"pagina-inicial","status":"publish","type":"page","link":"https:\/\/www.saopaulo.sp.leg.br\/documentacao\/","title":{"rendered":"P\u00e1gina inicial"},"content":{"rendered":"<blockquote><p>Bem-vindos ao universo da Informa\u00e7\u00e3o Legislativa do munic\u00edpio de S\u00e3o Paulo. O Website da Secretaria de Documenta\u00e7\u00e3o est\u00e1 aqui para ajudar todos os interessados a encontrarem as informa\u00e7\u00f5es desejadas em meio \u00e0 grande quantidade de textos e documentos no \u00e2mbito da C\u00e2mara Municipal de S\u00e3o Paulo, agindo ao mesmo tempo como guia (que mostra o caminho), filtro (que seleciona o que \u00e9 relevante) e ajudante incans\u00e1vel.<\/p>\n<p>Entre, navegue, pesquise, fique \u00e0 vontade.<\/p><\/blockquote>\n<p>Para come\u00e7ar, vamos conhecer a estrutura que est\u00e1 a seu dispor.<\/p>\n<p>A <a href=\".\/quem-somos\/a-secretaria-de-documentacao\/\">Secretaria de Documenta\u00e7\u00e3o da C\u00e2mara Municipal de S\u00e3o Paulo<\/a> (SGP.3) \u00e9 o setor respons\u00e1vel pela gest\u00e3o de informa\u00e7\u00f5es relativas \u00e0s atividades legislativas e administrativas do Parlamento, administrando tamb\u00e9m a massa documental produzida na institui\u00e7\u00e3o. Para desenvolver com qualidade as suas atividades, ela est\u00e1 dividida em tr\u00eas Equipes.<\/p>\n<ul>\n<li>A <a href=\".\/quem-somos\/documentacao-do-legislativo\/\">Documenta\u00e7\u00e3o do Legislativo<\/a> (SGP.31) coleta e organiza os textos das leis, dos projetos de lei, dos pronunciamentos das sess\u00f5es plen\u00e1rias e de outros documentos origin\u00e1rios das atividades parlamentares.<\/li>\n<li>A <a href=\".\/quem-somos\/biblioteca\/\">Biblioteca<\/a> (SGP.32) mant\u00e9m e disponibiliza cole\u00e7\u00f5es de livros, peri\u00f3dicos, artigos de jornais, di\u00e1rios oficiais e outros documentos bibliogr\u00e1ficos.<\/li>\n<li>O <a href=\".\/quem-somos\/arquivo-geral\/\">Arquivo Geral<\/a> (SGP.33) cuida da guarda dos originais de documentos e processos administrativos e legislativos produzidos pela C\u00e2mara, que s\u00e3o preservados em fun\u00e7\u00e3o do seu valor legal e hist\u00f3rico.<\/li>\n<\/ul>\n<p>As tr\u00eas Equipes mant\u00eam um trabalho coeso e interdisciplinar. Por exemplo: os acervos da Biblioteca e do Arquivo Geral oferecem suporte e retaguarda para a compila\u00e7\u00e3o de textos realizada pela Documenta\u00e7\u00e3o do Legislativo.<\/p>\n<p>Com o intuito de garantir a usabilidade da documenta\u00e7\u00e3o, esses tr\u00eas setores mant\u00eam bancos de dados informatizados dispon\u00edveis ao p\u00fablico em geral para consulta on-line. Entre os usu\u00e1rios destes servi\u00e7os est\u00e3o os mun\u00edcipes nas suas quest\u00f5es cotidianas, agentes pol\u00edticos, jornalistas, historiadores e pesquisadores de v\u00e1rias \u00e1reas.<\/p>\n<p>Grande parte da produ\u00e7\u00e3o legislativa da C\u00e2mara Municipal pode ser acessada na \u00edntegra, assim como os processos que geraram as normas legislativas, apresentando sua motiva\u00e7\u00e3o, discuss\u00e3o e o passo-a-passo de sua tramita\u00e7\u00e3o, desde a apresenta\u00e7\u00e3o do projeto, passando pela an\u00e1lise do seu m\u00e9rito pelas comiss\u00f5es parlamentares, at\u00e9 a vota\u00e7\u00e3o em plen\u00e1rio, com posterior promulga\u00e7\u00e3o ou veto.<\/p>\n<p>Al\u00e9m da produ\u00e7\u00e3o legislativa, a Secretaria de Documenta\u00e7\u00e3o tamb\u00e9m atua no gerenciamento da produ\u00e7\u00e3o administrativa (guarda dos volumes de processos na \u00edntegra e outros documentos de valor legal) e bibliogr\u00e1fica (livros, peri\u00f3dicos e artigos produzidos na C\u00e2mara Municipal ou escritos sobre ela) do Legislativo Paulistano. E, com as novas demandas e servi\u00e7os em meio digital, ela vem se empenhando em definir procedimentos para preserva\u00e7\u00e3o e difus\u00e3o dos materiais produzidos.<\/p>\n<p>Se houver qualquer d\u00favida, \u00e9 s\u00f3 entrar em contato. Estamos aqui para ajudar!<\/p>\n","protected":false},"excerpt":{"rendered":"<p>Bem-vindos ao universo da Informa\u00e7\u00e3o Legislativa do munic\u00edpio de S\u00e3o Paulo. O Website da Secretaria de Documenta\u00e7\u00e3o est\u00e1 aqui para ajudar todos os interessados a encontrarem as informa\u00e7\u00f5es desejadas em&#8230;  <a class=\"excerpt-read-more\" href=\"https:\/\/www.saopaulo.sp.leg.br\/documentacao\/\" title=\"Leia P\u00e1gina inicial\">Leia mais &raquo;<\/a><\/p>\n","protected":false},"author":169,"featured_media":0,"parent":0,"menu_order":0,"comment_status":"closed","ping_status":"closed","template":"page-home.php","meta":{"_acf_changed":false,"footnotes":""},"class_list":["post-923","page","type-page","status-publish","hentry"],"acf":[],"yoast_head":"<!-- This site is optimized with the Yoast SEO plugin v27.3 - https:\/\/yoast.com\/product\/yoast-seo-wordpress\/ -->\n<title>P\u00e1gina inicial - Biblioteca e Documenta\u00e7\u00e3o<\/title>\n<meta name=\"robots\" content=\"index, follow, max-snippet:-1, max-image-preview:large, max-video-preview:-1\" \/>\n<link rel=\"canonical\" href=\"https:\/\/www.saopaulo.sp.leg.br\/documentacao\/\" \/>\n<meta property=\"og:locale\" content=\"pt_BR\" \/>\n<meta property=\"og:type\" content=\"article\" \/>\n<meta property=\"og:title\" content=\"P\u00e1gina inicial - Biblioteca e Documenta\u00e7\u00e3o\" \/>\n<meta property=\"og:description\" content=\"Bem-vindos ao universo da Informa\u00e7\u00e3o Legislativa do munic\u00edpio de S\u00e3o Paulo. O Website da Secretaria de Documenta\u00e7\u00e3o est\u00e1 aqui para ajudar todos os interessados a encontrarem as informa\u00e7\u00f5es desejadas em... Leia mais &raquo;\" \/>\n<meta property=\"og:url\" content=\"https:\/\/www.saopaulo.sp.leg.br\/documentacao\/\" \/>\n<meta property=\"og:site_name\" content=\"Biblioteca e Documenta\u00e7\u00e3o\" \/>\n<meta property=\"article:modified_time\" content=\"2023-08-08T20:51:35+00:00\" \/>\n<meta name=\"twitter:card\" content=\"summary_large_image\" \/>\n<meta name=\"twitter:label1\" content=\"Est. tempo de leitura\" \/>\n\t<meta name=\"twitter:data1\" content=\"2 minutos\" \/>\n<script type=\"application\/ld+json\" class=\"yoast-schema-graph\">{\"@context\":\"https:\\\/\\\/schema.org\",\"@graph\":[{\"@type\":\"WebPage\",\"@id\":\"https:\\\/\\\/www.saopaulo.sp.leg.br\\\/documentacao\\\/\",\"url\":\"https:\\\/\\\/www.saopaulo.sp.leg.br\\\/documentacao\\\/\",\"name\":\"P\u00e1gina inicial - Biblioteca e Documenta\u00e7\u00e3o\",\"isPartOf\":{\"@id\":\"https:\\\/\\\/www.saopaulo.sp.leg.br\\\/documentacao\\\/#website\"},\"datePublished\":\"2020-04-15T21:32:14+00:00\",\"dateModified\":\"2023-08-08T20:51:35+00:00\",\"breadcrumb\":{\"@id\":\"https:\\\/\\\/www.saopaulo.sp.leg.br\\\/documentacao\\\/#breadcrumb\"},\"inLanguage\":\"pt-BR\",\"potentialAction\":[{\"@type\":\"ReadAction\",\"target\":[\"https:\\\/\\\/www.saopaulo.sp.leg.br\\\/documentacao\\\/\"]}]},{\"@type\":\"BreadcrumbList\",\"@id\":\"https:\\\/\\\/www.saopaulo.sp.leg.br\\\/documentacao\\\/#breadcrumb\",\"itemListElement\":[{\"@type\":\"ListItem\",\"position\":1,\"name\":\"In\u00edcio\",\"item\":\"https:\\\/\\\/www.saopaulo.sp.leg.br\\\/documentacao\\\/\"},{\"@type\":\"ListItem\",\"position\":2,\"name\":\"P\u00e1gina inicial\"}]},{\"@type\":\"WebSite\",\"@id\":\"https:\\\/\\\/www.saopaulo.sp.leg.br\\\/documentacao\\\/#website\",\"url\":\"https:\\\/\\\/www.saopaulo.sp.leg.br\\\/documentacao\\\/\",\"name\":\"Biblioteca e Documenta\u00e7\u00e3o\",\"description\":\"Secretaria de Documenta\u00e7\u00e3o\",\"potentialAction\":[{\"@type\":\"SearchAction\",\"target\":{\"@type\":\"EntryPoint\",\"urlTemplate\":\"https:\\\/\\\/www.saopaulo.sp.leg.br\\\/documentacao\\\/?s={search_term_string}\"},\"query-input\":{\"@type\":\"PropertyValueSpecification\",\"valueRequired\":true,\"valueName\":\"search_term_string\"}}],\"inLanguage\":\"pt-BR\"}]}<\/script>\n<!-- \/ Yoast SEO plugin. -->","yoast_head_json":{"title":"P\u00e1gina inicial - Biblioteca e Documenta\u00e7\u00e3o","robots":{"index":"index","follow":"follow","max-snippet":"max-snippet:-1","max-image-preview":"max-image-preview:large","max-video-preview":"max-video-preview:-1"},"canonical":"https:\/\/www.saopaulo.sp.leg.br\/documentacao\/","og_locale":"pt_BR","og_type":"article","og_title":"P\u00e1gina inicial - Biblioteca e Documenta\u00e7\u00e3o","og_description":"Bem-vindos ao universo da Informa\u00e7\u00e3o Legislativa do munic\u00edpio de S\u00e3o Paulo. O Website da Secretaria de Documenta\u00e7\u00e3o est\u00e1 aqui para ajudar todos os interessados a encontrarem as informa\u00e7\u00f5es desejadas em... Leia mais &raquo;","og_url":"https:\/\/www.saopaulo.sp.leg.br\/documentacao\/","og_site_name":"Biblioteca e Documenta\u00e7\u00e3o","article_modified_time":"2023-08-08T20:51:35+00:00","twitter_card":"summary_large_image","twitter_misc":{"Est. tempo de leitura":"2 minutos"},"schema":{"@context":"https:\/\/schema.org","@graph":[{"@type":"WebPage","@id":"https:\/\/www.saopaulo.sp.leg.br\/documentacao\/","url":"https:\/\/www.saopaulo.sp.leg.br\/documentacao\/","name":"P\u00e1gina inicial - Biblioteca e Documenta\u00e7\u00e3o","isPartOf":{"@id":"https:\/\/www.saopaulo.sp.leg.br\/documentacao\/#website"},"datePublished":"2020-04-15T21:32:14+00:00","dateModified":"2023-08-08T20:51:35+00:00","breadcrumb":{"@id":"https:\/\/www.saopaulo.sp.leg.br\/documentacao\/#breadcrumb"},"inLanguage":"pt-BR","potentialAction":[{"@type":"ReadAction","target":["https:\/\/www.saopaulo.sp.leg.br\/documentacao\/"]}]},{"@type":"BreadcrumbList","@id":"https:\/\/www.saopaulo.sp.leg.br\/documentacao\/#breadcrumb","itemListElement":[{"@type":"ListItem","position":1,"name":"In\u00edcio","item":"https:\/\/www.saopaulo.sp.leg.br\/documentacao\/"},{"@type":"ListItem","position":2,"name":"P\u00e1gina inicial"}]},{"@type":"WebSite","@id":"https:\/\/www.saopaulo.sp.leg.br\/documentacao\/#website","url":"https:\/\/www.saopaulo.sp.leg.br\/documentacao\/","name":"Biblioteca e Documenta\u00e7\u00e3o","description":"Secretaria de Documenta\u00e7\u00e3o","potentialAction":[{"@type":"SearchAction","target":{"@type":"EntryPoint","urlTemplate":"https:\/\/www.saopaulo.sp.leg.br\/documentacao\/?s={search_term_string}"},"query-input":{"@type":"PropertyValueSpecification","valueRequired":true,"valueName":"search_term_string"}}],"inLanguage":"pt-BR"}]}},"_links":{"self":[{"href":"https:\/\/www.saopaulo.sp.leg.br\/documentacao\/wp-json\/wp\/v2\/pages\/923","targetHints":{"allow":["GET"]}}],"collection":[{"href":"https:\/\/www.saopaulo.sp.leg.br\/documentacao\/wp-json\/wp\/v2\/pages"}],"about":[{"href":"https:\/\/www.saopaulo.sp.leg.br\/documentacao\/wp-json\/wp\/v2\/types\/page"}],"author":[{"embeddable":true,"href":"https:\/\/www.saopaulo.sp.leg.br\/documentacao\/wp-json\/wp\/v2\/users\/169"}],"replies":[{"embeddable":true,"href":"https:\/\/www.saopaulo.sp.leg.br\/documentacao\/wp-json\/wp\/v2\/comments?post=923"}],"version-history":[{"count":0,"href":"https:\/\/www.saopaulo.sp.leg.br\/documentacao\/wp-json\/wp\/v2\/pages\/923\/revisions"}],"wp:attachment":[{"href":"https:\/\/www.saopaulo.sp.leg.br\/documentacao\/wp-json\/wp\/v2\/media?parent=923"}],"curies":[{"name":"wp","href":"https:\/\/api.w.org\/{rel}","templated":true}]}}