{"id":4179,"date":"2026-04-22T14:46:26","date_gmt":"2026-04-22T17:46:26","guid":{"rendered":"https:\/\/www.saopaulo.sp.leg.br\/documentacao\/?page_id=4179"},"modified":"2026-04-22T16:33:42","modified_gmt":"2026-04-22T19:33:42","slug":"exposicao-a-camara-municipal-e-a-historia-de-sao-paulo","status":"publish","type":"page","link":"https:\/\/www.saopaulo.sp.leg.br\/documentacao\/produtos-e-servicos\/historia-e-memoria\/exposicao-a-camara-municipal-e-a-historia-de-sao-paulo\/","title":{"rendered":"Exposi\u00e7\u00e3o &#8220;A C\u00e2mara Municipal e a Hist\u00f3ria de S\u00e3o Paulo&#8221;"},"content":{"rendered":"<img loading=\"lazy\" decoding=\"async\" src=\"http:\/\/www.saopaulo.sp.leg.br\/documentacao\/wp-content\/uploads\/sites\/34\/2025\/11\/banner-exposicao-2025.jpg\" alt=\"\" width=\"980\" height=\"360\" class=\"alignleft size-full wp-image-3911\" srcset=\"https:\/\/www.saopaulo.sp.leg.br\/documentacao\/wp-content\/uploads\/sites\/34\/2025\/11\/banner-exposicao-2025.jpg 980w, https:\/\/www.saopaulo.sp.leg.br\/documentacao\/wp-content\/uploads\/sites\/34\/2025\/11\/banner-exposicao-2025-300x110.jpg 300w, https:\/\/www.saopaulo.sp.leg.br\/documentacao\/wp-content\/uploads\/sites\/34\/2025\/11\/banner-exposicao-2025-768x282.jpg 768w, https:\/\/www.saopaulo.sp.leg.br\/documentacao\/wp-content\/uploads\/sites\/34\/2025\/11\/banner-exposicao-2025-180x66.jpg 180w\" sizes=\"auto, (max-width: 980px) 100vw, 980px\" \/>\n<p>Organizada pelo <a href=\"http:\/\/www.saopaulo.sp.leg.br\/memoria\">Centro de Mem\u00f3ria<\/a> e localizada no t\u00e9rreo do Pal\u00e1cio Anchieta, a exposi\u00e7\u00e3o de longa dura\u00e7\u00e3o \u201cA C\u00e2mara Municipal e a Hist\u00f3ria de S\u00e3o Paulo\u201d foi inaugurada em 02\/12\/2025 e tem como objetivo apresentar o papel do Parlamento Municipal na vida dos paulistanos, desde sua cria\u00e7\u00e3o, em 1560, at\u00e9 os dias atuais.<\/p>\n<p>Composta por sete temas, a mostra re\u00fane fotografias e reprodu\u00e7\u00f5es, destacando-se um grande mapa adesivado no piso, que convida o visitante a literalmente \u201ccaminhar pela Hist\u00f3ria\u201d, explorando os locais de antigas sedes da C\u00e2mara.<\/p>\n<p><iframe loading=\"lazy\" title=\"Exposi\u00e7\u00e3o mostra rela\u00e7\u00e3o entre a C\u00e2mara Municipal e as origens de S\u00e3o Paulo\" width=\"680\" height=\"383\" src=\"https:\/\/www.youtube.com\/embed\/hCAclFTAO0E?feature=oembed\" frameborder=\"0\" allow=\"accelerometer; autoplay; clipboard-write; encrypted-media; gyroscope; picture-in-picture; web-share\" referrerpolicy=\"strict-origin-when-cross-origin\" allowfullscreen><\/iframe><\/p>\n<p>Destaca-se que a mostra foi concebida com foco na inclus\u00e3o, permitindo que pessoas com defici\u00eancia visual acessem o conte\u00fado das obras por meio de audiodescri\u00e7\u00e3o, dispon\u00edvel via QR Code.<\/p>\n<p>Em mar\u00e7o de 2026 a exposi\u00e7\u00e3o foi ampliada, ganhando novos elementos: cubos com imagens do passado e do presente da C\u00e2mara Municipal.<\/p>\n<p><iframe loading=\"lazy\" title=\"Exposi\u00e7\u00e3o sobre a hist\u00f3ria da C\u00e2mara de SP \u00e9 ampliada no Pal\u00e1cio Anchieta\" width=\"680\" height=\"383\" src=\"https:\/\/www.youtube.com\/embed\/ik4kmNx8i-I?feature=oembed\" frameborder=\"0\" allow=\"accelerometer; autoplay; clipboard-write; encrypted-media; gyroscope; picture-in-picture; web-share\" referrerpolicy=\"strict-origin-when-cross-origin\" allowfullscreen><\/iframe><\/p>\n<div style=\"margin-top:2em\"><a class=\"botao\" href=\"..\/..\/historia-e-memoria\/\">Para mais Hist\u00f3ria e Mem\u00f3ria da C\u00e2mara Municipal de S\u00e3o Paulo, clique aqui.<\/a><\/div>\n","protected":false},"excerpt":{"rendered":"<p>Organizada pelo Centro de Mem\u00f3ria e localizada no t\u00e9rreo do Pal\u00e1cio Anchieta, a exposi\u00e7\u00e3o de longa dura\u00e7\u00e3o \u201cA C\u00e2mara Municipal e a Hist\u00f3ria de S\u00e3o Paulo\u201d foi inaugurada em 02\/12\/2025&#8230;  <a class=\"excerpt-read-more\" href=\"https:\/\/www.saopaulo.sp.leg.br\/documentacao\/produtos-e-servicos\/historia-e-memoria\/exposicao-a-camara-municipal-e-a-historia-de-sao-paulo\/\" title=\"Leia Exposi\u00e7\u00e3o &#8220;A C\u00e2mara Municipal e a Hist\u00f3ria de S\u00e3o Paulo&#8221;\">Leia mais &raquo;<\/a><\/p>\n","protected":false},"author":763,"featured_media":0,"parent":1202,"menu_order":0,"comment_status":"closed","ping_status":"closed","template":"","meta":{"_acf_changed":false,"footnotes":""},"class_list":["post-4179","page","type-page","status-publish","hentry"],"acf":[],"yoast_head":"<!-- This site is optimized with the Yoast SEO plugin v27.6 - https:\/\/yoast.com\/product\/yoast-seo-wordpress\/ -->\n<title>Exposi\u00e7\u00e3o &quot;A C\u00e2mara Municipal e a Hist\u00f3ria de S\u00e3o Paulo&quot; - Biblioteca e Documenta\u00e7\u00e3o<\/title>\n<meta name=\"robots\" content=\"index, follow, max-snippet:-1, max-image-preview:large, max-video-preview:-1\" \/>\n<link rel=\"canonical\" href=\"https:\/\/www.saopaulo.sp.leg.br\/documentacao\/produtos-e-servicos\/historia-e-memoria\/exposicao-a-camara-municipal-e-a-historia-de-sao-paulo\/\" \/>\n<meta property=\"og:locale\" content=\"pt_BR\" \/>\n<meta property=\"og:type\" content=\"article\" \/>\n<meta property=\"og:title\" content=\"Exposi\u00e7\u00e3o &quot;A C\u00e2mara Municipal e a Hist\u00f3ria de S\u00e3o Paulo&quot; - Biblioteca e Documenta\u00e7\u00e3o\" \/>\n<meta property=\"og:description\" content=\"Organizada pelo Centro de Mem\u00f3ria e localizada no t\u00e9rreo do Pal\u00e1cio Anchieta, a exposi\u00e7\u00e3o de longa dura\u00e7\u00e3o \u201cA C\u00e2mara Municipal e a Hist\u00f3ria de S\u00e3o Paulo\u201d foi inaugurada em 02\/12\/2025... Leia mais &raquo;\" \/>\n<meta property=\"og:url\" content=\"https:\/\/www.saopaulo.sp.leg.br\/documentacao\/produtos-e-servicos\/historia-e-memoria\/exposicao-a-camara-municipal-e-a-historia-de-sao-paulo\/\" \/>\n<meta property=\"og:site_name\" content=\"Biblioteca e Documenta\u00e7\u00e3o\" \/>\n<meta property=\"article:modified_time\" content=\"2026-04-22T19:33:42+00:00\" \/>\n<meta property=\"og:image\" content=\"https:\/\/www.saopaulo.sp.leg.br\/documentacao\/wp-content\/uploads\/sites\/34\/2025\/11\/banner-exposicao-2025.jpg\" \/>\n\t<meta property=\"og:image:width\" content=\"980\" \/>\n\t<meta property=\"og:image:height\" content=\"360\" \/>\n\t<meta property=\"og:image:type\" content=\"image\/jpeg\" \/>\n<meta name=\"twitter:card\" content=\"summary_large_image\" \/>\n<meta name=\"twitter:label1\" content=\"Est. tempo de leitura\" \/>\n\t<meta name=\"twitter:data1\" content=\"1 minuto\" \/>\n<script type=\"application\/ld+json\" class=\"yoast-schema-graph\">{\"@context\":\"https:\\\/\\\/schema.org\",\"@graph\":[{\"@type\":\"WebPage\",\"@id\":\"https:\\\/\\\/www.saopaulo.sp.leg.br\\\/documentacao\\\/produtos-e-servicos\\\/historia-e-memoria\\\/exposicao-a-camara-municipal-e-a-historia-de-sao-paulo\\\/\",\"url\":\"https:\\\/\\\/www.saopaulo.sp.leg.br\\\/documentacao\\\/produtos-e-servicos\\\/historia-e-memoria\\\/exposicao-a-camara-municipal-e-a-historia-de-sao-paulo\\\/\",\"name\":\"Exposi\u00e7\u00e3o \\\"A C\u00e2mara Municipal e a Hist\u00f3ria de S\u00e3o Paulo\\\" - Biblioteca e Documenta\u00e7\u00e3o\",\"isPartOf\":{\"@id\":\"https:\\\/\\\/www.saopaulo.sp.leg.br\\\/documentacao\\\/#website\"},\"primaryImageOfPage\":{\"@id\":\"https:\\\/\\\/www.saopaulo.sp.leg.br\\\/documentacao\\\/produtos-e-servicos\\\/historia-e-memoria\\\/exposicao-a-camara-municipal-e-a-historia-de-sao-paulo\\\/#primaryimage\"},\"image\":{\"@id\":\"https:\\\/\\\/www.saopaulo.sp.leg.br\\\/documentacao\\\/produtos-e-servicos\\\/historia-e-memoria\\\/exposicao-a-camara-municipal-e-a-historia-de-sao-paulo\\\/#primaryimage\"},\"thumbnailUrl\":\"http:\\\/\\\/www.saopaulo.sp.leg.br\\\/documentacao\\\/wp-content\\\/uploads\\\/sites\\\/34\\\/2025\\\/11\\\/banner-exposicao-2025.jpg\",\"datePublished\":\"2026-04-22T17:46:26+00:00\",\"dateModified\":\"2026-04-22T19:33:42+00:00\",\"breadcrumb\":{\"@id\":\"https:\\\/\\\/www.saopaulo.sp.leg.br\\\/documentacao\\\/produtos-e-servicos\\\/historia-e-memoria\\\/exposicao-a-camara-municipal-e-a-historia-de-sao-paulo\\\/#breadcrumb\"},\"inLanguage\":\"pt-BR\",\"potentialAction\":[{\"@type\":\"ReadAction\",\"target\":[\"https:\\\/\\\/www.saopaulo.sp.leg.br\\\/documentacao\\\/produtos-e-servicos\\\/historia-e-memoria\\\/exposicao-a-camara-municipal-e-a-historia-de-sao-paulo\\\/\"]}]},{\"@type\":\"ImageObject\",\"inLanguage\":\"pt-BR\",\"@id\":\"https:\\\/\\\/www.saopaulo.sp.leg.br\\\/documentacao\\\/produtos-e-servicos\\\/historia-e-memoria\\\/exposicao-a-camara-municipal-e-a-historia-de-sao-paulo\\\/#primaryimage\",\"url\":\"https:\\\/\\\/www.saopaulo.sp.leg.br\\\/documentacao\\\/wp-content\\\/uploads\\\/sites\\\/34\\\/2025\\\/11\\\/banner-exposicao-2025.jpg\",\"contentUrl\":\"https:\\\/\\\/www.saopaulo.sp.leg.br\\\/documentacao\\\/wp-content\\\/uploads\\\/sites\\\/34\\\/2025\\\/11\\\/banner-exposicao-2025.jpg\",\"width\":980,\"height\":360},{\"@type\":\"BreadcrumbList\",\"@id\":\"https:\\\/\\\/www.saopaulo.sp.leg.br\\\/documentacao\\\/produtos-e-servicos\\\/historia-e-memoria\\\/exposicao-a-camara-municipal-e-a-historia-de-sao-paulo\\\/#breadcrumb\",\"itemListElement\":[{\"@type\":\"ListItem\",\"position\":1,\"name\":\"In\u00edcio\",\"item\":\"https:\\\/\\\/www.saopaulo.sp.leg.br\\\/documentacao\\\/\"},{\"@type\":\"ListItem\",\"position\":2,\"name\":\"Produtos e Servi\u00e7os\",\"item\":\"https:\\\/\\\/www.saopaulo.sp.leg.br\\\/documentacao\\\/produtos-e-servicos\\\/\"},{\"@type\":\"ListItem\",\"position\":3,\"name\":\"Hist\u00f3ria e Mem\u00f3ria\",\"item\":\"https:\\\/\\\/www.saopaulo.sp.leg.br\\\/documentacao\\\/produtos-e-servicos\\\/historia-e-memoria\\\/\"},{\"@type\":\"ListItem\",\"position\":4,\"name\":\"Exposi\u00e7\u00e3o &#8220;A C\u00e2mara Municipal e a Hist\u00f3ria de S\u00e3o Paulo&#8221;\"}]},{\"@type\":\"WebSite\",\"@id\":\"https:\\\/\\\/www.saopaulo.sp.leg.br\\\/documentacao\\\/#website\",\"url\":\"https:\\\/\\\/www.saopaulo.sp.leg.br\\\/documentacao\\\/\",\"name\":\"Biblioteca e Documenta\u00e7\u00e3o\",\"description\":\"Secretaria de Documenta\u00e7\u00e3o\",\"potentialAction\":[{\"@type\":\"SearchAction\",\"target\":{\"@type\":\"EntryPoint\",\"urlTemplate\":\"https:\\\/\\\/www.saopaulo.sp.leg.br\\\/documentacao\\\/?s={search_term_string}\"},\"query-input\":{\"@type\":\"PropertyValueSpecification\",\"valueRequired\":true,\"valueName\":\"search_term_string\"}}],\"inLanguage\":\"pt-BR\"}]}<\/script>\n<!-- \/ Yoast SEO plugin. -->","yoast_head_json":{"title":"Exposi\u00e7\u00e3o \"A C\u00e2mara Municipal e a Hist\u00f3ria de S\u00e3o Paulo\" - Biblioteca e Documenta\u00e7\u00e3o","robots":{"index":"index","follow":"follow","max-snippet":"max-snippet:-1","max-image-preview":"max-image-preview:large","max-video-preview":"max-video-preview:-1"},"canonical":"https:\/\/www.saopaulo.sp.leg.br\/documentacao\/produtos-e-servicos\/historia-e-memoria\/exposicao-a-camara-municipal-e-a-historia-de-sao-paulo\/","og_locale":"pt_BR","og_type":"article","og_title":"Exposi\u00e7\u00e3o \"A C\u00e2mara Municipal e a Hist\u00f3ria de S\u00e3o Paulo\" - Biblioteca e Documenta\u00e7\u00e3o","og_description":"Organizada pelo Centro de Mem\u00f3ria e localizada no t\u00e9rreo do Pal\u00e1cio Anchieta, a exposi\u00e7\u00e3o de longa dura\u00e7\u00e3o \u201cA C\u00e2mara Municipal e a Hist\u00f3ria de S\u00e3o Paulo\u201d foi inaugurada em 02\/12\/2025... Leia mais &raquo;","og_url":"https:\/\/www.saopaulo.sp.leg.br\/documentacao\/produtos-e-servicos\/historia-e-memoria\/exposicao-a-camara-municipal-e-a-historia-de-sao-paulo\/","og_site_name":"Biblioteca e Documenta\u00e7\u00e3o","article_modified_time":"2026-04-22T19:33:42+00:00","og_image":[{"width":980,"height":360,"url":"https:\/\/www.saopaulo.sp.leg.br\/documentacao\/wp-content\/uploads\/sites\/34\/2025\/11\/banner-exposicao-2025.jpg","type":"image\/jpeg"}],"twitter_card":"summary_large_image","twitter_misc":{"Est. tempo de leitura":"1 minuto"},"schema":{"@context":"https:\/\/schema.org","@graph":[{"@type":"WebPage","@id":"https:\/\/www.saopaulo.sp.leg.br\/documentacao\/produtos-e-servicos\/historia-e-memoria\/exposicao-a-camara-municipal-e-a-historia-de-sao-paulo\/","url":"https:\/\/www.saopaulo.sp.leg.br\/documentacao\/produtos-e-servicos\/historia-e-memoria\/exposicao-a-camara-municipal-e-a-historia-de-sao-paulo\/","name":"Exposi\u00e7\u00e3o \"A C\u00e2mara Municipal e a Hist\u00f3ria de S\u00e3o Paulo\" - Biblioteca e Documenta\u00e7\u00e3o","isPartOf":{"@id":"https:\/\/www.saopaulo.sp.leg.br\/documentacao\/#website"},"primaryImageOfPage":{"@id":"https:\/\/www.saopaulo.sp.leg.br\/documentacao\/produtos-e-servicos\/historia-e-memoria\/exposicao-a-camara-municipal-e-a-historia-de-sao-paulo\/#primaryimage"},"image":{"@id":"https:\/\/www.saopaulo.sp.leg.br\/documentacao\/produtos-e-servicos\/historia-e-memoria\/exposicao-a-camara-municipal-e-a-historia-de-sao-paulo\/#primaryimage"},"thumbnailUrl":"http:\/\/www.saopaulo.sp.leg.br\/documentacao\/wp-content\/uploads\/sites\/34\/2025\/11\/banner-exposicao-2025.jpg","datePublished":"2026-04-22T17:46:26+00:00","dateModified":"2026-04-22T19:33:42+00:00","breadcrumb":{"@id":"https:\/\/www.saopaulo.sp.leg.br\/documentacao\/produtos-e-servicos\/historia-e-memoria\/exposicao-a-camara-municipal-e-a-historia-de-sao-paulo\/#breadcrumb"},"inLanguage":"pt-BR","potentialAction":[{"@type":"ReadAction","target":["https:\/\/www.saopaulo.sp.leg.br\/documentacao\/produtos-e-servicos\/historia-e-memoria\/exposicao-a-camara-municipal-e-a-historia-de-sao-paulo\/"]}]},{"@type":"ImageObject","inLanguage":"pt-BR","@id":"https:\/\/www.saopaulo.sp.leg.br\/documentacao\/produtos-e-servicos\/historia-e-memoria\/exposicao-a-camara-municipal-e-a-historia-de-sao-paulo\/#primaryimage","url":"https:\/\/www.saopaulo.sp.leg.br\/documentacao\/wp-content\/uploads\/sites\/34\/2025\/11\/banner-exposicao-2025.jpg","contentUrl":"https:\/\/www.saopaulo.sp.leg.br\/documentacao\/wp-content\/uploads\/sites\/34\/2025\/11\/banner-exposicao-2025.jpg","width":980,"height":360},{"@type":"BreadcrumbList","@id":"https:\/\/www.saopaulo.sp.leg.br\/documentacao\/produtos-e-servicos\/historia-e-memoria\/exposicao-a-camara-municipal-e-a-historia-de-sao-paulo\/#breadcrumb","itemListElement":[{"@type":"ListItem","position":1,"name":"In\u00edcio","item":"https:\/\/www.saopaulo.sp.leg.br\/documentacao\/"},{"@type":"ListItem","position":2,"name":"Produtos e Servi\u00e7os","item":"https:\/\/www.saopaulo.sp.leg.br\/documentacao\/produtos-e-servicos\/"},{"@type":"ListItem","position":3,"name":"Hist\u00f3ria e Mem\u00f3ria","item":"https:\/\/www.saopaulo.sp.leg.br\/documentacao\/produtos-e-servicos\/historia-e-memoria\/"},{"@type":"ListItem","position":4,"name":"Exposi\u00e7\u00e3o &#8220;A C\u00e2mara Municipal e a Hist\u00f3ria de S\u00e3o Paulo&#8221;"}]},{"@type":"WebSite","@id":"https:\/\/www.saopaulo.sp.leg.br\/documentacao\/#website","url":"https:\/\/www.saopaulo.sp.leg.br\/documentacao\/","name":"Biblioteca e Documenta\u00e7\u00e3o","description":"Secretaria de Documenta\u00e7\u00e3o","potentialAction":[{"@type":"SearchAction","target":{"@type":"EntryPoint","urlTemplate":"https:\/\/www.saopaulo.sp.leg.br\/documentacao\/?s={search_term_string}"},"query-input":{"@type":"PropertyValueSpecification","valueRequired":true,"valueName":"search_term_string"}}],"inLanguage":"pt-BR"}]}},"_links":{"self":[{"href":"https:\/\/www.saopaulo.sp.leg.br\/documentacao\/wp-json\/wp\/v2\/pages\/4179","targetHints":{"allow":["GET"]}}],"collection":[{"href":"https:\/\/www.saopaulo.sp.leg.br\/documentacao\/wp-json\/wp\/v2\/pages"}],"about":[{"href":"https:\/\/www.saopaulo.sp.leg.br\/documentacao\/wp-json\/wp\/v2\/types\/page"}],"author":[{"embeddable":true,"href":"https:\/\/www.saopaulo.sp.leg.br\/documentacao\/wp-json\/wp\/v2\/users\/763"}],"replies":[{"embeddable":true,"href":"https:\/\/www.saopaulo.sp.leg.br\/documentacao\/wp-json\/wp\/v2\/comments?post=4179"}],"version-history":[{"count":4,"href":"https:\/\/www.saopaulo.sp.leg.br\/documentacao\/wp-json\/wp\/v2\/pages\/4179\/revisions"}],"predecessor-version":[{"id":4187,"href":"https:\/\/www.saopaulo.sp.leg.br\/documentacao\/wp-json\/wp\/v2\/pages\/4179\/revisions\/4187"}],"up":[{"embeddable":true,"href":"https:\/\/www.saopaulo.sp.leg.br\/documentacao\/wp-json\/wp\/v2\/pages\/1202"}],"wp:attachment":[{"href":"https:\/\/www.saopaulo.sp.leg.br\/documentacao\/wp-json\/wp\/v2\/media?parent=4179"}],"curies":[{"name":"wp","href":"https:\/\/api.w.org\/{rel}","templated":true}]}}