{"id":1272,"date":"2020-07-16T12:30:15","date_gmt":"2020-07-16T15:30:15","guid":{"rendered":"http:\/\/www.saopaulo.sp.leg.br\/biblioteca-novo\/?page_id=1272"},"modified":"2023-08-08T17:18:34","modified_gmt":"2023-08-08T20:18:34","slug":"mapa-do-site","status":"publish","type":"page","link":"https:\/\/www.saopaulo.sp.leg.br\/documentacao\/mapa-do-site\/","title":{"rendered":"Mapa do Site"},"content":{"rendered":"<section class=\"content-box box-nav-menu box-mapa\">\n<header class=\"content-box-top\" style=\"margin-bottom: 40px\">\n<h2 class=\"content-box-title\"><a href=\"https:\/\/www.saopaulo.sp.leg.br\/documentacao\">In\u00edcio<\/a><\/h2>\n<\/header>\n<header class=\"content-box-top\">\n<h2 class=\"content-box-title\"><a href=\"..\/a-secretaria-de-documentacao\/\">Quem somos<\/a><\/h2>\n<\/header>\n<ul class=\"box-nav-menu-list\" style=\"margin-bottom: 40px\">\n<li><a href=\"..\/a-secretaria-de-documentacao\/\">A Secretaria de Documenta\u00e7\u00e3o<\/a><\/li>\n<li><a href=\"..\/a-secretaria-de-documentacao\/documentacao-do-legislativo\/\">Documenta\u00e7\u00e3o do Legislativo<\/a><\/li>\n<li><a href=\"..\/a-secretaria-de-documentacao\/biblioteca\/\">Biblioteca<\/a><\/li>\n<li><a href=\"..\/a-secretaria-de-documentacao\/arquivo-geral\/\">Arquivo Geral<\/a><\/li>\n<li><a href=\"..\/a-secretaria-de-documentacao\/legislacao-da-secretaria\/\">Legisla\u00e7\u00e3o da Secretaria<\/a><\/li>\n<\/ul>\n<header class=\"content-box-top\">\n<h2 class=\"content-box-title\"><a href=\"..\/colecao\/as-colecoes-da-secretaria\/\">Cole\u00e7\u00f5es<\/a><\/h2>\n<\/header>\n<ul class=\"box-nav-menu-list\" style=\"margin-bottom: 40px\">\n<li><a href=\"..\/colecao\/as-colecoes-da-secretaria\/\">As Cole\u00e7\u00f5es da Secretaria<\/a><\/li>\n<li><a href=\"..\/colecao\/publicacoes-institucionais\/\">Publica\u00e7\u00f5es Institucionais<\/a><\/li>\n<\/ul>\n<\/section>\n<section class=\"content-box box-nav-menu box-mapa\">\n<header class=\"content-box-top\">\n<h2 class=\"content-box-title\"><a href=\"..\/pesquisa\/\">Pesquisa<\/a><\/h2>\n<\/header>\n<ul class=\"box-nav-menu-list\" style=\"margin-bottom: 40px\">\n<li><a href=\"..\/pesquisa\/normas-em-destaque\/\">Normas em destaque<\/a><\/li>\n<li><a href=\"..\/pesquisa\/solicitacao-de-pesquisa\/\">Solicita\u00e7\u00e3o de Pesquisa<\/a><\/li>\n<li><a href=\"..\/pesquisa\/orientacao-a-pesquisa\/\">Orienta\u00e7\u00e3o \u00e0 Pesquisa<\/a><\/li>\n<li><a href=\"..\/pesquisa\/legislacao\/\">Legisla\u00e7\u00e3o<\/a><\/li>\n<li><a href=\"..\/pesquisa\/projetos\/\">Projetos<\/a><\/li>\n<li><a href=\"..\/pesquisa\/atas-e-anais\/\">Atas e Anais<\/a><\/li>\n<li><a href=\"..\/pesquisa\/documentos-historicos\/\">Documentos Hist\u00f3ricos<\/a><\/li>\n<li><a href=\"..\/pesquisa\/vereadores\/\">Vereadores<\/a><\/li>\n<li><a href=\"..\/pesquisa\/comissoes-temporarias\/\">Comiss\u00f5es Tempor\u00e1rias<\/a><\/li>\n<li><a href=\"..\/pesquisa\/audiencias-publicas\/\">Audi\u00eancias P\u00fablicas<\/a><\/li>\n<li><a href=\"..\/pesquisa\/processos-legislativos\/\">Processos Legislativos<\/a><\/li>\n<li><a href=\"..\/pesquisa\/livros\/\">Livros<\/a><\/li>\n<li><a href=\"..\/pesquisa\/periodicos\/\">Peri\u00f3dicos<\/a><\/li>\n<li><a href=\"..\/pesquisa\/artigos-e-materias\/\">Artigos e Mat\u00e9rias<\/a><\/li>\n<li><a href=\"..\/pesquisa\/contas-do-municipio\/\">Contas do Munic\u00edpio<\/a><\/li>\n<li><a href=\"..\/pesquisa\/datas-comemorativas\/\">Datas Comemorativas<\/a><\/li>\n<\/ul>\n<header class=\"content-box-top\">\n<h2 class=\"content-box-title\"><a href=\"..\/pesquisa\/solicitacao-de-pesquisa\/\">Solicita\u00e7\u00e3o de Pesquisa<\/a><\/h2>\n<\/header>\n<\/section>\n<section class=\"content-box box-nav-menu box-mapa\">\n<header class=\"content-box-top\">\n<h2 class=\"content-box-title\"><a href=\"..\/produtos-e-servicos\/\">Produtos e Servi\u00e7os<\/a><\/h2>\n<\/header>\n<ul class=\"box-nav-menu-list\" style=\"margin-bottom: 40px\">\n<li><a href=\"..\/produtos-e-servicos\/consulta-as-colecoes\/\">Consulta \u00e0s Cole\u00e7\u00f5es<\/a><\/li>\n<li><a href=\"..\/produtos-e-servicos\/emprestimo\/\">Empr\u00e9stimo<\/a><\/li>\n<li><a href=\"..\/produtos-e-servicos\/normas-tecnicas\/\">Normas T\u00e9cnicas<\/a><\/li>\n<li><a href=\"..\/produtos-e-servicos\/dossies-de-pesquisa\/\">Dossi\u00eas de Pesquisa<\/a><\/li>\n<li><a href=\"..\/produtos-e-servicos\/historia-e-memoria\/\">Hist\u00f3ria e Mem\u00f3ria<\/a><\/li>\n<li><a href=\"..\/produtos-e-servicos\/gestao-documental\/\">Gest\u00e3o Documental<\/a><\/li>\n<li><a href=\"..\/produtos-e-servicos\/links-de-interesse\/\">Links de interesse<\/a><\/li>\n<li><a href=\"..\/pesquisa\/\">Pesquisa e Atendimento ao Usu\u00e1rio<\/a><\/li>\n<\/ul>\n<header class=\"content-box-top\" style=\"margin-bottom: 40px\">\n<h2 class=\"content-box-title\"><a href=\"..\/fale-conosco\/\">Fale Conosco<\/a><\/h2>\n<\/header>\n<header class=\"content-box-top\" style=\"margin-bottom: 40px\">\n<h2 class=\"content-box-title\"><a href=\"..\/perguntas-frequentes\/\">Perguntas Frequentes<\/a><\/h2>\n<\/header>\n<header class=\"content-box-top\" style=\"margin-bottom: 40px\">\n<h2 class=\"content-box-title\"><a href=\"..\/eventos\/\">Eventos<\/a><\/h2>\n<\/header>\n<\/section>\n<div class=\"clearfix\"><\/div>\n","protected":false},"excerpt":{"rendered":"<p>In\u00edcio Quem somos A Secretaria de Documenta\u00e7\u00e3o Documenta\u00e7\u00e3o do Legislativo Biblioteca Arquivo Geral Legisla\u00e7\u00e3o da Secretaria Cole\u00e7\u00f5es As Cole\u00e7\u00f5es da Secretaria Publica\u00e7\u00f5es Institucionais Pesquisa Normas em destaque Solicita\u00e7\u00e3o de Pesquisa&#8230;  <a class=\"excerpt-read-more\" href=\"https:\/\/www.saopaulo.sp.leg.br\/documentacao\/mapa-do-site\/\" title=\"Leia Mapa do Site\">Leia mais &raquo;<\/a><\/p>\n","protected":false},"author":544,"featured_media":0,"parent":0,"menu_order":0,"comment_status":"closed","ping_status":"closed","template":"","meta":{"_acf_changed":false,"footnotes":""},"class_list":["post-1272","page","type-page","status-publish","hentry"],"acf":[],"yoast_head":"<!-- This site is optimized with the Yoast SEO plugin v27.4 - https:\/\/yoast.com\/product\/yoast-seo-wordpress\/ -->\n<title>Mapa do Site - Biblioteca e Documenta\u00e7\u00e3o<\/title>\n<meta name=\"robots\" content=\"index, follow, max-snippet:-1, max-image-preview:large, max-video-preview:-1\" \/>\n<link rel=\"canonical\" href=\"https:\/\/www.saopaulo.sp.leg.br\/documentacao\/mapa-do-site\/\" \/>\n<meta property=\"og:locale\" content=\"pt_BR\" \/>\n<meta property=\"og:type\" content=\"article\" \/>\n<meta property=\"og:title\" content=\"Mapa do Site - Biblioteca e Documenta\u00e7\u00e3o\" \/>\n<meta property=\"og:description\" content=\"In\u00edcio Quem somos A Secretaria de Documenta\u00e7\u00e3o Documenta\u00e7\u00e3o do Legislativo Biblioteca Arquivo Geral Legisla\u00e7\u00e3o da Secretaria Cole\u00e7\u00f5es As Cole\u00e7\u00f5es da Secretaria Publica\u00e7\u00f5es Institucionais Pesquisa Normas em destaque Solicita\u00e7\u00e3o de Pesquisa... Leia mais &raquo;\" \/>\n<meta property=\"og:url\" content=\"https:\/\/www.saopaulo.sp.leg.br\/documentacao\/mapa-do-site\/\" \/>\n<meta property=\"og:site_name\" content=\"Biblioteca e Documenta\u00e7\u00e3o\" \/>\n<meta property=\"article:modified_time\" content=\"2023-08-08T20:18:34+00:00\" \/>\n<meta name=\"twitter:card\" content=\"summary_large_image\" \/>\n<meta name=\"twitter:label1\" content=\"Est. tempo de leitura\" \/>\n\t<meta name=\"twitter:data1\" content=\"1 minuto\" \/>\n<script type=\"application\/ld+json\" class=\"yoast-schema-graph\">{\"@context\":\"https:\\\/\\\/schema.org\",\"@graph\":[{\"@type\":\"WebPage\",\"@id\":\"https:\\\/\\\/www.saopaulo.sp.leg.br\\\/documentacao\\\/mapa-do-site\\\/\",\"url\":\"https:\\\/\\\/www.saopaulo.sp.leg.br\\\/documentacao\\\/mapa-do-site\\\/\",\"name\":\"Mapa do Site - Biblioteca e Documenta\u00e7\u00e3o\",\"isPartOf\":{\"@id\":\"https:\\\/\\\/www.saopaulo.sp.leg.br\\\/documentacao\\\/#website\"},\"datePublished\":\"2020-07-16T15:30:15+00:00\",\"dateModified\":\"2023-08-08T20:18:34+00:00\",\"breadcrumb\":{\"@id\":\"https:\\\/\\\/www.saopaulo.sp.leg.br\\\/documentacao\\\/mapa-do-site\\\/#breadcrumb\"},\"inLanguage\":\"pt-BR\",\"potentialAction\":[{\"@type\":\"ReadAction\",\"target\":[\"https:\\\/\\\/www.saopaulo.sp.leg.br\\\/documentacao\\\/mapa-do-site\\\/\"]}]},{\"@type\":\"BreadcrumbList\",\"@id\":\"https:\\\/\\\/www.saopaulo.sp.leg.br\\\/documentacao\\\/mapa-do-site\\\/#breadcrumb\",\"itemListElement\":[{\"@type\":\"ListItem\",\"position\":1,\"name\":\"In\u00edcio\",\"item\":\"https:\\\/\\\/www.saopaulo.sp.leg.br\\\/documentacao\\\/\"},{\"@type\":\"ListItem\",\"position\":2,\"name\":\"Mapa do Site\"}]},{\"@type\":\"WebSite\",\"@id\":\"https:\\\/\\\/www.saopaulo.sp.leg.br\\\/documentacao\\\/#website\",\"url\":\"https:\\\/\\\/www.saopaulo.sp.leg.br\\\/documentacao\\\/\",\"name\":\"Biblioteca e Documenta\u00e7\u00e3o\",\"description\":\"Secretaria de Documenta\u00e7\u00e3o\",\"potentialAction\":[{\"@type\":\"SearchAction\",\"target\":{\"@type\":\"EntryPoint\",\"urlTemplate\":\"https:\\\/\\\/www.saopaulo.sp.leg.br\\\/documentacao\\\/?s={search_term_string}\"},\"query-input\":{\"@type\":\"PropertyValueSpecification\",\"valueRequired\":true,\"valueName\":\"search_term_string\"}}],\"inLanguage\":\"pt-BR\"}]}<\/script>\n<!-- \/ Yoast SEO plugin. -->","yoast_head_json":{"title":"Mapa do Site - Biblioteca e Documenta\u00e7\u00e3o","robots":{"index":"index","follow":"follow","max-snippet":"max-snippet:-1","max-image-preview":"max-image-preview:large","max-video-preview":"max-video-preview:-1"},"canonical":"https:\/\/www.saopaulo.sp.leg.br\/documentacao\/mapa-do-site\/","og_locale":"pt_BR","og_type":"article","og_title":"Mapa do Site - Biblioteca e Documenta\u00e7\u00e3o","og_description":"In\u00edcio Quem somos A Secretaria de Documenta\u00e7\u00e3o Documenta\u00e7\u00e3o do Legislativo Biblioteca Arquivo Geral Legisla\u00e7\u00e3o da Secretaria Cole\u00e7\u00f5es As Cole\u00e7\u00f5es da Secretaria Publica\u00e7\u00f5es Institucionais Pesquisa Normas em destaque Solicita\u00e7\u00e3o de Pesquisa... Leia mais &raquo;","og_url":"https:\/\/www.saopaulo.sp.leg.br\/documentacao\/mapa-do-site\/","og_site_name":"Biblioteca e Documenta\u00e7\u00e3o","article_modified_time":"2023-08-08T20:18:34+00:00","twitter_card":"summary_large_image","twitter_misc":{"Est. tempo de leitura":"1 minuto"},"schema":{"@context":"https:\/\/schema.org","@graph":[{"@type":"WebPage","@id":"https:\/\/www.saopaulo.sp.leg.br\/documentacao\/mapa-do-site\/","url":"https:\/\/www.saopaulo.sp.leg.br\/documentacao\/mapa-do-site\/","name":"Mapa do Site - Biblioteca e Documenta\u00e7\u00e3o","isPartOf":{"@id":"https:\/\/www.saopaulo.sp.leg.br\/documentacao\/#website"},"datePublished":"2020-07-16T15:30:15+00:00","dateModified":"2023-08-08T20:18:34+00:00","breadcrumb":{"@id":"https:\/\/www.saopaulo.sp.leg.br\/documentacao\/mapa-do-site\/#breadcrumb"},"inLanguage":"pt-BR","potentialAction":[{"@type":"ReadAction","target":["https:\/\/www.saopaulo.sp.leg.br\/documentacao\/mapa-do-site\/"]}]},{"@type":"BreadcrumbList","@id":"https:\/\/www.saopaulo.sp.leg.br\/documentacao\/mapa-do-site\/#breadcrumb","itemListElement":[{"@type":"ListItem","position":1,"name":"In\u00edcio","item":"https:\/\/www.saopaulo.sp.leg.br\/documentacao\/"},{"@type":"ListItem","position":2,"name":"Mapa do Site"}]},{"@type":"WebSite","@id":"https:\/\/www.saopaulo.sp.leg.br\/documentacao\/#website","url":"https:\/\/www.saopaulo.sp.leg.br\/documentacao\/","name":"Biblioteca e Documenta\u00e7\u00e3o","description":"Secretaria de Documenta\u00e7\u00e3o","potentialAction":[{"@type":"SearchAction","target":{"@type":"EntryPoint","urlTemplate":"https:\/\/www.saopaulo.sp.leg.br\/documentacao\/?s={search_term_string}"},"query-input":{"@type":"PropertyValueSpecification","valueRequired":true,"valueName":"search_term_string"}}],"inLanguage":"pt-BR"}]}},"_links":{"self":[{"href":"https:\/\/www.saopaulo.sp.leg.br\/documentacao\/wp-json\/wp\/v2\/pages\/1272","targetHints":{"allow":["GET"]}}],"collection":[{"href":"https:\/\/www.saopaulo.sp.leg.br\/documentacao\/wp-json\/wp\/v2\/pages"}],"about":[{"href":"https:\/\/www.saopaulo.sp.leg.br\/documentacao\/wp-json\/wp\/v2\/types\/page"}],"author":[{"embeddable":true,"href":"https:\/\/www.saopaulo.sp.leg.br\/documentacao\/wp-json\/wp\/v2\/users\/544"}],"replies":[{"embeddable":true,"href":"https:\/\/www.saopaulo.sp.leg.br\/documentacao\/wp-json\/wp\/v2\/comments?post=1272"}],"version-history":[{"count":0,"href":"https:\/\/www.saopaulo.sp.leg.br\/documentacao\/wp-json\/wp\/v2\/pages\/1272\/revisions"}],"wp:attachment":[{"href":"https:\/\/www.saopaulo.sp.leg.br\/documentacao\/wp-json\/wp\/v2\/media?parent=1272"}],"curies":[{"name":"wp","href":"https:\/\/api.w.org\/{rel}","templated":true}]}}