{"id":1198,"date":"2020-06-30T09:19:11","date_gmt":"2020-06-30T12:19:11","guid":{"rendered":"http:\/\/www.saopaulo.sp.leg.br\/biblioteca-novo\/?page_id=1198"},"modified":"2023-08-03T12:28:19","modified_gmt":"2023-08-03T15:28:19","slug":"normas-tecnicas","status":"publish","type":"page","link":"https:\/\/www.saopaulo.sp.leg.br\/documentacao\/produtos-e-servicos\/normas-tecnicas\/","title":{"rendered":"Normas T\u00e9cnicas"},"content":{"rendered":"<p>A <a href=\"https:\/\/www.saopaulo.sp.leg.br\/documentacao\/a-secretaria-de-documentacao\/biblioteca\/\">Biblioteca<\/a> possui um acervo de <strong>normas da ABNT<\/strong> (Associa\u00e7\u00e3o Brasileira de Normas T\u00e9cnicas) em formato impresso. Para consultar esse material, basta entrar em contato com o setor:<\/p>\n<p>BIBLIOTECA \u2013 2\u00ba andar, sala 207.<br \/>\nTelefones: (11) 3396-4331, (11) 3396-4741<br \/>\nE-mail: <a href=\"mailto:biblioteca@saopaulo.sp.leg.br\">biblioteca@saopaulo.sp.leg.br<\/a><\/p>\n<p>Hor\u00e1rio de atendimento: segunda-feira a sexta-feira, das 10h \u00e0s 18h30.<\/p>\n<p>A Biblioteca tamb\u00e9m assina as plataformas <strong>Target GEDWeb<\/strong> e <strong>ABNT Cole\u00e7\u00f5es<\/strong> para acesso \u00e0s vers\u00f5es digitais das normas. O acesso a este servi\u00e7o est\u00e1 dispon\u00edvel para todos os vereadores e funcion\u00e1rios da C\u00e2mara Municipal mediante um processo de cadastramento que pode ser feito em nome de um setor ou de um funcion\u00e1rio. Os interessados devem enviar um e-mail para a Biblioteca.<\/p>\n","protected":false},"excerpt":{"rendered":"<p>A Biblioteca possui um acervo de normas da ABNT (Associa\u00e7\u00e3o Brasileira de Normas T\u00e9cnicas) em formato impresso. Para consultar esse material, basta entrar em contato com o setor: BIBLIOTECA \u2013&#8230;  <a class=\"excerpt-read-more\" href=\"https:\/\/www.saopaulo.sp.leg.br\/documentacao\/produtos-e-servicos\/normas-tecnicas\/\" title=\"Leia Normas T\u00e9cnicas\">Leia mais &raquo;<\/a><\/p>\n","protected":false},"author":544,"featured_media":0,"parent":1179,"menu_order":0,"comment_status":"closed","ping_status":"closed","template":"page-menuprodutos.php","meta":{"_acf_changed":false,"footnotes":""},"class_list":["post-1198","page","type-page","status-publish","hentry"],"acf":[],"yoast_head":"<!-- This site is optimized with the Yoast SEO plugin v27.3 - https:\/\/yoast.com\/product\/yoast-seo-wordpress\/ -->\n<title>Normas T\u00e9cnicas - Biblioteca e Documenta\u00e7\u00e3o<\/title>\n<meta name=\"robots\" content=\"index, follow, max-snippet:-1, max-image-preview:large, max-video-preview:-1\" \/>\n<link rel=\"canonical\" href=\"https:\/\/www.saopaulo.sp.leg.br\/documentacao\/produtos-e-servicos\/normas-tecnicas\/\" \/>\n<meta property=\"og:locale\" content=\"pt_BR\" \/>\n<meta property=\"og:type\" content=\"article\" \/>\n<meta property=\"og:title\" content=\"Normas T\u00e9cnicas - Biblioteca e Documenta\u00e7\u00e3o\" \/>\n<meta property=\"og:description\" content=\"A Biblioteca possui um acervo de normas da ABNT (Associa\u00e7\u00e3o Brasileira de Normas T\u00e9cnicas) em formato impresso. Para consultar esse material, basta entrar em contato com o setor: BIBLIOTECA \u2013... Leia mais &raquo;\" \/>\n<meta property=\"og:url\" content=\"https:\/\/www.saopaulo.sp.leg.br\/documentacao\/produtos-e-servicos\/normas-tecnicas\/\" \/>\n<meta property=\"og:site_name\" content=\"Biblioteca e Documenta\u00e7\u00e3o\" \/>\n<meta property=\"article:modified_time\" content=\"2023-08-03T15:28:19+00:00\" \/>\n<meta name=\"twitter:card\" content=\"summary_large_image\" \/>\n<meta name=\"twitter:label1\" content=\"Est. tempo de leitura\" \/>\n\t<meta name=\"twitter:data1\" content=\"1 minuto\" \/>\n<script type=\"application\/ld+json\" class=\"yoast-schema-graph\">{\"@context\":\"https:\\\/\\\/schema.org\",\"@graph\":[{\"@type\":\"WebPage\",\"@id\":\"https:\\\/\\\/www.saopaulo.sp.leg.br\\\/documentacao\\\/produtos-e-servicos\\\/normas-tecnicas\\\/\",\"url\":\"https:\\\/\\\/www.saopaulo.sp.leg.br\\\/documentacao\\\/produtos-e-servicos\\\/normas-tecnicas\\\/\",\"name\":\"Normas T\u00e9cnicas - Biblioteca e Documenta\u00e7\u00e3o\",\"isPartOf\":{\"@id\":\"https:\\\/\\\/www.saopaulo.sp.leg.br\\\/documentacao\\\/#website\"},\"datePublished\":\"2020-06-30T12:19:11+00:00\",\"dateModified\":\"2023-08-03T15:28:19+00:00\",\"breadcrumb\":{\"@id\":\"https:\\\/\\\/www.saopaulo.sp.leg.br\\\/documentacao\\\/produtos-e-servicos\\\/normas-tecnicas\\\/#breadcrumb\"},\"inLanguage\":\"pt-BR\",\"potentialAction\":[{\"@type\":\"ReadAction\",\"target\":[\"https:\\\/\\\/www.saopaulo.sp.leg.br\\\/documentacao\\\/produtos-e-servicos\\\/normas-tecnicas\\\/\"]}]},{\"@type\":\"BreadcrumbList\",\"@id\":\"https:\\\/\\\/www.saopaulo.sp.leg.br\\\/documentacao\\\/produtos-e-servicos\\\/normas-tecnicas\\\/#breadcrumb\",\"itemListElement\":[{\"@type\":\"ListItem\",\"position\":1,\"name\":\"In\u00edcio\",\"item\":\"https:\\\/\\\/www.saopaulo.sp.leg.br\\\/documentacao\\\/\"},{\"@type\":\"ListItem\",\"position\":2,\"name\":\"Produtos e Servi\u00e7os\",\"item\":\"https:\\\/\\\/www.saopaulo.sp.leg.br\\\/documentacao\\\/produtos-e-servicos\\\/\"},{\"@type\":\"ListItem\",\"position\":3,\"name\":\"Normas T\u00e9cnicas\"}]},{\"@type\":\"WebSite\",\"@id\":\"https:\\\/\\\/www.saopaulo.sp.leg.br\\\/documentacao\\\/#website\",\"url\":\"https:\\\/\\\/www.saopaulo.sp.leg.br\\\/documentacao\\\/\",\"name\":\"Biblioteca e Documenta\u00e7\u00e3o\",\"description\":\"Secretaria de Documenta\u00e7\u00e3o\",\"potentialAction\":[{\"@type\":\"SearchAction\",\"target\":{\"@type\":\"EntryPoint\",\"urlTemplate\":\"https:\\\/\\\/www.saopaulo.sp.leg.br\\\/documentacao\\\/?s={search_term_string}\"},\"query-input\":{\"@type\":\"PropertyValueSpecification\",\"valueRequired\":true,\"valueName\":\"search_term_string\"}}],\"inLanguage\":\"pt-BR\"}]}<\/script>\n<!-- \/ Yoast SEO plugin. -->","yoast_head_json":{"title":"Normas T\u00e9cnicas - Biblioteca e Documenta\u00e7\u00e3o","robots":{"index":"index","follow":"follow","max-snippet":"max-snippet:-1","max-image-preview":"max-image-preview:large","max-video-preview":"max-video-preview:-1"},"canonical":"https:\/\/www.saopaulo.sp.leg.br\/documentacao\/produtos-e-servicos\/normas-tecnicas\/","og_locale":"pt_BR","og_type":"article","og_title":"Normas T\u00e9cnicas - Biblioteca e Documenta\u00e7\u00e3o","og_description":"A Biblioteca possui um acervo de normas da ABNT (Associa\u00e7\u00e3o Brasileira de Normas T\u00e9cnicas) em formato impresso. Para consultar esse material, basta entrar em contato com o setor: BIBLIOTECA \u2013... Leia mais &raquo;","og_url":"https:\/\/www.saopaulo.sp.leg.br\/documentacao\/produtos-e-servicos\/normas-tecnicas\/","og_site_name":"Biblioteca e Documenta\u00e7\u00e3o","article_modified_time":"2023-08-03T15:28:19+00:00","twitter_card":"summary_large_image","twitter_misc":{"Est. tempo de leitura":"1 minuto"},"schema":{"@context":"https:\/\/schema.org","@graph":[{"@type":"WebPage","@id":"https:\/\/www.saopaulo.sp.leg.br\/documentacao\/produtos-e-servicos\/normas-tecnicas\/","url":"https:\/\/www.saopaulo.sp.leg.br\/documentacao\/produtos-e-servicos\/normas-tecnicas\/","name":"Normas T\u00e9cnicas - Biblioteca e Documenta\u00e7\u00e3o","isPartOf":{"@id":"https:\/\/www.saopaulo.sp.leg.br\/documentacao\/#website"},"datePublished":"2020-06-30T12:19:11+00:00","dateModified":"2023-08-03T15:28:19+00:00","breadcrumb":{"@id":"https:\/\/www.saopaulo.sp.leg.br\/documentacao\/produtos-e-servicos\/normas-tecnicas\/#breadcrumb"},"inLanguage":"pt-BR","potentialAction":[{"@type":"ReadAction","target":["https:\/\/www.saopaulo.sp.leg.br\/documentacao\/produtos-e-servicos\/normas-tecnicas\/"]}]},{"@type":"BreadcrumbList","@id":"https:\/\/www.saopaulo.sp.leg.br\/documentacao\/produtos-e-servicos\/normas-tecnicas\/#breadcrumb","itemListElement":[{"@type":"ListItem","position":1,"name":"In\u00edcio","item":"https:\/\/www.saopaulo.sp.leg.br\/documentacao\/"},{"@type":"ListItem","position":2,"name":"Produtos e Servi\u00e7os","item":"https:\/\/www.saopaulo.sp.leg.br\/documentacao\/produtos-e-servicos\/"},{"@type":"ListItem","position":3,"name":"Normas T\u00e9cnicas"}]},{"@type":"WebSite","@id":"https:\/\/www.saopaulo.sp.leg.br\/documentacao\/#website","url":"https:\/\/www.saopaulo.sp.leg.br\/documentacao\/","name":"Biblioteca e Documenta\u00e7\u00e3o","description":"Secretaria de Documenta\u00e7\u00e3o","potentialAction":[{"@type":"SearchAction","target":{"@type":"EntryPoint","urlTemplate":"https:\/\/www.saopaulo.sp.leg.br\/documentacao\/?s={search_term_string}"},"query-input":{"@type":"PropertyValueSpecification","valueRequired":true,"valueName":"search_term_string"}}],"inLanguage":"pt-BR"}]}},"_links":{"self":[{"href":"https:\/\/www.saopaulo.sp.leg.br\/documentacao\/wp-json\/wp\/v2\/pages\/1198","targetHints":{"allow":["GET"]}}],"collection":[{"href":"https:\/\/www.saopaulo.sp.leg.br\/documentacao\/wp-json\/wp\/v2\/pages"}],"about":[{"href":"https:\/\/www.saopaulo.sp.leg.br\/documentacao\/wp-json\/wp\/v2\/types\/page"}],"author":[{"embeddable":true,"href":"https:\/\/www.saopaulo.sp.leg.br\/documentacao\/wp-json\/wp\/v2\/users\/544"}],"replies":[{"embeddable":true,"href":"https:\/\/www.saopaulo.sp.leg.br\/documentacao\/wp-json\/wp\/v2\/comments?post=1198"}],"version-history":[{"count":0,"href":"https:\/\/www.saopaulo.sp.leg.br\/documentacao\/wp-json\/wp\/v2\/pages\/1198\/revisions"}],"up":[{"embeddable":true,"href":"https:\/\/www.saopaulo.sp.leg.br\/documentacao\/wp-json\/wp\/v2\/pages\/1179"}],"wp:attachment":[{"href":"https:\/\/www.saopaulo.sp.leg.br\/documentacao\/wp-json\/wp\/v2\/media?parent=1198"}],"curies":[{"name":"wp","href":"https:\/\/api.w.org\/{rel}","templated":true}]}}