{"id":1171,"date":"2020-06-30T09:04:55","date_gmt":"2020-06-30T12:04:55","guid":{"rendered":"http:\/\/www.saopaulo.sp.leg.br\/biblioteca-novo\/?page_id=1171"},"modified":"2025-06-30T18:28:08","modified_gmt":"2025-06-30T21:28:08","slug":"normas-em-destaque","status":"publish","type":"page","link":"https:\/\/www.saopaulo.sp.leg.br\/documentacao\/pesquisa\/normas-em-destaque\/","title":{"rendered":"Normas em destaque"},"content":{"rendered":"<p><span class=\"h3\"><a href=\"https:\/\/www.saopaulo.sp.leg.br\/wp-content\/uploads\/2022\/09\/LOMC.pdf\" target=\"_blank\" rel=\"noopener\">LEI ORG\u00c2NICA DO MUNIC\u00cdPIO<\/a><\/span><br \/>\nA Lei Org\u00e2nica do Munic\u00edpio \u00e9 a lei maior que regula a vida pol\u00edtica da cidade de S\u00e3o Paulo, disciplinando o funcionamento da administra\u00e7\u00e3o municipal e dos poderes do munic\u00edpio. Ela deve respeitar a Constitui\u00e7\u00e3o Federal e a Constitui\u00e7\u00e3o do Estado de S\u00e3o Paulo. Em seu pre\u00e2mbulo, define que \u201cconstitui a Lei Fundamental do Munic\u00edpio de S\u00e3o Paulo, com o objetivo de organizar o exerc\u00edcio do poder e fortalecer as institui\u00e7\u00f5es democr\u00e1ticas e os direitos da pessoa humana\u201d.<\/p>\n<p>A Assembleia Municipal Constituinte, que redigiu a Lei Org\u00e2nica da cidade de S\u00e3o Paulo, foi instalada em 5 de outubro de 1989, sendo composta pelos parlamentares paulistanos eleitos em 1988.<\/p>\n<p>Para consultar os Anais da Assembleia Municipal Constituinte 1989-1990, <a href=\"https:\/\/www.saopaulo.sp.leg.br\/atas_anais_cmsp\/pesquisar\/volumes\/1\/+ano\/titulo_volume,%2210%22\" target=\"_blank\" rel=\"noopener\">clique aqui<\/a>.<\/p>\n<p>Em 2020, a LOM completou 30 anos e ganhou uma <a href=\"http:\/\/www.saopaulo.sp.leg.br\/apartes\/lei-maxima-da-cidade-completa-30-anos\/\" target=\"_blank\" rel=\"noopener\">mat\u00e9ria especial na Revista Apartes<\/a>.<\/p>\n<p><span class=\"h3\"><a href=\"http:\/\/www.saopaulo.sp.leg.br\/documentacao\/wp-content\/uploads\/sites\/34\/2025\/06\/RC291C.pdf\" target=\"_blank\" rel=\"noopener\">REGIMENTO INTERNO DA C\u00c2MARA MUNICIPAL DE S\u00c3O PAULO<\/a><\/span><br \/>\nO Regimento Interno re\u00fane as normas que regulamentam o funcionamento da C\u00e2mara Municipal. Nele est\u00e3o as orienta\u00e7\u00f5es para a realiza\u00e7\u00e3o das sess\u00f5es plen\u00e1rias, para a tramita\u00e7\u00e3o dos projetos e demais proposi\u00e7\u00f5es, as regras de conduta dos vereadores, de forma\u00e7\u00e3o e atua\u00e7\u00e3o da Mesa Diretora e das Comiss\u00f5es Permanentes e Tempor\u00e1rias.<\/p>\n<p>O Regimento atualmente em vigor foi aprovado pela resolu\u00e7\u00e3o n\u00ba 2, de 26 de abril de 1991, com altera\u00e7\u00f5es posteriores.<\/p>\n<p><span class=\"h3\"><a href=\"https:\/\/www.saopaulo.sp.leg.br\/documentacao\/wp-content\/uploads\/sites\/34\/2020\/11\/TabelaDeTemporalidadeDocumentalManual.pdf\" target=\"_blank\" rel=\"noopener\">TABELA DE TEMPORALIDADE DOCUMENTAL<\/a><\/span><br \/>\nA Tabela de Temporalidade Documental \u00e9 o instrumento que estabelece os prazos de guarda e os par\u00e2metros para destina\u00e7\u00e3o dos documentos produzidos ou recebidos pela C\u00e2mara Municipal no exerc\u00edcio de suas atividades, determinando se um documento \u00e9 de preserva\u00e7\u00e3o permanente ou de guarda tempor\u00e1ria (com descarte ap\u00f3s o seu prazo legal). A Tabela informa quanto tempo um documento deve permanecer na unidade administrativa ao final da sua tramita\u00e7\u00e3o, e se ele pode ser eliminado ou deve ser enviado ao Arquivo Geral.<\/p>\n<p>A elabora\u00e7\u00e3o e revis\u00e3o da Tabela de Temporalidade Documental s\u00e3o de compet\u00eancia da <a href=\"https:\/\/www.saopaulo.sp.leg.br\/cgi-bin\/wxis.bin\/iah\/scripts\/?IsisScript=iah.xis&amp;form=A&amp;navBar=OFF&amp;hits=200&amp;lang=pt&amp;nextAction=search&amp;base=legis&amp;conectSearch=init&amp;exprSearch=%22ATO%20DA%20CMSP%22&amp;indexSearch=%5EnTn%5ELTipo+de+norma%5Ex%2F5%5EyDATABASE&amp;conectSearch=and&amp;exprSearch=1502&amp;indexSearch=%5EnNn%5ELN%FAmero+da+norma%5Ex%2F6%5EyDATABASE&amp;conectSearch=and&amp;exprSearch=2021&amp;indexSearch=%5EnDn%5ELAno+da+norma%5Ex%2F10%5EyDATABASE\" target=\"_blank\" rel=\"noopener\">Comiss\u00e3o de Avalia\u00e7\u00e3o de Documentos (CAD)<\/a>. A Tabela foi aprovada pela Mesa Diretora da C\u00e2mara por meio dos <a href=\"http:\/\/saopaulo.sp.leg.br\/cgi-bin\/wxis.bin\/iah\/scripts\/?IsisScript=iah.xis&amp;lang=pt&amp;format=detalhado.pft&amp;base=legis&amp;nextAction=search&amp;form=A&amp;indexSearch=%255enTw%255elTodos%2520os%2520campos&amp;&amp;exprSearch=ATO*DA*CMSP*1.127\/(6)*2010\" target=\"_blank\" rel=\"noopener\">atos 1.127\/2010<\/a> e <a href=\"http:\/\/saopaulo.sp.leg.br\/cgi-bin\/wxis.bin\/iah\/scripts\/?IsisScript=iah.xis&amp;lang=pt&amp;format=detalhado.pft&amp;base=legis&amp;nextAction=search&amp;form=A&amp;indexSearch=%255enTw%255elTodos%2520os%2520campos&amp;&amp;exprSearch=ATO*DA*CMSP*1.155\/(6)*2011\" target=\"_blank\" rel=\"noopener\">1.155\/2011<\/a>.<\/p>\n<p><span class=\"h3\"><a href=\"http:\/\/saopaulo.sp.leg.br\/cgi-bin\/wxis.bin\/iah\/scripts\/?IsisScript=iah.xis&amp;lang=pt&amp;format=detalhado.pft&amp;base=legis&amp;nextAction=search&amp;form=A&amp;indexSearch=%255enTw%255elTodos%2520os%2520campos&amp;&amp;exprSearch=ATO*DA*CMSP*1.124\/(6)*2010\" target=\"_blank\" rel=\"noopener\">MANUAL DE PROCESSOS<\/a><\/span><br \/>\nO Manual de Processos da C\u00e2mara Municipal de S\u00e3o Paulo trata dos procedimentos a serem observados no recebimento de documentos e na autua\u00e7\u00e3o de processos. De natureza normativa, o Manual orienta a forma\u00e7\u00e3o e a tramita\u00e7\u00e3o dos processos da C\u00e2mara.<\/p>\n<p>O Manual de Processos foi aprovado por meio do <a href=\"http:\/\/saopaulo.sp.leg.br\/cgi-bin\/wxis.bin\/iah\/scripts\/?IsisScript=iah.xis&amp;lang=pt&amp;format=detalhado.pft&amp;base=legis&amp;nextAction=search&amp;form=A&amp;indexSearch=%255enTw%255elTodos%2520os%2520campos&amp;&amp;exprSearch=ATO*DA*CMSP*1.124\/(6)*2010\" target=\"_blank\" rel=\"noopener\">ato 1.124\/2010<\/a>.<\/p>\n<p><span class=\"h3\"><a href=\"https:\/\/www.saopaulo.sp.leg.br\/cgi-bin\/wxis.bin\/iah\/scripts\/?IsisScript=iah.xis&amp;form=A&amp;navBar=OFF&amp;hits=200&amp;lang=pt&amp;nextAction=search&amp;base=legis&amp;conectSearch=init&amp;exprSearch=%22LEI%22&amp;indexSearch=%5EnTn%5ELTipo+de+norma%5Ex%2F5%5EyDATABASE&amp;conectSearch=and&amp;exprSearch=16642&amp;indexSearch=%5EnNn%5ELN%FAmero+da+norma%5Ex%2F6%5EyDATABASE&amp;conectSearch=and\" target=\"_blank\" rel=\"noopener\">C\u00d3DIGO DE OBRAS E EDIFICA\u00c7\u00d5ES<\/a><\/span><br \/>\nA lei n\u00ba 16.642\/2017 aprova o C\u00f3digo de Obras e Edifica\u00e7\u00f5es do Munic\u00edpio de S\u00e3o Paulo.<\/p>\n<p><span class=\"h3\"><a href=\"https:\/\/www.saopaulo.sp.leg.br\/cgi-bin\/wxis.bin\/iah\/scripts\/?IsisScript=iah.xis&amp;form=A&amp;navBar=OFF&amp;hits=200&amp;lang=pt&amp;nextAction=search&amp;base=legis&amp;conectSearch=init&amp;exprSearch=%22DECRETO%22&amp;indexSearch=%5EnTn%5ELTipo+de+norma%5Ex%2F5%5EyDATABASE&amp;conectSearch=and&amp;exprSearch=58639&amp;indexSearch=%5EnNn%5ELN%FAmero+da+norma%5Ex%2F6%5EyDATABASE&amp;conectSearch=and&amp;exprSearch=2019&amp;indexSearch=%5EnDn%5ELAno+da+norma%5Ex%2F10%5EyDATABASE\" target=\"_blank\" rel=\"noopener\">CONSOLIDA\u00c7\u00c3O DA LEGISLA\u00c7\u00c3O SOBRE O BILHETE \u00daNICO<\/a><\/span><br \/>\nO decreto n\u00ba 58.639\/2019 disp\u00f5e sobre a consolida\u00e7\u00e3o e atualiza\u00e7\u00e3o das normas sobre o Bilhete \u00danico.<\/p>\n<p><span class=\"h3\"><a href=\"https:\/\/www.saopaulo.sp.leg.br\/cgi-bin\/wxis.bin\/iah\/scripts\/?IsisScript=iah.xis&amp;form=A&amp;navBar=OFF&amp;hits=200&amp;lang=pt&amp;nextAction=search&amp;base=legis&amp;conectSearch=init&amp;exprSearch=%22DECRETO%22&amp;indexSearch=%5EnTn%5ELTipo+de+norma%5Ex%2F5%5EyDATABASE&amp;conectSearch=and&amp;exprSearch=59671&amp;indexSearch=%5EnNn%5ELN%FAmero+da+norma%5Ex%2F6%5EyDATABASE&amp;conectSearch=and\" target=\"_blank\" rel=\"noopener\">CONSOLIDA\u00c7\u00c3O DA LEGISLA\u00c7\u00c3O SOBRE PADRONIZA\u00c7\u00c3O DE CAL\u00c7ADAS<\/a><\/span><br \/>\nO decreto n \u00ba 59.671\/2020 consolida os crit\u00e9rios para a padroniza\u00e7\u00e3o das cal\u00e7adas e regulamenta o disposto nos incisos VII e VIII do &#8220;caput&#8221; do artigo 240 do Plano Diretor Estrat\u00e9gico, o cap\u00edtulo III da lei n\u00ba 15.442, de 9 de setembro de 2011, e a lei n\u00ba 13.293, de 14 de janeiro de 2002.<\/p>\n<p><span class=\"h3\"><a href=\"https:\/\/www.saopaulo.sp.leg.br\/cgi-bin\/wxis.bin\/iah\/scripts\/?IsisScript=iah.xis&amp;form=A&amp;navBar=OFF&amp;hits=200&amp;lang=pt&amp;nextAction=search&amp;base=legis&amp;conectSearch=init&amp;exprSearch=%22LEI%22&amp;indexSearch=%5EnTn%5ELTipo+de+norma%5Ex%2F5%5EyDATABASE&amp;conectSearch=and&amp;exprSearch=17262&amp;indexSearch=%5EnNn%5ELN%FAmero+da+norma%5Ex%2F6%5EyDATABASE&amp;conectSearch=and\" target=\"_blank\" rel=\"noopener\">C\u00d3DIGO DO CONTRIBUINTE<\/a><\/span><br \/>\nA lei n\u00ba 17.262\/2020 institui o C\u00f3digo de Direitos, Garantias e Obriga\u00e7\u00f5es do Contribuinte no Munic\u00edpio de S\u00e3o Paulo.<\/p>\n<p><span class=\"h3\"><a href=\"https:\/\/www.saopaulo.sp.leg.br\/cgi-bin\/wxis.bin\/iah\/scripts\/?IsisScript=iah.xis&amp;form=A&amp;navBar=OFF&amp;hits=200&amp;lang=pt&amp;nextAction=search&amp;base=legis&amp;conectSearch=init&amp;exprSearch=%22DECRETO%22&amp;indexSearch=%5EnTn%5ELTipo+de+norma%5Ex%2F5%5EyDATABASE&amp;conectSearch=and&amp;exprSearch=61810&amp;indexSearch=%5EnNn%5ELN%FAmero+da+norma%5Ex%2F6%5EyDATABASE&amp;conectSearch=and\" target=\"_blank\" rel=\"noopener\">CONSOLIDA\u00c7\u00c3O DA LEIS TRIBUT\u00c1RIAS<\/a><\/span><br \/>\nO decreto n\u00ba 61.810\/2022 aprova a Consolida\u00e7\u00e3o das Leis Tribut\u00e1rias do Munic\u00edpio de S\u00e3o Paulo.<\/p>\n<p><span class=\"h3\"><a href=\"https:\/\/www.saopaulo.sp.leg.br\/cgi-bin\/wxis.bin\/iah\/scripts\/?IsisScript=iah.xis&amp;form=A&amp;navBar=OFF&amp;hits=200&amp;lang=pt&amp;nextAction=search&amp;base=legis&amp;conectSearch=init&amp;exprSearch=%22LEI%22&amp;indexSearch=%5EnTn%5ELTipo+de+norma%5Ex%2F5%5EyDATABASE&amp;conectSearch=and&amp;exprSearch=14454&amp;indexSearch=%5EnNn%5ELN%FAmero+da+norma%5Ex%2F6%5EyDATABASE&amp;conectSearch=and\" target=\"_blank\" rel=\"noopener\">CONSOLIDA\u00c7\u00c3O DA LEGISLA\u00c7\u00c3O SOBRE DENOMINA\u00c7\u00c3O DE LOGRADOUROS E PR\u00d3PRIOS MUNICIPAIS<\/a><\/span><br \/>\nA lei n\u00ba 14.454\/2007 consolida a legisla\u00e7\u00e3o municipal sobre a denomina\u00e7\u00e3o e a altera\u00e7\u00e3o da denomina\u00e7\u00e3o de vias, logradouros e pr\u00f3prios municipais.<\/p>\n<p><span class=\"h3\"><a href=\"https:\/\/www.saopaulo.sp.leg.br\/cgi-bin\/wxis.bin\/iah\/scripts\/?IsisScript=iah.xis&amp;form=A&amp;navBar=OFF&amp;hits=200&amp;lang=pt&amp;nextAction=search&amp;base=legis&amp;conectSearch=init&amp;exprSearch=%22LEI%22&amp;indexSearch=%5EnTn%5ELTipo+de+norma%5Ex%2F5%5EyDATABASE&amp;conectSearch=and&amp;exprSearch=8989&amp;indexSearch=%5EnNn%5ELN%FAmero+da+norma%5Ex%2F6%5EyDATABASE&amp;conectSearch=and\" target=\"_blank\" rel=\"noopener\">ESTATUTO DOS FUNCION\u00c1RIOS P\u00daBLICOS DO MUNIC\u00cdPIO<\/a><\/span><br \/>\nA lei n\u00ba 8.989\/1979 institui o Estatuto dos Funcion\u00e1rios P\u00fablicos do Munic\u00edpio de S\u00e3o Paulo.<\/p>\n<p><span class=\"h3\"><a href=\"https:\/\/www.saopaulo.sp.leg.br\/cgi-bin\/wxis.bin\/iah\/scripts\/?IsisScript=iah.xis&amp;form=A&amp;navBar=OFF&amp;hits=200&amp;lang=pt&amp;nextAction=search&amp;base=legis&amp;conectSearch=init&amp;exprSearch=%22LEI%22&amp;indexSearch=%5EnTn%5ELTipo+de+norma%5Ex%2F5%5EyDATABASE&amp;conectSearch=and&amp;exprSearch=16402&amp;indexSearch=%5EnNn%5ELN%FAmero+da+norma%5Ex%2F6%5EyDATABASE&amp;conectSearch=and\" target=\"_blank\" rel=\"noopener\">LEI DE PARCELAMENTO E USO DO SOLO<\/a><\/span><br \/>\nA lei n\u00ba 16.402\/2016 disciplina o parcelamento, o uso e a ocupa\u00e7\u00e3o do solo no Munic\u00edpio de S\u00e3o Paulo, de acordo com o Plano Diretor Estrat\u00e9gico.<\/p>\n<p><span class=\"h3\"><a href=\"https:\/\/www.saopaulo.sp.leg.br\/cgi-bin\/wxis.bin\/iah\/scripts\/?IsisScript=iah.xis&amp;form=A&amp;navBar=OFF&amp;hits=200&amp;lang=pt&amp;nextAction=search&amp;base=legis&amp;conectSearch=init&amp;exprSearch=%22LEI%22&amp;indexSearch=%5EnTn%5ELTipo+de+norma%5Ex%2F5%5EyDATABASE&amp;conectSearch=and&amp;exprSearch=16050&amp;indexSearch=%5EnNn%5ELN%FAmero+da+norma%5Ex%2F6%5EyDATABASE&amp;conectSearch=and\" target=\"_blank\" rel=\"noopener\">PLANO DIRETOR ESTRAT\u00c9GICO<\/a><\/span><br \/>\nA lei n\u00ba 16.050\/2014 aprova a pol\u00edtica de Desenvolvimento Urbano e o Plano Diretor Estrat\u00e9gico do Munic\u00edpio de S\u00e3o Paulo.<\/p>\n<p><span class=\"h3\"><a href=\"https:\/\/www.saopaulo.sp.leg.br\/cgi-bin\/wxis.bin\/iah\/scripts\/?IsisScript=iah.xis&amp;form=A&amp;navBar=OFF&amp;hits=200&amp;lang=pt&amp;nextAction=search&amp;base=legis&amp;conectSearch=init&amp;exprSearch=%22LEI%22&amp;indexSearch=%5EnTn%5ELTipo+de+norma%5Ex%2F5%5EyDATABASE&amp;conectSearch=and&amp;exprSearch=17975&amp;indexSearch=%5EnNn%5ELN%FAmero+da+norma%5Ex%2F6%5EyDATABASE&amp;conectSearch=and\" target=\"_blank\" rel=\"noopener\">REVIS\u00c3O DO PLANO DIRETOR ESTRAT\u00c9GICO<\/a><\/span><br \/>\nA lei n\u00ba 17.975\/2023 disp\u00f5e sobre a revis\u00e3o intermedi\u00e1ria do Plano Diretor Estrat\u00e9gico do Munic\u00edpio de S\u00e3o Paulo.<\/p>\n<p><span class=\"h3\"><a href=\"https:\/\/www.saopaulo.sp.leg.br\/cgi-bin\/wxis.bin\/iah\/scripts\/?IsisScript=iah.xis&amp;form=A&amp;navBar=OFF&amp;hits=200&amp;lang=pt&amp;nextAction=search&amp;base=legis&amp;conectSearch=init&amp;exprSearch=%22DECRETO%22&amp;indexSearch=%5EnTn%5ELTipo+de+norma%5Ex%2F5%5EyDATABASE&amp;conectSearch=and&amp;exprSearch=54991&amp;indexSearch=%5EnNn%5ELN%FAmero+da+norma%5Ex%2F6%5EyDATABASE&amp;conectSearch=and\" target=\"_blank\" rel=\"noopener\">PLANO DE GEST\u00c3O INTEGRADA DE RES\u00cdDUOS S\u00d3LIDOS<\/a><\/span><br \/>\nO decreto n\u00ba 54.991\/2014 aprova as altera\u00e7\u00f5es e consolida o Plano de Gest\u00e3o Integrada de Res\u00edduos S\u00f3lidos do Munic\u00edpio de S\u00e3o Paulo para o per\u00edodo 2014\/2033.<\/p>\n","protected":false},"excerpt":{"rendered":"<p>LEI ORG\u00c2NICA DO MUNIC\u00cdPIO A Lei Org\u00e2nica do Munic\u00edpio \u00e9 a lei maior que regula a vida pol\u00edtica da cidade de S\u00e3o Paulo, disciplinando o funcionamento da administra\u00e7\u00e3o municipal e&#8230;  <a class=\"excerpt-read-more\" href=\"https:\/\/www.saopaulo.sp.leg.br\/documentacao\/pesquisa\/normas-em-destaque\/\" title=\"Leia Normas em destaque\">Leia mais &raquo;<\/a><\/p>\n","protected":false},"author":544,"featured_media":0,"parent":934,"menu_order":0,"comment_status":"closed","ping_status":"closed","template":"page-iframe.php","meta":{"_acf_changed":false,"footnotes":""},"class_list":["post-1171","page","type-page","status-publish","hentry"],"acf":[],"yoast_head":"<!-- This site is optimized with the Yoast SEO plugin v27.4 - https:\/\/yoast.com\/product\/yoast-seo-wordpress\/ -->\n<title>Normas em destaque - Biblioteca e Documenta\u00e7\u00e3o<\/title>\n<meta name=\"robots\" content=\"index, follow, max-snippet:-1, max-image-preview:large, max-video-preview:-1\" \/>\n<link rel=\"canonical\" href=\"https:\/\/www.saopaulo.sp.leg.br\/documentacao\/pesquisa\/normas-em-destaque\/\" \/>\n<meta property=\"og:locale\" content=\"pt_BR\" \/>\n<meta property=\"og:type\" content=\"article\" \/>\n<meta property=\"og:title\" content=\"Normas em destaque - Biblioteca e Documenta\u00e7\u00e3o\" \/>\n<meta property=\"og:description\" content=\"LEI ORG\u00c2NICA DO MUNIC\u00cdPIO A Lei Org\u00e2nica do Munic\u00edpio \u00e9 a lei maior que regula a vida pol\u00edtica da cidade de S\u00e3o Paulo, disciplinando o funcionamento da administra\u00e7\u00e3o municipal e... Leia mais &raquo;\" \/>\n<meta property=\"og:url\" content=\"https:\/\/www.saopaulo.sp.leg.br\/documentacao\/pesquisa\/normas-em-destaque\/\" \/>\n<meta property=\"og:site_name\" content=\"Biblioteca e Documenta\u00e7\u00e3o\" \/>\n<meta property=\"article:modified_time\" content=\"2025-06-30T21:28:08+00:00\" \/>\n<meta name=\"twitter:card\" content=\"summary_large_image\" \/>\n<meta name=\"twitter:label1\" content=\"Est. tempo de leitura\" \/>\n\t<meta name=\"twitter:data1\" content=\"4 minutos\" \/>\n<script type=\"application\/ld+json\" class=\"yoast-schema-graph\">{\"@context\":\"https:\\\/\\\/schema.org\",\"@graph\":[{\"@type\":\"WebPage\",\"@id\":\"https:\\\/\\\/www.saopaulo.sp.leg.br\\\/documentacao\\\/pesquisa\\\/normas-em-destaque\\\/\",\"url\":\"https:\\\/\\\/www.saopaulo.sp.leg.br\\\/documentacao\\\/pesquisa\\\/normas-em-destaque\\\/\",\"name\":\"Normas em destaque - Biblioteca e Documenta\u00e7\u00e3o\",\"isPartOf\":{\"@id\":\"https:\\\/\\\/www.saopaulo.sp.leg.br\\\/documentacao\\\/#website\"},\"datePublished\":\"2020-06-30T12:04:55+00:00\",\"dateModified\":\"2025-06-30T21:28:08+00:00\",\"breadcrumb\":{\"@id\":\"https:\\\/\\\/www.saopaulo.sp.leg.br\\\/documentacao\\\/pesquisa\\\/normas-em-destaque\\\/#breadcrumb\"},\"inLanguage\":\"pt-BR\",\"potentialAction\":[{\"@type\":\"ReadAction\",\"target\":[\"https:\\\/\\\/www.saopaulo.sp.leg.br\\\/documentacao\\\/pesquisa\\\/normas-em-destaque\\\/\"]}]},{\"@type\":\"BreadcrumbList\",\"@id\":\"https:\\\/\\\/www.saopaulo.sp.leg.br\\\/documentacao\\\/pesquisa\\\/normas-em-destaque\\\/#breadcrumb\",\"itemListElement\":[{\"@type\":\"ListItem\",\"position\":1,\"name\":\"In\u00edcio\",\"item\":\"https:\\\/\\\/www.saopaulo.sp.leg.br\\\/documentacao\\\/\"},{\"@type\":\"ListItem\",\"position\":2,\"name\":\"Pesquisa\",\"item\":\"https:\\\/\\\/www.saopaulo.sp.leg.br\\\/documentacao\\\/pesquisa\\\/\"},{\"@type\":\"ListItem\",\"position\":3,\"name\":\"Normas em destaque\"}]},{\"@type\":\"WebSite\",\"@id\":\"https:\\\/\\\/www.saopaulo.sp.leg.br\\\/documentacao\\\/#website\",\"url\":\"https:\\\/\\\/www.saopaulo.sp.leg.br\\\/documentacao\\\/\",\"name\":\"Biblioteca e Documenta\u00e7\u00e3o\",\"description\":\"Secretaria de Documenta\u00e7\u00e3o\",\"potentialAction\":[{\"@type\":\"SearchAction\",\"target\":{\"@type\":\"EntryPoint\",\"urlTemplate\":\"https:\\\/\\\/www.saopaulo.sp.leg.br\\\/documentacao\\\/?s={search_term_string}\"},\"query-input\":{\"@type\":\"PropertyValueSpecification\",\"valueRequired\":true,\"valueName\":\"search_term_string\"}}],\"inLanguage\":\"pt-BR\"}]}<\/script>\n<!-- \/ Yoast SEO plugin. -->","yoast_head_json":{"title":"Normas em destaque - Biblioteca e Documenta\u00e7\u00e3o","robots":{"index":"index","follow":"follow","max-snippet":"max-snippet:-1","max-image-preview":"max-image-preview:large","max-video-preview":"max-video-preview:-1"},"canonical":"https:\/\/www.saopaulo.sp.leg.br\/documentacao\/pesquisa\/normas-em-destaque\/","og_locale":"pt_BR","og_type":"article","og_title":"Normas em destaque - Biblioteca e Documenta\u00e7\u00e3o","og_description":"LEI ORG\u00c2NICA DO MUNIC\u00cdPIO A Lei Org\u00e2nica do Munic\u00edpio \u00e9 a lei maior que regula a vida pol\u00edtica da cidade de S\u00e3o Paulo, disciplinando o funcionamento da administra\u00e7\u00e3o municipal e... Leia mais &raquo;","og_url":"https:\/\/www.saopaulo.sp.leg.br\/documentacao\/pesquisa\/normas-em-destaque\/","og_site_name":"Biblioteca e Documenta\u00e7\u00e3o","article_modified_time":"2025-06-30T21:28:08+00:00","twitter_card":"summary_large_image","twitter_misc":{"Est. tempo de leitura":"4 minutos"},"schema":{"@context":"https:\/\/schema.org","@graph":[{"@type":"WebPage","@id":"https:\/\/www.saopaulo.sp.leg.br\/documentacao\/pesquisa\/normas-em-destaque\/","url":"https:\/\/www.saopaulo.sp.leg.br\/documentacao\/pesquisa\/normas-em-destaque\/","name":"Normas em destaque - Biblioteca e Documenta\u00e7\u00e3o","isPartOf":{"@id":"https:\/\/www.saopaulo.sp.leg.br\/documentacao\/#website"},"datePublished":"2020-06-30T12:04:55+00:00","dateModified":"2025-06-30T21:28:08+00:00","breadcrumb":{"@id":"https:\/\/www.saopaulo.sp.leg.br\/documentacao\/pesquisa\/normas-em-destaque\/#breadcrumb"},"inLanguage":"pt-BR","potentialAction":[{"@type":"ReadAction","target":["https:\/\/www.saopaulo.sp.leg.br\/documentacao\/pesquisa\/normas-em-destaque\/"]}]},{"@type":"BreadcrumbList","@id":"https:\/\/www.saopaulo.sp.leg.br\/documentacao\/pesquisa\/normas-em-destaque\/#breadcrumb","itemListElement":[{"@type":"ListItem","position":1,"name":"In\u00edcio","item":"https:\/\/www.saopaulo.sp.leg.br\/documentacao\/"},{"@type":"ListItem","position":2,"name":"Pesquisa","item":"https:\/\/www.saopaulo.sp.leg.br\/documentacao\/pesquisa\/"},{"@type":"ListItem","position":3,"name":"Normas em destaque"}]},{"@type":"WebSite","@id":"https:\/\/www.saopaulo.sp.leg.br\/documentacao\/#website","url":"https:\/\/www.saopaulo.sp.leg.br\/documentacao\/","name":"Biblioteca e Documenta\u00e7\u00e3o","description":"Secretaria de Documenta\u00e7\u00e3o","potentialAction":[{"@type":"SearchAction","target":{"@type":"EntryPoint","urlTemplate":"https:\/\/www.saopaulo.sp.leg.br\/documentacao\/?s={search_term_string}"},"query-input":{"@type":"PropertyValueSpecification","valueRequired":true,"valueName":"search_term_string"}}],"inLanguage":"pt-BR"}]}},"_links":{"self":[{"href":"https:\/\/www.saopaulo.sp.leg.br\/documentacao\/wp-json\/wp\/v2\/pages\/1171","targetHints":{"allow":["GET"]}}],"collection":[{"href":"https:\/\/www.saopaulo.sp.leg.br\/documentacao\/wp-json\/wp\/v2\/pages"}],"about":[{"href":"https:\/\/www.saopaulo.sp.leg.br\/documentacao\/wp-json\/wp\/v2\/types\/page"}],"author":[{"embeddable":true,"href":"https:\/\/www.saopaulo.sp.leg.br\/documentacao\/wp-json\/wp\/v2\/users\/544"}],"replies":[{"embeddable":true,"href":"https:\/\/www.saopaulo.sp.leg.br\/documentacao\/wp-json\/wp\/v2\/comments?post=1171"}],"version-history":[{"count":1,"href":"https:\/\/www.saopaulo.sp.leg.br\/documentacao\/wp-json\/wp\/v2\/pages\/1171\/revisions"}],"predecessor-version":[{"id":3692,"href":"https:\/\/www.saopaulo.sp.leg.br\/documentacao\/wp-json\/wp\/v2\/pages\/1171\/revisions\/3692"}],"up":[{"embeddable":true,"href":"https:\/\/www.saopaulo.sp.leg.br\/documentacao\/wp-json\/wp\/v2\/pages\/934"}],"wp:attachment":[{"href":"https:\/\/www.saopaulo.sp.leg.br\/documentacao\/wp-json\/wp\/v2\/media?parent=1171"}],"curies":[{"name":"wp","href":"https:\/\/api.w.org\/{rel}","templated":true}]}}