{"id":610,"date":"2020-03-31T14:42:32","date_gmt":"2020-03-31T17:42:32","guid":{"rendered":"http:\/\/www.saopaulo.sp.leg.br\/coronavirus\/?page_id=610"},"modified":"2021-02-08T17:08:20","modified_gmt":"2021-02-08T20:08:20","slug":"isolamento-social","status":"publish","type":"page","link":"https:\/\/www.saopaulo.sp.leg.br\/coronavirus\/isolamento-social\/","title":{"rendered":"O que fazer durante o isolamento social?"},"content":{"rendered":"<h2>DE OLHO NA SA\u00daDE MENTAL<\/h2>\n<p>Mesmo necess\u00e1rio, o isolamento social tamb\u00e9m traz consequ\u00eancias negativas, principalmente \u00e0 sa\u00fade mental, como o aumento da press\u00e3o psicol\u00f3gica e do estresse em grande parte da popula\u00e7\u00e3o afetada, causados pelas incertezas quanto ao fim da pandemia e ao restabelecimento de uma rotina normal de vida.<\/p>\n<p>Para lidar com esse problema, autoridades em sa\u00fade p\u00fablica de todo o mundo t\u00eam dado dicas e alertado para a import\u00e2ncia dos cuidados com a sa\u00fade mental durante a quarentena.<\/p>\n<p>O Departamento de Sa\u00fade Mental da OMS, inclusive, lan\u00e7ou um guia compilado (que pode ser lido na \u00edntegra neste <a href=\"https:\/\/news.un.org\/pt\/story\/2020\/03\/1707792\" target=\"_blank\" rel=\"noopener noreferrer\">link<\/a>), dirigido a diferentes grupos, com orienta\u00e7\u00f5es relativas ao tema. Abaixo, listamos algumas delas.<\/p>\n<h3>ORIENTA\u00c7\u00d5ES GERAIS<\/h3>\n<ul>\n<li>Demonstre empatia com todos os afetados em qualquer pa\u00eds. O novo coronav\u00edrus deve afetar pessoas em muitos pa\u00edses e regi\u00f5es e n\u00e3o existe nenhuma rela\u00e7\u00e3o da doen\u00e7a com uma etnia ou nacionalidade. As pessoas infectadas n\u00e3o fizeram nada errado e merecem nosso apoio, compaix\u00e3o e gentileza;<\/li>\n<li>Reduza a leitura ou o contato com not\u00edcias que podem causar ansiedade ou estresse. Procure not\u00edcias e atualiza\u00e7\u00f5es uma ou duas vezes ao dia evitando o \u201cbombardeio desnecess\u00e1rio\u201d de informa\u00e7\u00f5es. A enxurrada de not\u00edcias sobre um surto pode levar qualquer pessoa \u00e0 preocupa\u00e7\u00e3o;<\/li>\n<li>Busque informa\u00e7\u00e3o apenas de fontes fidedignas, como a Organiza\u00e7\u00e3o Mundial da Sa\u00fade ou autoridades locais, e d\u00ea passos pr\u00e1ticos para preparar seus planos, proteger-se e \u00e0 sua fam\u00edlia. Informe-se com os fatos e n\u00e3o com boatos ou informa\u00e7\u00f5es erradas. Os fatos ajudam a minimizar o medo;<\/li>\n<li>Projeta a si pr\u00f3prio e apoie os outros ajudando-os em seus momentos de necessidade. A assist\u00eancia ao pr\u00f3ximo em seu momento de car\u00eancia pode ajudar tanto quem recebe o apoio como quem d\u00e1 o aux\u00edlio. Um exemplo: telefone para seus vizinhos ou pessoas em sua comunidade que precisam de aux\u00edlio extra. A atua\u00e7\u00e3o conjunta, em comunidade, pode ajudar a criar solidariedade e a enfrentar o Covid-19.<\/li>\n<\/ul>\n<h3>CRIAN\u00c7AS<\/h3>\n<ul>\n<li>Ajude as crian\u00e7as a expressarem, de forma positiva, seus medos e ansiedades. As crian\u00e7as se sentem melhor e mais aliviadas quando podem comunicar os sentimentos num ambiente de apoio. Lembre-se que cada crian\u00e7a tem sua pr\u00f3pria maneira de faz\u00ea-lo e, algumas vezes, atividades criativas, jogos e desenhos podem ajudar;<\/li>\n<li>Em estresses e crises \u00e9 normal crian\u00e7as buscarem e exigirem mais dos pais. Fale com seus filhos sobre o coronav\u00edrus de forma honesta e apropriada \u00e0 idade deles. Se as crian\u00e7as tiverem preocupa\u00e7\u00f5es, o fato de conversar sobre o assunto pode ajudar a baixar a ansiedade delas. O di\u00e1logo pode auxili\u00e1-las a criar mecanismos para lidar com as pr\u00f3prias emo\u00e7\u00f5es da melhor forma nesses momentos dif\u00edceis;<\/li>\n<li>Mantenha as crian\u00e7as perto de seus pais e familiares caso seja seguro para elas. Evite a separa\u00e7\u00e3o deles. Caso uma crian\u00e7a tenha que ser retirada de seus pais ou tutores, certifique-se de que durante o tempo da separa\u00e7\u00e3o o contato com eles seja regular;<\/li>\n<li>Mantenha as rotinas familiares sempre que poss\u00edvel e crie novas rotinas principalmente com as crian\u00e7as em casa. Pense em atividades l\u00fadicas e pedag\u00f3gicas para fazer com elas. Sempre que poss\u00edvel, incentive as crian\u00e7as a continuarem brincando e se socializando com os outros, mesmo que somente na fam\u00edlia por causa do distanciamento social no momento.<\/li>\n<\/ul>\n<h3>IDOSOS<\/h3>\n<ul>\n<li>Idosos, especialmente em isolamento social e aqueles com problemas cognitivos (como dem\u00eancia) podem se tornar ansiosos, estressados, com raiva, agitados e distanciados durante a quarentena. Ofere\u00e7a a eles apoio emocional por meio de redes familiares ou de agentes de sa\u00fade;<\/li>\n<li>Partilhe fatos simples sobre o que est\u00e1 acontecendo com informa\u00e7\u00f5es claras a respeito da redu\u00e7\u00e3o de riscos e infec\u00e7\u00f5es em palavras compreens\u00edveis para quem tem barreiras de entendimento. Repita a informa\u00e7\u00e3o sempre que necess\u00e1rio. As instru\u00e7\u00f5es precisam ser claras, concisas e respeitar a individualidade do idoso;<\/li>\n<li>Se o idoso tem alguma doen\u00e7a ou s\u00edndrome, certifique-se de que seus medicamentos est\u00e3o dispon\u00edveis para uso. Mantenha um grupo ou rede de contatos para pedir ajuda caso necess\u00e1rio;<\/li>\n<li>Aprenda, ensine e estimule o idoso a realizar exerc\u00edcios f\u00edsicos simples, que podem ser realizados em casa, durante o isolamento e a quarentena, para n\u00e3o reduzir sua mobilidade;<\/li>\n<li>Mantenha rotinas e tarefas di\u00e1rias regulares ao idoso sempre que poss\u00edvel, como limpeza, canto, pinturas, entre outras, e crie novas atividades em um ambiente diferente. Estimule o contato do idoso com entes queridos, ainda que por telefone.<\/li>\n<\/ul>\n<h3>PESSOAS EM ISOLAMENTO<\/h3>\n<ul>\n<li>Fique em contato e mantenha uma rede ativa de amigos e conhecidos. Ainda que isolado, tente ao m\u00e1ximo manter sua rotina e crie novas. Se as autoridades de sa\u00fade recomendaram dist\u00e2ncia f\u00edsica para conter o surto, voc\u00ea pode manter a proximidade digital com e-mails, redes sociais, telefone, teleconfer\u00eancias, etc;<\/li>\n<li>Durante esse per\u00edodo de estresse, esteja atento a seus sentimentos e demandas internas. Envolva-se com atividades saud\u00e1veis e aproveite para relaxar. O exerc\u00edcio constante, o sono regular e uma dieta balanceada ajudam. Mantenha tudo em perspectiva e seja otimista.<\/li>\n<\/ul>\n<div class=\"box\" style=\"margin:40px 0\">\n<div>\n<h2 style=\"margin-top:0\">CUIDAR DO F\u00cdSICO TAMB\u00c9M FAZ BEM<\/h2>\n<p>Al\u00e9m do cuidado com a sa\u00fade p\u00fablica, nesse per\u00edodo de isolamento social \u00e9 importante prestar aten\u00e7\u00e3o redobrada ao bem-estar f\u00edsico individual e \u00e0s poss\u00edveis consequ\u00eancias do sedentarismo for\u00e7ado na sa\u00fade.<\/p>\n<\/div>\n<\/div>\n<h2>RECOMENDA\u00c7\u00d5ES<\/h2>\n<p>Segundo informa\u00e7\u00f5es do grupo Fisiologia Aplicada e Nutri\u00e7\u00e3o da Faculdade de Medicina da USP (Universidade de S\u00e3o Paulo), \u00e9 poss\u00edvel permanecer fisicamente ativo mesmo em isolamento social dentro de casa.<\/p>\n<p>A primeira recomenda\u00e7\u00e3o \u00e9 n\u00e3o passar muito tempo sentado. Durante a quarentena, passar muito tempo sentado e n\u00e3o se movimentar pode ter efeitos negativos para a sa\u00fade, bem-estar e qualidade de vida e, ainda, causar estresse adicional e prejudicar a sa\u00fade mental. A dica \u00e9 levantar e caminhar pela casa por 5 minutos a cada 30 sentado trabalhando ou vendo TV.<\/p>\n<p>Outra recomenda\u00e7\u00e3o \u00e9 realizar diferentes atividades durante o dia. Sempre que poss\u00edvel, brinque com as crian\u00e7as ou com os animais de estima\u00e7\u00e3o. Al\u00e9m disso, realize tarefas dom\u00e9sticas com regularidade, como varrer, passar pano no ch\u00e3o, lavar o quintal e limpar os m\u00f3veis.<\/p>\n<p>Procure ainda manter uma alimenta\u00e7\u00e3o equilibrada. Prefira alimentos in natura aos ultraprocessados, como salgadinhos, biscoitos, refrigerantes, etc. Tamb\u00e9m preste aten\u00e7\u00e3o \u00e0 qualidade do sono. Dormir bem auxilia na recupera\u00e7\u00e3o f\u00edsica e fortalece a sa\u00fade.<\/p>\n<h3>ATIVIDADES<\/h3>\n<p>A OMS recomenda a pr\u00e1tica semanal de, no m\u00ednimo, 150 minutos de atividade f\u00edsica moderada ou 75 minutos de atividade f\u00edsica intensa, ou uma combina\u00e7\u00e3o das duas. E o grupo Fisiologia Aplicada e Nutri\u00e7\u00e3o da Faculdade de Medicina da USP destaca que \u00e9 poss\u00edvel obedecer essa recomenda\u00e7\u00e3o mesmo em casa, sem equipamentos adicionais e com espa\u00e7o limitado.<\/p>\n<p>Uma op\u00e7\u00e3o \u00e9 a realiza\u00e7\u00e3o de caminhadas. Mesmo dentro de casa ou no quintal, \u00e9 poss\u00edvel caminhar, ao estabelecer tempo para realiza\u00e7\u00e3o dessa atividade. Se poss\u00edvel, escadas tamb\u00e9m s\u00e3o uma boa op\u00e7\u00e3o para complementar esse exerc\u00edcio.<\/p>\n<p>Al\u00e9m disso, diversos canais no YouTube e perfis no Instagram t\u00eam se destacado por darem sugest\u00f5es de exerc\u00edcios, com o objetivo de manter a forma e melhorar o condicionamento f\u00edsico sem sair de casa.<\/p>\n<p>Um deles \u00e9 o do Cepeusp (Centro de Pr\u00e1ticas Esportivas da USP), em S\u00e3o Paulo. L\u00e1, profissionais do centro disponibilizaram materiais para incentivar a pr\u00e1tica de atividades f\u00edsicas durante o per\u00edodo de isolamento, al\u00e9m de v\u00eddeos demonstrando como realizar alguns exerc\u00edcios. O conte\u00fado pode ser acessado no <a href=\"https:\/\/www.youtube.com\/channel\/UC7PBszv-jMaxLRatLzerVuw\" target=\"_blank\" rel=\"noopener noreferrer\">canal do Youtube<\/a> e nas m\u00eddias sociais do Cepeusp: <a href=\"https:\/\/www.instagram.com\/explore\/locations\/218401901882305\/cepeusp-centro-de-praticas-esportivas-da-usp?hl=pt-br\" target=\"_blank\" rel=\"noopener noreferrer\">Instagram<\/a> e <a href=\"https:\/\/www.facebook.com\/cepeusp\/\" target=\"_blank\" rel=\"noopener noreferrer\">Facebook<\/a>.<\/p>\n<h2>ATEN\u00c7\u00c3O \u00c0 HIGIENE NO ISOLAMENTO<\/h2>\n<h3>CUIDADOS PESSOAIS B\u00c1SICOS<\/h3>\n<p>N\u00e3o basta apenas ficar dentro de casa o m\u00e1ximo poss\u00edvel para evitar o cont\u00e1gio. A OMS refor\u00e7a a import\u00e2ncia da ado\u00e7\u00e3o de medidas b\u00e1sicas de higiene. Por exemplo, lavar bem as m\u00e3os (dedos, unhas, punho, palma e dorso) com \u00e1gua e sab\u00e3o. De prefer\u00eancia, utilizar toalhas de papel para sec\u00e1-las. Al\u00e9m do sab\u00e3o, outro produto indicado para higienizar as m\u00e3os \u00e9 o \u00e1lcool gel.<\/p>\n<p>O uso do len\u00e7o descart\u00e1vel para higiene nasal \u00e9 outra medida de preven\u00e7\u00e3o importante, mesmo no isolamento. Deve-se cobrir o nariz e a boca com um len\u00e7o de papel quando espirrar ou tossir e jog\u00e1-lo no lixo. Tamb\u00e9m \u00e9 necess\u00e1rio evitar tocar olhos, nariz e boca sem que as m\u00e3os estejam limpas.<\/p>\n<p>Al\u00e9m disso, a recomenda\u00e7\u00e3o do Minist\u00e9rio da Sa\u00fade \u00e9 de que as m\u00e1scaras faciais descart\u00e1veis devam ser utilizadas somente por um determinado p\u00fablico. S\u00e3o eles: profissionais da sa\u00fade, cuidadores de idosos, m\u00e3es que est\u00e3o amamentando e pessoas diagnosticadas com o coronav\u00edrus.<\/p>\n<h3>CUIDADOS COM A CASA DURANTE O ISOLAMENTO SOCIAL<\/h3>\n<p>A primeira recomenda\u00e7\u00e3o para manter a higiene dom\u00e9stica \u00e9 tirar o sapato ao chegar em casa, caso a pessoa precise sair. A pr\u00e1tica \u00e9 recomend\u00e1vel, pois o v\u00edrus consegue sobreviver por um per\u00edodo de tempo no solo e pode ser carregado para dentro de casa, na sola do cal\u00e7ado usado.<\/p>\n<p>\u00c9 aconselhado fazer o mesmo com as roupas usadas no deslocamento exterior e, se poss\u00edvel, lav\u00e1-las ap\u00f3s o uso. Em caso de impossibilidade, \u00e9 recomendado guardar a roupa em um saco pl\u00e1stico, at\u00e9 que ela seja higienizada.<\/p>\n<p>Para a limpeza geral da resid\u00eancia, a recomenda\u00e7\u00e3o do Minist\u00e9rio da Sa\u00fade \u00e9 que sejam utilizados os produtos usuais de faxina dom\u00e9stica, dando prefer\u00eancia para o uso da \u00e1gua sanit\u00e1ria para desinfetar superf\u00edcies. O \u00e1lcool gel tamb\u00e9m pode ser usado como alternativa para a limpeza de objetos como telefones, controles remotos, teclados, cadeiras, ma\u00e7anetas, etc.<\/p>\n<p>A higieniza\u00e7\u00e3o das lou\u00e7as e roupas deve ser feita utilizando detergentes pr\u00f3prios para cada um dos casos. Ainda \u00e9 recomendada a troca e a lavagem regular de roupas de cama e banho.<\/p>\n<h3>CUIDADOS ESPECIAIS COM PESSOAS ISOLADAS<\/h3>\n<p>O Minist\u00e9rio da Sa\u00fade alerta para a aten\u00e7\u00e3o extra \u00e0 higiene e limpeza da casa nos casos em que houver um doente isolado que mora com outras pessoas, principalmente se algum residente for idoso ou integrante do chamado grupo de risco &#8211; pessoas mais suscet\u00edveis a desenvolverem a forma mais aguda e grave do coronav\u00edrus.<\/p>\n<p>O ideal \u00e9 que a pessoa infectada fique sozinha em um c\u00f4modo, de prefer\u00eancia em um quarto com banheiro. Nesse ambiente, ela pode ficar sem m\u00e1scara, mas deve higienizar com \u00e1lcool 70% todos os objetos de que fizer uso frequente.<\/p>\n<p>Se precisar sair do quarto, \u00e9 essencial que o infectado use m\u00e1scara e que os objetos tocados por ele sejam imediatamente higienizados, para evitar uma poss\u00edvel transmiss\u00e3o.<\/p>\n<p>Caso o banheiro seja de uso comum, a recomenda\u00e7\u00e3o \u00e9 de que a pessoa sob isolamento seja a \u00faltima a us\u00e1-lo e que, sempre ap\u00f3s o uso, higienize-o com \u00e1lcool 70% ou em todos os locais tocados.<\/p>\n<p>O ideal tamb\u00e9m \u00e9 que a pessoa infectada fa\u00e7a a limpeza do quarto em que esteja isolada, trocando a pr\u00f3pria roupa de cama, que deve ser colocada em saco pl\u00e1stico para ser lavada em separado. A mesma recomenda\u00e7\u00e3o \u00e9 v\u00e1lida para as roupas usadas.<\/p>\n<p>Em rela\u00e7\u00e3o \u00e0 alimenta\u00e7\u00e3o, o fornecimento deve ser feito de forma a evitar o contato com a pessoa isolada. Caso n\u00e3o seja poss\u00edvel, o infectado deve usar a m\u00e1scara descart\u00e1vel e respeitar a dist\u00e2ncia de 1,5 m. Lembrando que o doente n\u00e3o pode dividir talheres, copos ou pratos com outras pessoas.<\/p>\n<h3>CRIE UM AMBIENTE FAMILIAR SAUD\u00c1VEL NO ISOLAMENTO<\/h3>\n<p>Um dos maiores desafios do isolamento social neste momento de quarentena \u00e9 criar um ambiente domiciliar confort\u00e1vel, produtivo e estimulador para todas as pessoas reclusas.<\/p>\n<p>Cientes desse problema, diversos \u00f3rg\u00e3os e entidades t\u00eam dado conselhos e dicas de atividades, com o objetivo de minimizar os impactos negativos da quarentena na sa\u00fade psicol\u00f3gica das fam\u00edlias, com aten\u00e7\u00e3o principal \u00e0s crian\u00e7as.<\/p>\n<h3>INF\u00c2NCIA<\/h3>\n<p>Por meio de atividades e brincadeiras dom\u00e9sticas, o guia <a href=\"http:\/\/www.saci.ufscar.br\/data\/solicitacao\/41675_atividades_para_familiares_realizarem_com_os_filhos_em_casa._alegretti_figueiredo.pdf\" target=\"_blank\" rel=\"noopener noreferrer\">&#8220;Atividades para familiares realizarem com os filhos em casa&#8221;<\/a> \u00e9 uma op\u00e7\u00e3o para tornar o isolamento social favor\u00e1vel ao desenvolvimento f\u00edsico, cognitivo e emocional de beb\u00eas e crian\u00e7as e tamb\u00e9m saud\u00e1vel para a rela\u00e7\u00e3o entre familiares e filhos.<\/p>\n<p>Elaborado por pesquisadoras do Departamento de Terapia Ocupacional (DTO) da UFSCar (Universidade Federal de S\u00e3o Carlos) e da Universidade do Texas em San Antonio (EUA), o guia \u00e9 gratuito e oferece sugest\u00f5es de atividades, para crian\u00e7as de 0 a 5 anos, que podem realizadas em casa, sem a necessidade de brinquedos ou recursos espec\u00edficos.<\/p>\n<p>As pr\u00e1ticas propostas buscam favorecer a continuidade da estimula\u00e7\u00e3o e aprendizagem que as crian\u00e7as estavam recebendo na escola, assim como fortalecer o v\u00ednculo familiar e o entendimento sobre a atual conjuntura, a partir de brincadeiras, da alegria e do prazer.<\/p>\n<h4>ATIVIDADES<\/h4>\n<p>Entre as atividades propostas no guia, por exemplo, est\u00e1 a leitura de livros infantis junto com os filhos. Fora a cria\u00e7\u00e3o de v\u00ednculos, a pr\u00e1tica tem potencial de ensinar temas como: regras, limites, sentimentos, perdas, valores e cren\u00e7as, al\u00e9m de estimular a imagina\u00e7\u00e3o, o simbolismo e a criatividade.<\/p>\n<p>Al\u00e9m da leitura, a conta\u00e7\u00e3o de hist\u00f3rias pode levar a pr\u00e1ticas de desenho, recortes, colagem e encena\u00e7\u00e3o, favorecendo o desenvolvimento f\u00edsico, cognitivo e emocional das crian\u00e7as.<\/p>\n<p>Outra atividade sugerida, voltada para crian\u00e7as com idades entre 4 e 5 anos, \u00e9 a elabora\u00e7\u00e3o de um calend\u00e1rio manual. Ele ajuda na orienta\u00e7\u00e3o temporal e na organiza\u00e7\u00e3o da rotina durante o isolamento social.<\/p>\n<p>Para beb\u00eas de at\u00e9 um ano de idade, s\u00e3o indicados exerc\u00edcios voltados ao desenvolvimento neuropsicomotor. Atividades que envolvam a estimula\u00e7\u00e3o f\u00edsica e cognitiva, como incentivar o beb\u00ea a se movimentar na cama, mudar de posi\u00e7\u00e3o, entre outros, s\u00e3o algumas das pr\u00e1ticas recomendadas.<\/p>\n<h3>CONVIV\u00caNCIA FAMILIAR<\/h3>\n<p>Tamb\u00e9m preocupado com o isolamento social, o Minist\u00e9rio da Mulher, da Fam\u00edlia e dos Direitos Humanos, por meio da Secretaria Nacional da Fam\u00edlia, <a href=\"https:\/\/www.mdh.gov.br\/todas-as-noticias\/2020-2\/marco\/ministerio-divulga-dicas-para-aproveitar-a-quarentena-em-familia\" target=\"_blank\" rel=\"noopener noreferrer\">divulgou dicas<\/a> de como as fam\u00edlias brasileiras podem aproveitar o tempo durante a quarentena.<\/p>\n<p>Entre as recomenda\u00e7\u00f5es, est\u00e1 a organiza\u00e7\u00e3o do tempo no ambiente domiciliar. Mesmo em casa, \u00e9 recomendado que os hor\u00e1rios de trabalho, estudo e brincadeiras sejam bem definidos, para que a fam\u00edlia mantenha uma rotina saud\u00e1vel e organizada.<\/p>\n<p>Outra dica \u00e9 o desenvolvimento de atividades que possam realizar conjuntamente. Algumas op\u00e7\u00f5es s\u00e3o brincadeiras e jogos que todas as pessoas reclusas possam participar, ou atividades manuais, como desenho, pintura, costura e a divis\u00e3o da realiza\u00e7\u00e3o das tarefas dom\u00e9sticas. A pasta destaca, ainda, a import\u00e2ncia do di\u00e1logo no per\u00edodo.<\/p>\n","protected":false},"excerpt":{"rendered":"<p>DE OLHO NA SA\u00daDE MENTAL Mesmo necess\u00e1rio, o isolamento social tamb\u00e9m traz consequ\u00eancias negativas, principalmente \u00e0 sa\u00fade mental, como o aumento da press\u00e3o psicol\u00f3gica e do estresse em grande parte da popula\u00e7\u00e3o afetada, causados pelas incertezas quanto ao fim da pandemia e ao restabelecimento de uma rotina normal de vida. Para lidar com esse problema,&#8230;  <a class=\"excerpt-read-more\" href=\"https:\/\/www.saopaulo.sp.leg.br\/coronavirus\/isolamento-social\/\" title=\"Read O que fazer durante o isolamento social?\">Ler mais &raquo;<\/a><\/p>\n","protected":false},"author":630,"featured_media":0,"parent":0,"menu_order":0,"comment_status":"closed","ping_status":"closed","template":"page-simple.php","meta":{"_acf_changed":false,"footnotes":""},"class_list":["post-610","page","type-page","status-publish","hentry"],"acf":[],"yoast_head":"<!-- This site is optimized with the Yoast SEO plugin v27.3 - https:\/\/yoast.com\/product\/yoast-seo-wordpress\/ -->\n<title>O que fazer durante o isolamento social? - Coronav\u00edrus<\/title>\n<meta name=\"description\" content=\"Uma boa alternativa para esse per\u00edodo de isolamento social \u00e9 a realiza\u00e7\u00e3o de cursos e capacita\u00e7\u00f5es \u00e0 dist\u00e2ncia. Confira algumas op\u00e7\u00f5es gratuitas.\" \/>\n<meta name=\"robots\" content=\"index, follow, max-snippet:-1, max-image-preview:large, max-video-preview:-1\" \/>\n<link rel=\"canonical\" href=\"https:\/\/www.saopaulo.sp.leg.br\/coronavirus\/isolamento-social\/\" \/>\n<meta property=\"og:locale\" content=\"pt_BR\" \/>\n<meta property=\"og:type\" content=\"article\" \/>\n<meta property=\"og:title\" content=\"O que fazer durante o isolamento social? - Coronav\u00edrus\" \/>\n<meta property=\"og:description\" content=\"Uma boa alternativa para esse per\u00edodo de isolamento social \u00e9 a realiza\u00e7\u00e3o de cursos e capacita\u00e7\u00f5es \u00e0 dist\u00e2ncia. Confira algumas op\u00e7\u00f5es gratuitas.\" \/>\n<meta property=\"og:url\" content=\"https:\/\/www.saopaulo.sp.leg.br\/coronavirus\/isolamento-social\/\" \/>\n<meta property=\"og:site_name\" content=\"Coronav\u00edrus\" \/>\n<meta property=\"article:modified_time\" content=\"2021-02-08T20:08:20+00:00\" \/>\n<meta name=\"twitter:card\" content=\"summary_large_image\" \/>\n<meta name=\"twitter:label1\" content=\"Est. tempo de leitura\" \/>\n\t<meta name=\"twitter:data1\" content=\"13 minutos\" \/>\n<script type=\"application\/ld+json\" class=\"yoast-schema-graph\">{\"@context\":\"https:\\\/\\\/schema.org\",\"@graph\":[{\"@type\":\"WebPage\",\"@id\":\"https:\\\/\\\/www.saopaulo.sp.leg.br\\\/coronavirus\\\/isolamento-social\\\/\",\"url\":\"https:\\\/\\\/www.saopaulo.sp.leg.br\\\/coronavirus\\\/isolamento-social\\\/\",\"name\":\"O que fazer durante o isolamento social? - Coronav\u00edrus\",\"isPartOf\":{\"@id\":\"https:\\\/\\\/www.saopaulo.sp.leg.br\\\/coronavirus\\\/#website\"},\"datePublished\":\"2020-03-31T17:42:32+00:00\",\"dateModified\":\"2021-02-08T20:08:20+00:00\",\"description\":\"Uma boa alternativa para esse per\u00edodo de isolamento social \u00e9 a realiza\u00e7\u00e3o de cursos e capacita\u00e7\u00f5es \u00e0 dist\u00e2ncia. Confira algumas op\u00e7\u00f5es gratuitas.\",\"breadcrumb\":{\"@id\":\"https:\\\/\\\/www.saopaulo.sp.leg.br\\\/coronavirus\\\/isolamento-social\\\/#breadcrumb\"},\"inLanguage\":\"pt-BR\",\"potentialAction\":[{\"@type\":\"ReadAction\",\"target\":[\"https:\\\/\\\/www.saopaulo.sp.leg.br\\\/coronavirus\\\/isolamento-social\\\/\"]}]},{\"@type\":\"BreadcrumbList\",\"@id\":\"https:\\\/\\\/www.saopaulo.sp.leg.br\\\/coronavirus\\\/isolamento-social\\\/#breadcrumb\",\"itemListElement\":[{\"@type\":\"ListItem\",\"position\":1,\"name\":\"In\u00edcio\",\"item\":\"https:\\\/\\\/www.saopaulo.sp.leg.br\\\/coronavirus\\\/\"},{\"@type\":\"ListItem\",\"position\":2,\"name\":\"O que fazer durante o isolamento social?\"}]},{\"@type\":\"WebSite\",\"@id\":\"https:\\\/\\\/www.saopaulo.sp.leg.br\\\/coronavirus\\\/#website\",\"url\":\"https:\\\/\\\/www.saopaulo.sp.leg.br\\\/coronavirus\\\/\",\"name\":\"Coronav\u00edrus\",\"description\":\"Informa\u00e7\u00e3o no combate ao COVID-19\",\"potentialAction\":[{\"@type\":\"SearchAction\",\"target\":{\"@type\":\"EntryPoint\",\"urlTemplate\":\"https:\\\/\\\/www.saopaulo.sp.leg.br\\\/coronavirus\\\/?s={search_term_string}\"},\"query-input\":{\"@type\":\"PropertyValueSpecification\",\"valueRequired\":true,\"valueName\":\"search_term_string\"}}],\"inLanguage\":\"pt-BR\"}]}<\/script>\n<!-- \/ Yoast SEO plugin. -->","yoast_head_json":{"title":"O que fazer durante o isolamento social? - Coronav\u00edrus","description":"Uma boa alternativa para esse per\u00edodo de isolamento social \u00e9 a realiza\u00e7\u00e3o de cursos e capacita\u00e7\u00f5es \u00e0 dist\u00e2ncia. Confira algumas op\u00e7\u00f5es gratuitas.","robots":{"index":"index","follow":"follow","max-snippet":"max-snippet:-1","max-image-preview":"max-image-preview:large","max-video-preview":"max-video-preview:-1"},"canonical":"https:\/\/www.saopaulo.sp.leg.br\/coronavirus\/isolamento-social\/","og_locale":"pt_BR","og_type":"article","og_title":"O que fazer durante o isolamento social? - Coronav\u00edrus","og_description":"Uma boa alternativa para esse per\u00edodo de isolamento social \u00e9 a realiza\u00e7\u00e3o de cursos e capacita\u00e7\u00f5es \u00e0 dist\u00e2ncia. Confira algumas op\u00e7\u00f5es gratuitas.","og_url":"https:\/\/www.saopaulo.sp.leg.br\/coronavirus\/isolamento-social\/","og_site_name":"Coronav\u00edrus","article_modified_time":"2021-02-08T20:08:20+00:00","twitter_card":"summary_large_image","twitter_misc":{"Est. tempo de leitura":"13 minutos"},"schema":{"@context":"https:\/\/schema.org","@graph":[{"@type":"WebPage","@id":"https:\/\/www.saopaulo.sp.leg.br\/coronavirus\/isolamento-social\/","url":"https:\/\/www.saopaulo.sp.leg.br\/coronavirus\/isolamento-social\/","name":"O que fazer durante o isolamento social? - Coronav\u00edrus","isPartOf":{"@id":"https:\/\/www.saopaulo.sp.leg.br\/coronavirus\/#website"},"datePublished":"2020-03-31T17:42:32+00:00","dateModified":"2021-02-08T20:08:20+00:00","description":"Uma boa alternativa para esse per\u00edodo de isolamento social \u00e9 a realiza\u00e7\u00e3o de cursos e capacita\u00e7\u00f5es \u00e0 dist\u00e2ncia. Confira algumas op\u00e7\u00f5es gratuitas.","breadcrumb":{"@id":"https:\/\/www.saopaulo.sp.leg.br\/coronavirus\/isolamento-social\/#breadcrumb"},"inLanguage":"pt-BR","potentialAction":[{"@type":"ReadAction","target":["https:\/\/www.saopaulo.sp.leg.br\/coronavirus\/isolamento-social\/"]}]},{"@type":"BreadcrumbList","@id":"https:\/\/www.saopaulo.sp.leg.br\/coronavirus\/isolamento-social\/#breadcrumb","itemListElement":[{"@type":"ListItem","position":1,"name":"In\u00edcio","item":"https:\/\/www.saopaulo.sp.leg.br\/coronavirus\/"},{"@type":"ListItem","position":2,"name":"O que fazer durante o isolamento social?"}]},{"@type":"WebSite","@id":"https:\/\/www.saopaulo.sp.leg.br\/coronavirus\/#website","url":"https:\/\/www.saopaulo.sp.leg.br\/coronavirus\/","name":"Coronav\u00edrus","description":"Informa\u00e7\u00e3o no combate ao COVID-19","potentialAction":[{"@type":"SearchAction","target":{"@type":"EntryPoint","urlTemplate":"https:\/\/www.saopaulo.sp.leg.br\/coronavirus\/?s={search_term_string}"},"query-input":{"@type":"PropertyValueSpecification","valueRequired":true,"valueName":"search_term_string"}}],"inLanguage":"pt-BR"}]}},"_links":{"self":[{"href":"https:\/\/www.saopaulo.sp.leg.br\/coronavirus\/wp-json\/wp\/v2\/pages\/610","targetHints":{"allow":["GET"]}}],"collection":[{"href":"https:\/\/www.saopaulo.sp.leg.br\/coronavirus\/wp-json\/wp\/v2\/pages"}],"about":[{"href":"https:\/\/www.saopaulo.sp.leg.br\/coronavirus\/wp-json\/wp\/v2\/types\/page"}],"author":[{"embeddable":true,"href":"https:\/\/www.saopaulo.sp.leg.br\/coronavirus\/wp-json\/wp\/v2\/users\/630"}],"replies":[{"embeddable":true,"href":"https:\/\/www.saopaulo.sp.leg.br\/coronavirus\/wp-json\/wp\/v2\/comments?post=610"}],"version-history":[{"count":0,"href":"https:\/\/www.saopaulo.sp.leg.br\/coronavirus\/wp-json\/wp\/v2\/pages\/610\/revisions"}],"wp:attachment":[{"href":"https:\/\/www.saopaulo.sp.leg.br\/coronavirus\/wp-json\/wp\/v2\/media?parent=610"}],"curies":[{"name":"wp","href":"https:\/\/api.w.org\/{rel}","templated":true}]}}