{"id":608,"date":"2020-03-31T14:41:40","date_gmt":"2020-03-31T17:41:40","guid":{"rendered":"http:\/\/www.saopaulo.sp.leg.br\/coronavirus\/?page_id=608"},"modified":"2022-03-16T14:09:51","modified_gmt":"2022-03-16T17:09:51","slug":"covid-19","status":"publish","type":"page","link":"https:\/\/www.saopaulo.sp.leg.br\/coronavirus\/covid-19\/","title":{"rendered":"Principais sintomas causados pela Covid-19"},"content":{"rendered":"<h2>CORONAV\u00cdRUS<\/h2>\n<p>O coronav\u00edrus \u00e9 uma fam\u00edlia de v\u00edrus, conhecida desde meados dos anos 1960, que causa infec\u00e7\u00f5es respirat\u00f3rias em seres humanos e em animais. A doen\u00e7a provocada pelo novo coronav\u00edrus, conhecida como Covid-19 (Coronav\u00edrus disease 2019), foi descoberta em dezembro de 2019, inicialmente na China. Depois se alastrou por pa\u00edses da Europa, Reino Unido e Am\u00e9ricas. Aqui no Brasil, o primeiro caso de Covid-19 foi registrado no final de fevereiro de 2020. Acompanhe mais informa\u00e7\u00f5es sobre o tema na \u00e1rea de\u00a0<a href=\"https:\/\/www.saopaulo.sp.leg.br\/coronavirus\/noticias\/\" target=\"_blank\" rel=\"noopener\" data-saferedirecturl=\"https:\/\/www.google.com\/url?q=https:\/\/www.saopaulo.sp.leg.br\/coronavirus\/noticias\/&amp;source=gmail&amp;ust=1647367367442000&amp;usg=AOvVaw3iwvMe-iYpt87Uu8U6IUUU\">Not\u00edcias<\/a>\u00a0e no\u00a0<a href=\"https:\/\/www.saopaulo.sp.leg.br\/coronavirus\/blog\" target=\"_blank\" rel=\"noopener\" data-saferedirecturl=\"https:\/\/www.google.com\/url?q=https:\/\/www.saopaulo.sp.leg.br\/coronavirus\/blog&amp;source=gmail&amp;ust=1647367367442000&amp;usg=AOvVaw270Eygh_NmXd3XmL4RmPo2\">Blog<\/a> em nosso hotsite.<\/p>\n<div class=\"box\">\n<div>\n<h3 style=\"margin: 0\">SARS e MERS<\/h3>\n<p>Outro coronav\u00edrus que tamb\u00e9m se disseminou rapidamente foi o causador da SARS <em>(\u201cSevere Acute Respiratory Syndrome\u201d)<\/em>. Os primeiros relatos da doen\u00e7a, que se espalhou por mais de 12 pa\u00edses na Am\u00e9rica do Norte, Am\u00e9rica do Sul e \u00c1sia, tamb\u00e9m aconteceram na China em 2002. Mais de 8 mil pessoas foram infectadas, cerca de 800 morreram e a epidemia s\u00f3 foi controlada em 2003.<\/p>\n<p>Dez anos depois, outro novo coronav\u00edrus foi identificado. Desta vez, os casos surgiram na Ar\u00e1bia Saudita e depois se disseminaram por pa\u00edses do Oriente M\u00e9dio, Europa e \u00c1frica. Todos os casos identificados fora da Pen\u00ednsula Ar\u00e1bica tinham hist\u00f3rico de viagem ou contato recente com viajantes procedentes de pa\u00edses do Oriente M\u00e9dio \u2013 Ar\u00e1bia Saudita, Catar, Emirados \u00c1rabes e Jord\u00e2nia. Por conta da localiza\u00e7\u00e3o, a doen\u00e7a passou a ser chamada de s\u00edndrome respirat\u00f3ria do Oriente M\u00e9dio, cuja sigla em ingl\u00eas \u00e9 MERS <em>(\u201cMiddle East Respiratory Syndrome\u201d)<\/em>.<\/p>\n<\/div>\n<\/div>\n<h2>SINTOMAS E TRANSMISS\u00c3O<\/h2>\n<p>Na maior parte dos infectados, a doen\u00e7a se assemelha a uma gripe. Mas alguns casos podem ser mais graves, principalmente em idosos e portadores de outras doen\u00e7as. Nessas pessoas pode ocorrer a s\u00edndrome respirat\u00f3ria aguda e outras complica\u00e7\u00f5es, podendo levar \u00e0 morte. Alguns dos sintomas s\u00e3o: febre, calafrios, dor de garganta, dor de cabe\u00e7a, tosse, coriza, falta de ar, dist\u00farbios olfativos ou dist\u00farbios gustativos. Em crian\u00e7as, al\u00e9m dos sintomas citados, a obstru\u00e7\u00e3o nasal tamb\u00e9m pode aparecer. H\u00e1 tamb\u00e9m pessoas assintom\u00e1ticas, que embora n\u00e3o tenham sinais, transmitem a doen\u00e7a.<\/p>\n<p>O diagn\u00f3stico do coronav\u00edrus \u00e9 feito com a coleta de materiais respirat\u00f3rios (aspira\u00e7\u00e3o de vias a\u00e9reas ou indu\u00e7\u00e3o de escarro), com exames de imagem como tomografias ou por crit\u00e9rio cl\u00ednico ap\u00f3s avalia\u00e7\u00e3o m\u00e9dica.<\/p>\n<p>A dissemina\u00e7\u00e3o acontece de pessoa para pessoa. As formas mais comuns de transmiss\u00e3o do coronav\u00edrus ocorrem pelo ar ou por contato pessoal com secre\u00e7\u00f5es contaminadas, por meio de got\u00edculas de saliva, espirro, tosse, catarro, e o contato pessoal pr\u00f3ximo, como toque ou aperto de m\u00e3o. A transmiss\u00e3o tamb\u00e9m pode ocorrer pelo contato com objetos ou superf\u00edcies contaminadas, seguido de contato com a boca, nariz ou olhos.<\/p>\n<p>O per\u00edodo de incuba\u00e7\u00e3o, ou seja, o tempo que leva para os primeiros sintomas aparecerem desde a\u00a0<a href=\"https:\/\/www.gov.br\/saude\/pt-br\/coronavirus\/como-e-transmitido\" target=\"_blank\" rel=\"noopener\" data-saferedirecturl=\"https:\/\/www.google.com\/url?q=https:\/\/www.gov.br\/saude\/pt-br\/coronavirus\/como-e-transmitido&amp;source=gmail&amp;ust=1647367367442000&amp;usg=AOvVaw3DF1WViFNbDv7feSgCFJLq\">infec\u00e7\u00e3o \u00e9 estimado entre 1 e 14 dias, com mediana de 5 a 6 dias<\/a>, de acordo com o Minist\u00e9rio da Sa\u00fade.\u00a0Com r\u00e1pida velocidade de transmiss\u00e3o, a variante \u00d4micron tem o per\u00edodo de incuba\u00e7\u00e3o estimado entre 2 a 3 dias, em m\u00e9dia, segundo um\u00a0<a href=\"https:\/\/www.cdc.gov\/mmwr\/volumes\/70\/wr\/mm705152e3.htm\" target=\"_blank\" rel=\"noopener\" data-saferedirecturl=\"https:\/\/www.google.com\/url?q=https:\/\/www.cdc.gov\/mmwr\/volumes\/70\/wr\/mm705152e3.htm&amp;source=gmail&amp;ust=1647367367442000&amp;usg=AOvVaw2aIsmJCP374F_docU969nC\">estudo americano<\/a>.<\/p>\n<h2>DIAGN\u00d3STICO<\/h2>\n<p>De acordo com o\u00a0<a href=\"https:\/\/www.gov.br\/saude\/pt-br\/coronavirus\/diagnostico\" target=\"_blank\" rel=\"noopener\" data-saferedirecturl=\"https:\/\/www.google.com\/url?q=https:\/\/www.gov.br\/saude\/pt-br\/coronavirus\/diagnostico&amp;source=gmail&amp;ust=1647367367442000&amp;usg=AOvVaw3mz_9rfwNuRtORGfDQYzNT\">Minist\u00e9rio da Sa\u00fade<\/a>, al\u00e9m dos exames de imagem, o diagn\u00f3stico laboratorial pode ser realizado da seguinte maneira:<\/p>\n<p><strong>Biologia molecular:<\/strong> permite identificar a presen\u00e7a do material gen\u00e9tico (RNA) do material gen\u00e9tico (RNA) do v\u00edrus SARS-CoV-2 em amostras de secre\u00e7\u00e3o respirat\u00f3ria, por meio das metodologias de RT-PCR em tempo real (RT-qPCR) e amplifica\u00e7\u00e3o isot\u00e9rmica mediada por loop com transcriptase reversa (reverse transcriptase loop-mediated isothermal amplification, RT-LAMP).<\/p>\n<p><strong>Sorologia:<\/strong> detecta anticorpos IgM, IgA e\/ou IgG produzidos pela resposta imunol\u00f3gica do indiv\u00edduo em rela\u00e7\u00e3o ao v\u00edrus SARS-CoV-2, podendo diagnosticar doen\u00e7a ativa ou pregressa. As principais metodologias s\u00e3o: Ensaio Imunoenzim\u00e1tico (Enzyme-Linked Immunosorbent Assay \u2013 Elisa), Imunoensaio por Quimioluminesc\u00eancia (Clia) e Imunoensaio por Eletroquimioluminesc\u00eancia (Eclia).<\/p>\n<p><strong>Testes r\u00e1pidos:<\/strong> Est\u00e3o dispon\u00edveis dois tipos de testes r\u00e1pidos, de ant\u00edgeno e de anticorpo, por meio da metodologia de imunocromatografia. O teste r\u00e1pido de ant\u00edgeno detecta prote\u00edna do v\u00edrus em amostras coletadas de naso\/orofaringe, devendo ser realizado na infec\u00e7\u00e3o ativa (fase aguda) e o teste r\u00e1pido de anticorpos detecta IgM e IgG (fase convalescente), em amostras de sangue total, soro ou plasma.<\/p>\n<h2>TRATAMENTO<\/h2>\n<p>Atualmente, o tratamento da Covid-19 \u00e9 feito depois da avalia\u00e7\u00e3o m\u00e9dica e com base nos sintomas apresentados. \u00c9 importante seguir as orienta\u00e7\u00f5es m\u00e9dicas espec\u00edficas para cada caso e retornar ao atendimento m\u00e9dico em caso de piora.<\/p>\n<p><strong>Fontes:<\/strong><br \/>\n<em>Minist\u00e9rio da Sa\u00fade<br \/>\nCenters of Disease Control and Prevention<\/em><\/p>\n","protected":false},"excerpt":{"rendered":"<p>CORONAV\u00cdRUS O coronav\u00edrus \u00e9 uma fam\u00edlia de v\u00edrus, conhecida desde meados dos anos 1960, que causa infec\u00e7\u00f5es respirat\u00f3rias em seres humanos e em animais. A doen\u00e7a provocada pelo novo coronav\u00edrus, conhecida como Covid-19 (Coronav\u00edrus disease 2019), foi descoberta em dezembro de 2019, inicialmente na China. Depois se alastrou por pa\u00edses da Europa, Reino Unido e&#8230;  <a class=\"excerpt-read-more\" href=\"https:\/\/www.saopaulo.sp.leg.br\/coronavirus\/covid-19\/\" title=\"Read Principais sintomas causados pela Covid-19\">Ler mais &raquo;<\/a><\/p>\n","protected":false},"author":630,"featured_media":0,"parent":0,"menu_order":0,"comment_status":"closed","ping_status":"closed","template":"page-simple.php","meta":{"_acf_changed":false,"footnotes":""},"class_list":["post-608","page","type-page","status-publish","hentry"],"acf":[],"yoast_head":"<!-- This site is optimized with the Yoast SEO plugin v27.3 - https:\/\/yoast.com\/product\/yoast-seo-wordpress\/ -->\n<title>Principais sintomas causados pela Covid-19<\/title>\n<meta name=\"description\" content=\"Para a maioria dos portadores, a doen\u00e7a desencadeada pelo Covid-19 se assemelha a uma gripe. Mas alguns casos podem ser mais graves,\" \/>\n<meta name=\"robots\" content=\"index, follow, max-snippet:-1, max-image-preview:large, max-video-preview:-1\" \/>\n<link rel=\"canonical\" href=\"https:\/\/www.saopaulo.sp.leg.br\/coronavirus\/covid-19\/\" \/>\n<meta property=\"og:locale\" content=\"pt_BR\" \/>\n<meta property=\"og:type\" content=\"article\" \/>\n<meta property=\"og:title\" content=\"Principais sintomas causados pela Covid-19\" \/>\n<meta property=\"og:description\" content=\"Para a maioria dos portadores, a doen\u00e7a desencadeada pelo Covid-19 se assemelha a uma gripe. Mas alguns casos podem ser mais graves,\" \/>\n<meta property=\"og:url\" content=\"https:\/\/www.saopaulo.sp.leg.br\/coronavirus\/covid-19\/\" \/>\n<meta property=\"og:site_name\" content=\"Coronav\u00edrus\" \/>\n<meta property=\"article:modified_time\" content=\"2022-03-16T17:09:51+00:00\" \/>\n<meta name=\"twitter:card\" content=\"summary_large_image\" \/>\n<meta name=\"twitter:label1\" content=\"Est. tempo de leitura\" \/>\n\t<meta name=\"twitter:data1\" content=\"4 minutos\" \/>\n<script type=\"application\/ld+json\" class=\"yoast-schema-graph\">{\"@context\":\"https:\\\/\\\/schema.org\",\"@graph\":[{\"@type\":\"WebPage\",\"@id\":\"https:\\\/\\\/www.saopaulo.sp.leg.br\\\/coronavirus\\\/covid-19\\\/\",\"url\":\"https:\\\/\\\/www.saopaulo.sp.leg.br\\\/coronavirus\\\/covid-19\\\/\",\"name\":\"Principais sintomas causados pela Covid-19\",\"isPartOf\":{\"@id\":\"https:\\\/\\\/www.saopaulo.sp.leg.br\\\/coronavirus\\\/#website\"},\"datePublished\":\"2020-03-31T17:41:40+00:00\",\"dateModified\":\"2022-03-16T17:09:51+00:00\",\"description\":\"Para a maioria dos portadores, a doen\u00e7a desencadeada pelo Covid-19 se assemelha a uma gripe. Mas alguns casos podem ser mais graves,\",\"breadcrumb\":{\"@id\":\"https:\\\/\\\/www.saopaulo.sp.leg.br\\\/coronavirus\\\/covid-19\\\/#breadcrumb\"},\"inLanguage\":\"pt-BR\",\"potentialAction\":[{\"@type\":\"ReadAction\",\"target\":[\"https:\\\/\\\/www.saopaulo.sp.leg.br\\\/coronavirus\\\/covid-19\\\/\"]}]},{\"@type\":\"BreadcrumbList\",\"@id\":\"https:\\\/\\\/www.saopaulo.sp.leg.br\\\/coronavirus\\\/covid-19\\\/#breadcrumb\",\"itemListElement\":[{\"@type\":\"ListItem\",\"position\":1,\"name\":\"In\u00edcio\",\"item\":\"https:\\\/\\\/www.saopaulo.sp.leg.br\\\/coronavirus\\\/\"},{\"@type\":\"ListItem\",\"position\":2,\"name\":\"Principais sintomas causados pela Covid-19\"}]},{\"@type\":\"WebSite\",\"@id\":\"https:\\\/\\\/www.saopaulo.sp.leg.br\\\/coronavirus\\\/#website\",\"url\":\"https:\\\/\\\/www.saopaulo.sp.leg.br\\\/coronavirus\\\/\",\"name\":\"Coronav\u00edrus\",\"description\":\"Informa\u00e7\u00e3o no combate ao COVID-19\",\"potentialAction\":[{\"@type\":\"SearchAction\",\"target\":{\"@type\":\"EntryPoint\",\"urlTemplate\":\"https:\\\/\\\/www.saopaulo.sp.leg.br\\\/coronavirus\\\/?s={search_term_string}\"},\"query-input\":{\"@type\":\"PropertyValueSpecification\",\"valueRequired\":true,\"valueName\":\"search_term_string\"}}],\"inLanguage\":\"pt-BR\"}]}<\/script>\n<!-- \/ Yoast SEO plugin. -->","yoast_head_json":{"title":"Principais sintomas causados pela Covid-19","description":"Para a maioria dos portadores, a doen\u00e7a desencadeada pelo Covid-19 se assemelha a uma gripe. Mas alguns casos podem ser mais graves,","robots":{"index":"index","follow":"follow","max-snippet":"max-snippet:-1","max-image-preview":"max-image-preview:large","max-video-preview":"max-video-preview:-1"},"canonical":"https:\/\/www.saopaulo.sp.leg.br\/coronavirus\/covid-19\/","og_locale":"pt_BR","og_type":"article","og_title":"Principais sintomas causados pela Covid-19","og_description":"Para a maioria dos portadores, a doen\u00e7a desencadeada pelo Covid-19 se assemelha a uma gripe. Mas alguns casos podem ser mais graves,","og_url":"https:\/\/www.saopaulo.sp.leg.br\/coronavirus\/covid-19\/","og_site_name":"Coronav\u00edrus","article_modified_time":"2022-03-16T17:09:51+00:00","twitter_card":"summary_large_image","twitter_misc":{"Est. tempo de leitura":"4 minutos"},"schema":{"@context":"https:\/\/schema.org","@graph":[{"@type":"WebPage","@id":"https:\/\/www.saopaulo.sp.leg.br\/coronavirus\/covid-19\/","url":"https:\/\/www.saopaulo.sp.leg.br\/coronavirus\/covid-19\/","name":"Principais sintomas causados pela Covid-19","isPartOf":{"@id":"https:\/\/www.saopaulo.sp.leg.br\/coronavirus\/#website"},"datePublished":"2020-03-31T17:41:40+00:00","dateModified":"2022-03-16T17:09:51+00:00","description":"Para a maioria dos portadores, a doen\u00e7a desencadeada pelo Covid-19 se assemelha a uma gripe. Mas alguns casos podem ser mais graves,","breadcrumb":{"@id":"https:\/\/www.saopaulo.sp.leg.br\/coronavirus\/covid-19\/#breadcrumb"},"inLanguage":"pt-BR","potentialAction":[{"@type":"ReadAction","target":["https:\/\/www.saopaulo.sp.leg.br\/coronavirus\/covid-19\/"]}]},{"@type":"BreadcrumbList","@id":"https:\/\/www.saopaulo.sp.leg.br\/coronavirus\/covid-19\/#breadcrumb","itemListElement":[{"@type":"ListItem","position":1,"name":"In\u00edcio","item":"https:\/\/www.saopaulo.sp.leg.br\/coronavirus\/"},{"@type":"ListItem","position":2,"name":"Principais sintomas causados pela Covid-19"}]},{"@type":"WebSite","@id":"https:\/\/www.saopaulo.sp.leg.br\/coronavirus\/#website","url":"https:\/\/www.saopaulo.sp.leg.br\/coronavirus\/","name":"Coronav\u00edrus","description":"Informa\u00e7\u00e3o no combate ao COVID-19","potentialAction":[{"@type":"SearchAction","target":{"@type":"EntryPoint","urlTemplate":"https:\/\/www.saopaulo.sp.leg.br\/coronavirus\/?s={search_term_string}"},"query-input":{"@type":"PropertyValueSpecification","valueRequired":true,"valueName":"search_term_string"}}],"inLanguage":"pt-BR"}]}},"_links":{"self":[{"href":"https:\/\/www.saopaulo.sp.leg.br\/coronavirus\/wp-json\/wp\/v2\/pages\/608","targetHints":{"allow":["GET"]}}],"collection":[{"href":"https:\/\/www.saopaulo.sp.leg.br\/coronavirus\/wp-json\/wp\/v2\/pages"}],"about":[{"href":"https:\/\/www.saopaulo.sp.leg.br\/coronavirus\/wp-json\/wp\/v2\/types\/page"}],"author":[{"embeddable":true,"href":"https:\/\/www.saopaulo.sp.leg.br\/coronavirus\/wp-json\/wp\/v2\/users\/630"}],"replies":[{"embeddable":true,"href":"https:\/\/www.saopaulo.sp.leg.br\/coronavirus\/wp-json\/wp\/v2\/comments?post=608"}],"version-history":[{"count":0,"href":"https:\/\/www.saopaulo.sp.leg.br\/coronavirus\/wp-json\/wp\/v2\/pages\/608\/revisions"}],"wp:attachment":[{"href":"https:\/\/www.saopaulo.sp.leg.br\/coronavirus\/wp-json\/wp\/v2\/media?parent=608"}],"curies":[{"name":"wp","href":"https:\/\/api.w.org\/{rel}","templated":true}]}}