{"id":600,"date":"2020-03-30T10:01:52","date_gmt":"2020-03-30T13:01:52","guid":{"rendered":"http:\/\/www.saopaulo.sp.leg.br\/coronavirus\/?page_id=600"},"modified":"2022-03-03T13:55:38","modified_gmt":"2022-03-03T16:55:38","slug":"preciso-sair-de-casa-devo-usar-mascara-qual-a-maneira-correta","status":"publish","type":"page","link":"https:\/\/www.saopaulo.sp.leg.br\/coronavirus\/duvidas\/preciso-sair-de-casa-devo-usar-mascara-qual-a-maneira-correta\/","title":{"rendered":"Preciso sair de casa. Devo usar m\u00e1scara? Qual a maneira correta?"},"content":{"rendered":"<p>A OMS (Organiza\u00e7\u00e3o Mundial da Sa\u00fade) faz algumas recomenda\u00e7\u00f5es para o uso racional de m\u00e1scaras. As m\u00e1scaras cir\u00fargicas ou a N95, segundo a OMS, devem ser utilizadas apenas por profissionais da sa\u00fade ou por quem estiver cuidando de algu\u00e9m com suspeita de coronav\u00edrus.<\/p>\n<p>Em seu guia t\u00e9cnico provis\u00f3rio intitulado<a href=\"https:\/\/iris.paho.org\/bitstream\/handle\/10665.2\/53101\/OPASWBRAPHECOVID-1920162_por.pdf?sequence=1&amp;isAllowed=y\" target=\"_blank\" rel=\"noopener\"> \u201cOrienta\u00e7\u00e3o sobre o uso de m\u00e1scaras no contexto da Covid-19\u201d<\/a>, a OMS lembra que o uso de m\u00e1scaras caseiras por pessoas saud\u00e1veis n\u00e3o tem comprova\u00e7\u00e3o cient\u00edfica de que possa impedir a infec\u00e7\u00e3o de v\u00edrus respirat\u00f3rios, como o novo coronav\u00edrus.<\/p>\n<p>No entanto, o \u00f3rg\u00e3o ressalta que seu uso tem car\u00e1ter preventivo no per\u00edodo pr\u00e9-sintom\u00e1tico. Entre os riscos potenciais est\u00e3o a auto-contamina\u00e7\u00e3o, que pode ocorrer quando a pessoa toca e reutiliza uma m\u00e1scara contaminada; poss\u00edveis dificuldades respirat\u00f3rias; falsa sensa\u00e7\u00e3o de seguran\u00e7a, levando a uma poss\u00edvel menor ades\u00e3o a outras medidas preventivas, como distanciamento f\u00edsico e higiene das m\u00e3os; entre outros.<\/p>\n<p><strong>MANUSEIO CORRETO<\/strong><\/p>\n<p>Para qualquer tipo de m\u00e1scara, o uso e descarte apropriado s\u00e3o fundamentais para garantir sua efetividade, e evitar qualquer aumento na transmiss\u00e3o. As informa\u00e7\u00f5es a seguir sobre o uso correto de m\u00e1scaras s\u00e3o adotadas normalmente em servi\u00e7os de sa\u00fade:<\/p>\n<p>\u2022 Coloque a m\u00e1scara cuidadosamente, certificando-se de que ela cubra a boca e o nariz, e amarre-a firmemente para minimizar qualquer folga entre o rosto e a m\u00e1scara.<\/p>\n<p>\u2022 Evite toc\u00e1-la, quando estiver usando.<\/p>\n<p>\u2022 Retire a m\u00e1scara usando a t\u00e9cnica apropriada: n\u00e3o toque a parte da frente da m\u00e1scara, desamarre-a na parte de tr\u00e1s.<\/p>\n<p>\u2022 Ap\u00f3s a remo\u00e7\u00e3o ou toda vez que uma m\u00e1scara for tocada inadvertidamente, limpe as m\u00e3os usando \u00e1lcool gel ou \u00e1gua e sab\u00e3o se as m\u00e3os estiverem visivelmente sujas.<\/p>\n<p>\u2022 Troque a m\u00e1scara assim que ficar \u00famida por uma m\u00e1scara limpa e seca.<\/p>\n<p>\u2022 Descarte as m\u00e1scaras de uso \u00fanico ap\u00f3s a utiliza\u00e7\u00e3o, e jogue-as fora imediatamente ap\u00f3s remov\u00ea-las.<\/p>\n<p>\u2022 No caso das m\u00e1scaras caseiras, para higienizar, use sab\u00e3o ou \u00e1gua sanit\u00e1ria deixando de molho por cerca de 20 minutos.<\/p>\n<p><a class=\"botao\" style=\"margin-top: 40px\" href=\"http:\/\/www.saopaulo.sp.leg.br\/coronavirus\/duvidas\/\">Todas as d\u00favidas<\/a><\/p>\n","protected":false},"excerpt":{"rendered":"<p>A OMS (Organiza\u00e7\u00e3o Mundial da Sa\u00fade) faz algumas recomenda\u00e7\u00f5es para o uso racional de m\u00e1scaras. As m\u00e1scaras cir\u00fargicas ou a N95, segundo a OMS, devem ser utilizadas apenas por profissionais da sa\u00fade ou por quem estiver cuidando de algu\u00e9m com suspeita de coronav\u00edrus. Em seu guia t\u00e9cnico provis\u00f3rio intitulado \u201cOrienta\u00e7\u00e3o sobre o uso de m\u00e1scaras&#8230;  <a class=\"excerpt-read-more\" href=\"https:\/\/www.saopaulo.sp.leg.br\/coronavirus\/duvidas\/preciso-sair-de-casa-devo-usar-mascara-qual-a-maneira-correta\/\" title=\"Read Preciso sair de casa. Devo usar m\u00e1scara? Qual a maneira correta?\">Ler mais &raquo;<\/a><\/p>\n","protected":false},"author":630,"featured_media":0,"parent":454,"menu_order":0,"comment_status":"closed","ping_status":"closed","template":"page-simple.php","meta":{"_acf_changed":false,"footnotes":""},"class_list":["post-600","page","type-page","status-publish","hentry"],"acf":[],"yoast_head":"<!-- This site is optimized with the Yoast SEO plugin v27.3 - https:\/\/yoast.com\/product\/yoast-seo-wordpress\/ -->\n<title>Preciso sair de casa. Devo usar m\u00e1scara? Qual a maneira correta?<\/title>\n<meta name=\"description\" content=\"De acordo com as orienta\u00e7\u00f5es da OMS, pessoas saud\u00e1veis que n\u00e3o apresentam sintomas \u2013 febre, tosse ou espirros \u2013 n\u00e3o precisam us\u00e1-las.\" \/>\n<meta name=\"robots\" content=\"index, follow, max-snippet:-1, max-image-preview:large, max-video-preview:-1\" \/>\n<link rel=\"canonical\" href=\"https:\/\/www.saopaulo.sp.leg.br\/coronavirus\/duvidas\/preciso-sair-de-casa-devo-usar-mascara-qual-a-maneira-correta\/\" \/>\n<meta property=\"og:locale\" content=\"pt_BR\" \/>\n<meta property=\"og:type\" content=\"article\" \/>\n<meta property=\"og:title\" content=\"Preciso sair de casa. Devo usar m\u00e1scara? Qual a maneira correta?\" \/>\n<meta property=\"og:description\" content=\"De acordo com as orienta\u00e7\u00f5es da OMS, pessoas saud\u00e1veis que n\u00e3o apresentam sintomas \u2013 febre, tosse ou espirros \u2013 n\u00e3o precisam us\u00e1-las.\" \/>\n<meta property=\"og:url\" content=\"https:\/\/www.saopaulo.sp.leg.br\/coronavirus\/duvidas\/preciso-sair-de-casa-devo-usar-mascara-qual-a-maneira-correta\/\" \/>\n<meta property=\"og:site_name\" content=\"Coronav\u00edrus\" \/>\n<meta property=\"article:modified_time\" content=\"2022-03-03T16:55:38+00:00\" \/>\n<meta name=\"twitter:card\" content=\"summary_large_image\" \/>\n<meta name=\"twitter:label1\" content=\"Est. tempo de leitura\" \/>\n\t<meta name=\"twitter:data1\" content=\"2 minutos\" \/>\n<script type=\"application\/ld+json\" class=\"yoast-schema-graph\">{\"@context\":\"https:\\\/\\\/schema.org\",\"@graph\":[{\"@type\":\"WebPage\",\"@id\":\"https:\\\/\\\/www.saopaulo.sp.leg.br\\\/coronavirus\\\/duvidas\\\/preciso-sair-de-casa-devo-usar-mascara-qual-a-maneira-correta\\\/\",\"url\":\"https:\\\/\\\/www.saopaulo.sp.leg.br\\\/coronavirus\\\/duvidas\\\/preciso-sair-de-casa-devo-usar-mascara-qual-a-maneira-correta\\\/\",\"name\":\"Preciso sair de casa. Devo usar m\u00e1scara? Qual a maneira correta?\",\"isPartOf\":{\"@id\":\"https:\\\/\\\/www.saopaulo.sp.leg.br\\\/coronavirus\\\/#website\"},\"datePublished\":\"2020-03-30T13:01:52+00:00\",\"dateModified\":\"2022-03-03T16:55:38+00:00\",\"description\":\"De acordo com as orienta\u00e7\u00f5es da OMS, pessoas saud\u00e1veis que n\u00e3o apresentam sintomas \u2013 febre, tosse ou espirros \u2013 n\u00e3o precisam us\u00e1-las.\",\"breadcrumb\":{\"@id\":\"https:\\\/\\\/www.saopaulo.sp.leg.br\\\/coronavirus\\\/duvidas\\\/preciso-sair-de-casa-devo-usar-mascara-qual-a-maneira-correta\\\/#breadcrumb\"},\"inLanguage\":\"pt-BR\",\"potentialAction\":[{\"@type\":\"ReadAction\",\"target\":[\"https:\\\/\\\/www.saopaulo.sp.leg.br\\\/coronavirus\\\/duvidas\\\/preciso-sair-de-casa-devo-usar-mascara-qual-a-maneira-correta\\\/\"]}]},{\"@type\":\"BreadcrumbList\",\"@id\":\"https:\\\/\\\/www.saopaulo.sp.leg.br\\\/coronavirus\\\/duvidas\\\/preciso-sair-de-casa-devo-usar-mascara-qual-a-maneira-correta\\\/#breadcrumb\",\"itemListElement\":[{\"@type\":\"ListItem\",\"position\":1,\"name\":\"In\u00edcio\",\"item\":\"https:\\\/\\\/www.saopaulo.sp.leg.br\\\/coronavirus\\\/\"},{\"@type\":\"ListItem\",\"position\":2,\"name\":\"D\u00favidas\",\"item\":\"https:\\\/\\\/www.saopaulo.sp.leg.br\\\/coronavirus\\\/?page_id=454\"},{\"@type\":\"ListItem\",\"position\":3,\"name\":\"Preciso sair de casa. Devo usar m\u00e1scara? Qual a maneira correta?\"}]},{\"@type\":\"WebSite\",\"@id\":\"https:\\\/\\\/www.saopaulo.sp.leg.br\\\/coronavirus\\\/#website\",\"url\":\"https:\\\/\\\/www.saopaulo.sp.leg.br\\\/coronavirus\\\/\",\"name\":\"Coronav\u00edrus\",\"description\":\"Informa\u00e7\u00e3o no combate ao COVID-19\",\"potentialAction\":[{\"@type\":\"SearchAction\",\"target\":{\"@type\":\"EntryPoint\",\"urlTemplate\":\"https:\\\/\\\/www.saopaulo.sp.leg.br\\\/coronavirus\\\/?s={search_term_string}\"},\"query-input\":{\"@type\":\"PropertyValueSpecification\",\"valueRequired\":true,\"valueName\":\"search_term_string\"}}],\"inLanguage\":\"pt-BR\"}]}<\/script>\n<!-- \/ Yoast SEO plugin. -->","yoast_head_json":{"title":"Preciso sair de casa. Devo usar m\u00e1scara? Qual a maneira correta?","description":"De acordo com as orienta\u00e7\u00f5es da OMS, pessoas saud\u00e1veis que n\u00e3o apresentam sintomas \u2013 febre, tosse ou espirros \u2013 n\u00e3o precisam us\u00e1-las.","robots":{"index":"index","follow":"follow","max-snippet":"max-snippet:-1","max-image-preview":"max-image-preview:large","max-video-preview":"max-video-preview:-1"},"canonical":"https:\/\/www.saopaulo.sp.leg.br\/coronavirus\/duvidas\/preciso-sair-de-casa-devo-usar-mascara-qual-a-maneira-correta\/","og_locale":"pt_BR","og_type":"article","og_title":"Preciso sair de casa. Devo usar m\u00e1scara? Qual a maneira correta?","og_description":"De acordo com as orienta\u00e7\u00f5es da OMS, pessoas saud\u00e1veis que n\u00e3o apresentam sintomas \u2013 febre, tosse ou espirros \u2013 n\u00e3o precisam us\u00e1-las.","og_url":"https:\/\/www.saopaulo.sp.leg.br\/coronavirus\/duvidas\/preciso-sair-de-casa-devo-usar-mascara-qual-a-maneira-correta\/","og_site_name":"Coronav\u00edrus","article_modified_time":"2022-03-03T16:55:38+00:00","twitter_card":"summary_large_image","twitter_misc":{"Est. tempo de leitura":"2 minutos"},"schema":{"@context":"https:\/\/schema.org","@graph":[{"@type":"WebPage","@id":"https:\/\/www.saopaulo.sp.leg.br\/coronavirus\/duvidas\/preciso-sair-de-casa-devo-usar-mascara-qual-a-maneira-correta\/","url":"https:\/\/www.saopaulo.sp.leg.br\/coronavirus\/duvidas\/preciso-sair-de-casa-devo-usar-mascara-qual-a-maneira-correta\/","name":"Preciso sair de casa. Devo usar m\u00e1scara? Qual a maneira correta?","isPartOf":{"@id":"https:\/\/www.saopaulo.sp.leg.br\/coronavirus\/#website"},"datePublished":"2020-03-30T13:01:52+00:00","dateModified":"2022-03-03T16:55:38+00:00","description":"De acordo com as orienta\u00e7\u00f5es da OMS, pessoas saud\u00e1veis que n\u00e3o apresentam sintomas \u2013 febre, tosse ou espirros \u2013 n\u00e3o precisam us\u00e1-las.","breadcrumb":{"@id":"https:\/\/www.saopaulo.sp.leg.br\/coronavirus\/duvidas\/preciso-sair-de-casa-devo-usar-mascara-qual-a-maneira-correta\/#breadcrumb"},"inLanguage":"pt-BR","potentialAction":[{"@type":"ReadAction","target":["https:\/\/www.saopaulo.sp.leg.br\/coronavirus\/duvidas\/preciso-sair-de-casa-devo-usar-mascara-qual-a-maneira-correta\/"]}]},{"@type":"BreadcrumbList","@id":"https:\/\/www.saopaulo.sp.leg.br\/coronavirus\/duvidas\/preciso-sair-de-casa-devo-usar-mascara-qual-a-maneira-correta\/#breadcrumb","itemListElement":[{"@type":"ListItem","position":1,"name":"In\u00edcio","item":"https:\/\/www.saopaulo.sp.leg.br\/coronavirus\/"},{"@type":"ListItem","position":2,"name":"D\u00favidas","item":"https:\/\/www.saopaulo.sp.leg.br\/coronavirus\/?page_id=454"},{"@type":"ListItem","position":3,"name":"Preciso sair de casa. Devo usar m\u00e1scara? Qual a maneira correta?"}]},{"@type":"WebSite","@id":"https:\/\/www.saopaulo.sp.leg.br\/coronavirus\/#website","url":"https:\/\/www.saopaulo.sp.leg.br\/coronavirus\/","name":"Coronav\u00edrus","description":"Informa\u00e7\u00e3o no combate ao COVID-19","potentialAction":[{"@type":"SearchAction","target":{"@type":"EntryPoint","urlTemplate":"https:\/\/www.saopaulo.sp.leg.br\/coronavirus\/?s={search_term_string}"},"query-input":{"@type":"PropertyValueSpecification","valueRequired":true,"valueName":"search_term_string"}}],"inLanguage":"pt-BR"}]}},"_links":{"self":[{"href":"https:\/\/www.saopaulo.sp.leg.br\/coronavirus\/wp-json\/wp\/v2\/pages\/600","targetHints":{"allow":["GET"]}}],"collection":[{"href":"https:\/\/www.saopaulo.sp.leg.br\/coronavirus\/wp-json\/wp\/v2\/pages"}],"about":[{"href":"https:\/\/www.saopaulo.sp.leg.br\/coronavirus\/wp-json\/wp\/v2\/types\/page"}],"author":[{"embeddable":true,"href":"https:\/\/www.saopaulo.sp.leg.br\/coronavirus\/wp-json\/wp\/v2\/users\/630"}],"replies":[{"embeddable":true,"href":"https:\/\/www.saopaulo.sp.leg.br\/coronavirus\/wp-json\/wp\/v2\/comments?post=600"}],"version-history":[{"count":0,"href":"https:\/\/www.saopaulo.sp.leg.br\/coronavirus\/wp-json\/wp\/v2\/pages\/600\/revisions"}],"up":[{"embeddable":true,"href":"https:\/\/www.saopaulo.sp.leg.br\/coronavirus\/wp-json\/wp\/v2\/pages\/454"}],"wp:attachment":[{"href":"https:\/\/www.saopaulo.sp.leg.br\/coronavirus\/wp-json\/wp\/v2\/media?parent=600"}],"curies":[{"name":"wp","href":"https:\/\/api.w.org\/{rel}","templated":true}]}}