{"id":594,"date":"2020-03-30T09:51:37","date_gmt":"2020-03-30T12:51:37","guid":{"rendered":"http:\/\/www.saopaulo.sp.leg.br\/coronavirus\/?page_id=594"},"modified":"2021-02-12T18:59:57","modified_gmt":"2021-02-12T21:59:57","slug":"vou-trabalhar-no-sistema-home-office-durante-a-pandemia-o-que-diz-a-lei","status":"publish","type":"page","link":"https:\/\/www.saopaulo.sp.leg.br\/coronavirus\/duvidas\/vou-trabalhar-no-sistema-home-office-durante-a-pandemia-o-que-diz-a-lei\/","title":{"rendered":"Vou trabalhar no sistema Home office durante a pandemia. O que diz a lei?"},"content":{"rendered":"<p>Com a pandemia e a restri\u00e7\u00e3o de circula\u00e7\u00e3o, pode haver aumento da ado\u00e7\u00e3o de empresas brasileiras ao home office (trabalho em casa). Em entrevista \u00e0 Ag\u00eancia Brasil, a advogada trabalhista Gisela Freire diferenciou home office com trabalho remoto, conforme a lei.<\/p>\n<p>Trabalho remoto, ou teletrabalho, \u00e9 previsto em lei e o empregado j\u00e1 fica, preponderantemente, na casa dele trabalhando. J\u00e1 o home office, decorrente da epidemia do Covid-19, \u00e9 uma situa\u00e7\u00e3o eventual. \u201cO empregado continua a colocar o trabalho dele no estabelecimento da empresa, mas em situa\u00e7\u00f5es excepcionais, como essa, por exemplo, ele pode trabalhar de casa\u201d. Ou seja, o empregado pode trabalhar de qualquer lugar, mas o local de trabalho dele contratual \u00e9 o estabelecimento do empregador.<\/p>\n<h3>De acordo com a Pesquisa Nacional por Amostra de Domic\u00edlios (PNAD) Cont\u00ednua Anual:<\/h3>\n<p>Caracter\u00edsticas Adicionais do Mercado de Trabalho 2012-2018, divulgada pelo Instituto Brasileiro de Geografia e Estat\u00edstica (IBGE) em dezembro de 2019, houve um forte incremento de pessoas trabalhando em casa nos \u00faltimos anos, no Brasil. Entre 2017 e 2018, o n\u00famero de trabalhadores cujo local de trabalho era o domic\u00edlio aumentou 21,1%.<\/p>\n<p>A modalidade laboral do teletrabalho, ou trabalho remoto, n\u00e3o tem controle sobre a jornada trabalhada. Gisela Freire informou que, ao contr\u00e1rio, o \u2018home office\u2019 pode ser controlado. Na circunst\u00e2ncia da epidemia de coronav\u00edrus, o home office vai se equiparar ao trabalho externo.<\/p>\n<p>\u201cO empregado est\u00e1 \u00e0 disposi\u00e7\u00e3o do empregador e, nesse caso, o empregador pode adotar um controle de hor\u00e1rio atrav\u00e9s de controle manual ou pode fazer uma planilha de Excel, onde o empregado pode marcar o hor\u00e1rio de trabalho dele. N\u00e3o vai haver uma fiscaliza\u00e7\u00e3o presencial, mas pode haver uma fiscaliza\u00e7\u00e3o atrav\u00e9s de documento. Nesse aspecto, isso \u00e9 perfeitamente v\u00e1lido. A lei aceita isso com a maior tranquilidade\u201d, afirmou.<\/p>\n<p>A Organiza\u00e7\u00e3o Internacional do Trabalho (OIT) elaborou um\u00a0<a href=\"https:\/\/news.un.org\/pt\/story\/2020\/03\/1708312\" target=\"_blank\" rel=\"noopener noreferrer\">guia com cinco dicas<\/a>\u00a0para trabalhar \u00e0 dist\u00e2ncia durante o per\u00edodo de confinamento devido ao coronav\u00edrus.<\/p>\n<p><a class=\"botao\" style=\"margin-top: 40px\" href=\"http:\/\/www.saopaulo.sp.leg.br\/coronavirus\/duvidas\/\">Todas as d\u00favidas<\/a><\/p>\n","protected":false},"excerpt":{"rendered":"<p>Com a pandemia e a restri\u00e7\u00e3o de circula\u00e7\u00e3o, pode haver aumento da ado\u00e7\u00e3o de empresas brasileiras ao home office (trabalho em casa). Em entrevista \u00e0 Ag\u00eancia Brasil, a advogada trabalhista Gisela Freire diferenciou home office com trabalho remoto, conforme a lei. Trabalho remoto, ou teletrabalho, \u00e9 previsto em lei e o empregado j\u00e1 fica, preponderantemente,&#8230;  <a class=\"excerpt-read-more\" href=\"https:\/\/www.saopaulo.sp.leg.br\/coronavirus\/duvidas\/vou-trabalhar-no-sistema-home-office-durante-a-pandemia-o-que-diz-a-lei\/\" title=\"Read Vou trabalhar no sistema Home office durante a pandemia. O que diz a lei?\">Ler mais &raquo;<\/a><\/p>\n","protected":false},"author":630,"featured_media":0,"parent":454,"menu_order":0,"comment_status":"closed","ping_status":"closed","template":"page-simple.php","meta":{"_acf_changed":false,"footnotes":""},"class_list":["post-594","page","type-page","status-publish","hentry"],"acf":[],"yoast_head":"<!-- This site is optimized with the Yoast SEO plugin v27.6 - https:\/\/yoast.com\/product\/yoast-seo-wordpress\/ -->\n<title>Vou trabalhar no sistema Home office durante a pandemia. O que diz a lei?<\/title>\n<meta name=\"description\" content=\"Com a pandemia e a restri\u00e7\u00e3o de circula\u00e7\u00e3o, pode haver aumento da ado\u00e7\u00e3o de empresas brasileiras ao home office (trabalho em casa).\" \/>\n<meta name=\"robots\" content=\"index, follow, max-snippet:-1, max-image-preview:large, max-video-preview:-1\" \/>\n<link rel=\"canonical\" href=\"https:\/\/www.saopaulo.sp.leg.br\/coronavirus\/duvidas\/vou-trabalhar-no-sistema-home-office-durante-a-pandemia-o-que-diz-a-lei\/\" \/>\n<meta property=\"og:locale\" content=\"pt_BR\" \/>\n<meta property=\"og:type\" content=\"article\" \/>\n<meta property=\"og:title\" content=\"Vou trabalhar no sistema Home office durante a pandemia. O que diz a lei?\" \/>\n<meta property=\"og:description\" content=\"Com a pandemia e a restri\u00e7\u00e3o de circula\u00e7\u00e3o, pode haver aumento da ado\u00e7\u00e3o de empresas brasileiras ao home office (trabalho em casa).\" \/>\n<meta property=\"og:url\" content=\"https:\/\/www.saopaulo.sp.leg.br\/coronavirus\/duvidas\/vou-trabalhar-no-sistema-home-office-durante-a-pandemia-o-que-diz-a-lei\/\" \/>\n<meta property=\"og:site_name\" content=\"Coronav\u00edrus\" \/>\n<meta property=\"article:modified_time\" content=\"2021-02-12T21:59:57+00:00\" \/>\n<meta name=\"twitter:card\" content=\"summary_large_image\" \/>\n<meta name=\"twitter:label1\" content=\"Est. tempo de leitura\" \/>\n\t<meta name=\"twitter:data1\" content=\"2 minutos\" \/>\n<script type=\"application\/ld+json\" class=\"yoast-schema-graph\">{\"@context\":\"https:\\\/\\\/schema.org\",\"@graph\":[{\"@type\":\"WebPage\",\"@id\":\"https:\\\/\\\/www.saopaulo.sp.leg.br\\\/coronavirus\\\/duvidas\\\/vou-trabalhar-no-sistema-home-office-durante-a-pandemia-o-que-diz-a-lei\\\/\",\"url\":\"https:\\\/\\\/www.saopaulo.sp.leg.br\\\/coronavirus\\\/duvidas\\\/vou-trabalhar-no-sistema-home-office-durante-a-pandemia-o-que-diz-a-lei\\\/\",\"name\":\"Vou trabalhar no sistema Home office durante a pandemia. O que diz a lei?\",\"isPartOf\":{\"@id\":\"https:\\\/\\\/www.saopaulo.sp.leg.br\\\/coronavirus\\\/#website\"},\"datePublished\":\"2020-03-30T12:51:37+00:00\",\"dateModified\":\"2021-02-12T21:59:57+00:00\",\"description\":\"Com a pandemia e a restri\u00e7\u00e3o de circula\u00e7\u00e3o, pode haver aumento da ado\u00e7\u00e3o de empresas brasileiras ao home office (trabalho em casa).\",\"breadcrumb\":{\"@id\":\"https:\\\/\\\/www.saopaulo.sp.leg.br\\\/coronavirus\\\/duvidas\\\/vou-trabalhar-no-sistema-home-office-durante-a-pandemia-o-que-diz-a-lei\\\/#breadcrumb\"},\"inLanguage\":\"pt-BR\",\"potentialAction\":[{\"@type\":\"ReadAction\",\"target\":[\"https:\\\/\\\/www.saopaulo.sp.leg.br\\\/coronavirus\\\/duvidas\\\/vou-trabalhar-no-sistema-home-office-durante-a-pandemia-o-que-diz-a-lei\\\/\"]}]},{\"@type\":\"BreadcrumbList\",\"@id\":\"https:\\\/\\\/www.saopaulo.sp.leg.br\\\/coronavirus\\\/duvidas\\\/vou-trabalhar-no-sistema-home-office-durante-a-pandemia-o-que-diz-a-lei\\\/#breadcrumb\",\"itemListElement\":[{\"@type\":\"ListItem\",\"position\":1,\"name\":\"In\u00edcio\",\"item\":\"https:\\\/\\\/www.saopaulo.sp.leg.br\\\/coronavirus\\\/\"},{\"@type\":\"ListItem\",\"position\":2,\"name\":\"D\u00favidas\",\"item\":\"https:\\\/\\\/www.saopaulo.sp.leg.br\\\/coronavirus\\\/?page_id=454\"},{\"@type\":\"ListItem\",\"position\":3,\"name\":\"Vou trabalhar no sistema Home office durante a pandemia. O que diz a lei?\"}]},{\"@type\":\"WebSite\",\"@id\":\"https:\\\/\\\/www.saopaulo.sp.leg.br\\\/coronavirus\\\/#website\",\"url\":\"https:\\\/\\\/www.saopaulo.sp.leg.br\\\/coronavirus\\\/\",\"name\":\"Coronav\u00edrus\",\"description\":\"Informa\u00e7\u00e3o no combate ao COVID-19\",\"potentialAction\":[{\"@type\":\"SearchAction\",\"target\":{\"@type\":\"EntryPoint\",\"urlTemplate\":\"https:\\\/\\\/www.saopaulo.sp.leg.br\\\/coronavirus\\\/?s={search_term_string}\"},\"query-input\":{\"@type\":\"PropertyValueSpecification\",\"valueRequired\":true,\"valueName\":\"search_term_string\"}}],\"inLanguage\":\"pt-BR\"}]}<\/script>\n<!-- \/ Yoast SEO plugin. -->","yoast_head_json":{"title":"Vou trabalhar no sistema Home office durante a pandemia. O que diz a lei?","description":"Com a pandemia e a restri\u00e7\u00e3o de circula\u00e7\u00e3o, pode haver aumento da ado\u00e7\u00e3o de empresas brasileiras ao home office (trabalho em casa).","robots":{"index":"index","follow":"follow","max-snippet":"max-snippet:-1","max-image-preview":"max-image-preview:large","max-video-preview":"max-video-preview:-1"},"canonical":"https:\/\/www.saopaulo.sp.leg.br\/coronavirus\/duvidas\/vou-trabalhar-no-sistema-home-office-durante-a-pandemia-o-que-diz-a-lei\/","og_locale":"pt_BR","og_type":"article","og_title":"Vou trabalhar no sistema Home office durante a pandemia. O que diz a lei?","og_description":"Com a pandemia e a restri\u00e7\u00e3o de circula\u00e7\u00e3o, pode haver aumento da ado\u00e7\u00e3o de empresas brasileiras ao home office (trabalho em casa).","og_url":"https:\/\/www.saopaulo.sp.leg.br\/coronavirus\/duvidas\/vou-trabalhar-no-sistema-home-office-durante-a-pandemia-o-que-diz-a-lei\/","og_site_name":"Coronav\u00edrus","article_modified_time":"2021-02-12T21:59:57+00:00","twitter_card":"summary_large_image","twitter_misc":{"Est. tempo de leitura":"2 minutos"},"schema":{"@context":"https:\/\/schema.org","@graph":[{"@type":"WebPage","@id":"https:\/\/www.saopaulo.sp.leg.br\/coronavirus\/duvidas\/vou-trabalhar-no-sistema-home-office-durante-a-pandemia-o-que-diz-a-lei\/","url":"https:\/\/www.saopaulo.sp.leg.br\/coronavirus\/duvidas\/vou-trabalhar-no-sistema-home-office-durante-a-pandemia-o-que-diz-a-lei\/","name":"Vou trabalhar no sistema Home office durante a pandemia. O que diz a lei?","isPartOf":{"@id":"https:\/\/www.saopaulo.sp.leg.br\/coronavirus\/#website"},"datePublished":"2020-03-30T12:51:37+00:00","dateModified":"2021-02-12T21:59:57+00:00","description":"Com a pandemia e a restri\u00e7\u00e3o de circula\u00e7\u00e3o, pode haver aumento da ado\u00e7\u00e3o de empresas brasileiras ao home office (trabalho em casa).","breadcrumb":{"@id":"https:\/\/www.saopaulo.sp.leg.br\/coronavirus\/duvidas\/vou-trabalhar-no-sistema-home-office-durante-a-pandemia-o-que-diz-a-lei\/#breadcrumb"},"inLanguage":"pt-BR","potentialAction":[{"@type":"ReadAction","target":["https:\/\/www.saopaulo.sp.leg.br\/coronavirus\/duvidas\/vou-trabalhar-no-sistema-home-office-durante-a-pandemia-o-que-diz-a-lei\/"]}]},{"@type":"BreadcrumbList","@id":"https:\/\/www.saopaulo.sp.leg.br\/coronavirus\/duvidas\/vou-trabalhar-no-sistema-home-office-durante-a-pandemia-o-que-diz-a-lei\/#breadcrumb","itemListElement":[{"@type":"ListItem","position":1,"name":"In\u00edcio","item":"https:\/\/www.saopaulo.sp.leg.br\/coronavirus\/"},{"@type":"ListItem","position":2,"name":"D\u00favidas","item":"https:\/\/www.saopaulo.sp.leg.br\/coronavirus\/?page_id=454"},{"@type":"ListItem","position":3,"name":"Vou trabalhar no sistema Home office durante a pandemia. O que diz a lei?"}]},{"@type":"WebSite","@id":"https:\/\/www.saopaulo.sp.leg.br\/coronavirus\/#website","url":"https:\/\/www.saopaulo.sp.leg.br\/coronavirus\/","name":"Coronav\u00edrus","description":"Informa\u00e7\u00e3o no combate ao COVID-19","potentialAction":[{"@type":"SearchAction","target":{"@type":"EntryPoint","urlTemplate":"https:\/\/www.saopaulo.sp.leg.br\/coronavirus\/?s={search_term_string}"},"query-input":{"@type":"PropertyValueSpecification","valueRequired":true,"valueName":"search_term_string"}}],"inLanguage":"pt-BR"}]}},"_links":{"self":[{"href":"https:\/\/www.saopaulo.sp.leg.br\/coronavirus\/wp-json\/wp\/v2\/pages\/594","targetHints":{"allow":["GET"]}}],"collection":[{"href":"https:\/\/www.saopaulo.sp.leg.br\/coronavirus\/wp-json\/wp\/v2\/pages"}],"about":[{"href":"https:\/\/www.saopaulo.sp.leg.br\/coronavirus\/wp-json\/wp\/v2\/types\/page"}],"author":[{"embeddable":true,"href":"https:\/\/www.saopaulo.sp.leg.br\/coronavirus\/wp-json\/wp\/v2\/users\/630"}],"replies":[{"embeddable":true,"href":"https:\/\/www.saopaulo.sp.leg.br\/coronavirus\/wp-json\/wp\/v2\/comments?post=594"}],"version-history":[{"count":0,"href":"https:\/\/www.saopaulo.sp.leg.br\/coronavirus\/wp-json\/wp\/v2\/pages\/594\/revisions"}],"up":[{"embeddable":true,"href":"https:\/\/www.saopaulo.sp.leg.br\/coronavirus\/wp-json\/wp\/v2\/pages\/454"}],"wp:attachment":[{"href":"https:\/\/www.saopaulo.sp.leg.br\/coronavirus\/wp-json\/wp\/v2\/media?parent=594"}],"curies":[{"name":"wp","href":"https:\/\/api.w.org\/{rel}","templated":true}]}}