{"id":590,"date":"2020-03-30T09:40:21","date_gmt":"2020-03-30T12:40:21","guid":{"rendered":"http:\/\/www.saopaulo.sp.leg.br\/coronavirus\/?page_id=590"},"modified":"2021-02-09T17:04:02","modified_gmt":"2021-02-09T20:04:02","slug":"quais-os-cuidados-com-a-higiene-durante-o-confinamento","status":"publish","type":"page","link":"https:\/\/www.saopaulo.sp.leg.br\/coronavirus\/duvidas\/quais-os-cuidados-com-a-higiene-durante-o-confinamento\/","title":{"rendered":"Quais os cuidados com a higiene durante o confinamento?"},"content":{"rendered":"<p>Mesmo durante o isolamento domiciliar, \u00e9 importante manter algumas pr\u00e1ticas de cuidados com a higiene para evitar a prolifera\u00e7\u00e3o do v\u00edrus. O Minist\u00e9rio da Sa\u00fade recomenda lavar bem as m\u00e3os (dedos, unhas, punho, palma e dorso) com \u00e1gua e sab\u00e3o, e, de prefer\u00eancia, utilizar toalhas de papel para sec\u00e1-las.<\/p>\n<p>Al\u00e9m do sab\u00e3o, outro produto indicado para higienizar as m\u00e3os \u00e9 o \u00e1lcool gel, que tamb\u00e9m serve para limpar objetos como telefones, teclados, cadeiras, ma\u00e7anetas, etc. Para a limpeza dom\u00e9stica recomenda-se a utiliza\u00e7\u00e3o dos produtos usuais. D\u00ea prefer\u00eancia para o uso da \u00e1gua sanit\u00e1ria (em uma solu\u00e7\u00e3o de uma parte de \u00e1gua sanit\u00e1ria para 9 partes de \u00e1gua) para desinfetar superf\u00edcies.<\/p>\n<p>Utilizar len\u00e7o descart\u00e1vel para higiene nasal \u00e9 outra medida de preven\u00e7\u00e3o importante. Deve-se cobrir o nariz e a boca com um len\u00e7o de papel quando espirrar ou tossir e jog\u00e1-lo no lixo. Tamb\u00e9m \u00e9 necess\u00e1rio evitar tocar olhos, nariz e boca sem que as m\u00e3os estejam limpas.<\/p>\n<p>Para os cuidados com a higiene das lou\u00e7as e roupas, recomenda-se a utiliza\u00e7\u00e3o de detergentes pr\u00f3prios para cada um dos casos. Destacando que \u00e9 importante separar roupas de cama de pessoas infectadas para que seja feita a higieniza\u00e7\u00e3o \u00e0 parte. Caso n\u00e3o haja a possibilidade de fazer a lavagem destas roupas imediatamente, a recomenda\u00e7\u00e3o \u00e9 que elas sejam armazenadas em sacos de lixo pl\u00e1stico at\u00e9 que seja poss\u00edvel lavar.<\/p>\n<h2>M\u00e1scaras faciais<\/h2>\n<p>Al\u00e9m disso, as m\u00e1scaras faciais descart\u00e1veis devem ser utilizadas por profissionais da sa\u00fade, cuidadores de idosos, m\u00e3es que est\u00e3o amamentando e pessoas diagnosticadas com o coronav\u00edrus. Tamb\u00e9m \u00e9 importante que as pessoas comprem antecipadamente e tenham em suas resid\u00eancias medicamentos para a redu\u00e7\u00e3o da febre, controle da tosse, como xaropes e pastilhas, al\u00e9m de medicamentos de uso cont\u00ednuo.<\/p>\n<p>Produtos de higiene tamb\u00e9m devem ser comprados e armazenados como uma medida de preven\u00e7\u00e3o. No caso das crian\u00e7as, recomenda-se que os pais ou respons\u00e1veis, adquiram fraldas e outros produtos em uma maior quantidade para que se evite aglomera\u00e7\u00f5es em supermercados e farm\u00e1cias.<\/p>\n<p>Como \u00e9 importante evitar sair, ainda que seja para adquirir produtos, uma alternativa \u00e9 fazer uso do servi\u00e7o de delivery. Esse servi\u00e7o \u00e9 oferecido por supermercados, restaurantes, farm\u00e1cias, entre outros. Neste caso, ao receber o produto em casa, tamb\u00e9m \u00e9 importante higienizar as embalagens.<\/p>\n<p><a class=\"botao\" style=\"margin-top: 40px\" href=\"http:\/\/www.saopaulo.sp.leg.br\/coronavirus\/duvidas\/\">Todas as d\u00favidas<\/a><\/p>\n","protected":false},"excerpt":{"rendered":"<p>Mesmo durante o isolamento domiciliar, \u00e9 importante manter algumas pr\u00e1ticas de cuidados com a higiene para evitar a prolifera\u00e7\u00e3o do v\u00edrus. O Minist\u00e9rio da Sa\u00fade recomenda lavar bem as m\u00e3os (dedos, unhas, punho, palma e dorso) com \u00e1gua e sab\u00e3o, e, de prefer\u00eancia, utilizar toalhas de papel para sec\u00e1-las. Al\u00e9m do sab\u00e3o, outro produto indicado&#8230;  <a class=\"excerpt-read-more\" href=\"https:\/\/www.saopaulo.sp.leg.br\/coronavirus\/duvidas\/quais-os-cuidados-com-a-higiene-durante-o-confinamento\/\" title=\"Read Quais os cuidados com a higiene durante o confinamento?\">Ler mais &raquo;<\/a><\/p>\n","protected":false},"author":630,"featured_media":0,"parent":454,"menu_order":0,"comment_status":"closed","ping_status":"closed","template":"page-simple.php","meta":{"_acf_changed":false,"footnotes":""},"class_list":["post-590","page","type-page","status-publish","hentry"],"acf":[],"yoast_head":"<!-- This site is optimized with the Yoast SEO plugin v27.3 - https:\/\/yoast.com\/product\/yoast-seo-wordpress\/ -->\n<title>Quais os cuidados com a higiene durante o confinamento? - Coronav\u00edrus<\/title>\n<meta name=\"description\" content=\"Mesmo durante o isolamento domiciliar, \u00e9 importante manter algumas pr\u00e1ticas cuidados com a higiene para evitar a prolifera\u00e7\u00e3o do v\u00edrus.\" \/>\n<meta name=\"robots\" content=\"index, follow, max-snippet:-1, max-image-preview:large, max-video-preview:-1\" \/>\n<link rel=\"canonical\" href=\"https:\/\/www.saopaulo.sp.leg.br\/coronavirus\/duvidas\/quais-os-cuidados-com-a-higiene-durante-o-confinamento\/\" \/>\n<meta property=\"og:locale\" content=\"pt_BR\" \/>\n<meta property=\"og:type\" content=\"article\" \/>\n<meta property=\"og:title\" content=\"Quais os cuidados com a higiene durante o confinamento? - Coronav\u00edrus\" \/>\n<meta property=\"og:description\" content=\"Mesmo durante o isolamento domiciliar, \u00e9 importante manter algumas pr\u00e1ticas cuidados com a higiene para evitar a prolifera\u00e7\u00e3o do v\u00edrus.\" \/>\n<meta property=\"og:url\" content=\"https:\/\/www.saopaulo.sp.leg.br\/coronavirus\/duvidas\/quais-os-cuidados-com-a-higiene-durante-o-confinamento\/\" \/>\n<meta property=\"og:site_name\" content=\"Coronav\u00edrus\" \/>\n<meta property=\"article:modified_time\" content=\"2021-02-09T20:04:02+00:00\" \/>\n<meta name=\"twitter:card\" content=\"summary_large_image\" \/>\n<meta name=\"twitter:label1\" content=\"Est. tempo de leitura\" \/>\n\t<meta name=\"twitter:data1\" content=\"2 minutos\" \/>\n<script type=\"application\/ld+json\" class=\"yoast-schema-graph\">{\"@context\":\"https:\\\/\\\/schema.org\",\"@graph\":[{\"@type\":\"WebPage\",\"@id\":\"https:\\\/\\\/www.saopaulo.sp.leg.br\\\/coronavirus\\\/duvidas\\\/quais-os-cuidados-com-a-higiene-durante-o-confinamento\\\/\",\"url\":\"https:\\\/\\\/www.saopaulo.sp.leg.br\\\/coronavirus\\\/duvidas\\\/quais-os-cuidados-com-a-higiene-durante-o-confinamento\\\/\",\"name\":\"Quais os cuidados com a higiene durante o confinamento? - Coronav\u00edrus\",\"isPartOf\":{\"@id\":\"https:\\\/\\\/www.saopaulo.sp.leg.br\\\/coronavirus\\\/#website\"},\"datePublished\":\"2020-03-30T12:40:21+00:00\",\"dateModified\":\"2021-02-09T20:04:02+00:00\",\"description\":\"Mesmo durante o isolamento domiciliar, \u00e9 importante manter algumas pr\u00e1ticas cuidados com a higiene para evitar a prolifera\u00e7\u00e3o do v\u00edrus.\",\"breadcrumb\":{\"@id\":\"https:\\\/\\\/www.saopaulo.sp.leg.br\\\/coronavirus\\\/duvidas\\\/quais-os-cuidados-com-a-higiene-durante-o-confinamento\\\/#breadcrumb\"},\"inLanguage\":\"pt-BR\",\"potentialAction\":[{\"@type\":\"ReadAction\",\"target\":[\"https:\\\/\\\/www.saopaulo.sp.leg.br\\\/coronavirus\\\/duvidas\\\/quais-os-cuidados-com-a-higiene-durante-o-confinamento\\\/\"]}]},{\"@type\":\"BreadcrumbList\",\"@id\":\"https:\\\/\\\/www.saopaulo.sp.leg.br\\\/coronavirus\\\/duvidas\\\/quais-os-cuidados-com-a-higiene-durante-o-confinamento\\\/#breadcrumb\",\"itemListElement\":[{\"@type\":\"ListItem\",\"position\":1,\"name\":\"In\u00edcio\",\"item\":\"https:\\\/\\\/www.saopaulo.sp.leg.br\\\/coronavirus\\\/\"},{\"@type\":\"ListItem\",\"position\":2,\"name\":\"D\u00favidas\",\"item\":\"https:\\\/\\\/www.saopaulo.sp.leg.br\\\/coronavirus\\\/?page_id=454\"},{\"@type\":\"ListItem\",\"position\":3,\"name\":\"Quais os cuidados com a higiene durante o confinamento?\"}]},{\"@type\":\"WebSite\",\"@id\":\"https:\\\/\\\/www.saopaulo.sp.leg.br\\\/coronavirus\\\/#website\",\"url\":\"https:\\\/\\\/www.saopaulo.sp.leg.br\\\/coronavirus\\\/\",\"name\":\"Coronav\u00edrus\",\"description\":\"Informa\u00e7\u00e3o no combate ao COVID-19\",\"potentialAction\":[{\"@type\":\"SearchAction\",\"target\":{\"@type\":\"EntryPoint\",\"urlTemplate\":\"https:\\\/\\\/www.saopaulo.sp.leg.br\\\/coronavirus\\\/?s={search_term_string}\"},\"query-input\":{\"@type\":\"PropertyValueSpecification\",\"valueRequired\":true,\"valueName\":\"search_term_string\"}}],\"inLanguage\":\"pt-BR\"}]}<\/script>\n<!-- \/ Yoast SEO plugin. -->","yoast_head_json":{"title":"Quais os cuidados com a higiene durante o confinamento? - Coronav\u00edrus","description":"Mesmo durante o isolamento domiciliar, \u00e9 importante manter algumas pr\u00e1ticas cuidados com a higiene para evitar a prolifera\u00e7\u00e3o do v\u00edrus.","robots":{"index":"index","follow":"follow","max-snippet":"max-snippet:-1","max-image-preview":"max-image-preview:large","max-video-preview":"max-video-preview:-1"},"canonical":"https:\/\/www.saopaulo.sp.leg.br\/coronavirus\/duvidas\/quais-os-cuidados-com-a-higiene-durante-o-confinamento\/","og_locale":"pt_BR","og_type":"article","og_title":"Quais os cuidados com a higiene durante o confinamento? - Coronav\u00edrus","og_description":"Mesmo durante o isolamento domiciliar, \u00e9 importante manter algumas pr\u00e1ticas cuidados com a higiene para evitar a prolifera\u00e7\u00e3o do v\u00edrus.","og_url":"https:\/\/www.saopaulo.sp.leg.br\/coronavirus\/duvidas\/quais-os-cuidados-com-a-higiene-durante-o-confinamento\/","og_site_name":"Coronav\u00edrus","article_modified_time":"2021-02-09T20:04:02+00:00","twitter_card":"summary_large_image","twitter_misc":{"Est. tempo de leitura":"2 minutos"},"schema":{"@context":"https:\/\/schema.org","@graph":[{"@type":"WebPage","@id":"https:\/\/www.saopaulo.sp.leg.br\/coronavirus\/duvidas\/quais-os-cuidados-com-a-higiene-durante-o-confinamento\/","url":"https:\/\/www.saopaulo.sp.leg.br\/coronavirus\/duvidas\/quais-os-cuidados-com-a-higiene-durante-o-confinamento\/","name":"Quais os cuidados com a higiene durante o confinamento? - Coronav\u00edrus","isPartOf":{"@id":"https:\/\/www.saopaulo.sp.leg.br\/coronavirus\/#website"},"datePublished":"2020-03-30T12:40:21+00:00","dateModified":"2021-02-09T20:04:02+00:00","description":"Mesmo durante o isolamento domiciliar, \u00e9 importante manter algumas pr\u00e1ticas cuidados com a higiene para evitar a prolifera\u00e7\u00e3o do v\u00edrus.","breadcrumb":{"@id":"https:\/\/www.saopaulo.sp.leg.br\/coronavirus\/duvidas\/quais-os-cuidados-com-a-higiene-durante-o-confinamento\/#breadcrumb"},"inLanguage":"pt-BR","potentialAction":[{"@type":"ReadAction","target":["https:\/\/www.saopaulo.sp.leg.br\/coronavirus\/duvidas\/quais-os-cuidados-com-a-higiene-durante-o-confinamento\/"]}]},{"@type":"BreadcrumbList","@id":"https:\/\/www.saopaulo.sp.leg.br\/coronavirus\/duvidas\/quais-os-cuidados-com-a-higiene-durante-o-confinamento\/#breadcrumb","itemListElement":[{"@type":"ListItem","position":1,"name":"In\u00edcio","item":"https:\/\/www.saopaulo.sp.leg.br\/coronavirus\/"},{"@type":"ListItem","position":2,"name":"D\u00favidas","item":"https:\/\/www.saopaulo.sp.leg.br\/coronavirus\/?page_id=454"},{"@type":"ListItem","position":3,"name":"Quais os cuidados com a higiene durante o confinamento?"}]},{"@type":"WebSite","@id":"https:\/\/www.saopaulo.sp.leg.br\/coronavirus\/#website","url":"https:\/\/www.saopaulo.sp.leg.br\/coronavirus\/","name":"Coronav\u00edrus","description":"Informa\u00e7\u00e3o no combate ao COVID-19","potentialAction":[{"@type":"SearchAction","target":{"@type":"EntryPoint","urlTemplate":"https:\/\/www.saopaulo.sp.leg.br\/coronavirus\/?s={search_term_string}"},"query-input":{"@type":"PropertyValueSpecification","valueRequired":true,"valueName":"search_term_string"}}],"inLanguage":"pt-BR"}]}},"_links":{"self":[{"href":"https:\/\/www.saopaulo.sp.leg.br\/coronavirus\/wp-json\/wp\/v2\/pages\/590","targetHints":{"allow":["GET"]}}],"collection":[{"href":"https:\/\/www.saopaulo.sp.leg.br\/coronavirus\/wp-json\/wp\/v2\/pages"}],"about":[{"href":"https:\/\/www.saopaulo.sp.leg.br\/coronavirus\/wp-json\/wp\/v2\/types\/page"}],"author":[{"embeddable":true,"href":"https:\/\/www.saopaulo.sp.leg.br\/coronavirus\/wp-json\/wp\/v2\/users\/630"}],"replies":[{"embeddable":true,"href":"https:\/\/www.saopaulo.sp.leg.br\/coronavirus\/wp-json\/wp\/v2\/comments?post=590"}],"version-history":[{"count":0,"href":"https:\/\/www.saopaulo.sp.leg.br\/coronavirus\/wp-json\/wp\/v2\/pages\/590\/revisions"}],"up":[{"embeddable":true,"href":"https:\/\/www.saopaulo.sp.leg.br\/coronavirus\/wp-json\/wp\/v2\/pages\/454"}],"wp:attachment":[{"href":"https:\/\/www.saopaulo.sp.leg.br\/coronavirus\/wp-json\/wp\/v2\/media?parent=590"}],"curies":[{"name":"wp","href":"https:\/\/api.w.org\/{rel}","templated":true}]}}