{"id":567,"date":"2020-03-27T19:06:07","date_gmt":"2020-03-27T22:06:07","guid":{"rendered":"http:\/\/www.saopaulo.sp.leg.br\/coronavirus\/?page_id=567"},"modified":"2021-02-08T17:23:15","modified_gmt":"2021-02-08T20:23:15","slug":"sintomas-do-coronavirus","status":"publish","type":"page","link":"https:\/\/www.saopaulo.sp.leg.br\/coronavirus\/duvidas\/sintomas-do-coronavirus\/","title":{"rendered":"Quais os sintomas do Covid-19? Quanto tempo dura a incuba\u00e7\u00e3o? Como se transmite?"},"content":{"rendered":"<p>Os sinais e sintomas do coronav\u00edrus s\u00e3o principalmente respirat\u00f3rios, semelhantes a um resfriado. O v\u00edrus pode causar infec\u00e7\u00e3o do trato respirat\u00f3rio inferior, como as pneumonias. Os principais e mais conhecidos sintomas s\u00e3o febre alta, tosse seca e dificuldade para respirar.<\/p>\n<h2>Incuba\u00e7\u00e3o do coronav\u00edrus<\/h2>\n<p>O per\u00edodo de incuba\u00e7\u00e3o, que pode durar entre dois e 14 dias, \u00e9 o tempo que leva para os primeiros sintomas aparecerem desde a infec\u00e7\u00e3o por coronav\u00edrus.<\/p>\n<h2>Transmiss\u00e3o do coronav\u00edrus<\/h2>\n<p>A dissemina\u00e7\u00e3o ocorre de pessoa para pessoa. As formas mais comuns de transmiss\u00e3o do coronav\u00edrus ocorrem pelo ar ou por contato pessoal com secre\u00e7\u00f5es contaminadas, por meio de got\u00edculas de saliva, espirro, tosse, catarro e o contato pessoal pr\u00f3ximo, como toque ou aperto de m\u00e3o. A transmiss\u00e3o tamb\u00e9m pode ocorrer pelo contato com objetos ou superf\u00edcies contaminadas, seguido de contato com a boca, nariz ou olhos.<\/p>\n<p><a class=\"botao\" style=\"margin-top: 40px\" href=\"http:\/\/www.saopaulo.sp.leg.br\/coronavirus\/duvidas\/\">Todas as d\u00favidas<\/a><\/p>\n","protected":false},"excerpt":{"rendered":"<p>Os sinais e sintomas do coronav\u00edrus s\u00e3o principalmente respirat\u00f3rios, semelhantes a um resfriado. O v\u00edrus pode causar infec\u00e7\u00e3o do trato respirat\u00f3rio inferior, como as pneumonias. Os principais e mais conhecidos sintomas s\u00e3o febre alta, tosse seca e dificuldade para respirar. Incuba\u00e7\u00e3o do coronav\u00edrus O per\u00edodo de incuba\u00e7\u00e3o, que pode durar entre dois e 14 dias,&#8230;  <a class=\"excerpt-read-more\" href=\"https:\/\/www.saopaulo.sp.leg.br\/coronavirus\/duvidas\/sintomas-do-coronavirus\/\" title=\"Read Quais os sintomas do Covid-19? Quanto tempo dura a incuba\u00e7\u00e3o? Como se transmite?\">Ler mais &raquo;<\/a><\/p>\n","protected":false},"author":630,"featured_media":0,"parent":454,"menu_order":0,"comment_status":"closed","ping_status":"closed","template":"page-simple.php","meta":{"_acf_changed":false,"footnotes":""},"class_list":["post-567","page","type-page","status-publish","hentry"],"acf":[],"yoast_head":"<!-- This site is optimized with the Yoast SEO plugin v27.3 - https:\/\/yoast.com\/product\/yoast-seo-wordpress\/ -->\n<title>Quais os sintomas do Covid-19? Quanto tempo dura a incuba\u00e7\u00e3o? Como se transmite?<\/title>\n<meta name=\"description\" content=\"Os sintomas do coronav\u00edrus s\u00e3o principalmente respirat\u00f3rios, semelhantes a um resfriado. Pode tamb\u00e9m causar infec\u00e7\u00f5es, como as pneumonias\" \/>\n<meta name=\"robots\" content=\"index, follow, max-snippet:-1, max-image-preview:large, max-video-preview:-1\" \/>\n<link rel=\"canonical\" href=\"https:\/\/www.saopaulo.sp.leg.br\/coronavirus\/duvidas\/sintomas-do-coronavirus\/\" \/>\n<meta property=\"og:locale\" content=\"pt_BR\" \/>\n<meta property=\"og:type\" content=\"article\" \/>\n<meta property=\"og:title\" content=\"Quais os sintomas do Covid-19? Quanto tempo dura a incuba\u00e7\u00e3o? Como se transmite?\" \/>\n<meta property=\"og:description\" content=\"Os sintomas do coronav\u00edrus s\u00e3o principalmente respirat\u00f3rios, semelhantes a um resfriado. Pode tamb\u00e9m causar infec\u00e7\u00f5es, como as pneumonias\" \/>\n<meta property=\"og:url\" content=\"https:\/\/www.saopaulo.sp.leg.br\/coronavirus\/duvidas\/sintomas-do-coronavirus\/\" \/>\n<meta property=\"og:site_name\" content=\"Coronav\u00edrus\" \/>\n<meta property=\"article:modified_time\" content=\"2021-02-08T20:23:15+00:00\" \/>\n<meta name=\"twitter:card\" content=\"summary_large_image\" \/>\n<meta name=\"twitter:label1\" content=\"Est. tempo de leitura\" \/>\n\t<meta name=\"twitter:data1\" content=\"1 minuto\" \/>\n<script type=\"application\/ld+json\" class=\"yoast-schema-graph\">{\"@context\":\"https:\\\/\\\/schema.org\",\"@graph\":[{\"@type\":\"WebPage\",\"@id\":\"https:\\\/\\\/www.saopaulo.sp.leg.br\\\/coronavirus\\\/duvidas\\\/sintomas-do-coronavirus\\\/\",\"url\":\"https:\\\/\\\/www.saopaulo.sp.leg.br\\\/coronavirus\\\/duvidas\\\/sintomas-do-coronavirus\\\/\",\"name\":\"Quais os sintomas do Covid-19? Quanto tempo dura a incuba\u00e7\u00e3o? Como se transmite?\",\"isPartOf\":{\"@id\":\"https:\\\/\\\/www.saopaulo.sp.leg.br\\\/coronavirus\\\/#website\"},\"datePublished\":\"2020-03-27T22:06:07+00:00\",\"dateModified\":\"2021-02-08T20:23:15+00:00\",\"description\":\"Os sintomas do coronav\u00edrus s\u00e3o principalmente respirat\u00f3rios, semelhantes a um resfriado. Pode tamb\u00e9m causar infec\u00e7\u00f5es, como as pneumonias\",\"breadcrumb\":{\"@id\":\"https:\\\/\\\/www.saopaulo.sp.leg.br\\\/coronavirus\\\/duvidas\\\/sintomas-do-coronavirus\\\/#breadcrumb\"},\"inLanguage\":\"pt-BR\",\"potentialAction\":[{\"@type\":\"ReadAction\",\"target\":[\"https:\\\/\\\/www.saopaulo.sp.leg.br\\\/coronavirus\\\/duvidas\\\/sintomas-do-coronavirus\\\/\"]}]},{\"@type\":\"BreadcrumbList\",\"@id\":\"https:\\\/\\\/www.saopaulo.sp.leg.br\\\/coronavirus\\\/duvidas\\\/sintomas-do-coronavirus\\\/#breadcrumb\",\"itemListElement\":[{\"@type\":\"ListItem\",\"position\":1,\"name\":\"In\u00edcio\",\"item\":\"https:\\\/\\\/www.saopaulo.sp.leg.br\\\/coronavirus\\\/\"},{\"@type\":\"ListItem\",\"position\":2,\"name\":\"D\u00favidas\",\"item\":\"https:\\\/\\\/www.saopaulo.sp.leg.br\\\/coronavirus\\\/?page_id=454\"},{\"@type\":\"ListItem\",\"position\":3,\"name\":\"Quais os sintomas do Covid-19? Quanto tempo dura a incuba\u00e7\u00e3o? Como se transmite?\"}]},{\"@type\":\"WebSite\",\"@id\":\"https:\\\/\\\/www.saopaulo.sp.leg.br\\\/coronavirus\\\/#website\",\"url\":\"https:\\\/\\\/www.saopaulo.sp.leg.br\\\/coronavirus\\\/\",\"name\":\"Coronav\u00edrus\",\"description\":\"Informa\u00e7\u00e3o no combate ao COVID-19\",\"potentialAction\":[{\"@type\":\"SearchAction\",\"target\":{\"@type\":\"EntryPoint\",\"urlTemplate\":\"https:\\\/\\\/www.saopaulo.sp.leg.br\\\/coronavirus\\\/?s={search_term_string}\"},\"query-input\":{\"@type\":\"PropertyValueSpecification\",\"valueRequired\":true,\"valueName\":\"search_term_string\"}}],\"inLanguage\":\"pt-BR\"}]}<\/script>\n<!-- \/ Yoast SEO plugin. -->","yoast_head_json":{"title":"Quais os sintomas do Covid-19? Quanto tempo dura a incuba\u00e7\u00e3o? Como se transmite?","description":"Os sintomas do coronav\u00edrus s\u00e3o principalmente respirat\u00f3rios, semelhantes a um resfriado. Pode tamb\u00e9m causar infec\u00e7\u00f5es, como as pneumonias","robots":{"index":"index","follow":"follow","max-snippet":"max-snippet:-1","max-image-preview":"max-image-preview:large","max-video-preview":"max-video-preview:-1"},"canonical":"https:\/\/www.saopaulo.sp.leg.br\/coronavirus\/duvidas\/sintomas-do-coronavirus\/","og_locale":"pt_BR","og_type":"article","og_title":"Quais os sintomas do Covid-19? Quanto tempo dura a incuba\u00e7\u00e3o? Como se transmite?","og_description":"Os sintomas do coronav\u00edrus s\u00e3o principalmente respirat\u00f3rios, semelhantes a um resfriado. Pode tamb\u00e9m causar infec\u00e7\u00f5es, como as pneumonias","og_url":"https:\/\/www.saopaulo.sp.leg.br\/coronavirus\/duvidas\/sintomas-do-coronavirus\/","og_site_name":"Coronav\u00edrus","article_modified_time":"2021-02-08T20:23:15+00:00","twitter_card":"summary_large_image","twitter_misc":{"Est. tempo de leitura":"1 minuto"},"schema":{"@context":"https:\/\/schema.org","@graph":[{"@type":"WebPage","@id":"https:\/\/www.saopaulo.sp.leg.br\/coronavirus\/duvidas\/sintomas-do-coronavirus\/","url":"https:\/\/www.saopaulo.sp.leg.br\/coronavirus\/duvidas\/sintomas-do-coronavirus\/","name":"Quais os sintomas do Covid-19? Quanto tempo dura a incuba\u00e7\u00e3o? Como se transmite?","isPartOf":{"@id":"https:\/\/www.saopaulo.sp.leg.br\/coronavirus\/#website"},"datePublished":"2020-03-27T22:06:07+00:00","dateModified":"2021-02-08T20:23:15+00:00","description":"Os sintomas do coronav\u00edrus s\u00e3o principalmente respirat\u00f3rios, semelhantes a um resfriado. Pode tamb\u00e9m causar infec\u00e7\u00f5es, como as pneumonias","breadcrumb":{"@id":"https:\/\/www.saopaulo.sp.leg.br\/coronavirus\/duvidas\/sintomas-do-coronavirus\/#breadcrumb"},"inLanguage":"pt-BR","potentialAction":[{"@type":"ReadAction","target":["https:\/\/www.saopaulo.sp.leg.br\/coronavirus\/duvidas\/sintomas-do-coronavirus\/"]}]},{"@type":"BreadcrumbList","@id":"https:\/\/www.saopaulo.sp.leg.br\/coronavirus\/duvidas\/sintomas-do-coronavirus\/#breadcrumb","itemListElement":[{"@type":"ListItem","position":1,"name":"In\u00edcio","item":"https:\/\/www.saopaulo.sp.leg.br\/coronavirus\/"},{"@type":"ListItem","position":2,"name":"D\u00favidas","item":"https:\/\/www.saopaulo.sp.leg.br\/coronavirus\/?page_id=454"},{"@type":"ListItem","position":3,"name":"Quais os sintomas do Covid-19? Quanto tempo dura a incuba\u00e7\u00e3o? Como se transmite?"}]},{"@type":"WebSite","@id":"https:\/\/www.saopaulo.sp.leg.br\/coronavirus\/#website","url":"https:\/\/www.saopaulo.sp.leg.br\/coronavirus\/","name":"Coronav\u00edrus","description":"Informa\u00e7\u00e3o no combate ao COVID-19","potentialAction":[{"@type":"SearchAction","target":{"@type":"EntryPoint","urlTemplate":"https:\/\/www.saopaulo.sp.leg.br\/coronavirus\/?s={search_term_string}"},"query-input":{"@type":"PropertyValueSpecification","valueRequired":true,"valueName":"search_term_string"}}],"inLanguage":"pt-BR"}]}},"_links":{"self":[{"href":"https:\/\/www.saopaulo.sp.leg.br\/coronavirus\/wp-json\/wp\/v2\/pages\/567","targetHints":{"allow":["GET"]}}],"collection":[{"href":"https:\/\/www.saopaulo.sp.leg.br\/coronavirus\/wp-json\/wp\/v2\/pages"}],"about":[{"href":"https:\/\/www.saopaulo.sp.leg.br\/coronavirus\/wp-json\/wp\/v2\/types\/page"}],"author":[{"embeddable":true,"href":"https:\/\/www.saopaulo.sp.leg.br\/coronavirus\/wp-json\/wp\/v2\/users\/630"}],"replies":[{"embeddable":true,"href":"https:\/\/www.saopaulo.sp.leg.br\/coronavirus\/wp-json\/wp\/v2\/comments?post=567"}],"version-history":[{"count":0,"href":"https:\/\/www.saopaulo.sp.leg.br\/coronavirus\/wp-json\/wp\/v2\/pages\/567\/revisions"}],"up":[{"embeddable":true,"href":"https:\/\/www.saopaulo.sp.leg.br\/coronavirus\/wp-json\/wp\/v2\/pages\/454"}],"wp:attachment":[{"href":"https:\/\/www.saopaulo.sp.leg.br\/coronavirus\/wp-json\/wp\/v2\/media?parent=567"}],"curies":[{"name":"wp","href":"https:\/\/api.w.org\/{rel}","templated":true}]}}