{"id":4422,"date":"2022-03-04T15:09:27","date_gmt":"2022-03-04T18:09:27","guid":{"rendered":"https:\/\/www.saopaulo.sp.leg.br\/coronavirus\/?page_id=4422"},"modified":"2023-10-10T15:20:04","modified_gmt":"2023-10-10T18:20:04","slug":"historico-de-medidas","status":"publish","type":"page","link":"https:\/\/www.saopaulo.sp.leg.br\/coronavirus\/historico-de-medidas\/","title":{"rendered":"Hist\u00f3rico de Medidas"},"content":{"rendered":"<p><a class=\"botao\" style=\"height: 60px;line-height: 60px\" href=\"http:\/\/www.saopaulo.sp.leg.br\/coronavirus\/comissao-de-saude-promocao-social-trabalho-e-mulher\/\">Conhe\u00e7a tamb\u00e9m a Comiss\u00e3o de Sa\u00fade, Promo\u00e7\u00e3o Social, Trabalho, Idoso e Mulher<\/a><br \/>\n<a class=\"botao\" style=\"height: 60px;line-height: 60px\" href=\"https:\/\/www.saopaulo.sp.leg.br\/coronavirus\/comite-civil-de-acompanhamento-ao-coronavirus\/\">Conhe\u00e7a tamb\u00e9m o Comit\u00ea Civil de Acompanhamento ao Coronav\u00edrus<\/a><br \/>\n<a class=\"botao\" style=\"height: 60px;line-height: 60px;margin-bottom: 40px\" href=\"https:\/\/www.saopaulo.sp.leg.br\/coronavirus\/camara-tecnica-conjunta-de-combate-a-epidemia-do-coronavirus\/\">Conhe\u00e7a tamb\u00e9m a C\u00e2mara T\u00e9cnica Conjunta de Combate \u00e0 Epidemia do Coronav\u00edrus<\/a><\/p>\n<h1>A Renda B\u00e1sica Emergencial<\/h1>\n<p>O programa Renda B\u00e1sica Emergencial beneficiar\u00e1 as 480.177 fam\u00edlias inscritas no Programa Bolsa Fam\u00edlia, do governo federal, at\u00e9 30 de setembro de 2020. Tamb\u00e9m ser\u00e3o beneficiadas as fam\u00edlias de trabalhadores ambulantes do com\u00e9rcio informal que atendam aos crit\u00e9rios do Programa Bolsa Fam\u00edlia e que possuam TPU (Termo de Permiss\u00e3o de Uso) vigente, ou que estejam cadastrados no Sistema T\u00f4 Legal para o com\u00e9rcio ou presta\u00e7\u00e3o de servi\u00e7os ambulantes.<\/p>\n<p>Al\u00e9m disso, pessoas com defici\u00eancia, independente de idade, receber\u00e3o um benef\u00edcio no valor de R$ 200 por m\u00eas, exceto para os mun\u00edcipes que recebem o BPC (Benef\u00edcio de Presta\u00e7\u00e3o Continuada).<\/p>\n<p>Em 2020, 1.265.827 pessoas receberam a Renda B\u00e1sica Emergencial. Do total de 480 mil fam\u00edlias cadastradas no Programa Bolsa Fam\u00edlia, 470.192 fam\u00edlias haviam recebido o benef\u00edcio at\u00e9 o momento, num total de R$ 391.304.400,00 pagos.<\/p>\n<h2>Calend\u00e1rio de pagamento<\/h2>\n<p>Segundo anunciado pela Prefeitura, o calend\u00e1rio de pagamento da Renda B\u00e1sica Emergencial ocorrer\u00e1 de acordo com o final do n\u00famero do NIS (N\u00famero de Identifica\u00e7\u00e3o Social) do benefici\u00e1rio do programa.<\/p>\n<p>A seguir, o calend\u00e1rio de pagamento do m\u00eas de mar\u00e7o:<\/p>\n<p><strong>Final do NIS: 1 e 2<\/strong><br \/>\nData do cr\u00e9dito: 25\/03\/21<\/p>\n<p><strong>Final do NIS: 3 e 4<\/strong><br \/>\nData do Cr\u00e9dito: 26\/03\/21<\/p>\n<p><strong>Final do NIS: 5 e 6<\/strong><br \/>\nData do Cr\u00e9dito: 29\/03\/21<\/p>\n<p><strong>Final do NIS: 7 e 8<\/strong><br \/>\nData do cr\u00e9dito: 30\/03\/21<\/p>\n<p><strong>Final do NIS: 9 e 0<\/strong><br \/>\nData do cr\u00e9dito: 31\/03\/21<\/p>\n<p>As datas de pagamento foram dilu\u00eddas para evitar aglomera\u00e7\u00f5es nas ag\u00eancias banc\u00e1rias no momento do saque do benef\u00edcio. Durante o feriado na capital paulista, 133 ag\u00eancias da CAIXA estar\u00e3o abertas para o atendimento dos benefici\u00e1rios da Renda B\u00e1sica.<\/p>\n<p>Para o recebimento da Renda B\u00e1sica Emergencial, n\u00e3o \u00e9 necess\u00e1rio que os mun\u00edcipes se dirijam aos CRAS (Centros de Refer\u00eancia de Assist\u00eancia Social), postos do Descomplica SP ou ag\u00eancias da CAIXA para realizar cadastros ou solicitar a abertura de conta.<\/p>\n<p>O benef\u00edcio ser\u00e1 gerado automaticamente para as fam\u00edlias que atendam aos crit\u00e9rios do programa. Os canais de atendimento ao cidad\u00e3o para d\u00favidas sobre o aux\u00edlio s\u00e3o o site da\u00a0<a href=\"https:\/\/www.prefeitura.sp.gov.br\/cidade\/secretarias\/assistencia_social\/\" target=\"_blank\" rel=\"noopener noreferrer\" data-auth=\"NotApplicable\" data-linkindex=\"1\">Secretaria Municipal de Assist\u00eancia e Desenvolvimento Social<\/a>\u00a0e a Central 156.<\/p>\n<p>A partir desta sexta-feira (26\/3), os mun\u00edcipes dever\u00e3o receber um SMS com a mensagem informando a data do pagamento e a disponibilidade dos recursos nos canais digitais. As mensagens ser\u00e3o enviadas no dia em que o cr\u00e9dito for liberado.<\/p>\n<p>As datas de pagamento de abril e maio ser\u00e3o divulgadas oportunamente.<\/p>\n","protected":false},"excerpt":{"rendered":"<p>Conhe\u00e7a tamb\u00e9m a Comiss\u00e3o de Sa\u00fade, Promo\u00e7\u00e3o Social, Trabalho, Idoso e Mulher Conhe\u00e7a tamb\u00e9m o Comit\u00ea Civil de Acompanhamento ao Coronav\u00edrus Conhe\u00e7a tamb\u00e9m a C\u00e2mara T\u00e9cnica Conjunta de Combate \u00e0 Epidemia do Coronav\u00edrus A Renda B\u00e1sica Emergencial O programa Renda B\u00e1sica Emergencial beneficiar\u00e1 as 480.177 fam\u00edlias inscritas no Programa Bolsa Fam\u00edlia, do governo federal, at\u00e9&#8230;  <a class=\"excerpt-read-more\" href=\"https:\/\/www.saopaulo.sp.leg.br\/coronavirus\/historico-de-medidas\/\" title=\"Read Hist\u00f3rico de Medidas\">Ler mais &raquo;<\/a><\/p>\n","protected":false},"author":733,"featured_media":0,"parent":0,"menu_order":0,"comment_status":"closed","ping_status":"closed","template":"page-rendabasica.php","meta":{"_acf_changed":false,"footnotes":""},"class_list":["post-4422","page","type-page","status-publish","hentry"],"acf":[],"yoast_head":"<!-- This site is optimized with the Yoast SEO plugin v27.4 - https:\/\/yoast.com\/product\/yoast-seo-wordpress\/ -->\n<title>Hist\u00f3rico de Medidas - Coronav\u00edrus<\/title>\n<meta name=\"robots\" content=\"index, follow, max-snippet:-1, max-image-preview:large, max-video-preview:-1\" \/>\n<link rel=\"canonical\" href=\"https:\/\/www.saopaulo.sp.leg.br\/coronavirus\/historico-de-medidas\/\" \/>\n<meta property=\"og:locale\" content=\"pt_BR\" \/>\n<meta property=\"og:type\" content=\"article\" \/>\n<meta property=\"og:title\" content=\"Hist\u00f3rico de Medidas - Coronav\u00edrus\" \/>\n<meta property=\"og:description\" content=\"Conhe\u00e7a tamb\u00e9m a Comiss\u00e3o de Sa\u00fade, Promo\u00e7\u00e3o Social, Trabalho, Idoso e Mulher Conhe\u00e7a tamb\u00e9m o Comit\u00ea Civil de Acompanhamento ao Coronav\u00edrus Conhe\u00e7a tamb\u00e9m a C\u00e2mara T\u00e9cnica Conjunta de Combate \u00e0 Epidemia do Coronav\u00edrus A Renda B\u00e1sica Emergencial O programa Renda B\u00e1sica Emergencial beneficiar\u00e1 as 480.177 fam\u00edlias inscritas no Programa Bolsa Fam\u00edlia, do governo federal, at\u00e9... Ler mais &raquo;\" \/>\n<meta property=\"og:url\" content=\"https:\/\/www.saopaulo.sp.leg.br\/coronavirus\/historico-de-medidas\/\" \/>\n<meta property=\"og:site_name\" content=\"Coronav\u00edrus\" \/>\n<meta property=\"article:modified_time\" content=\"2023-10-10T18:20:04+00:00\" \/>\n<meta name=\"twitter:card\" content=\"summary_large_image\" \/>\n<meta name=\"twitter:label1\" content=\"Est. tempo de leitura\" \/>\n\t<meta name=\"twitter:data1\" content=\"3 minutos\" \/>\n<script type=\"application\/ld+json\" class=\"yoast-schema-graph\">{\"@context\":\"https:\\\/\\\/schema.org\",\"@graph\":[{\"@type\":\"WebPage\",\"@id\":\"https:\\\/\\\/www.saopaulo.sp.leg.br\\\/coronavirus\\\/historico-de-medidas\\\/\",\"url\":\"https:\\\/\\\/www.saopaulo.sp.leg.br\\\/coronavirus\\\/historico-de-medidas\\\/\",\"name\":\"Hist\u00f3rico de Medidas - Coronav\u00edrus\",\"isPartOf\":{\"@id\":\"https:\\\/\\\/www.saopaulo.sp.leg.br\\\/coronavirus\\\/#website\"},\"datePublished\":\"2022-03-04T18:09:27+00:00\",\"dateModified\":\"2023-10-10T18:20:04+00:00\",\"breadcrumb\":{\"@id\":\"https:\\\/\\\/www.saopaulo.sp.leg.br\\\/coronavirus\\\/historico-de-medidas\\\/#breadcrumb\"},\"inLanguage\":\"pt-BR\",\"potentialAction\":[{\"@type\":\"ReadAction\",\"target\":[\"https:\\\/\\\/www.saopaulo.sp.leg.br\\\/coronavirus\\\/historico-de-medidas\\\/\"]}]},{\"@type\":\"BreadcrumbList\",\"@id\":\"https:\\\/\\\/www.saopaulo.sp.leg.br\\\/coronavirus\\\/historico-de-medidas\\\/#breadcrumb\",\"itemListElement\":[{\"@type\":\"ListItem\",\"position\":1,\"name\":\"In\u00edcio\",\"item\":\"https:\\\/\\\/www.saopaulo.sp.leg.br\\\/coronavirus\\\/\"},{\"@type\":\"ListItem\",\"position\":2,\"name\":\"Hist\u00f3rico de Medidas\"}]},{\"@type\":\"WebSite\",\"@id\":\"https:\\\/\\\/www.saopaulo.sp.leg.br\\\/coronavirus\\\/#website\",\"url\":\"https:\\\/\\\/www.saopaulo.sp.leg.br\\\/coronavirus\\\/\",\"name\":\"Coronav\u00edrus\",\"description\":\"Informa\u00e7\u00e3o no combate ao COVID-19\",\"potentialAction\":[{\"@type\":\"SearchAction\",\"target\":{\"@type\":\"EntryPoint\",\"urlTemplate\":\"https:\\\/\\\/www.saopaulo.sp.leg.br\\\/coronavirus\\\/?s={search_term_string}\"},\"query-input\":{\"@type\":\"PropertyValueSpecification\",\"valueRequired\":true,\"valueName\":\"search_term_string\"}}],\"inLanguage\":\"pt-BR\"}]}<\/script>\n<!-- \/ Yoast SEO plugin. -->","yoast_head_json":{"title":"Hist\u00f3rico de Medidas - Coronav\u00edrus","robots":{"index":"index","follow":"follow","max-snippet":"max-snippet:-1","max-image-preview":"max-image-preview:large","max-video-preview":"max-video-preview:-1"},"canonical":"https:\/\/www.saopaulo.sp.leg.br\/coronavirus\/historico-de-medidas\/","og_locale":"pt_BR","og_type":"article","og_title":"Hist\u00f3rico de Medidas - Coronav\u00edrus","og_description":"Conhe\u00e7a tamb\u00e9m a Comiss\u00e3o de Sa\u00fade, Promo\u00e7\u00e3o Social, Trabalho, Idoso e Mulher Conhe\u00e7a tamb\u00e9m o Comit\u00ea Civil de Acompanhamento ao Coronav\u00edrus Conhe\u00e7a tamb\u00e9m a C\u00e2mara T\u00e9cnica Conjunta de Combate \u00e0 Epidemia do Coronav\u00edrus A Renda B\u00e1sica Emergencial O programa Renda B\u00e1sica Emergencial beneficiar\u00e1 as 480.177 fam\u00edlias inscritas no Programa Bolsa Fam\u00edlia, do governo federal, at\u00e9... Ler mais &raquo;","og_url":"https:\/\/www.saopaulo.sp.leg.br\/coronavirus\/historico-de-medidas\/","og_site_name":"Coronav\u00edrus","article_modified_time":"2023-10-10T18:20:04+00:00","twitter_card":"summary_large_image","twitter_misc":{"Est. tempo de leitura":"3 minutos"},"schema":{"@context":"https:\/\/schema.org","@graph":[{"@type":"WebPage","@id":"https:\/\/www.saopaulo.sp.leg.br\/coronavirus\/historico-de-medidas\/","url":"https:\/\/www.saopaulo.sp.leg.br\/coronavirus\/historico-de-medidas\/","name":"Hist\u00f3rico de Medidas - Coronav\u00edrus","isPartOf":{"@id":"https:\/\/www.saopaulo.sp.leg.br\/coronavirus\/#website"},"datePublished":"2022-03-04T18:09:27+00:00","dateModified":"2023-10-10T18:20:04+00:00","breadcrumb":{"@id":"https:\/\/www.saopaulo.sp.leg.br\/coronavirus\/historico-de-medidas\/#breadcrumb"},"inLanguage":"pt-BR","potentialAction":[{"@type":"ReadAction","target":["https:\/\/www.saopaulo.sp.leg.br\/coronavirus\/historico-de-medidas\/"]}]},{"@type":"BreadcrumbList","@id":"https:\/\/www.saopaulo.sp.leg.br\/coronavirus\/historico-de-medidas\/#breadcrumb","itemListElement":[{"@type":"ListItem","position":1,"name":"In\u00edcio","item":"https:\/\/www.saopaulo.sp.leg.br\/coronavirus\/"},{"@type":"ListItem","position":2,"name":"Hist\u00f3rico de Medidas"}]},{"@type":"WebSite","@id":"https:\/\/www.saopaulo.sp.leg.br\/coronavirus\/#website","url":"https:\/\/www.saopaulo.sp.leg.br\/coronavirus\/","name":"Coronav\u00edrus","description":"Informa\u00e7\u00e3o no combate ao COVID-19","potentialAction":[{"@type":"SearchAction","target":{"@type":"EntryPoint","urlTemplate":"https:\/\/www.saopaulo.sp.leg.br\/coronavirus\/?s={search_term_string}"},"query-input":{"@type":"PropertyValueSpecification","valueRequired":true,"valueName":"search_term_string"}}],"inLanguage":"pt-BR"}]}},"_links":{"self":[{"href":"https:\/\/www.saopaulo.sp.leg.br\/coronavirus\/wp-json\/wp\/v2\/pages\/4422","targetHints":{"allow":["GET"]}}],"collection":[{"href":"https:\/\/www.saopaulo.sp.leg.br\/coronavirus\/wp-json\/wp\/v2\/pages"}],"about":[{"href":"https:\/\/www.saopaulo.sp.leg.br\/coronavirus\/wp-json\/wp\/v2\/types\/page"}],"author":[{"embeddable":true,"href":"https:\/\/www.saopaulo.sp.leg.br\/coronavirus\/wp-json\/wp\/v2\/users\/733"}],"replies":[{"embeddable":true,"href":"https:\/\/www.saopaulo.sp.leg.br\/coronavirus\/wp-json\/wp\/v2\/comments?post=4422"}],"version-history":[{"count":0,"href":"https:\/\/www.saopaulo.sp.leg.br\/coronavirus\/wp-json\/wp\/v2\/pages\/4422\/revisions"}],"wp:attachment":[{"href":"https:\/\/www.saopaulo.sp.leg.br\/coronavirus\/wp-json\/wp\/v2\/media?parent=4422"}],"curies":[{"name":"wp","href":"https:\/\/api.w.org\/{rel}","templated":true}]}}