{"id":1783,"date":"2020-06-25T18:29:52","date_gmt":"2020-06-25T21:29:52","guid":{"rendered":"http:\/\/www.saopaulo.sp.leg.br\/coronavirus\/?page_id=1783"},"modified":"2020-07-01T21:45:54","modified_gmt":"2020-07-02T00:45:54","slug":"debateinternacional","status":"publish","type":"page","link":"https:\/\/www.saopaulo.sp.leg.br\/coronavirus\/debateinternacional\/","title":{"rendered":""},"content":{"rendered":"<div style=\"height: 80px\"><\/div>\n<h2>A luta contra a pandemia em tr\u00eas capitais sul-americanas: S\u00e3o Paulo, Buenos Aires e Bogot\u00e1<\/h2>\n<img loading=\"lazy\" decoding=\"async\" class=\"alignnone size-full wp-image-1906\" src=\"https:\/\/www.saopaulo.sp.leg.br\/coronavirus\/wp-content\/uploads\/sites\/33\/2020\/07\/C\u00f3pia-de-p\u00e1gina-debate-inter.-combate-ao-corona-v\u00edrus-2.png\" alt=\"\" width=\"961\" height=\"189\" srcset=\"https:\/\/www.saopaulo.sp.leg.br\/coronavirus\/wp-content\/uploads\/sites\/33\/2020\/07\/C\u00f3pia-de-p\u00e1gina-debate-inter.-combate-ao-corona-v\u00edrus-2.png 961w, https:\/\/www.saopaulo.sp.leg.br\/coronavirus\/wp-content\/uploads\/sites\/33\/2020\/07\/C\u00f3pia-de-p\u00e1gina-debate-inter.-combate-ao-corona-v\u00edrus-2-300x59.png 300w, https:\/\/www.saopaulo.sp.leg.br\/coronavirus\/wp-content\/uploads\/sites\/33\/2020\/07\/C\u00f3pia-de-p\u00e1gina-debate-inter.-combate-ao-corona-v\u00edrus-2-768x151.png 768w\" sizes=\"auto, (max-width: 961px) 100vw, 961px\" \/>\n<p style=\"text-align: center\"><strong>Veja como foi o Debate Internacional &#8211; Combate ao Coronav\u00edrus<\/strong><\/p>\n<p><iframe loading=\"lazy\" title=\"Debate Internacional: Combate ao Coronav\u00edrus | 01\/07\/2020\" width=\"680\" height=\"383\" src=\"https:\/\/www.youtube.com\/embed\/EiClxBybl88?feature=oembed\" frameborder=\"0\" allow=\"accelerometer; autoplay; encrypted-media; gyroscope; picture-in-picture\" allowfullscreen><\/iframe><\/p>\n<p>A C\u00e2mara Municipal de S\u00e3o Paulo, em colabora\u00e7\u00e3o com a Rede de Pesquisa Solid\u00e1ria e o instituto de Estudos Avan\u00e7ados da USP, tem a honra de promover um debate com representantes de tr\u00eas atores fundamentais e que lideram o enfrentamento \u00e0 pandemia em S\u00e3o Paulo, Bogot\u00e1 e Buenos Aires.\u00a0S\u00e3o tr\u00eas grandes capitais com experi\u00eancias e resultados distintos na redu\u00e7\u00e3o dos impactos negativos da Covid-19.<\/p>\n<img loading=\"lazy\" decoding=\"async\" class=\"alignnone size-full wp-image-1816\" src=\"https:\/\/www.saopaulo.sp.leg.br\/coronavirus\/wp-content\/uploads\/sites\/33\/2020\/06\/Debate-infografico-1.png\" alt=\"\" width=\"1080\" height=\"751\" srcset=\"https:\/\/www.saopaulo.sp.leg.br\/coronavirus\/wp-content\/uploads\/sites\/33\/2020\/06\/Debate-infografico-1.png 1080w, https:\/\/www.saopaulo.sp.leg.br\/coronavirus\/wp-content\/uploads\/sites\/33\/2020\/06\/Debate-infografico-1-300x209.png 300w, https:\/\/www.saopaulo.sp.leg.br\/coronavirus\/wp-content\/uploads\/sites\/33\/2020\/06\/Debate-infografico-1-1024x712.png 1024w, https:\/\/www.saopaulo.sp.leg.br\/coronavirus\/wp-content\/uploads\/sites\/33\/2020\/06\/Debate-infografico-1-768x534.png 768w\" sizes=\"auto, (max-width: 1080px) 100vw, 1080px\" \/>\n<img loading=\"lazy\" decoding=\"async\" class=\"alignleft wp-image-1812 size-thumbnail\" src=\"https:\/\/www.saopaulo.sp.leg.br\/coronavirus\/wp-content\/uploads\/sites\/33\/2020\/06\/donato-150x150.jpg\" alt=\"\" width=\"150\" height=\"150\" srcset=\"https:\/\/www.saopaulo.sp.leg.br\/coronavirus\/wp-content\/uploads\/sites\/33\/2020\/06\/donato-150x150.jpg 150w, https:\/\/www.saopaulo.sp.leg.br\/coronavirus\/wp-content\/uploads\/sites\/33\/2020\/06\/donato-125x125.jpg 125w\" sizes=\"auto, (max-width: 150px) 100vw, 150px\" \/>\n<p>Presidente da Mesa:<\/p>\n<p><strong>Vereador Antonio Donato (PT).<\/strong><br \/>\nPresidente da Comiss\u00e3o de Finan\u00e7as da C\u00e2mara Municipal de S\u00e3o Paulo<\/p>\n<p>&nbsp;<\/p>\n<p>&nbsp;<\/p>\n<img loading=\"lazy\" decoding=\"async\" class=\"alignleft wp-image-1818 size-thumbnail\" src=\"https:\/\/www.saopaulo.sp.leg.br\/coronavirus\/wp-content\/uploads\/sites\/33\/2020\/06\/LorenaBarberia-150x150.jpg\" alt=\"\" width=\"150\" height=\"150\" srcset=\"https:\/\/www.saopaulo.sp.leg.br\/coronavirus\/wp-content\/uploads\/sites\/33\/2020\/06\/LorenaBarberia-150x150.jpg 150w, https:\/\/www.saopaulo.sp.leg.br\/coronavirus\/wp-content\/uploads\/sites\/33\/2020\/06\/LorenaBarberia-125x125.jpg 125w, https:\/\/www.saopaulo.sp.leg.br\/coronavirus\/wp-content\/uploads\/sites\/33\/2020\/06\/LorenaBarberia.jpg 256w\" sizes=\"auto, (max-width: 150px) 100vw, 150px\" \/>\n<p>Media\u00e7\u00e3o:<\/p>\n<p><strong>Profa. Lorena Barberia<\/strong>,<br \/>\nda Rede de Pesquisa Solid\u00e1ria e da USP<\/p>\n<p>&nbsp;<\/p>\n<h2>DEBATEDORES<\/h2>\n<p>&nbsp;<\/p>\n<img loading=\"lazy\" decoding=\"async\" class=\"alignleft wp-image-1829 size-thumbnail\" src=\"https:\/\/www.saopaulo.sp.leg.br\/coronavirus\/wp-content\/uploads\/sites\/33\/2020\/06\/Fernando-Straface-150x150.jpg\" alt=\"\" width=\"150\" height=\"150\" data-wp-editing=\"1\" srcset=\"https:\/\/www.saopaulo.sp.leg.br\/coronavirus\/wp-content\/uploads\/sites\/33\/2020\/06\/Fernando-Straface-150x150.jpg 150w, https:\/\/www.saopaulo.sp.leg.br\/coronavirus\/wp-content\/uploads\/sites\/33\/2020\/06\/Fernando-Straface-125x125.jpg 125w, https:\/\/www.saopaulo.sp.leg.br\/coronavirus\/wp-content\/uploads\/sites\/33\/2020\/06\/Fernando-Straface.jpg 300w\" sizes=\"auto, (max-width: 150px) 100vw, 150px\" \/>\n<p><strong>Buenos Aires: Fernando Straface<\/strong><\/p>\n<p style=\"text-align: left\">Secret\u00e1rio General e Secret\u00e1rio de Rela\u00e7\u00f5es Internacionais da Cidade Aut\u00f4noma de Buenos Aires desde 2015 (Argentina). \u00c9 o respons\u00e1vel pela coordena\u00e7\u00e3o da resposta \u00e0 pandemia. Foi co-fundador e diretor executivo (2010-2015) do Centro de Implementaci\u00f3n de Pol\u00edticas P\u00fablicas para la Equidad y el Crecimiento (CIPPEC), um dos mais importantes <em>think tanks<\/em> da Am\u00e9rica Latina. Especialista em governan\u00e7a e reforma do setor p\u00fablico, trabalhou no Banco Interamericano de Desenvolvimento (BID), no Banco Mundial e no Programa das Na\u00e7\u00f5es Unidas para o Desenvolvimento (PNUD). \u00c9 mestre em pol\u00edticas p\u00fablicas pela Universidade de Harvard.<\/p>\n<p><strong><img loading=\"lazy\" decoding=\"async\" class=\"wp-image-1828 size-thumbnail alignleft\" src=\"https:\/\/www.saopaulo.sp.leg.br\/coronavirus\/wp-content\/uploads\/sites\/33\/2020\/06\/Juan-Mauricio-Ram\u00edrez-150x150.jpg\" alt=\"\" width=\"150\" height=\"150\" srcset=\"https:\/\/www.saopaulo.sp.leg.br\/coronavirus\/wp-content\/uploads\/sites\/33\/2020\/06\/Juan-Mauricio-Ram\u00edrez-150x150.jpg 150w, https:\/\/www.saopaulo.sp.leg.br\/coronavirus\/wp-content\/uploads\/sites\/33\/2020\/06\/Juan-Mauricio-Ram\u00edrez-125x125.jpg 125w\" sizes=\"auto, (max-width: 150px) 100vw, 150px\" \/><\/strong><\/p>\n<p><strong>Bogot\u00e1: Juan Mauricio Ram\u00edrez<\/strong><\/p>\n<p>Secret\u00e1rio de Finan\u00e7as na Prefeitura de Bogot\u00e1 (Col\u00f4mbia) desde 2019, ano da elei\u00e7\u00e3o da Prefeita Claudia Nayibe L\u00f3pez Hern\u00e1ndez do Partido da Alianza Verde. Foi Subdiretor Geral do Departamento Nacional de Planejamento, Diretor de Pol\u00edtica Macroecon\u00f3mica do Minist\u00e9rio de Fazenda da Col\u00f4mbia, Diretor de Programas e Infla\u00e7\u00e3o do Banco de la Rep\u00fablica e Subdiretor do Fedesarrollo. \u00c9 mestre em economia pela Universidade de Los Andes-Universidade de Stanford (Estados Unidos).<\/p>\n<p><strong><img loading=\"lazy\" decoding=\"async\" class=\"size-full wp-image-1841 alignleft\" src=\"https:\/\/www.saopaulo.sp.leg.br\/coronavirus\/wp-content\/uploads\/sites\/33\/2020\/06\/Edjane-Torre\u00e3o-Brito-e1593193413987.png\" alt=\"\" width=\"150\" height=\"150\" srcset=\"https:\/\/www.saopaulo.sp.leg.br\/coronavirus\/wp-content\/uploads\/sites\/33\/2020\/06\/Edjane-Torre\u00e3o-Brito-e1593193413987.png 150w, https:\/\/www.saopaulo.sp.leg.br\/coronavirus\/wp-content\/uploads\/sites\/33\/2020\/06\/Edjane-Torre\u00e3o-Brito-e1593193413987-125x125.png 125w\" sizes=\"auto, (max-width: 150px) 100vw, 150px\" \/><\/strong><\/p>\n<p><strong>S\u00e3o Paulo: Dra Edjane Torre\u00e3o Brito<\/strong><\/p>\n<p>&nbsp;<\/p>\n<p>Secret\u00e1ria Adjunta da Secretaria da Sa\u00fade. \u00c9 m\u00e9dica pediatra, homeopata e sanitarista. Desde 2007 \u00e9 Coordenadora da Aten\u00e7\u00e3o B\u00e1sica da Secretaria Municipal de Sa\u00fade da Prefeitura de S\u00e3o Paulo.<\/p>\n<h2 style=\"margin-bottom: 25px;margin-top: 50px;clear: both\">Assista nas redes sociais:<\/h2>\n<div style=\"width: 30%;margin-right: 3%;text-align: center;float: left\"><a href=\"https:\/\/www.youtube.com\/camarasaopaulo\" target=\"_blank\" rel=\"noopener noreferrer\"><img loading=\"lazy\" decoding=\"async\" class=\"wp-image-1846 size-full alignnone\" src=\"https:\/\/www.saopaulo.sp.leg.br\/coronavirus\/wp-content\/uploads\/sites\/33\/2020\/06\/Youtube.png\" alt=\"\" width=\"150\" height=\"150\" srcset=\"https:\/\/www.saopaulo.sp.leg.br\/coronavirus\/wp-content\/uploads\/sites\/33\/2020\/06\/Youtube.png 150w, https:\/\/www.saopaulo.sp.leg.br\/coronavirus\/wp-content\/uploads\/sites\/33\/2020\/06\/Youtube-125x125.png 125w\" sizes=\"auto, (max-width: 150px) 100vw, 150px\" \/><\/a><\/div>\n<div style=\"width: 30%;margin-right: 3%;text-align: center;float: left\"><a href=\"http:\/\/facebook.com\/camarasaopaulo\" target=\"_blank\" rel=\"noopener noreferrer\"><img loading=\"lazy\" decoding=\"async\" class=\"size-full wp-image-1845 alignnone\" src=\"https:\/\/www.saopaulo.sp.leg.br\/coronavirus\/wp-content\/uploads\/sites\/33\/2020\/06\/facebook.png\" alt=\"\" width=\"150\" height=\"150\" srcset=\"https:\/\/www.saopaulo.sp.leg.br\/coronavirus\/wp-content\/uploads\/sites\/33\/2020\/06\/facebook.png 150w, https:\/\/www.saopaulo.sp.leg.br\/coronavirus\/wp-content\/uploads\/sites\/33\/2020\/06\/facebook-125x125.png 125w\" sizes=\"auto, (max-width: 150px) 100vw, 150px\" \/><\/a><\/div>\n<div style=\"width: 30%;text-align: center;float: left\"><\/div>\n<div style=\"height: 50px\"><\/div>\n<img loading=\"lazy\" decoding=\"async\" class=\"alignnone size-full wp-image-1848\" src=\"https:\/\/www.saopaulo.sp.leg.br\/coronavirus\/wp-content\/uploads\/sites\/33\/2020\/06\/regua-debate-inter.-combate-ao-corona-v\u00edrus.png\" alt=\"\" width=\"961\" height=\"189\" srcset=\"https:\/\/www.saopaulo.sp.leg.br\/coronavirus\/wp-content\/uploads\/sites\/33\/2020\/06\/regua-debate-inter.-combate-ao-corona-v\u00edrus.png 961w, https:\/\/www.saopaulo.sp.leg.br\/coronavirus\/wp-content\/uploads\/sites\/33\/2020\/06\/regua-debate-inter.-combate-ao-corona-v\u00edrus-300x59.png 300w, https:\/\/www.saopaulo.sp.leg.br\/coronavirus\/wp-content\/uploads\/sites\/33\/2020\/06\/regua-debate-inter.-combate-ao-corona-v\u00edrus-768x151.png 768w\" sizes=\"auto, (max-width: 961px) 100vw, 961px\" \/>\n","protected":false},"excerpt":{"rendered":"<p>A luta contra a pandemia em tr\u00eas capitais sul-americanas: S\u00e3o Paulo, Buenos Aires e Bogot\u00e1 Veja como foi o Debate Internacional &#8211; Combate ao Coronav\u00edrus A C\u00e2mara Municipal de S\u00e3o Paulo, em colabora\u00e7\u00e3o com a Rede de Pesquisa Solid\u00e1ria e o instituto de Estudos Avan\u00e7ados da USP, tem a honra de promover um debate com&#8230;  <a class=\"excerpt-read-more\" href=\"https:\/\/www.saopaulo.sp.leg.br\/coronavirus\/debateinternacional\/\" title=\"Read \">Ler mais &raquo;<\/a><\/p>\n","protected":false},"author":16,"featured_media":1822,"parent":0,"menu_order":0,"comment_status":"closed","ping_status":"closed","template":"","meta":{"_acf_changed":false,"footnotes":""},"class_list":["post-1783","page","type-page","status-publish","has-post-thumbnail","hentry"],"acf":[],"yoast_head":"<!-- This site is optimized with the Yoast SEO plugin v27.4 - https:\/\/yoast.com\/product\/yoast-seo-wordpress\/ -->\n<title>- Coronav\u00edrus<\/title>\n<meta name=\"robots\" content=\"index, follow, max-snippet:-1, max-image-preview:large, max-video-preview:-1\" \/>\n<link rel=\"canonical\" href=\"https:\/\/www.saopaulo.sp.leg.br\/coronavirus\/debateinternacional\/\" \/>\n<meta property=\"og:locale\" content=\"pt_BR\" \/>\n<meta property=\"og:type\" content=\"article\" \/>\n<meta property=\"og:title\" content=\"- Coronav\u00edrus\" \/>\n<meta property=\"og:description\" content=\"A luta contra a pandemia em tr\u00eas capitais sul-americanas: S\u00e3o Paulo, Buenos Aires e Bogot\u00e1 Veja como foi o Debate Internacional &#8211; Combate ao Coronav\u00edrus A C\u00e2mara Municipal de S\u00e3o Paulo, em colabora\u00e7\u00e3o com a Rede de Pesquisa Solid\u00e1ria e o instituto de Estudos Avan\u00e7ados da USP, tem a honra de promover um debate com... Ler mais &raquo;\" \/>\n<meta property=\"og:url\" content=\"https:\/\/www.saopaulo.sp.leg.br\/coronavirus\/debateinternacional\/\" \/>\n<meta property=\"og:site_name\" content=\"Coronav\u00edrus\" \/>\n<meta property=\"article:modified_time\" content=\"2020-07-02T00:45:54+00:00\" \/>\n<meta property=\"og:image\" content=\"https:\/\/www.saopaulo.sp.leg.br\/coronavirus\/wp-content\/uploads\/sites\/33\/2020\/06\/Debate-Inter-Combate-ao-Coronav\u00edrus-4.png\" \/>\n\t<meta property=\"og:image:width\" content=\"500\" \/>\n\t<meta property=\"og:image:height\" content=\"500\" \/>\n\t<meta property=\"og:image:type\" content=\"image\/png\" \/>\n<meta name=\"twitter:card\" content=\"summary_large_image\" \/>\n<meta name=\"twitter:label1\" content=\"Est. tempo de leitura\" \/>\n\t<meta name=\"twitter:data1\" content=\"2 minutos\" \/>\n<script type=\"application\/ld+json\" class=\"yoast-schema-graph\">{\"@context\":\"https:\\\/\\\/schema.org\",\"@graph\":[{\"@type\":\"WebPage\",\"@id\":\"https:\\\/\\\/www.saopaulo.sp.leg.br\\\/coronavirus\\\/debateinternacional\\\/\",\"url\":\"https:\\\/\\\/www.saopaulo.sp.leg.br\\\/coronavirus\\\/debateinternacional\\\/\",\"name\":\"- Coronav\u00edrus\",\"isPartOf\":{\"@id\":\"https:\\\/\\\/www.saopaulo.sp.leg.br\\\/coronavirus\\\/#website\"},\"primaryImageOfPage\":{\"@id\":\"https:\\\/\\\/www.saopaulo.sp.leg.br\\\/coronavirus\\\/debateinternacional\\\/#primaryimage\"},\"image\":{\"@id\":\"https:\\\/\\\/www.saopaulo.sp.leg.br\\\/coronavirus\\\/debateinternacional\\\/#primaryimage\"},\"thumbnailUrl\":\"https:\\\/\\\/www.saopaulo.sp.leg.br\\\/coronavirus\\\/wp-content\\\/uploads\\\/sites\\\/33\\\/2020\\\/06\\\/Debate-Inter-Combate-ao-Coronav\u00edrus-4.png\",\"datePublished\":\"2020-06-25T21:29:52+00:00\",\"dateModified\":\"2020-07-02T00:45:54+00:00\",\"inLanguage\":\"pt-BR\",\"potentialAction\":[{\"@type\":\"ReadAction\",\"target\":[\"https:\\\/\\\/www.saopaulo.sp.leg.br\\\/coronavirus\\\/debateinternacional\\\/\"]}]},{\"@type\":\"ImageObject\",\"inLanguage\":\"pt-BR\",\"@id\":\"https:\\\/\\\/www.saopaulo.sp.leg.br\\\/coronavirus\\\/debateinternacional\\\/#primaryimage\",\"url\":\"https:\\\/\\\/www.saopaulo.sp.leg.br\\\/coronavirus\\\/wp-content\\\/uploads\\\/sites\\\/33\\\/2020\\\/06\\\/Debate-Inter-Combate-ao-Coronav\u00edrus-4.png\",\"contentUrl\":\"https:\\\/\\\/www.saopaulo.sp.leg.br\\\/coronavirus\\\/wp-content\\\/uploads\\\/sites\\\/33\\\/2020\\\/06\\\/Debate-Inter-Combate-ao-Coronav\u00edrus-4.png\",\"width\":500,\"height\":500},{\"@type\":\"WebSite\",\"@id\":\"https:\\\/\\\/www.saopaulo.sp.leg.br\\\/coronavirus\\\/#website\",\"url\":\"https:\\\/\\\/www.saopaulo.sp.leg.br\\\/coronavirus\\\/\",\"name\":\"Coronav\u00edrus\",\"description\":\"Informa\u00e7\u00e3o no combate ao COVID-19\",\"potentialAction\":[{\"@type\":\"SearchAction\",\"target\":{\"@type\":\"EntryPoint\",\"urlTemplate\":\"https:\\\/\\\/www.saopaulo.sp.leg.br\\\/coronavirus\\\/?s={search_term_string}\"},\"query-input\":{\"@type\":\"PropertyValueSpecification\",\"valueRequired\":true,\"valueName\":\"search_term_string\"}}],\"inLanguage\":\"pt-BR\"}]}<\/script>\n<!-- \/ Yoast SEO plugin. -->","yoast_head_json":{"title":"- Coronav\u00edrus","robots":{"index":"index","follow":"follow","max-snippet":"max-snippet:-1","max-image-preview":"max-image-preview:large","max-video-preview":"max-video-preview:-1"},"canonical":"https:\/\/www.saopaulo.sp.leg.br\/coronavirus\/debateinternacional\/","og_locale":"pt_BR","og_type":"article","og_title":"- Coronav\u00edrus","og_description":"A luta contra a pandemia em tr\u00eas capitais sul-americanas: S\u00e3o Paulo, Buenos Aires e Bogot\u00e1 Veja como foi o Debate Internacional &#8211; Combate ao Coronav\u00edrus A C\u00e2mara Municipal de S\u00e3o Paulo, em colabora\u00e7\u00e3o com a Rede de Pesquisa Solid\u00e1ria e o instituto de Estudos Avan\u00e7ados da USP, tem a honra de promover um debate com... Ler mais &raquo;","og_url":"https:\/\/www.saopaulo.sp.leg.br\/coronavirus\/debateinternacional\/","og_site_name":"Coronav\u00edrus","article_modified_time":"2020-07-02T00:45:54+00:00","og_image":[{"width":500,"height":500,"url":"https:\/\/www.saopaulo.sp.leg.br\/coronavirus\/wp-content\/uploads\/sites\/33\/2020\/06\/Debate-Inter-Combate-ao-Coronav\u00edrus-4.png","type":"image\/png"}],"twitter_card":"summary_large_image","twitter_misc":{"Est. tempo de leitura":"2 minutos"},"schema":{"@context":"https:\/\/schema.org","@graph":[{"@type":"WebPage","@id":"https:\/\/www.saopaulo.sp.leg.br\/coronavirus\/debateinternacional\/","url":"https:\/\/www.saopaulo.sp.leg.br\/coronavirus\/debateinternacional\/","name":"- Coronav\u00edrus","isPartOf":{"@id":"https:\/\/www.saopaulo.sp.leg.br\/coronavirus\/#website"},"primaryImageOfPage":{"@id":"https:\/\/www.saopaulo.sp.leg.br\/coronavirus\/debateinternacional\/#primaryimage"},"image":{"@id":"https:\/\/www.saopaulo.sp.leg.br\/coronavirus\/debateinternacional\/#primaryimage"},"thumbnailUrl":"https:\/\/www.saopaulo.sp.leg.br\/coronavirus\/wp-content\/uploads\/sites\/33\/2020\/06\/Debate-Inter-Combate-ao-Coronav\u00edrus-4.png","datePublished":"2020-06-25T21:29:52+00:00","dateModified":"2020-07-02T00:45:54+00:00","inLanguage":"pt-BR","potentialAction":[{"@type":"ReadAction","target":["https:\/\/www.saopaulo.sp.leg.br\/coronavirus\/debateinternacional\/"]}]},{"@type":"ImageObject","inLanguage":"pt-BR","@id":"https:\/\/www.saopaulo.sp.leg.br\/coronavirus\/debateinternacional\/#primaryimage","url":"https:\/\/www.saopaulo.sp.leg.br\/coronavirus\/wp-content\/uploads\/sites\/33\/2020\/06\/Debate-Inter-Combate-ao-Coronav\u00edrus-4.png","contentUrl":"https:\/\/www.saopaulo.sp.leg.br\/coronavirus\/wp-content\/uploads\/sites\/33\/2020\/06\/Debate-Inter-Combate-ao-Coronav\u00edrus-4.png","width":500,"height":500},{"@type":"WebSite","@id":"https:\/\/www.saopaulo.sp.leg.br\/coronavirus\/#website","url":"https:\/\/www.saopaulo.sp.leg.br\/coronavirus\/","name":"Coronav\u00edrus","description":"Informa\u00e7\u00e3o no combate ao COVID-19","potentialAction":[{"@type":"SearchAction","target":{"@type":"EntryPoint","urlTemplate":"https:\/\/www.saopaulo.sp.leg.br\/coronavirus\/?s={search_term_string}"},"query-input":{"@type":"PropertyValueSpecification","valueRequired":true,"valueName":"search_term_string"}}],"inLanguage":"pt-BR"}]}},"_links":{"self":[{"href":"https:\/\/www.saopaulo.sp.leg.br\/coronavirus\/wp-json\/wp\/v2\/pages\/1783","targetHints":{"allow":["GET"]}}],"collection":[{"href":"https:\/\/www.saopaulo.sp.leg.br\/coronavirus\/wp-json\/wp\/v2\/pages"}],"about":[{"href":"https:\/\/www.saopaulo.sp.leg.br\/coronavirus\/wp-json\/wp\/v2\/types\/page"}],"author":[{"embeddable":true,"href":"https:\/\/www.saopaulo.sp.leg.br\/coronavirus\/wp-json\/wp\/v2\/users\/16"}],"replies":[{"embeddable":true,"href":"https:\/\/www.saopaulo.sp.leg.br\/coronavirus\/wp-json\/wp\/v2\/comments?post=1783"}],"version-history":[{"count":0,"href":"https:\/\/www.saopaulo.sp.leg.br\/coronavirus\/wp-json\/wp\/v2\/pages\/1783\/revisions"}],"wp:featuredmedia":[{"embeddable":true,"href":"https:\/\/www.saopaulo.sp.leg.br\/coronavirus\/wp-json\/wp\/v2\/media\/1822"}],"wp:attachment":[{"href":"https:\/\/www.saopaulo.sp.leg.br\/coronavirus\/wp-json\/wp\/v2\/media?parent=1783"}],"curies":[{"name":"wp","href":"https:\/\/api.w.org\/{rel}","templated":true}]}}