{"id":1604,"date":"2020-06-02T12:17:20","date_gmt":"2020-06-02T15:17:20","guid":{"rendered":"http:\/\/www.saopaulo.sp.leg.br\/coronavirus\/?page_id=1604"},"modified":"2020-06-02T14:20:45","modified_gmt":"2020-06-02T17:20:45","slug":"quarentena-e-eletronicos-como-controlar-o-tempo-dos-pequenos-em-frente-as-telinhas","status":"publish","type":"page","link":"https:\/\/www.saopaulo.sp.leg.br\/coronavirus\/dicas\/quarentena-e-eletronicos-como-controlar-o-tempo-dos-pequenos-em-frente-as-telinhas\/","title":{"rendered":"Quarentena e eletr\u00f4nicos: Como controlar o tempo dos pequenos em frente \u00e0s telinhas"},"content":{"rendered":"<p>Em \u00e9poca de isolamento social, por causa da falta de atividades ao ar livre e calend\u00e1rio escolar alterado, muitas crian\u00e7as est\u00e3o passando mais tempo olhando para o celular, para o tablet, para o computador ou para a televis\u00e3o. Essa exposi\u00e7\u00e3o excessiva tem se tornado uma preocupa\u00e7\u00e3o constante dos pais.<\/p>\n<p>Um estudo da <a href=\"https:\/\/www.paho.org\/bra\/index.php?option=com_content&amp;view=article&amp;id=6101:covid19&amp;Itemid=875\">OMS (Organiza\u00e7\u00e3o Mundial de Sa\u00fade<\/a>) revelou o tempo indicado para a crian\u00e7ada manipular os equipamentos eletr\u00f4nicos. As crian\u00e7as devem passar, no m\u00e1ximo, uma hora em frente \u00e0s telas de forma sedent\u00e1ria, assistindo TV ou v\u00eddeos ou jogando em computador.<\/p>\n<p>*BEB\u00caS DE AT\u00c9 1 ANO:<\/p>\n<p>Nesta fase n\u00e3o \u00e9 recomendado ter contato com tela.<\/p>\n<p>*2 ANOS DE IDADE:<\/p>\n<p>Um tempo ideal \u00e9 de at\u00e9 uma hora (preferencialmente menos).<\/p>\n<p>*3 A 4 ANOS:<\/p>\n<p>O tempo sedent\u00e1rio de tela tamb\u00e9m n\u00e3o deve ultrapassar uma hora, sendo quanto menos, melhor.<\/p>\n<p>A OMS salienta a import\u00e2ncia da leitura e conta\u00e7\u00e3o de hist\u00f3ria. Os especialistas avaliaram os efeitos em crian\u00e7as do sono inadequado, do tempo passado em frente \u00e0s telas e avaliaram os benef\u00edcios do aumento dos n\u00edveis de atividade para a sa\u00fade dos pequenos.<\/p>\n<p><strong>PARA TODAS IDADES<\/strong><br \/>\n<strong><br \/>\n<\/strong>De acordo com a <a href=\"https:\/\/www.sbp.com.br\/imprensa\/detalhe\/nid\/sbp-atualiza-recomendacoes-sobre-saude-de-criancas-e-adolescentes-na-era-digital\/\">SBP (Sociedade Brasileira de Pediatria<\/a>), os problemas relacionados ao excesso de exposi\u00e7\u00e3o aos eletr\u00f4nicos podem envolver tanto quest\u00f5es f\u00edsicas quanto comportamentais. As crian\u00e7as podem apresentar dores musculares, articulares, m\u00e1 postura, dores de cabe\u00e7a, altera\u00e7\u00e3o visual e altera\u00e7\u00e3o de sono. Podem ainda ter sintomas de\u00a0<a href=\"http:\/\/revistacrescer.globo.com\/Criancas\/Comportamento\/noticia\/2013\/02\/crianca-tambem-sofre-de-ansiedade.html\">ansiedade<\/a>, irritabilidade, agressividade, queda do desempenho escolar e isolamento. Um <a href=\"https:\/\/www.sbp.com.br\/fileadmin\/user_upload\/_22246c-ManOrient_-__MenosTelas__MaisSaude.pdf\">manual<\/a> foi criado para auxiliar os pais em cada etapa da inf\u00e2ncia e adolesc\u00eancia. Veja algumas dicas:<\/p>\n<p>*Limitar o tempo de telas ao m\u00e1ximo de uma ou duas horas por dia, sempre com supervis\u00e3o para crian\u00e7as com idades entre seis e 10 anos.<\/p>\n<p>*Limitar o tempo de telas e jogos de videogames a duas ou tr\u00eas horas por dia, sempre com supervis\u00e3o; nunca \u201cvirar a noite\u201d jogando para adolescentes com idades entre 11 e 18 anos.<\/p>\n<p>*Nada de telas durante as refei\u00e7\u00f5es e desconectar uma a duas horas antes<\/p>\n<p>\u201cO ideal \u00e9 que o per\u00edodo que a crian\u00e7a fica exposta a telas n\u00e3o seja ininterrupto, mas intercalado com outras atividades de rotina, como estudo, leitura, brincadeiras e atividades ao ar livre\u201d, defendem os especialistas.<\/p>\n<p>*** Com informa\u00e7\u00f5es da OMS e Ag\u00eancia Brasil e Sociedade Brasileira de Pediatria<\/p>\n","protected":false},"excerpt":{"rendered":"<p>Em \u00e9poca de isolamento social, por causa da falta de atividades ao ar livre e calend\u00e1rio escolar alterado, muitas crian\u00e7as est\u00e3o passando mais tempo olhando para o celular, para o tablet, para o computador ou para a televis\u00e3o. Essa exposi\u00e7\u00e3o excessiva tem se tornado uma preocupa\u00e7\u00e3o constante dos pais. Um estudo da OMS (Organiza\u00e7\u00e3o Mundial&#8230;  <a class=\"excerpt-read-more\" href=\"https:\/\/www.saopaulo.sp.leg.br\/coronavirus\/dicas\/quarentena-e-eletronicos-como-controlar-o-tempo-dos-pequenos-em-frente-as-telinhas\/\" title=\"Read Quarentena e eletr\u00f4nicos: Como controlar o tempo dos pequenos em frente \u00e0s telinhas\">Ler mais &raquo;<\/a><\/p>\n","protected":false},"author":544,"featured_media":0,"parent":1064,"menu_order":0,"comment_status":"closed","ping_status":"closed","template":"page-simple.php","meta":{"_acf_changed":false,"footnotes":""},"class_list":["post-1604","page","type-page","status-publish","hentry"],"acf":[],"yoast_head":"<!-- This site is optimized with the Yoast SEO plugin v27.3 - https:\/\/yoast.com\/product\/yoast-seo-wordpress\/ -->\n<title>Quarentena e eletr\u00f4nicos: Como controlar o tempo dos pequenos em frente \u00e0s telinhas - Coronav\u00edrus<\/title>\n<meta name=\"robots\" content=\"index, follow, max-snippet:-1, max-image-preview:large, max-video-preview:-1\" \/>\n<link rel=\"canonical\" href=\"https:\/\/www.saopaulo.sp.leg.br\/coronavirus\/dicas\/quarentena-e-eletronicos-como-controlar-o-tempo-dos-pequenos-em-frente-as-telinhas\/\" \/>\n<meta property=\"og:locale\" content=\"pt_BR\" \/>\n<meta property=\"og:type\" content=\"article\" \/>\n<meta property=\"og:title\" content=\"Quarentena e eletr\u00f4nicos: Como controlar o tempo dos pequenos em frente \u00e0s telinhas - Coronav\u00edrus\" \/>\n<meta property=\"og:description\" content=\"Em \u00e9poca de isolamento social, por causa da falta de atividades ao ar livre e calend\u00e1rio escolar alterado, muitas crian\u00e7as est\u00e3o passando mais tempo olhando para o celular, para o tablet, para o computador ou para a televis\u00e3o. Essa exposi\u00e7\u00e3o excessiva tem se tornado uma preocupa\u00e7\u00e3o constante dos pais. Um estudo da OMS (Organiza\u00e7\u00e3o Mundial... Ler mais &raquo;\" \/>\n<meta property=\"og:url\" content=\"https:\/\/www.saopaulo.sp.leg.br\/coronavirus\/dicas\/quarentena-e-eletronicos-como-controlar-o-tempo-dos-pequenos-em-frente-as-telinhas\/\" \/>\n<meta property=\"og:site_name\" content=\"Coronav\u00edrus\" \/>\n<meta property=\"article:modified_time\" content=\"2020-06-02T17:20:45+00:00\" \/>\n<meta name=\"twitter:card\" content=\"summary_large_image\" \/>\n<meta name=\"twitter:label1\" content=\"Est. tempo de leitura\" \/>\n\t<meta name=\"twitter:data1\" content=\"2 minutos\" \/>\n<script type=\"application\/ld+json\" class=\"yoast-schema-graph\">{\"@context\":\"https:\\\/\\\/schema.org\",\"@graph\":[{\"@type\":\"WebPage\",\"@id\":\"https:\\\/\\\/www.saopaulo.sp.leg.br\\\/coronavirus\\\/dicas\\\/quarentena-e-eletronicos-como-controlar-o-tempo-dos-pequenos-em-frente-as-telinhas\\\/\",\"url\":\"https:\\\/\\\/www.saopaulo.sp.leg.br\\\/coronavirus\\\/dicas\\\/quarentena-e-eletronicos-como-controlar-o-tempo-dos-pequenos-em-frente-as-telinhas\\\/\",\"name\":\"Quarentena e eletr\u00f4nicos: Como controlar o tempo dos pequenos em frente \u00e0s telinhas - Coronav\u00edrus\",\"isPartOf\":{\"@id\":\"https:\\\/\\\/www.saopaulo.sp.leg.br\\\/coronavirus\\\/#website\"},\"datePublished\":\"2020-06-02T15:17:20+00:00\",\"dateModified\":\"2020-06-02T17:20:45+00:00\",\"breadcrumb\":{\"@id\":\"https:\\\/\\\/www.saopaulo.sp.leg.br\\\/coronavirus\\\/dicas\\\/quarentena-e-eletronicos-como-controlar-o-tempo-dos-pequenos-em-frente-as-telinhas\\\/#breadcrumb\"},\"inLanguage\":\"pt-BR\",\"potentialAction\":[{\"@type\":\"ReadAction\",\"target\":[\"https:\\\/\\\/www.saopaulo.sp.leg.br\\\/coronavirus\\\/dicas\\\/quarentena-e-eletronicos-como-controlar-o-tempo-dos-pequenos-em-frente-as-telinhas\\\/\"]}]},{\"@type\":\"BreadcrumbList\",\"@id\":\"https:\\\/\\\/www.saopaulo.sp.leg.br\\\/coronavirus\\\/dicas\\\/quarentena-e-eletronicos-como-controlar-o-tempo-dos-pequenos-em-frente-as-telinhas\\\/#breadcrumb\",\"itemListElement\":[{\"@type\":\"ListItem\",\"position\":1,\"name\":\"In\u00edcio\",\"item\":\"https:\\\/\\\/www.saopaulo.sp.leg.br\\\/coronavirus\\\/\"},{\"@type\":\"ListItem\",\"position\":2,\"name\":\"Dicas\",\"item\":\"https:\\\/\\\/www.saopaulo.sp.leg.br\\\/coronavirus\\\/?page_id=1064\"},{\"@type\":\"ListItem\",\"position\":3,\"name\":\"Quarentena e eletr\u00f4nicos: Como controlar o tempo dos pequenos em frente \u00e0s telinhas\"}]},{\"@type\":\"WebSite\",\"@id\":\"https:\\\/\\\/www.saopaulo.sp.leg.br\\\/coronavirus\\\/#website\",\"url\":\"https:\\\/\\\/www.saopaulo.sp.leg.br\\\/coronavirus\\\/\",\"name\":\"Coronav\u00edrus\",\"description\":\"Informa\u00e7\u00e3o no combate ao COVID-19\",\"potentialAction\":[{\"@type\":\"SearchAction\",\"target\":{\"@type\":\"EntryPoint\",\"urlTemplate\":\"https:\\\/\\\/www.saopaulo.sp.leg.br\\\/coronavirus\\\/?s={search_term_string}\"},\"query-input\":{\"@type\":\"PropertyValueSpecification\",\"valueRequired\":true,\"valueName\":\"search_term_string\"}}],\"inLanguage\":\"pt-BR\"}]}<\/script>\n<!-- \/ Yoast SEO plugin. -->","yoast_head_json":{"title":"Quarentena e eletr\u00f4nicos: Como controlar o tempo dos pequenos em frente \u00e0s telinhas - Coronav\u00edrus","robots":{"index":"index","follow":"follow","max-snippet":"max-snippet:-1","max-image-preview":"max-image-preview:large","max-video-preview":"max-video-preview:-1"},"canonical":"https:\/\/www.saopaulo.sp.leg.br\/coronavirus\/dicas\/quarentena-e-eletronicos-como-controlar-o-tempo-dos-pequenos-em-frente-as-telinhas\/","og_locale":"pt_BR","og_type":"article","og_title":"Quarentena e eletr\u00f4nicos: Como controlar o tempo dos pequenos em frente \u00e0s telinhas - Coronav\u00edrus","og_description":"Em \u00e9poca de isolamento social, por causa da falta de atividades ao ar livre e calend\u00e1rio escolar alterado, muitas crian\u00e7as est\u00e3o passando mais tempo olhando para o celular, para o tablet, para o computador ou para a televis\u00e3o. Essa exposi\u00e7\u00e3o excessiva tem se tornado uma preocupa\u00e7\u00e3o constante dos pais. Um estudo da OMS (Organiza\u00e7\u00e3o Mundial... Ler mais &raquo;","og_url":"https:\/\/www.saopaulo.sp.leg.br\/coronavirus\/dicas\/quarentena-e-eletronicos-como-controlar-o-tempo-dos-pequenos-em-frente-as-telinhas\/","og_site_name":"Coronav\u00edrus","article_modified_time":"2020-06-02T17:20:45+00:00","twitter_card":"summary_large_image","twitter_misc":{"Est. tempo de leitura":"2 minutos"},"schema":{"@context":"https:\/\/schema.org","@graph":[{"@type":"WebPage","@id":"https:\/\/www.saopaulo.sp.leg.br\/coronavirus\/dicas\/quarentena-e-eletronicos-como-controlar-o-tempo-dos-pequenos-em-frente-as-telinhas\/","url":"https:\/\/www.saopaulo.sp.leg.br\/coronavirus\/dicas\/quarentena-e-eletronicos-como-controlar-o-tempo-dos-pequenos-em-frente-as-telinhas\/","name":"Quarentena e eletr\u00f4nicos: Como controlar o tempo dos pequenos em frente \u00e0s telinhas - Coronav\u00edrus","isPartOf":{"@id":"https:\/\/www.saopaulo.sp.leg.br\/coronavirus\/#website"},"datePublished":"2020-06-02T15:17:20+00:00","dateModified":"2020-06-02T17:20:45+00:00","breadcrumb":{"@id":"https:\/\/www.saopaulo.sp.leg.br\/coronavirus\/dicas\/quarentena-e-eletronicos-como-controlar-o-tempo-dos-pequenos-em-frente-as-telinhas\/#breadcrumb"},"inLanguage":"pt-BR","potentialAction":[{"@type":"ReadAction","target":["https:\/\/www.saopaulo.sp.leg.br\/coronavirus\/dicas\/quarentena-e-eletronicos-como-controlar-o-tempo-dos-pequenos-em-frente-as-telinhas\/"]}]},{"@type":"BreadcrumbList","@id":"https:\/\/www.saopaulo.sp.leg.br\/coronavirus\/dicas\/quarentena-e-eletronicos-como-controlar-o-tempo-dos-pequenos-em-frente-as-telinhas\/#breadcrumb","itemListElement":[{"@type":"ListItem","position":1,"name":"In\u00edcio","item":"https:\/\/www.saopaulo.sp.leg.br\/coronavirus\/"},{"@type":"ListItem","position":2,"name":"Dicas","item":"https:\/\/www.saopaulo.sp.leg.br\/coronavirus\/?page_id=1064"},{"@type":"ListItem","position":3,"name":"Quarentena e eletr\u00f4nicos: Como controlar o tempo dos pequenos em frente \u00e0s telinhas"}]},{"@type":"WebSite","@id":"https:\/\/www.saopaulo.sp.leg.br\/coronavirus\/#website","url":"https:\/\/www.saopaulo.sp.leg.br\/coronavirus\/","name":"Coronav\u00edrus","description":"Informa\u00e7\u00e3o no combate ao COVID-19","potentialAction":[{"@type":"SearchAction","target":{"@type":"EntryPoint","urlTemplate":"https:\/\/www.saopaulo.sp.leg.br\/coronavirus\/?s={search_term_string}"},"query-input":{"@type":"PropertyValueSpecification","valueRequired":true,"valueName":"search_term_string"}}],"inLanguage":"pt-BR"}]}},"_links":{"self":[{"href":"https:\/\/www.saopaulo.sp.leg.br\/coronavirus\/wp-json\/wp\/v2\/pages\/1604","targetHints":{"allow":["GET"]}}],"collection":[{"href":"https:\/\/www.saopaulo.sp.leg.br\/coronavirus\/wp-json\/wp\/v2\/pages"}],"about":[{"href":"https:\/\/www.saopaulo.sp.leg.br\/coronavirus\/wp-json\/wp\/v2\/types\/page"}],"author":[{"embeddable":true,"href":"https:\/\/www.saopaulo.sp.leg.br\/coronavirus\/wp-json\/wp\/v2\/users\/544"}],"replies":[{"embeddable":true,"href":"https:\/\/www.saopaulo.sp.leg.br\/coronavirus\/wp-json\/wp\/v2\/comments?post=1604"}],"version-history":[{"count":0,"href":"https:\/\/www.saopaulo.sp.leg.br\/coronavirus\/wp-json\/wp\/v2\/pages\/1604\/revisions"}],"up":[{"embeddable":true,"href":"https:\/\/www.saopaulo.sp.leg.br\/coronavirus\/wp-json\/wp\/v2\/pages\/1064"}],"wp:attachment":[{"href":"https:\/\/www.saopaulo.sp.leg.br\/coronavirus\/wp-json\/wp\/v2\/media?parent=1604"}],"curies":[{"name":"wp","href":"https:\/\/api.w.org\/{rel}","templated":true}]}}