{"id":1334,"date":"2020-05-14T14:11:13","date_gmt":"2020-05-14T17:11:13","guid":{"rendered":"http:\/\/www.saopaulo.sp.leg.br\/coronavirus\/?page_id=1334"},"modified":"2020-05-14T14:11:13","modified_gmt":"2020-05-14T17:11:13","slug":"por-quanto-tempo-o-covid-19-sobrevive-nas-superficies","status":"publish","type":"page","link":"https:\/\/www.saopaulo.sp.leg.br\/coronavirus\/duvidas\/por-quanto-tempo-o-covid-19-sobrevive-nas-superficies\/","title":{"rendered":"Por quanto tempo o Covid-19 sobrevive nas superf\u00edcies?"},"content":{"rendered":"<p>Com o crescimento do n\u00famero de infectados pelo novo coronav\u00edrus, uma grande preocupa\u00e7\u00e3o das pessoas n\u00e3o \u00e9 apenas o contato com poss\u00edveis infectados, mas tamb\u00e9m, com superf\u00edcies e objetos contaminados. Ainda que esta n\u00e3o seja a principal via de propaga\u00e7\u00e3o da doen\u00e7a, h\u00e1 evid\u00eancias da grande resist\u00eancia do coronav\u00edrus e de que eles podem sobreviver em superf\u00edcies de metal, vidro e pl\u00e1stico por dias, a menos que esses locais sejam desinfetados adequadamente.<\/p>\n<p>Um estudo publicado no The New England Journal of Medicine mostra que o novo coronav\u00edrus pode permanecer em suspens\u00e3o no ar por at\u00e9 tr\u00eas horas, mas ele sobrevive bem mais em superf\u00edcies. Os resultados sugerem que o v\u00edrus pode permanecer por dias em ma\u00e7anetas de portas, bancadas e outras superf\u00edcies duras. Outra constata\u00e7\u00e3o foi que materiais de cobre tendem a matar o v\u00edrus em cerca de quatro horas.<\/p>\n<p>De acordo com o Centro de Controle e Preven\u00e7\u00e3o de Doen\u00e7as dos Estados Unidos (CDC, na sigla em ingl\u00eas), este \u00e9 o tempo de dura\u00e7\u00e3o do v\u00edrus em cada superf\u00edcie:<\/p>\n<p>A\u00e7o inoxid\u00e1vel: 72 horas (3 dias)<br \/>\nPl\u00e1stico: 72 horas (3 dias)<br \/>\nPapel\u00e3o: 24 horas (1 dia)<br \/>\nCobre: 4 horas<br \/>\nAerossolizada (material l\u00edquido ou solu\u00e7\u00e3o aplicados, dispersos, ou transformados sobre a forma de aerosol)\/Poeiras: 40 minutos a 2 horas e 30 minutos<\/p>\n<p>Os pesquisadores ainda n\u00e3o sabem dizer, exatamente, quanto tempo o v\u00edrus pode sobreviver em roupas e outras superf\u00edcies mais dif\u00edceis de desinfetar. Mas acreditam que, nas roupas, as fibras naturais absorventes podem fazer com que o v\u00edrus resseque rapidamente.<\/p>\n<p>O cuidado, no entanto, continua com a higieniza\u00e7\u00e3o de objetos e superf\u00edcies. Lave sempre as m\u00e3os, evite tocar no rosto, boca e nariz. Al\u00e9m disso, limpe objetos muito utilizados, como celular, e evite tocar em corrim\u00e3os, prateleiras e demais superf\u00edcies que passam na m\u00e3o de muitas pessoas. Tamb\u00e9m lembre-se que os v\u00edrus da Covid-19 podem ser neutralizados rapidamente ao se desinfetar superf\u00edcies com \u00e1lcool 62-71%, \u00e1gua oxigenada 0,5% ou \u00e1gua sanit\u00e1ria contendo 0,1% de hipoclorito de s\u00f3dio.<\/p>\n<p>Fonte: The New England Journal of Medicine, CDC<\/p>\n","protected":false},"excerpt":{"rendered":"<p>Com o crescimento do n\u00famero de infectados pelo novo coronav\u00edrus, uma grande preocupa\u00e7\u00e3o das pessoas n\u00e3o \u00e9 apenas o contato com poss\u00edveis infectados, mas tamb\u00e9m, com superf\u00edcies e objetos contaminados. Ainda que esta n\u00e3o seja a principal via de propaga\u00e7\u00e3o da doen\u00e7a, h\u00e1 evid\u00eancias da grande resist\u00eancia do coronav\u00edrus e de que eles podem sobreviver&#8230;  <a class=\"excerpt-read-more\" href=\"https:\/\/www.saopaulo.sp.leg.br\/coronavirus\/duvidas\/por-quanto-tempo-o-covid-19-sobrevive-nas-superficies\/\" title=\"Read Por quanto tempo o Covid-19 sobrevive nas superf\u00edcies?\">Ler mais &raquo;<\/a><\/p>\n","protected":false},"author":544,"featured_media":0,"parent":454,"menu_order":0,"comment_status":"closed","ping_status":"closed","template":"page-simple.php","meta":{"_acf_changed":false,"footnotes":""},"class_list":["post-1334","page","type-page","status-publish","hentry"],"acf":[],"yoast_head":"<!-- This site is optimized with the Yoast SEO plugin v27.5 - https:\/\/yoast.com\/product\/yoast-seo-wordpress\/ -->\n<title>Por quanto tempo o Covid-19 sobrevive nas superf\u00edcies? - Coronav\u00edrus<\/title>\n<meta name=\"robots\" content=\"index, follow, max-snippet:-1, max-image-preview:large, max-video-preview:-1\" \/>\n<link rel=\"canonical\" href=\"https:\/\/www.saopaulo.sp.leg.br\/coronavirus\/duvidas\/por-quanto-tempo-o-covid-19-sobrevive-nas-superficies\/\" \/>\n<meta property=\"og:locale\" content=\"pt_BR\" \/>\n<meta property=\"og:type\" content=\"article\" \/>\n<meta property=\"og:title\" content=\"Por quanto tempo o Covid-19 sobrevive nas superf\u00edcies? - Coronav\u00edrus\" \/>\n<meta property=\"og:description\" content=\"Com o crescimento do n\u00famero de infectados pelo novo coronav\u00edrus, uma grande preocupa\u00e7\u00e3o das pessoas n\u00e3o \u00e9 apenas o contato com poss\u00edveis infectados, mas tamb\u00e9m, com superf\u00edcies e objetos contaminados. Ainda que esta n\u00e3o seja a principal via de propaga\u00e7\u00e3o da doen\u00e7a, h\u00e1 evid\u00eancias da grande resist\u00eancia do coronav\u00edrus e de que eles podem sobreviver... Ler mais &raquo;\" \/>\n<meta property=\"og:url\" content=\"https:\/\/www.saopaulo.sp.leg.br\/coronavirus\/duvidas\/por-quanto-tempo-o-covid-19-sobrevive-nas-superficies\/\" \/>\n<meta property=\"og:site_name\" content=\"Coronav\u00edrus\" \/>\n<meta name=\"twitter:card\" content=\"summary_large_image\" \/>\n<meta name=\"twitter:label1\" content=\"Est. tempo de leitura\" \/>\n\t<meta name=\"twitter:data1\" content=\"2 minutos\" \/>\n<script type=\"application\/ld+json\" class=\"yoast-schema-graph\">{\"@context\":\"https:\\\/\\\/schema.org\",\"@graph\":[{\"@type\":\"WebPage\",\"@id\":\"https:\\\/\\\/www.saopaulo.sp.leg.br\\\/coronavirus\\\/duvidas\\\/por-quanto-tempo-o-covid-19-sobrevive-nas-superficies\\\/\",\"url\":\"https:\\\/\\\/www.saopaulo.sp.leg.br\\\/coronavirus\\\/duvidas\\\/por-quanto-tempo-o-covid-19-sobrevive-nas-superficies\\\/\",\"name\":\"Por quanto tempo o Covid-19 sobrevive nas superf\u00edcies? - Coronav\u00edrus\",\"isPartOf\":{\"@id\":\"https:\\\/\\\/www.saopaulo.sp.leg.br\\\/coronavirus\\\/#website\"},\"datePublished\":\"2020-05-14T17:11:13+00:00\",\"breadcrumb\":{\"@id\":\"https:\\\/\\\/www.saopaulo.sp.leg.br\\\/coronavirus\\\/duvidas\\\/por-quanto-tempo-o-covid-19-sobrevive-nas-superficies\\\/#breadcrumb\"},\"inLanguage\":\"pt-BR\",\"potentialAction\":[{\"@type\":\"ReadAction\",\"target\":[\"https:\\\/\\\/www.saopaulo.sp.leg.br\\\/coronavirus\\\/duvidas\\\/por-quanto-tempo-o-covid-19-sobrevive-nas-superficies\\\/\"]}]},{\"@type\":\"BreadcrumbList\",\"@id\":\"https:\\\/\\\/www.saopaulo.sp.leg.br\\\/coronavirus\\\/duvidas\\\/por-quanto-tempo-o-covid-19-sobrevive-nas-superficies\\\/#breadcrumb\",\"itemListElement\":[{\"@type\":\"ListItem\",\"position\":1,\"name\":\"In\u00edcio\",\"item\":\"https:\\\/\\\/www.saopaulo.sp.leg.br\\\/coronavirus\\\/\"},{\"@type\":\"ListItem\",\"position\":2,\"name\":\"D\u00favidas\",\"item\":\"https:\\\/\\\/www.saopaulo.sp.leg.br\\\/coronavirus\\\/?page_id=454\"},{\"@type\":\"ListItem\",\"position\":3,\"name\":\"Por quanto tempo o Covid-19 sobrevive nas superf\u00edcies?\"}]},{\"@type\":\"WebSite\",\"@id\":\"https:\\\/\\\/www.saopaulo.sp.leg.br\\\/coronavirus\\\/#website\",\"url\":\"https:\\\/\\\/www.saopaulo.sp.leg.br\\\/coronavirus\\\/\",\"name\":\"Coronav\u00edrus\",\"description\":\"Informa\u00e7\u00e3o no combate ao COVID-19\",\"potentialAction\":[{\"@type\":\"SearchAction\",\"target\":{\"@type\":\"EntryPoint\",\"urlTemplate\":\"https:\\\/\\\/www.saopaulo.sp.leg.br\\\/coronavirus\\\/?s={search_term_string}\"},\"query-input\":{\"@type\":\"PropertyValueSpecification\",\"valueRequired\":true,\"valueName\":\"search_term_string\"}}],\"inLanguage\":\"pt-BR\"}]}<\/script>\n<!-- \/ Yoast SEO plugin. -->","yoast_head_json":{"title":"Por quanto tempo o Covid-19 sobrevive nas superf\u00edcies? - Coronav\u00edrus","robots":{"index":"index","follow":"follow","max-snippet":"max-snippet:-1","max-image-preview":"max-image-preview:large","max-video-preview":"max-video-preview:-1"},"canonical":"https:\/\/www.saopaulo.sp.leg.br\/coronavirus\/duvidas\/por-quanto-tempo-o-covid-19-sobrevive-nas-superficies\/","og_locale":"pt_BR","og_type":"article","og_title":"Por quanto tempo o Covid-19 sobrevive nas superf\u00edcies? - Coronav\u00edrus","og_description":"Com o crescimento do n\u00famero de infectados pelo novo coronav\u00edrus, uma grande preocupa\u00e7\u00e3o das pessoas n\u00e3o \u00e9 apenas o contato com poss\u00edveis infectados, mas tamb\u00e9m, com superf\u00edcies e objetos contaminados. Ainda que esta n\u00e3o seja a principal via de propaga\u00e7\u00e3o da doen\u00e7a, h\u00e1 evid\u00eancias da grande resist\u00eancia do coronav\u00edrus e de que eles podem sobreviver... Ler mais &raquo;","og_url":"https:\/\/www.saopaulo.sp.leg.br\/coronavirus\/duvidas\/por-quanto-tempo-o-covid-19-sobrevive-nas-superficies\/","og_site_name":"Coronav\u00edrus","twitter_card":"summary_large_image","twitter_misc":{"Est. tempo de leitura":"2 minutos"},"schema":{"@context":"https:\/\/schema.org","@graph":[{"@type":"WebPage","@id":"https:\/\/www.saopaulo.sp.leg.br\/coronavirus\/duvidas\/por-quanto-tempo-o-covid-19-sobrevive-nas-superficies\/","url":"https:\/\/www.saopaulo.sp.leg.br\/coronavirus\/duvidas\/por-quanto-tempo-o-covid-19-sobrevive-nas-superficies\/","name":"Por quanto tempo o Covid-19 sobrevive nas superf\u00edcies? - Coronav\u00edrus","isPartOf":{"@id":"https:\/\/www.saopaulo.sp.leg.br\/coronavirus\/#website"},"datePublished":"2020-05-14T17:11:13+00:00","breadcrumb":{"@id":"https:\/\/www.saopaulo.sp.leg.br\/coronavirus\/duvidas\/por-quanto-tempo-o-covid-19-sobrevive-nas-superficies\/#breadcrumb"},"inLanguage":"pt-BR","potentialAction":[{"@type":"ReadAction","target":["https:\/\/www.saopaulo.sp.leg.br\/coronavirus\/duvidas\/por-quanto-tempo-o-covid-19-sobrevive-nas-superficies\/"]}]},{"@type":"BreadcrumbList","@id":"https:\/\/www.saopaulo.sp.leg.br\/coronavirus\/duvidas\/por-quanto-tempo-o-covid-19-sobrevive-nas-superficies\/#breadcrumb","itemListElement":[{"@type":"ListItem","position":1,"name":"In\u00edcio","item":"https:\/\/www.saopaulo.sp.leg.br\/coronavirus\/"},{"@type":"ListItem","position":2,"name":"D\u00favidas","item":"https:\/\/www.saopaulo.sp.leg.br\/coronavirus\/?page_id=454"},{"@type":"ListItem","position":3,"name":"Por quanto tempo o Covid-19 sobrevive nas superf\u00edcies?"}]},{"@type":"WebSite","@id":"https:\/\/www.saopaulo.sp.leg.br\/coronavirus\/#website","url":"https:\/\/www.saopaulo.sp.leg.br\/coronavirus\/","name":"Coronav\u00edrus","description":"Informa\u00e7\u00e3o no combate ao COVID-19","potentialAction":[{"@type":"SearchAction","target":{"@type":"EntryPoint","urlTemplate":"https:\/\/www.saopaulo.sp.leg.br\/coronavirus\/?s={search_term_string}"},"query-input":{"@type":"PropertyValueSpecification","valueRequired":true,"valueName":"search_term_string"}}],"inLanguage":"pt-BR"}]}},"_links":{"self":[{"href":"https:\/\/www.saopaulo.sp.leg.br\/coronavirus\/wp-json\/wp\/v2\/pages\/1334","targetHints":{"allow":["GET"]}}],"collection":[{"href":"https:\/\/www.saopaulo.sp.leg.br\/coronavirus\/wp-json\/wp\/v2\/pages"}],"about":[{"href":"https:\/\/www.saopaulo.sp.leg.br\/coronavirus\/wp-json\/wp\/v2\/types\/page"}],"author":[{"embeddable":true,"href":"https:\/\/www.saopaulo.sp.leg.br\/coronavirus\/wp-json\/wp\/v2\/users\/544"}],"replies":[{"embeddable":true,"href":"https:\/\/www.saopaulo.sp.leg.br\/coronavirus\/wp-json\/wp\/v2\/comments?post=1334"}],"version-history":[{"count":0,"href":"https:\/\/www.saopaulo.sp.leg.br\/coronavirus\/wp-json\/wp\/v2\/pages\/1334\/revisions"}],"up":[{"embeddable":true,"href":"https:\/\/www.saopaulo.sp.leg.br\/coronavirus\/wp-json\/wp\/v2\/pages\/454"}],"wp:attachment":[{"href":"https:\/\/www.saopaulo.sp.leg.br\/coronavirus\/wp-json\/wp\/v2\/media?parent=1334"}],"curies":[{"name":"wp","href":"https:\/\/api.w.org\/{rel}","templated":true}]}}