{"id":1310,"date":"2020-05-14T12:45:24","date_gmt":"2020-05-14T15:45:24","guid":{"rendered":"http:\/\/www.saopaulo.sp.leg.br\/coronavirus\/?page_id=1310"},"modified":"2021-02-09T17:00:53","modified_gmt":"2021-02-09T20:00:53","slug":"preciso-tomar-algum-cuidado-ao-usar-o-elevador-durante-a-pandemia","status":"publish","type":"page","link":"https:\/\/www.saopaulo.sp.leg.br\/coronavirus\/duvidas\/preciso-tomar-algum-cuidado-ao-usar-o-elevador-durante-a-pandemia\/","title":{"rendered":"Preciso tomar algum cuidado ao usar o elevador durante a pandemia?"},"content":{"rendered":"<p>Desde o in\u00edcio da pandemia do novo coronav\u00edrus no Brasil, muito se fala sobre locais com alto potencial de transmiss\u00e3o da Covid-19. Neste caso, \u00e9 importante lembrar que os elevadores, t\u00e3o utilizados em pr\u00e9dios residenciais e comerciais, est\u00e3o entre os ambientes considerados com grande potencial de contamina\u00e7\u00e3o por conta da aglomera\u00e7\u00e3o de pessoas.<\/p>\n<p>Mesmo que pare\u00e7a inofensivo pegar o elevador rapidamente, basta um espirro ou mesmo uma m\u00e3o mal lavada clicando um dos bot\u00f5es do elevador para o v\u00edrus aumentar o n\u00famero de v\u00edtimas. Dessa forma, assim como nos demais ambientes, o uso de elevadores tamb\u00e9m exige muito cuidado e aten\u00e7\u00e3o.<\/p>\n<p>Para auxiliar os usu\u00e1rios de elevadores, a Abeel (Associa\u00e7\u00e3o Brasileira das Empresas de Elevadores) preparou uma cartilha com v\u00e1rias dicas e orienta\u00e7\u00f5es, at\u00e9 porque, de acordo com a entidade, h\u00e1 cerca de 400 mil elevadores em todo o Brasil.<\/p>\n<p>A primeira dica \u00e9 evitar utilizar o elevador quando estiver cheio. A recomenda\u00e7\u00e3o \u00e9 esperar a pr\u00f3xima viagem. Caso precise descer apenas dois andares ou subir um \u00fanico pavimento, opte pelas escadas. Busque sempre evitar o elevador.<\/p>\n<p>Outra dica \u00e9 acionar o bot\u00e3o de chamada de pavimento e o bot\u00e3o de cabina com o aux\u00edlio de um len\u00e7o de papel descart\u00e1vel, uma medida imprescind\u00edvel, especialmente se n\u00e3o for poss\u00edvel levar as m\u00e3os em seguida. Al\u00e9m disso, evite encostar nas paredes da cabina.<\/p>\n<p>A cartilha da Abeel com todas as orienta\u00e7\u00f5es est\u00e1 dispon\u00edvel neste <a href=\"https:\/\/www.emumclick.com\/images\/news\/ABEELCORONAVIRUSCARTILHA.pdf\" target=\"_blank\" rel=\"noopener noreferrer\">link<\/a>. O Minist\u00e9rio da Sa\u00fade tamb\u00e9m elaborou uma cartilha com recomenda\u00e7\u00f5es para o uso de elevadores, que voc\u00ea confere abaixo:<\/p>\n<img loading=\"lazy\" decoding=\"async\" class=\"aligncenter wp-image-1312 size-large\" src=\"https:\/\/www.saopaulo.sp.leg.br\/coronavirus\/wp-content\/uploads\/sites\/33\/2020\/05\/intrucoes_elevador_covid-1024x512.jpg\" alt=\"Instru\u00e7\u00f5es para o elevador\" width=\"680\" height=\"340\" srcset=\"https:\/\/www.saopaulo.sp.leg.br\/coronavirus\/wp-content\/uploads\/sites\/33\/2020\/05\/intrucoes_elevador_covid-1024x512.jpg 1024w, https:\/\/www.saopaulo.sp.leg.br\/coronavirus\/wp-content\/uploads\/sites\/33\/2020\/05\/intrucoes_elevador_covid-300x150.jpg 300w, https:\/\/www.saopaulo.sp.leg.br\/coronavirus\/wp-content\/uploads\/sites\/33\/2020\/05\/intrucoes_elevador_covid-768x384.jpg 768w, https:\/\/www.saopaulo.sp.leg.br\/coronavirus\/wp-content\/uploads\/sites\/33\/2020\/05\/intrucoes_elevador_covid.jpg 1280w\" sizes=\"auto, (max-width: 680px) 100vw, 680px\" \/>\n","protected":false},"excerpt":{"rendered":"<p>Desde o in\u00edcio da pandemia do novo coronav\u00edrus no Brasil, muito se fala sobre locais com alto potencial de transmiss\u00e3o da Covid-19. Neste caso, \u00e9 importante lembrar que os elevadores, t\u00e3o utilizados em pr\u00e9dios residenciais e comerciais, est\u00e3o entre os ambientes considerados com grande potencial de contamina\u00e7\u00e3o por conta da aglomera\u00e7\u00e3o de pessoas. Mesmo que&#8230;  <a class=\"excerpt-read-more\" href=\"https:\/\/www.saopaulo.sp.leg.br\/coronavirus\/duvidas\/preciso-tomar-algum-cuidado-ao-usar-o-elevador-durante-a-pandemia\/\" title=\"Read Preciso tomar algum cuidado ao usar o elevador durante a pandemia?\">Ler mais &raquo;<\/a><\/p>\n","protected":false},"author":544,"featured_media":0,"parent":454,"menu_order":0,"comment_status":"closed","ping_status":"closed","template":"page-simple.php","meta":{"_acf_changed":false,"footnotes":""},"class_list":["post-1310","page","type-page","status-publish","hentry"],"acf":[],"yoast_head":"<!-- This site is optimized with the Yoast SEO plugin v27.6 - https:\/\/yoast.com\/product\/yoast-seo-wordpress\/ -->\n<title>Preciso tomar algum cuidado ao usar o elevador durante a pandemia? - Coronav\u00edrus<\/title>\n<meta name=\"robots\" content=\"index, follow, max-snippet:-1, max-image-preview:large, max-video-preview:-1\" \/>\n<link rel=\"canonical\" href=\"https:\/\/www.saopaulo.sp.leg.br\/coronavirus\/duvidas\/preciso-tomar-algum-cuidado-ao-usar-o-elevador-durante-a-pandemia\/\" \/>\n<meta property=\"og:locale\" content=\"pt_BR\" \/>\n<meta property=\"og:type\" content=\"article\" \/>\n<meta property=\"og:title\" content=\"Preciso tomar algum cuidado ao usar o elevador durante a pandemia? - Coronav\u00edrus\" \/>\n<meta property=\"og:description\" content=\"Desde o in\u00edcio da pandemia do novo coronav\u00edrus no Brasil, muito se fala sobre locais com alto potencial de transmiss\u00e3o da Covid-19. Neste caso, \u00e9 importante lembrar que os elevadores, t\u00e3o utilizados em pr\u00e9dios residenciais e comerciais, est\u00e3o entre os ambientes considerados com grande potencial de contamina\u00e7\u00e3o por conta da aglomera\u00e7\u00e3o de pessoas. Mesmo que... Ler mais &raquo;\" \/>\n<meta property=\"og:url\" content=\"https:\/\/www.saopaulo.sp.leg.br\/coronavirus\/duvidas\/preciso-tomar-algum-cuidado-ao-usar-o-elevador-durante-a-pandemia\/\" \/>\n<meta property=\"og:site_name\" content=\"Coronav\u00edrus\" \/>\n<meta property=\"article:modified_time\" content=\"2021-02-09T20:00:53+00:00\" \/>\n<meta property=\"og:image\" content=\"https:\/\/www.saopaulo.sp.leg.br\/coronavirus\/wp-content\/uploads\/sites\/33\/2020\/05\/intrucoes_elevador_covid-1024x512.jpg\" \/>\n<meta name=\"twitter:card\" content=\"summary_large_image\" \/>\n<meta name=\"twitter:label1\" content=\"Est. tempo de leitura\" \/>\n\t<meta name=\"twitter:data1\" content=\"2 minutos\" \/>\n<script type=\"application\/ld+json\" class=\"yoast-schema-graph\">{\"@context\":\"https:\\\/\\\/schema.org\",\"@graph\":[{\"@type\":\"WebPage\",\"@id\":\"https:\\\/\\\/www.saopaulo.sp.leg.br\\\/coronavirus\\\/duvidas\\\/preciso-tomar-algum-cuidado-ao-usar-o-elevador-durante-a-pandemia\\\/\",\"url\":\"https:\\\/\\\/www.saopaulo.sp.leg.br\\\/coronavirus\\\/duvidas\\\/preciso-tomar-algum-cuidado-ao-usar-o-elevador-durante-a-pandemia\\\/\",\"name\":\"Preciso tomar algum cuidado ao usar o elevador durante a pandemia? - Coronav\u00edrus\",\"isPartOf\":{\"@id\":\"https:\\\/\\\/www.saopaulo.sp.leg.br\\\/coronavirus\\\/#website\"},\"primaryImageOfPage\":{\"@id\":\"https:\\\/\\\/www.saopaulo.sp.leg.br\\\/coronavirus\\\/duvidas\\\/preciso-tomar-algum-cuidado-ao-usar-o-elevador-durante-a-pandemia\\\/#primaryimage\"},\"image\":{\"@id\":\"https:\\\/\\\/www.saopaulo.sp.leg.br\\\/coronavirus\\\/duvidas\\\/preciso-tomar-algum-cuidado-ao-usar-o-elevador-durante-a-pandemia\\\/#primaryimage\"},\"thumbnailUrl\":\"https:\\\/\\\/www.saopaulo.sp.leg.br\\\/coronavirus\\\/wp-content\\\/uploads\\\/sites\\\/33\\\/2020\\\/05\\\/intrucoes_elevador_covid-1024x512.jpg\",\"datePublished\":\"2020-05-14T15:45:24+00:00\",\"dateModified\":\"2021-02-09T20:00:53+00:00\",\"breadcrumb\":{\"@id\":\"https:\\\/\\\/www.saopaulo.sp.leg.br\\\/coronavirus\\\/duvidas\\\/preciso-tomar-algum-cuidado-ao-usar-o-elevador-durante-a-pandemia\\\/#breadcrumb\"},\"inLanguage\":\"pt-BR\",\"potentialAction\":[{\"@type\":\"ReadAction\",\"target\":[\"https:\\\/\\\/www.saopaulo.sp.leg.br\\\/coronavirus\\\/duvidas\\\/preciso-tomar-algum-cuidado-ao-usar-o-elevador-durante-a-pandemia\\\/\"]}]},{\"@type\":\"ImageObject\",\"inLanguage\":\"pt-BR\",\"@id\":\"https:\\\/\\\/www.saopaulo.sp.leg.br\\\/coronavirus\\\/duvidas\\\/preciso-tomar-algum-cuidado-ao-usar-o-elevador-durante-a-pandemia\\\/#primaryimage\",\"url\":\"https:\\\/\\\/www.saopaulo.sp.leg.br\\\/coronavirus\\\/wp-content\\\/uploads\\\/sites\\\/33\\\/2020\\\/05\\\/intrucoes_elevador_covid.jpg\",\"contentUrl\":\"https:\\\/\\\/www.saopaulo.sp.leg.br\\\/coronavirus\\\/wp-content\\\/uploads\\\/sites\\\/33\\\/2020\\\/05\\\/intrucoes_elevador_covid.jpg\",\"width\":1280,\"height\":640,\"caption\":\"Instru\u00e7\u00f5es para o elevador\"},{\"@type\":\"BreadcrumbList\",\"@id\":\"https:\\\/\\\/www.saopaulo.sp.leg.br\\\/coronavirus\\\/duvidas\\\/preciso-tomar-algum-cuidado-ao-usar-o-elevador-durante-a-pandemia\\\/#breadcrumb\",\"itemListElement\":[{\"@type\":\"ListItem\",\"position\":1,\"name\":\"In\u00edcio\",\"item\":\"https:\\\/\\\/www.saopaulo.sp.leg.br\\\/coronavirus\\\/\"},{\"@type\":\"ListItem\",\"position\":2,\"name\":\"D\u00favidas\",\"item\":\"https:\\\/\\\/www.saopaulo.sp.leg.br\\\/coronavirus\\\/?page_id=454\"},{\"@type\":\"ListItem\",\"position\":3,\"name\":\"Preciso tomar algum cuidado ao usar o elevador durante a pandemia?\"}]},{\"@type\":\"WebSite\",\"@id\":\"https:\\\/\\\/www.saopaulo.sp.leg.br\\\/coronavirus\\\/#website\",\"url\":\"https:\\\/\\\/www.saopaulo.sp.leg.br\\\/coronavirus\\\/\",\"name\":\"Coronav\u00edrus\",\"description\":\"Informa\u00e7\u00e3o no combate ao COVID-19\",\"potentialAction\":[{\"@type\":\"SearchAction\",\"target\":{\"@type\":\"EntryPoint\",\"urlTemplate\":\"https:\\\/\\\/www.saopaulo.sp.leg.br\\\/coronavirus\\\/?s={search_term_string}\"},\"query-input\":{\"@type\":\"PropertyValueSpecification\",\"valueRequired\":true,\"valueName\":\"search_term_string\"}}],\"inLanguage\":\"pt-BR\"}]}<\/script>\n<!-- \/ Yoast SEO plugin. -->","yoast_head_json":{"title":"Preciso tomar algum cuidado ao usar o elevador durante a pandemia? - Coronav\u00edrus","robots":{"index":"index","follow":"follow","max-snippet":"max-snippet:-1","max-image-preview":"max-image-preview:large","max-video-preview":"max-video-preview:-1"},"canonical":"https:\/\/www.saopaulo.sp.leg.br\/coronavirus\/duvidas\/preciso-tomar-algum-cuidado-ao-usar-o-elevador-durante-a-pandemia\/","og_locale":"pt_BR","og_type":"article","og_title":"Preciso tomar algum cuidado ao usar o elevador durante a pandemia? - Coronav\u00edrus","og_description":"Desde o in\u00edcio da pandemia do novo coronav\u00edrus no Brasil, muito se fala sobre locais com alto potencial de transmiss\u00e3o da Covid-19. Neste caso, \u00e9 importante lembrar que os elevadores, t\u00e3o utilizados em pr\u00e9dios residenciais e comerciais, est\u00e3o entre os ambientes considerados com grande potencial de contamina\u00e7\u00e3o por conta da aglomera\u00e7\u00e3o de pessoas. Mesmo que... Ler mais &raquo;","og_url":"https:\/\/www.saopaulo.sp.leg.br\/coronavirus\/duvidas\/preciso-tomar-algum-cuidado-ao-usar-o-elevador-durante-a-pandemia\/","og_site_name":"Coronav\u00edrus","article_modified_time":"2021-02-09T20:00:53+00:00","og_image":[{"url":"https:\/\/www.saopaulo.sp.leg.br\/coronavirus\/wp-content\/uploads\/sites\/33\/2020\/05\/intrucoes_elevador_covid-1024x512.jpg","type":"","width":"","height":""}],"twitter_card":"summary_large_image","twitter_misc":{"Est. tempo de leitura":"2 minutos"},"schema":{"@context":"https:\/\/schema.org","@graph":[{"@type":"WebPage","@id":"https:\/\/www.saopaulo.sp.leg.br\/coronavirus\/duvidas\/preciso-tomar-algum-cuidado-ao-usar-o-elevador-durante-a-pandemia\/","url":"https:\/\/www.saopaulo.sp.leg.br\/coronavirus\/duvidas\/preciso-tomar-algum-cuidado-ao-usar-o-elevador-durante-a-pandemia\/","name":"Preciso tomar algum cuidado ao usar o elevador durante a pandemia? - Coronav\u00edrus","isPartOf":{"@id":"https:\/\/www.saopaulo.sp.leg.br\/coronavirus\/#website"},"primaryImageOfPage":{"@id":"https:\/\/www.saopaulo.sp.leg.br\/coronavirus\/duvidas\/preciso-tomar-algum-cuidado-ao-usar-o-elevador-durante-a-pandemia\/#primaryimage"},"image":{"@id":"https:\/\/www.saopaulo.sp.leg.br\/coronavirus\/duvidas\/preciso-tomar-algum-cuidado-ao-usar-o-elevador-durante-a-pandemia\/#primaryimage"},"thumbnailUrl":"https:\/\/www.saopaulo.sp.leg.br\/coronavirus\/wp-content\/uploads\/sites\/33\/2020\/05\/intrucoes_elevador_covid-1024x512.jpg","datePublished":"2020-05-14T15:45:24+00:00","dateModified":"2021-02-09T20:00:53+00:00","breadcrumb":{"@id":"https:\/\/www.saopaulo.sp.leg.br\/coronavirus\/duvidas\/preciso-tomar-algum-cuidado-ao-usar-o-elevador-durante-a-pandemia\/#breadcrumb"},"inLanguage":"pt-BR","potentialAction":[{"@type":"ReadAction","target":["https:\/\/www.saopaulo.sp.leg.br\/coronavirus\/duvidas\/preciso-tomar-algum-cuidado-ao-usar-o-elevador-durante-a-pandemia\/"]}]},{"@type":"ImageObject","inLanguage":"pt-BR","@id":"https:\/\/www.saopaulo.sp.leg.br\/coronavirus\/duvidas\/preciso-tomar-algum-cuidado-ao-usar-o-elevador-durante-a-pandemia\/#primaryimage","url":"https:\/\/www.saopaulo.sp.leg.br\/coronavirus\/wp-content\/uploads\/sites\/33\/2020\/05\/intrucoes_elevador_covid.jpg","contentUrl":"https:\/\/www.saopaulo.sp.leg.br\/coronavirus\/wp-content\/uploads\/sites\/33\/2020\/05\/intrucoes_elevador_covid.jpg","width":1280,"height":640,"caption":"Instru\u00e7\u00f5es para o elevador"},{"@type":"BreadcrumbList","@id":"https:\/\/www.saopaulo.sp.leg.br\/coronavirus\/duvidas\/preciso-tomar-algum-cuidado-ao-usar-o-elevador-durante-a-pandemia\/#breadcrumb","itemListElement":[{"@type":"ListItem","position":1,"name":"In\u00edcio","item":"https:\/\/www.saopaulo.sp.leg.br\/coronavirus\/"},{"@type":"ListItem","position":2,"name":"D\u00favidas","item":"https:\/\/www.saopaulo.sp.leg.br\/coronavirus\/?page_id=454"},{"@type":"ListItem","position":3,"name":"Preciso tomar algum cuidado ao usar o elevador durante a pandemia?"}]},{"@type":"WebSite","@id":"https:\/\/www.saopaulo.sp.leg.br\/coronavirus\/#website","url":"https:\/\/www.saopaulo.sp.leg.br\/coronavirus\/","name":"Coronav\u00edrus","description":"Informa\u00e7\u00e3o no combate ao COVID-19","potentialAction":[{"@type":"SearchAction","target":{"@type":"EntryPoint","urlTemplate":"https:\/\/www.saopaulo.sp.leg.br\/coronavirus\/?s={search_term_string}"},"query-input":{"@type":"PropertyValueSpecification","valueRequired":true,"valueName":"search_term_string"}}],"inLanguage":"pt-BR"}]}},"_links":{"self":[{"href":"https:\/\/www.saopaulo.sp.leg.br\/coronavirus\/wp-json\/wp\/v2\/pages\/1310","targetHints":{"allow":["GET"]}}],"collection":[{"href":"https:\/\/www.saopaulo.sp.leg.br\/coronavirus\/wp-json\/wp\/v2\/pages"}],"about":[{"href":"https:\/\/www.saopaulo.sp.leg.br\/coronavirus\/wp-json\/wp\/v2\/types\/page"}],"author":[{"embeddable":true,"href":"https:\/\/www.saopaulo.sp.leg.br\/coronavirus\/wp-json\/wp\/v2\/users\/544"}],"replies":[{"embeddable":true,"href":"https:\/\/www.saopaulo.sp.leg.br\/coronavirus\/wp-json\/wp\/v2\/comments?post=1310"}],"version-history":[{"count":0,"href":"https:\/\/www.saopaulo.sp.leg.br\/coronavirus\/wp-json\/wp\/v2\/pages\/1310\/revisions"}],"up":[{"embeddable":true,"href":"https:\/\/www.saopaulo.sp.leg.br\/coronavirus\/wp-json\/wp\/v2\/pages\/454"}],"wp:attachment":[{"href":"https:\/\/www.saopaulo.sp.leg.br\/coronavirus\/wp-json\/wp\/v2\/media?parent=1310"}],"curies":[{"name":"wp","href":"https:\/\/api.w.org\/{rel}","templated":true}]}}