{"id":1074,"date":"2020-05-04T18:14:15","date_gmt":"2020-05-04T21:14:15","guid":{"rendered":"http:\/\/www.saopaulo.sp.leg.br\/coronavirus\/?page_id=1074"},"modified":"2020-05-26T15:23:31","modified_gmt":"2020-05-26T18:23:31","slug":"covid-19-saiba-quais-sao-os-direitos-de-quem-for-demitido","status":"publish","type":"page","link":"https:\/\/www.saopaulo.sp.leg.br\/coronavirus\/dicas\/covid-19-saiba-quais-sao-os-direitos-de-quem-for-demitido\/","title":{"rendered":"Covid-19: Saiba quais s\u00e3o os direitos de quem for demitido"},"content":{"rendered":"<p>Os direitos dos trabalhadores demitidos, sem justa causa, durante a pandemia de coronav\u00edrus s\u00e3o iguais aos existentes antes da crise. A dispensa do empregado obedece \u00e0s regras habituais da CLT (Consolida\u00e7\u00e3o das Leis Trabalhistas).<\/p>\n<p><strong>DIREITOS DOS FUNCION\u00c1RIOS DISPENSADOS<\/strong><\/p>\n<p>Quem for dispensado sem justa causa ter\u00e1 direito ao aviso pr\u00e9vio proporcional ao seu tempo de servi\u00e7o, que poder\u00e1 ser de at\u00e9 90 dias, saldo salarial, que corresponde aos dias trabalhados, o 13\u00ba sal\u00e1rio proporcional, f\u00e9rias proporcionais, f\u00e9rias vencidas e indeniza\u00e7\u00e3o no valor correspondente a 40% de seu saldo do FGTS (Fundo de Garantia por Tempo de Servi\u00e7o). O trabalhador dispensado poder\u00e1 ainda sacar o FGTS e receber o seguro-desemprego.<\/p>\n<p>Para mais informa\u00e7\u00f5es sobre saques, \u00e9 s\u00f3 acessar o endere\u00e7o eletr\u00f4nico da <a href=\"http:\/\/www.caixa.gov.br\/beneficios-trabalhador\/fgts\/Paginas\/default.aspx\"><strong>Caixa Econ\u00f4mica Federal<\/strong><\/a>.<\/p>\n<p><strong>REGRAS NACIONAIS<\/strong><\/p>\n<p>Segundo regras estabelecidas pelo Governo Federal, os empregados que tiveram a jornada de trabalho e o sal\u00e1rio reduzidos ou o contrato de trabalho suspenso, e receberam do Estado o Benef\u00edcio Emergencial de Preserva\u00e7\u00e3o do Emprego e da Renda, n\u00e3o poder\u00e3o ser dispensados sem justa causa, durante o per\u00edodo de dura\u00e7\u00e3o da redu\u00e7\u00e3o da jornada ou da suspens\u00e3o do contrato. E nem pelo mesmo per\u00edodo, ap\u00f3s o restabelecimento normal do contrato.<\/p>\n<p><strong>QUANDO CONTESTAR A DEMISS\u00c3O<\/strong><\/p>\n<p>Se o trabalhador for demitido por suspeita de ter contra\u00eddo coronav\u00edrus, \u00e9 direito dele recorrer \u00e0 Justi\u00e7a. A empresa n\u00e3o pode discriminar o empregado por motivos de sa\u00fade, como o caso da Covid-19.<\/p>\n<p>J\u00e1 se o motivo da demiss\u00e3o for a crise econ\u00f4mica, a orienta\u00e7\u00e3o \u00e9 procurar o sindicato de sua categoria para saber se h\u00e1 algum item do acordo coletivo sobre demiss\u00e3o em \u00e9poca de crise econ\u00f4mica.<\/p>\n<p><strong>QUANDO A EMPRESA N\u00c3O FAZ O ACERTO DA DEMISS\u00c3O<\/strong><\/p>\n<p>O trabalhador pode processar a empresa que o demitir e n\u00e3o pagar as verbas rescis\u00f3rias.<\/p>\n<p><strong>DISQUE AL\u00d4 TRABALHO<\/strong><\/p>\n<p>Para mais esclarecimentos, o Minist\u00e9rio do Trabalho divulgou a plataforma Al\u00f4 Trabalho. O n\u00famero \u00e9 158.\u00a0 A liga\u00e7\u00e3o \u00e9 gratuita de telefone fixo de todo o pa\u00eds.<\/p>\n<p>Outras d\u00favidas tamb\u00e9m podem ser esclarecidas pela <a href=\"https:\/\/www.gov.br\/pt-br\/temas\/trabalho-emprego\">P\u00e1gina do Governo Federal, Trabalho e Emprego.<\/a><\/p>\n<p>Fontes: Minist\u00e9rio do Trabalho, Governo Federal, Central \u00danica dos Trabalhadores e Caixa Econ\u00f4mica Federal<\/p>\n","protected":false},"excerpt":{"rendered":"<p>Os direitos dos trabalhadores demitidos, sem justa causa, durante a pandemia de coronav\u00edrus s\u00e3o iguais aos existentes antes da crise. A dispensa do empregado obedece \u00e0s regras habituais da CLT (Consolida\u00e7\u00e3o das Leis Trabalhistas). DIREITOS DOS FUNCION\u00c1RIOS DISPENSADOS Quem for dispensado sem justa causa ter\u00e1 direito ao aviso pr\u00e9vio proporcional ao seu tempo de servi\u00e7o,&#8230;  <a class=\"excerpt-read-more\" href=\"https:\/\/www.saopaulo.sp.leg.br\/coronavirus\/dicas\/covid-19-saiba-quais-sao-os-direitos-de-quem-for-demitido\/\" title=\"Read Covid-19: Saiba quais s\u00e3o os direitos de quem for demitido\">Ler mais &raquo;<\/a><\/p>\n","protected":false},"author":544,"featured_media":0,"parent":1064,"menu_order":0,"comment_status":"closed","ping_status":"closed","template":"page-simple.php","meta":{"_acf_changed":false,"footnotes":""},"class_list":["post-1074","page","type-page","status-publish","hentry"],"acf":[],"yoast_head":"<!-- This site is optimized with the Yoast SEO plugin v27.4 - https:\/\/yoast.com\/product\/yoast-seo-wordpress\/ -->\n<title>Covid-19: Saiba quais s\u00e3o os direitos de quem for demitido - Coronav\u00edrus<\/title>\n<meta name=\"robots\" content=\"index, follow, max-snippet:-1, max-image-preview:large, max-video-preview:-1\" \/>\n<link rel=\"canonical\" href=\"https:\/\/www.saopaulo.sp.leg.br\/coronavirus\/dicas\/covid-19-saiba-quais-sao-os-direitos-de-quem-for-demitido\/\" \/>\n<meta property=\"og:locale\" content=\"pt_BR\" \/>\n<meta property=\"og:type\" content=\"article\" \/>\n<meta property=\"og:title\" content=\"Covid-19: Saiba quais s\u00e3o os direitos de quem for demitido - Coronav\u00edrus\" \/>\n<meta property=\"og:description\" content=\"Os direitos dos trabalhadores demitidos, sem justa causa, durante a pandemia de coronav\u00edrus s\u00e3o iguais aos existentes antes da crise. A dispensa do empregado obedece \u00e0s regras habituais da CLT (Consolida\u00e7\u00e3o das Leis Trabalhistas). DIREITOS DOS FUNCION\u00c1RIOS DISPENSADOS Quem for dispensado sem justa causa ter\u00e1 direito ao aviso pr\u00e9vio proporcional ao seu tempo de servi\u00e7o,... Ler mais &raquo;\" \/>\n<meta property=\"og:url\" content=\"https:\/\/www.saopaulo.sp.leg.br\/coronavirus\/dicas\/covid-19-saiba-quais-sao-os-direitos-de-quem-for-demitido\/\" \/>\n<meta property=\"og:site_name\" content=\"Coronav\u00edrus\" \/>\n<meta property=\"article:modified_time\" content=\"2020-05-26T18:23:31+00:00\" \/>\n<meta name=\"twitter:card\" content=\"summary_large_image\" \/>\n<meta name=\"twitter:label1\" content=\"Est. tempo de leitura\" \/>\n\t<meta name=\"twitter:data1\" content=\"2 minutos\" \/>\n<script type=\"application\/ld+json\" class=\"yoast-schema-graph\">{\"@context\":\"https:\\\/\\\/schema.org\",\"@graph\":[{\"@type\":\"WebPage\",\"@id\":\"https:\\\/\\\/www.saopaulo.sp.leg.br\\\/coronavirus\\\/dicas\\\/covid-19-saiba-quais-sao-os-direitos-de-quem-for-demitido\\\/\",\"url\":\"https:\\\/\\\/www.saopaulo.sp.leg.br\\\/coronavirus\\\/dicas\\\/covid-19-saiba-quais-sao-os-direitos-de-quem-for-demitido\\\/\",\"name\":\"Covid-19: Saiba quais s\u00e3o os direitos de quem for demitido - Coronav\u00edrus\",\"isPartOf\":{\"@id\":\"https:\\\/\\\/www.saopaulo.sp.leg.br\\\/coronavirus\\\/#website\"},\"datePublished\":\"2020-05-04T21:14:15+00:00\",\"dateModified\":\"2020-05-26T18:23:31+00:00\",\"breadcrumb\":{\"@id\":\"https:\\\/\\\/www.saopaulo.sp.leg.br\\\/coronavirus\\\/dicas\\\/covid-19-saiba-quais-sao-os-direitos-de-quem-for-demitido\\\/#breadcrumb\"},\"inLanguage\":\"pt-BR\",\"potentialAction\":[{\"@type\":\"ReadAction\",\"target\":[\"https:\\\/\\\/www.saopaulo.sp.leg.br\\\/coronavirus\\\/dicas\\\/covid-19-saiba-quais-sao-os-direitos-de-quem-for-demitido\\\/\"]}]},{\"@type\":\"BreadcrumbList\",\"@id\":\"https:\\\/\\\/www.saopaulo.sp.leg.br\\\/coronavirus\\\/dicas\\\/covid-19-saiba-quais-sao-os-direitos-de-quem-for-demitido\\\/#breadcrumb\",\"itemListElement\":[{\"@type\":\"ListItem\",\"position\":1,\"name\":\"In\u00edcio\",\"item\":\"https:\\\/\\\/www.saopaulo.sp.leg.br\\\/coronavirus\\\/\"},{\"@type\":\"ListItem\",\"position\":2,\"name\":\"Dicas\",\"item\":\"https:\\\/\\\/www.saopaulo.sp.leg.br\\\/coronavirus\\\/?page_id=1064\"},{\"@type\":\"ListItem\",\"position\":3,\"name\":\"Covid-19: Saiba quais s\u00e3o os direitos de quem for demitido\"}]},{\"@type\":\"WebSite\",\"@id\":\"https:\\\/\\\/www.saopaulo.sp.leg.br\\\/coronavirus\\\/#website\",\"url\":\"https:\\\/\\\/www.saopaulo.sp.leg.br\\\/coronavirus\\\/\",\"name\":\"Coronav\u00edrus\",\"description\":\"Informa\u00e7\u00e3o no combate ao COVID-19\",\"potentialAction\":[{\"@type\":\"SearchAction\",\"target\":{\"@type\":\"EntryPoint\",\"urlTemplate\":\"https:\\\/\\\/www.saopaulo.sp.leg.br\\\/coronavirus\\\/?s={search_term_string}\"},\"query-input\":{\"@type\":\"PropertyValueSpecification\",\"valueRequired\":true,\"valueName\":\"search_term_string\"}}],\"inLanguage\":\"pt-BR\"}]}<\/script>\n<!-- \/ Yoast SEO plugin. -->","yoast_head_json":{"title":"Covid-19: Saiba quais s\u00e3o os direitos de quem for demitido - Coronav\u00edrus","robots":{"index":"index","follow":"follow","max-snippet":"max-snippet:-1","max-image-preview":"max-image-preview:large","max-video-preview":"max-video-preview:-1"},"canonical":"https:\/\/www.saopaulo.sp.leg.br\/coronavirus\/dicas\/covid-19-saiba-quais-sao-os-direitos-de-quem-for-demitido\/","og_locale":"pt_BR","og_type":"article","og_title":"Covid-19: Saiba quais s\u00e3o os direitos de quem for demitido - Coronav\u00edrus","og_description":"Os direitos dos trabalhadores demitidos, sem justa causa, durante a pandemia de coronav\u00edrus s\u00e3o iguais aos existentes antes da crise. A dispensa do empregado obedece \u00e0s regras habituais da CLT (Consolida\u00e7\u00e3o das Leis Trabalhistas). DIREITOS DOS FUNCION\u00c1RIOS DISPENSADOS Quem for dispensado sem justa causa ter\u00e1 direito ao aviso pr\u00e9vio proporcional ao seu tempo de servi\u00e7o,... Ler mais &raquo;","og_url":"https:\/\/www.saopaulo.sp.leg.br\/coronavirus\/dicas\/covid-19-saiba-quais-sao-os-direitos-de-quem-for-demitido\/","og_site_name":"Coronav\u00edrus","article_modified_time":"2020-05-26T18:23:31+00:00","twitter_card":"summary_large_image","twitter_misc":{"Est. tempo de leitura":"2 minutos"},"schema":{"@context":"https:\/\/schema.org","@graph":[{"@type":"WebPage","@id":"https:\/\/www.saopaulo.sp.leg.br\/coronavirus\/dicas\/covid-19-saiba-quais-sao-os-direitos-de-quem-for-demitido\/","url":"https:\/\/www.saopaulo.sp.leg.br\/coronavirus\/dicas\/covid-19-saiba-quais-sao-os-direitos-de-quem-for-demitido\/","name":"Covid-19: Saiba quais s\u00e3o os direitos de quem for demitido - Coronav\u00edrus","isPartOf":{"@id":"https:\/\/www.saopaulo.sp.leg.br\/coronavirus\/#website"},"datePublished":"2020-05-04T21:14:15+00:00","dateModified":"2020-05-26T18:23:31+00:00","breadcrumb":{"@id":"https:\/\/www.saopaulo.sp.leg.br\/coronavirus\/dicas\/covid-19-saiba-quais-sao-os-direitos-de-quem-for-demitido\/#breadcrumb"},"inLanguage":"pt-BR","potentialAction":[{"@type":"ReadAction","target":["https:\/\/www.saopaulo.sp.leg.br\/coronavirus\/dicas\/covid-19-saiba-quais-sao-os-direitos-de-quem-for-demitido\/"]}]},{"@type":"BreadcrumbList","@id":"https:\/\/www.saopaulo.sp.leg.br\/coronavirus\/dicas\/covid-19-saiba-quais-sao-os-direitos-de-quem-for-demitido\/#breadcrumb","itemListElement":[{"@type":"ListItem","position":1,"name":"In\u00edcio","item":"https:\/\/www.saopaulo.sp.leg.br\/coronavirus\/"},{"@type":"ListItem","position":2,"name":"Dicas","item":"https:\/\/www.saopaulo.sp.leg.br\/coronavirus\/?page_id=1064"},{"@type":"ListItem","position":3,"name":"Covid-19: Saiba quais s\u00e3o os direitos de quem for demitido"}]},{"@type":"WebSite","@id":"https:\/\/www.saopaulo.sp.leg.br\/coronavirus\/#website","url":"https:\/\/www.saopaulo.sp.leg.br\/coronavirus\/","name":"Coronav\u00edrus","description":"Informa\u00e7\u00e3o no combate ao COVID-19","potentialAction":[{"@type":"SearchAction","target":{"@type":"EntryPoint","urlTemplate":"https:\/\/www.saopaulo.sp.leg.br\/coronavirus\/?s={search_term_string}"},"query-input":{"@type":"PropertyValueSpecification","valueRequired":true,"valueName":"search_term_string"}}],"inLanguage":"pt-BR"}]}},"_links":{"self":[{"href":"https:\/\/www.saopaulo.sp.leg.br\/coronavirus\/wp-json\/wp\/v2\/pages\/1074","targetHints":{"allow":["GET"]}}],"collection":[{"href":"https:\/\/www.saopaulo.sp.leg.br\/coronavirus\/wp-json\/wp\/v2\/pages"}],"about":[{"href":"https:\/\/www.saopaulo.sp.leg.br\/coronavirus\/wp-json\/wp\/v2\/types\/page"}],"author":[{"embeddable":true,"href":"https:\/\/www.saopaulo.sp.leg.br\/coronavirus\/wp-json\/wp\/v2\/users\/544"}],"replies":[{"embeddable":true,"href":"https:\/\/www.saopaulo.sp.leg.br\/coronavirus\/wp-json\/wp\/v2\/comments?post=1074"}],"version-history":[{"count":0,"href":"https:\/\/www.saopaulo.sp.leg.br\/coronavirus\/wp-json\/wp\/v2\/pages\/1074\/revisions"}],"up":[{"embeddable":true,"href":"https:\/\/www.saopaulo.sp.leg.br\/coronavirus\/wp-json\/wp\/v2\/pages\/1064"}],"wp:attachment":[{"href":"https:\/\/www.saopaulo.sp.leg.br\/coronavirus\/wp-json\/wp\/v2\/media?parent=1074"}],"curies":[{"name":"wp","href":"https:\/\/api.w.org\/{rel}","templated":true}]}}