{"id":53,"date":"2020-08-24T18:29:36","date_gmt":"2020-08-24T21:29:36","guid":{"rendered":"http:\/\/www.saopaulo.sp.leg.br\/consultapublica\/?page_id=53"},"modified":"2020-08-24T18:30:23","modified_gmt":"2020-08-24T21:30:23","slug":"nenhuma-consulta-aberta","status":"publish","type":"page","link":"https:\/\/www.saopaulo.sp.leg.br\/consultapublica\/","title":{"rendered":"Nenhuma Consulta Aberta"},"content":{"rendered":"<p>Neste momento, n\u00e3o h\u00e1 nenhum processo de consulta p\u00fablica aberto aqui. Volte em outra ocasi\u00e3o e colabore.<\/p>\n","protected":false},"excerpt":{"rendered":"<p>Neste momento, n\u00e3o h\u00e1 nenhum processo de consulta p\u00fablica aberto aqui. Volte em outra ocasi\u00e3o e colabore.<\/p>\n","protected":false},"author":630,"featured_media":0,"parent":0,"menu_order":0,"comment_status":"closed","ping_status":"closed","template":"page-comments.php","meta":{"_acf_changed":false,"footnotes":""},"class_list":["post-53","page","type-page","status-publish","hentry"],"acf":[],"_links":{"self":[{"href":"https:\/\/www.saopaulo.sp.leg.br\/consultapublica\/wp-json\/wp\/v2\/pages\/53","targetHints":{"allow":["GET"]}}],"collection":[{"href":"https:\/\/www.saopaulo.sp.leg.br\/consultapublica\/wp-json\/wp\/v2\/pages"}],"about":[{"href":"https:\/\/www.saopaulo.sp.leg.br\/consultapublica\/wp-json\/wp\/v2\/types\/page"}],"author":[{"embeddable":true,"href":"https:\/\/www.saopaulo.sp.leg.br\/consultapublica\/wp-json\/wp\/v2\/users\/630"}],"replies":[{"embeddable":true,"href":"https:\/\/www.saopaulo.sp.leg.br\/consultapublica\/wp-json\/wp\/v2\/comments?post=53"}],"version-history":[{"count":0,"href":"https:\/\/www.saopaulo.sp.leg.br\/consultapublica\/wp-json\/wp\/v2\/pages\/53\/revisions"}],"wp:attachment":[{"href":"https:\/\/www.saopaulo.sp.leg.br\/consultapublica\/wp-json\/wp\/v2\/media?parent=53"}],"curies":[{"name":"wp","href":"https:\/\/api.w.org\/{rel}","templated":true}]}}