{"id":191,"date":"2025-07-16T12:51:59","date_gmt":"2025-07-16T15:51:59","guid":{"rendered":"https:\/\/www.saopaulo.sp.leg.br\/camarapeloclima\/?page_id=191"},"modified":"2025-10-29T14:42:13","modified_gmt":"2025-10-29T17:42:13","slug":"participe","status":"publish","type":"page","link":"https:\/\/www.saopaulo.sp.leg.br\/camarapeloclima\/participe\/","title":{"rendered":"Participe"},"content":{"rendered":"\t\t<div data-elementor-type=\"wp-page\" data-elementor-id=\"191\" class=\"elementor elementor-191\">\n\t\t\t\t<div class=\"elementor-element elementor-element-8c419d4 e-con-full e-flex e-con e-parent\" data-id=\"8c419d4\" data-element_type=\"container\" data-e-type=\"container\" data-settings=\"{&quot;background_background&quot;:&quot;classic&quot;}\">\n\t\t<div class=\"elementor-element elementor-element-7c3ce93 e-con-full e-flex e-con e-child\" data-id=\"7c3ce93\" data-element_type=\"container\" data-e-type=\"container\">\n\t\t\t\t<div class=\"elementor-element elementor-element-9782ad6 elementor-widget elementor-widget-image\" data-id=\"9782ad6\" data-element_type=\"widget\" data-e-type=\"widget\" data-widget_type=\"image.default\">\n\t\t\t\t\t\t\t\t\t\t\t\t\t\t\t<img fetchpriority=\"high\" decoding=\"async\" width=\"752\" height=\"239\" src=\"https:\/\/www.saopaulo.sp.leg.br\/camarapeloclima\/wp-content\/uploads\/sites\/72\/2025\/07\/legislativo-2-branco.png\" class=\"attachment-large size-large wp-image-125\" alt=\"\" srcset=\"https:\/\/www.saopaulo.sp.leg.br\/camarapeloclima\/wp-content\/uploads\/sites\/72\/2025\/07\/legislativo-2-branco.png 752w, https:\/\/www.saopaulo.sp.leg.br\/camarapeloclima\/wp-content\/uploads\/sites\/72\/2025\/07\/legislativo-2-branco-300x95.png 300w\" sizes=\"(max-width: 752px) 100vw, 752px\" \/>\t\t\t\t\t\t\t\t\t\t\t\t\t\t\t<\/div>\n\t\t\t\t<div class=\"elementor-element elementor-element-06426d1 elementor-widget elementor-widget-heading\" data-id=\"06426d1\" data-element_type=\"widget\" data-e-type=\"widget\" data-widget_type=\"heading.default\">\n\t\t\t\t\t<h1 class=\"elementor-heading-title elementor-size-default\">Sua participa\u00e7\u00e3o \u00e9 importante!<\/h1>\t\t\t\t<\/div>\n\t\t\t\t<div class=\"elementor-element elementor-element-adc50d8 elementor-widget elementor-widget-text-editor\" data-id=\"adc50d8\" data-element_type=\"widget\" data-e-type=\"widget\" data-widget_type=\"text-editor.default\">\n\t\t\t\t\t\t\t\t\t<h2><span style=\"color: #ffffff\">Escolha a forma que voc\u00ea gostaria de participar e ajude a construir solu\u00e7\u00f5es para as Mudan\u00e7as Clim\u00e1ticas.<\/span><\/h2>\t\t\t\t\t\t\t\t<\/div>\n\t\t\t\t<\/div>\n\t\t<div class=\"elementor-element elementor-element-bc8ade9 e-con-full e-flex e-con e-child\" data-id=\"bc8ade9\" data-element_type=\"container\" data-e-type=\"container\">\n\t\t<div class=\"elementor-element elementor-element-2a8bc0e e-con-full e-flex e-con e-child\" data-id=\"2a8bc0e\" data-element_type=\"container\" data-e-type=\"container\" data-settings=\"{&quot;background_background&quot;:&quot;classic&quot;}\">\n\t\t\t\t<div class=\"elementor-element elementor-element-cada2ee elementor-view-stacked elementor-shape-rounded elementor-position-inline-start elementor-mobile-position-block-start elementor-widget elementor-widget-icon-box\" data-id=\"cada2ee\" data-element_type=\"widget\" data-e-type=\"widget\" data-widget_type=\"icon-box.default\">\n\t\t\t\t\t\t\t<div class=\"elementor-icon-box-wrapper\">\n\n\t\t\t\t\t\t<div class=\"elementor-icon-box-icon\">\n\t\t\t\t<span  class=\"elementor-icon\">\n\t\t\t\t<svg xmlns=\"http:\/\/www.w3.org\/2000\/svg\" id=\"Layer_1\" height=\"512\" viewBox=\"0 0 512 512\" width=\"512\" data-name=\"Layer 1\"><path d=\"m383.7 108.665-105.652-106.305a8 8 0 0 0 -5.674-2.36h-231.374a33.038 33.038 0 0 0 -33 33v446a33.038 33.038 0 0 0 33 33h312.029a33.038 33.038 0 0 0 33-33v-156.2l104.287-104.289a46.879 46.879 0 1 0 -66.3-66.3l-37.99 37.99v-75.9a8 8 0 0 0 -2.326-5.636zm14.74 91.751 43.671 43.671-153.1 153.1-43.671-43.671zm22.064-22.065 43.671 43.671-10.751 10.751-43.668-43.673zm-182.396 190.549 35.36 35.361-44.128 8.228zm46.219-337.525 69.9 70.327h-69.9zm85.702 447.625a17.019 17.019 0 0 1 -17 17h-312.029a17.019 17.019 0 0 1 -17-17v-446a17.019 17.019 0 0 1 17-17h227.327v93.7a8 8 0 0 0 8 8h93.7v88.5l-142.889 142.893a8 8 0 0 0 -2.186 4.079l-13.634 67.779a8 8 0 0 0 9.309 9.442l68.619-12.793a8 8 0 0 0 4.191-2.207l76.592-76.593zm108.971-315.474a30.994 30.994 0 0 1 0 43.671l-3.512 3.512-43.67-43.671 3.511-3.512a30.915 30.915 0 0 1 43.671 0zm-276.96 211.481a8 8 0 0 1 -8 8h-124.903a8 8 0 0 1 0-16h124.9a8 8 0 0 1 8.003 8zm-140.9-69.72a8 8 0 0 1 8-8h165.035a8 8 0 0 1 0 16h-165.038a8 8 0 0 1 -8-8zm0-69.72a8 8 0 0 1 8-8h255.752a8 8 0 1 1 0 16h-255.755a8 8 0 0 1 -8-8zm0-69.719a8 8 0 0 1 8-8h255.752a8 8 0 0 1 0 16h-255.755a8 8 0 0 1 -8-8zm0-69.72a8 8 0 0 1 8-8h169.352a8 8 0 0 1 0 16h-169.355a8 8 0 0 1 -8-8z\"><\/path><\/svg>\t\t\t\t<\/span>\n\t\t\t<\/div>\n\t\t\t\n\t\t\t\t\t\t<div class=\"elementor-icon-box-content\">\n\n\t\t\t\t\t\t\t\t\t<h3 class=\"elementor-icon-box-title\">\n\t\t\t\t\t\t<span  >\n\t\t\t\t\t\t\tEnvio de sugest\u00e3o (Online)\t\t\t\t\t\t<\/span>\n\t\t\t\t\t<\/h3>\n\t\t\t\t\n\t\t\t\t\t\t\t\t\t<p class=\"elementor-icon-box-description\">\n\t\t\t\t\t\tEscolha um dos temas da Confer\u00eancia e envie suas sugest\u00f5es pelo formul\u00e1rio.\t\t\t\t\t<\/p>\n\t\t\t\t\n\t\t\t<\/div>\n\t\t\t\n\t\t<\/div>\n\t\t\t\t\t\t<\/div>\n\t\t\t\t<div class=\"elementor-element elementor-element-ae25ec2 elementor-align-center elementor-mobile-align-center elementor-widget elementor-widget-button\" data-id=\"ae25ec2\" data-element_type=\"widget\" data-e-type=\"widget\" data-widget_type=\"button.default\">\n\t\t\t\t\t\t\t\t\t\t<a class=\"elementor-button elementor-button-link elementor-size-sm\" href=\"#form\">\n\t\t\t\t\t\t<span class=\"elementor-button-content-wrapper\">\n\t\t\t\t\t\t<span class=\"elementor-button-icon\">\n\t\t\t\t<svg aria-hidden=\"true\" class=\"e-font-icon-svg e-far-arrow-alt-circle-right\" viewBox=\"0 0 512 512\" xmlns=\"http:\/\/www.w3.org\/2000\/svg\"><path d=\"M504 256C504 119 393 8 256 8S8 119 8 256s111 248 248 248 248-111 248-248zm-448 0c0-110.5 89.5-200 200-200s200 89.5 200 200-89.5 200-200 200S56 366.5 56 256zm72 20v-40c0-6.6 5.4-12 12-12h116v-67c0-10.7 12.9-16 20.5-8.5l99 99c4.7 4.7 4.7 12.3 0 17l-99 99c-7.6 7.6-20.5 2.2-20.5-8.5v-67H140c-6.6 0-12-5.4-12-12z\"><\/path><\/svg>\t\t\t<\/span>\n\t\t\t\t\t\t\t\t\t<span class=\"elementor-button-text\">Envie sua sugest\u00e3o<\/span>\n\t\t\t\t\t<\/span>\n\t\t\t\t\t<\/a>\n\t\t\t\t\t\t\t\t<\/div>\n\t\t\t\t<\/div>\n\t\t<div class=\"elementor-element elementor-element-84d4bba e-con-full e-flex e-con e-child\" data-id=\"84d4bba\" data-element_type=\"container\" data-e-type=\"container\" data-settings=\"{&quot;background_background&quot;:&quot;classic&quot;}\">\n\t\t\t\t<div class=\"elementor-element elementor-element-c31ea2f elementor-view-stacked elementor-shape-rounded elementor-position-inline-start elementor-mobile-position-block-start elementor-widget elementor-widget-icon-box\" data-id=\"c31ea2f\" data-element_type=\"widget\" data-e-type=\"widget\" data-widget_type=\"icon-box.default\">\n\t\t\t\t\t\t\t<div class=\"elementor-icon-box-wrapper\">\n\n\t\t\t\t\t\t<div class=\"elementor-icon-box-icon\">\n\t\t\t\t<span  class=\"elementor-icon\">\n\t\t\t\t<svg xmlns=\"http:\/\/www.w3.org\/2000\/svg\" id=\"Layer_1\" height=\"512\" viewBox=\"0 0 512 512\" width=\"512\"><path d=\"m391.869 292.289c4.418 0 8-3.582 8-8v-41.376c0-4.418-3.582-8-8-8h-35.607v-75.811c0-21.552-16.463-37.997-45.168-45.117-11.517-2.857-23.021-4.824-34.484-5.911 17.041-9.899 28.909-31.659 28.909-56.869 0-31.584-18.975-51.205-49.519-51.205s-49.519 19.621-49.519 51.205c0 25.154 11.815 46.874 28.795 56.804-11.572 1.075-23.062 3.068-34.436 5.993-29.086 7.476-45.104 23.493-45.104 45.101v75.811h-11.479v-106.43l21.994-15.975c3.022 1.437 6.399 2.244 9.962 2.244 12.839 0 23.284-10.445 23.284-23.285 0-12.839-10.445-23.284-23.284-23.284s-23.284 10.445-23.284 23.284c0 3.373.727 6.578 2.022 9.474l-23.396 16.993c-2.072 1.505-3.299 3.912-3.299 6.473v110.506h-8.128c-4.418 0-8 3.582-8 8v41.376c0 4.418 3.582 8 8 8h26.903l8.379 212.026c.17 4.292 3.699 7.685 7.994 7.685h185.186c4.295 0 7.824-3.393 7.994-7.685l8.379-212.026h26.906zm-215.654-208.105c4.017 0 7.284 3.268 7.284 7.284s-3.268 7.285-7.284 7.285-7.284-3.268-7.284-7.285 3.267-7.284 7.284-7.284zm46.266-32.979c0-30.631 21-35.205 33.519-35.205s33.519 4.574 33.519 35.205c0 25.678-15.036 46.568-33.519 46.568s-33.519-20.891-33.519-46.568zm-50.744 107.897c0-17.439 17.992-25.725 33.087-29.604 33.348-8.576 67.805-8.57 102.418.017 12.332 3.059 33.02 10.971 33.02 29.588v75.811h-25.925v-56.544c0-4.418-3.582-8-8-8s-8 3.582-8 8v56.544h-84.675v-56.544c0-4.418-3.582-8-8-8s-8 3.582-8 8v56.544h-25.925zm-43.606 91.811h8.099c.01 0 .019.001.029.001s.019-.001.029-.001h27.44.01 184.524.01 35.598v25.376h-255.739zm127.869 144.832c-12.116 0-22.352-14.604-22.352-31.891 0-19.493 12.155-23.585 22.352-23.585s22.352 4.092 22.352 23.585c0 17.287-10.236 31.891-22.352 31.891zm36.941 27.444c8.405 2.085 22.506 7.396 22.506 19.541v53.27h-14.649v-39.185c0-4.418-3.582-8-8-8s-8 3.582-8 8v39.185h-57.597v-39.185c0-4.418-3.582-8-8-8s-8 3.582-8 8v39.185h-14.647v-53.27c0-11.369 12.274-16.91 22.571-19.558 24.03-6.178 48.864-6.172 73.816.017zm47.961 72.811h-9.455v-53.27c0-16.824-12.631-29.606-34.653-35.07-6.619-1.642-13.234-2.878-19.833-3.731 10.461-8.562 17.391-23.323 17.391-40.075 0-15.869-6.212-25.016-11.422-29.895-6.771-6.34-16.084-9.69-26.93-9.69s-20.158 3.351-26.93 9.69c-5.21 4.879-11.422 14.025-11.422 29.895 0 16.711 6.895 31.442 17.313 40.013-6.651.856-13.262 2.123-19.821 3.809-21.98 5.65-34.587 18.428-34.587 35.054v53.27h-9.456l-8.05-203.711h185.905zm136.445-88.34c-6.619-1.642-13.233-2.878-19.833-3.731 10.462-8.562 17.391-23.323 17.391-40.075 0-15.869-6.211-25.016-11.422-29.895-6.771-6.339-16.083-9.69-26.929-9.69s-20.158 3.351-26.93 9.69c-5.211 4.879-11.423 14.025-11.423 29.895 0 16.711 6.895 31.442 17.314 40.013-6.651.856-13.262 2.123-19.822 3.809-21.98 5.651-34.587 18.428-34.587 35.054v61.27c0 4.418 3.582 8 8 8h134.894c4.418 0 8-3.582 8-8v-61.27c0-16.824-12.631-29.607-34.653-35.07zm-40.793-67.39c10.196 0 22.351 4.092 22.351 23.585 0 17.286-10.235 31.891-22.351 31.891s-22.353-14.604-22.353-31.891c0-19.494 12.155-23.585 22.353-23.585zm59.446 155.73h-14.648v-39.185c0-4.418-3.582-8-8-8s-8 3.582-8 8v39.185h-57.597v-39.185c0-4.418-3.582-8-8-8s-8 3.582-8 8v39.185h-14.648v-53.27c0-11.368 12.274-16.91 22.571-19.558 24.029-6.179 48.864-6.173 73.817.017 8.404 2.085 22.505 7.396 22.505 19.541zm-379.693-88.323c-6.56-1.687-13.17-2.953-19.821-3.81 10.419-8.571 17.313-23.302 17.313-40.012 0-15.869-6.212-25.016-11.423-29.895-6.771-6.34-16.084-9.69-26.93-9.69s-20.157 3.352-26.929 9.69c-5.211 4.879-11.422 14.025-11.422 29.895 0 16.752 6.929 31.513 17.39 40.074-6.599.852-13.213 2.089-19.832 3.731-22.022 5.463-34.653 18.246-34.653 35.07v61.27c0 4.418 3.582 8 8 8h134.894c4.418 0 8-3.582 8-8v-61.27c0-16.626-12.607-29.402-34.587-35.053zm-40.861-67.407c10.197 0 22.353 4.092 22.353 23.585 0 17.286-10.236 31.891-22.353 31.891-12.115 0-22.351-14.604-22.351-31.891.001-19.494 12.155-23.585 22.351-23.585zm59.448 155.73h-14.648v-39.185c0-4.418-3.582-8-8-8s-8 3.582-8 8v39.185h-57.598v-39.185c0-4.418-3.582-8-8-8s-8 3.582-8 8v39.185h-14.648v-53.27c0-12.145 14.101-17.456 22.505-19.541 24.953-6.189 49.789-6.196 73.817-.017 10.297 2.647 22.571 8.189 22.571 19.558v53.27z\"><\/path><\/svg>\t\t\t\t<\/span>\n\t\t\t<\/div>\n\t\t\t\n\t\t\t\t\t\t<div class=\"elementor-icon-box-content\">\n\n\t\t\t\t\t\t\t\t\t<h3 class=\"elementor-icon-box-title\">\n\t\t\t\t\t\t<span  >\n\t\t\t\t\t\t\tPresencialmente\t\t\t\t\t\t<\/span>\n\t\t\t\t\t<\/h3>\n\t\t\t\t\n\t\t\t\t\t\t\t\t\t<p class=\"elementor-icon-box-description\">\n\t\t\t\t\t\tAcompanhe a agenda e compare\u00e7a presencialmente no dia e local marcados para a <strong>24\u00aa Confer\u00eancia Produ\u00e7\u00e3o mais Limpa e Mudan\u00e7as Clim\u00e1ticas em S\u00e3o Paulo<\/strong>\t\t\t\t\t<\/p>\n\t\t\t\t\n\t\t\t<\/div>\n\t\t\t\n\t\t<\/div>\n\t\t\t\t\t\t<\/div>\n\t\t\t\t<div class=\"elementor-element elementor-element-758ea46 elementor-align-center elementor-mobile-align-center elementor-widget elementor-widget-button\" data-id=\"758ea46\" data-element_type=\"widget\" data-e-type=\"widget\" data-widget_type=\"button.default\">\n\t\t\t\t\t\t\t\t\t\t<a class=\"elementor-button elementor-button-link elementor-size-sm\" href=\"https:\/\/bit.ly\/participe-camarapeloclima\">\n\t\t\t\t\t\t<span class=\"elementor-button-content-wrapper\">\n\t\t\t\t\t\t<span class=\"elementor-button-icon\">\n\t\t\t\t<svg aria-hidden=\"true\" class=\"e-font-icon-svg e-far-arrow-alt-circle-right\" viewBox=\"0 0 512 512\" xmlns=\"http:\/\/www.w3.org\/2000\/svg\"><path d=\"M504 256C504 119 393 8 256 8S8 119 8 256s111 248 248 248 248-111 248-248zm-448 0c0-110.5 89.5-200 200-200s200 89.5 200 200-89.5 200-200 200S56 366.5 56 256zm72 20v-40c0-6.6 5.4-12 12-12h116v-67c0-10.7 12.9-16 20.5-8.5l99 99c4.7 4.7 4.7 12.3 0 17l-99 99c-7.6 7.6-20.5 2.2-20.5-8.5v-67H140c-6.6 0-12-5.4-12-12z\"><\/path><\/svg>\t\t\t<\/span>\n\t\t\t\t\t\t\t\t\t<span class=\"elementor-button-text\">Inscreva-se<\/span>\n\t\t\t\t\t<\/span>\n\t\t\t\t\t<\/a>\n\t\t\t\t\t\t\t\t<\/div>\n\t\t\t\t<\/div>\n\t\t\t\t<\/div>\n\t\t\t\t<\/div>\n\t\t<div class=\"elementor-element elementor-element-9367936 e-con-full e-flex e-con e-parent\" data-id=\"9367936\" data-element_type=\"container\" data-e-type=\"container\" id=\"form\" data-settings=\"{&quot;background_background&quot;:&quot;classic&quot;}\">\n\t\t<div class=\"elementor-element elementor-element-daccb3a e-con-full e-flex e-con e-child\" data-id=\"daccb3a\" data-element_type=\"container\" data-e-type=\"container\">\n\t\t\t\t<div class=\"elementor-element elementor-element-ae1d1ff elementor-widget elementor-widget-spacer\" data-id=\"ae1d1ff\" data-element_type=\"widget\" data-e-type=\"widget\" data-widget_type=\"spacer.default\">\n\t\t\t\t\t\t\t<div class=\"elementor-spacer\">\n\t\t\t<div class=\"elementor-spacer-inner\"><\/div>\n\t\t<\/div>\n\t\t\t\t\t\t<\/div>\n\t\t\t\t<div class=\"elementor-element elementor-element-17001aa elementor-widget elementor-widget-heading\" data-id=\"17001aa\" data-element_type=\"widget\" data-e-type=\"widget\" data-widget_type=\"heading.default\">\n\t\t\t\t\t<h2 class=\"elementor-heading-title elementor-size-default\">Envie sua sugest\u00e3o<\/h2>\t\t\t\t<\/div>\n\t\t\t\t<div class=\"elementor-element elementor-element-62bc07f elementor-hidden-tablet elementor-hidden-mobile elementor-widget elementor-widget-text-editor\" data-id=\"62bc07f\" data-element_type=\"widget\" data-e-type=\"widget\" data-widget_type=\"text-editor.default\">\n\t\t\t\t\t\t\t\t\t<iframe src=\"https:\/\/docs.google.com\/forms\/d\/e\/1FAIpQLSf9dMUuuBe_c6ADG7N7EDIvR4w7oBszT1S465cC-1d1UNafTQ\/viewform?embedded=true\" width=\"640\" height=\"1600\" frameborder=\"0\" marginwidth=\"0\" marginheight=\"0\"><span data-mce-type=\"bookmark\" style=\"width: 0px;overflow: hidden;line-height: 0\" class=\"mce_SELRES_start\">\ufeff<\/span><span data-mce-type=\"bookmark\" style=\"width: 0px;overflow: hidden;line-height: 0\" class=\"mce_SELRES_start\">\ufeff<\/span><span data-mce-type=\"bookmark\" style=\"width: 0px;overflow: hidden;line-height: 0\" class=\"mce_SELRES_start\">\ufeff<\/span>Carregando\u2026<\/iframe>\t\t\t\t\t\t\t\t<\/div>\n\t\t\t\t<div class=\"elementor-element elementor-element-b68c514 elementor-hidden-desktop elementor-widget elementor-widget-text-editor\" data-id=\"b68c514\" data-element_type=\"widget\" data-e-type=\"widget\" data-widget_type=\"text-editor.default\">\n\t\t\t\t\t\t\t\t\t<iframe src=\"https:\/\/docs.google.com\/forms\/d\/e\/1FAIpQLSf9dMUuuBe_c6ADG7N7EDIvR4w7oBszT1S465cC-1d1UNafTQ\/viewform?embedded=true\" width=\"640\" height=\"1900\" frameborder=\"0\" marginwidth=\"0\" marginheight=\"0\"><span data-mce-type=\"bookmark\" style=\"width: 0px;overflow: hidden;line-height: 0\" class=\"mce_SELRES_start\">\ufeff<\/span><span data-mce-type=\"bookmark\" style=\"width: 0px;overflow: hidden;line-height: 0\" class=\"mce_SELRES_start\">\ufeff<\/span>Carregando\u2026<\/iframe>\t\t\t\t\t\t\t\t<\/div>\n\t\t\t\t<\/div>\n\t\t\t\t<\/div>\n\t\t\t\t<\/div>\n\t\t","protected":false},"excerpt":{"rendered":"<p>Sua participa\u00e7\u00e3o \u00e9 importante! Escolha a forma que voc\u00ea gostaria de participar e ajude a construir solu\u00e7\u00f5es para as Mudan\u00e7as Clim\u00e1ticas. Envio de sugest\u00e3o (Online) Escolha um dos temas da Confer\u00eancia e envie suas sugest\u00f5es pelo formul\u00e1rio. Envie sua sugest\u00e3o Presencialmente Acompanhe a agenda e compare\u00e7a presencialmente no dia e local marcados para a 24\u00aa&#8230; <a href=\"https:\/\/www.saopaulo.sp.leg.br\/camarapeloclima\/participe\/\">Leia mais<\/a><\/p>\n","protected":false},"author":916,"featured_media":0,"parent":0,"menu_order":0,"comment_status":"closed","ping_status":"closed","template":"elementor_header_footer","meta":{"_acf_changed":false,"footnotes":""},"class_list":["post-191","page","type-page","status-publish","hentry"],"acf":[],"_links":{"self":[{"href":"https:\/\/www.saopaulo.sp.leg.br\/camarapeloclima\/wp-json\/wp\/v2\/pages\/191","targetHints":{"allow":["GET"]}}],"collection":[{"href":"https:\/\/www.saopaulo.sp.leg.br\/camarapeloclima\/wp-json\/wp\/v2\/pages"}],"about":[{"href":"https:\/\/www.saopaulo.sp.leg.br\/camarapeloclima\/wp-json\/wp\/v2\/types\/page"}],"author":[{"embeddable":true,"href":"https:\/\/www.saopaulo.sp.leg.br\/camarapeloclima\/wp-json\/wp\/v2\/users\/916"}],"replies":[{"embeddable":true,"href":"https:\/\/www.saopaulo.sp.leg.br\/camarapeloclima\/wp-json\/wp\/v2\/comments?post=191"}],"version-history":[{"count":5,"href":"https:\/\/www.saopaulo.sp.leg.br\/camarapeloclima\/wp-json\/wp\/v2\/pages\/191\/revisions"}],"predecessor-version":[{"id":376,"href":"https:\/\/www.saopaulo.sp.leg.br\/camarapeloclima\/wp-json\/wp\/v2\/pages\/191\/revisions\/376"}],"wp:attachment":[{"href":"https:\/\/www.saopaulo.sp.leg.br\/camarapeloclima\/wp-json\/wp\/v2\/media?parent=191"}],"curies":[{"name":"wp","href":"https:\/\/api.w.org\/{rel}","templated":true}]}}