{"id":134,"date":"2015-03-06T14:53:22","date_gmt":"2015-03-06T17:53:22","guid":{"rendered":"http:\/\/www.saopaulo.sp.leg.br\/camaranoseubairro\/?page_id=134"},"modified":"2015-03-06T14:53:22","modified_gmt":"2015-03-06T17:53:22","slug":"cidade-ademar","status":"publish","type":"page","link":"https:\/\/www.saopaulo.sp.leg.br\/camaranoseubairro\/sessoes-publicas\/cidade-ademar\/","title":{"rendered":"Cidade Ademar"},"content":{"rendered":"<p style=\"text-align: justify\"><img loading=\"lazy\" decoding=\"async\" class=\"alignnone size-full wp-image-3819\" src=\"http:\/\/www.saopaulo.sp.leg.br\/camaranoseubairro\/wp-content\/uploads\/sites\/13\/2015\/05\/CNSB_CID_ADEMAR_materia.jpg\" alt=\"CNSB_CID_ADEMAR_materia\" width=\"630\" height=\"241\" srcset=\"https:\/\/www.saopaulo.sp.leg.br\/camaranoseubairro\/wp-content\/uploads\/sites\/13\/2015\/05\/CNSB_CID_ADEMAR_materia.jpg 630w, https:\/\/www.saopaulo.sp.leg.br\/camaranoseubairro\/wp-content\/uploads\/sites\/13\/2015\/05\/CNSB_CID_ADEMAR_materia-300x115.jpg 300w\" sizes=\"auto, (max-width: 630px) 100vw, 630px\" \/><\/p>\n<h3 style=\"text-align: justify\">Popula\u00e7\u00e3o de Cidade Ademar pede mais educa\u00e7\u00e3o, transporte e cultura para regi\u00e3o<\/h3>\n<p style=\"text-align: justify\">Os mais de 500 participantes da sess\u00e3o p\u00fablica do C\u00e2mara no Seu Bairro \u2013 projeto realizado pelo legislativo paulistano para aproximar os cidad\u00e3os dos vereadores \u2013 sinalizaram neste s\u00e1bado (9\/5) para a necessidade de mais investimentos em educa\u00e7\u00e3o, transporte p\u00fablico e cultura para os distritos de Pedreira e Cidade Ademar, zona sul de S\u00e3o Paulo.<\/p>\n<h3>FOTOS:<\/h3>\n\n<h5>Foto: Andr\u00e9 Bueno\/CMSP<\/h5>\n","protected":false},"excerpt":{"rendered":"<p>Popula\u00e7\u00e3o de Cidade Ademar pede mais educa\u00e7\u00e3o, transporte e cultura para regi\u00e3o Os mais de 500 participantes da sess\u00e3o p\u00fablica do C\u00e2mara no Seu Bairro \u2013 projeto realizado pelo legislativo paulistano para aproximar os cidad\u00e3os dos vereadores \u2013 sinalizaram neste s\u00e1bado (9\/5) para a necessidade de mais investimentos em educa\u00e7\u00e3o, transporte p\u00fablico e cultura para&#8230;  <a class=\"excerpt-read-more\" href=\"https:\/\/www.saopaulo.sp.leg.br\/camaranoseubairro\/sessoes-publicas\/cidade-ademar\/\" title=\"Read Cidade Ademar\">Ler mais &raquo;<\/a><\/p>\n","protected":false},"author":59,"featured_media":0,"parent":20,"menu_order":14,"comment_status":"open","ping_status":"open","template":"","meta":{"_acf_changed":false,"ngg_post_thumbnail":0,"footnotes":""},"class_list":["post-134","page","type-page","status-publish","hentry"],"acf":[],"_links":{"self":[{"href":"https:\/\/www.saopaulo.sp.leg.br\/camaranoseubairro\/wp-json\/wp\/v2\/pages\/134","targetHints":{"allow":["GET"]}}],"collection":[{"href":"https:\/\/www.saopaulo.sp.leg.br\/camaranoseubairro\/wp-json\/wp\/v2\/pages"}],"about":[{"href":"https:\/\/www.saopaulo.sp.leg.br\/camaranoseubairro\/wp-json\/wp\/v2\/types\/page"}],"author":[{"embeddable":true,"href":"https:\/\/www.saopaulo.sp.leg.br\/camaranoseubairro\/wp-json\/wp\/v2\/users\/59"}],"replies":[{"embeddable":true,"href":"https:\/\/www.saopaulo.sp.leg.br\/camaranoseubairro\/wp-json\/wp\/v2\/comments?post=134"}],"version-history":[{"count":0,"href":"https:\/\/www.saopaulo.sp.leg.br\/camaranoseubairro\/wp-json\/wp\/v2\/pages\/134\/revisions"}],"up":[{"embeddable":true,"href":"https:\/\/www.saopaulo.sp.leg.br\/camaranoseubairro\/wp-json\/wp\/v2\/pages\/20"}],"wp:attachment":[{"href":"https:\/\/www.saopaulo.sp.leg.br\/camaranoseubairro\/wp-json\/wp\/v2\/media?parent=134"}],"curies":[{"name":"wp","href":"https:\/\/api.w.org\/{rel}","templated":true}]}}