{"id":107,"date":"2015-03-06T14:26:07","date_gmt":"2015-03-06T17:26:07","guid":{"rendered":"http:\/\/www.saopaulo.sp.leg.br\/camaranoseubairro\/?page_id=107"},"modified":"2015-03-06T14:26:07","modified_gmt":"2015-03-06T17:26:07","slug":"butanta","status":"publish","type":"page","link":"https:\/\/www.saopaulo.sp.leg.br\/camaranoseubairro\/sessoes-publicas\/butanta\/","title":{"rendered":"Butant\u00e3"},"content":{"rendered":"<h2><a href=\"http:\/\/www.saopaulo.sp.leg.br\/camaranoseubairro\/wp-content\/uploads\/sites\/13\/2015\/03\/CNSB_Butata_materia.jpg\"><img loading=\"lazy\" decoding=\"async\" class=\"alignnone size-full wp-image-4000\" src=\"http:\/\/www.saopaulo.sp.leg.br\/camaranoseubairro\/wp-content\/uploads\/sites\/13\/2015\/03\/CNSB_Butata_materia.jpg\" alt=\"CNSB_Butata_materia\" width=\"630\" height=\"250\" srcset=\"https:\/\/www.saopaulo.sp.leg.br\/camaranoseubairro\/wp-content\/uploads\/sites\/13\/2015\/03\/CNSB_Butata_materia.jpg 630w, https:\/\/www.saopaulo.sp.leg.br\/camaranoseubairro\/wp-content\/uploads\/sites\/13\/2015\/03\/CNSB_Butata_materia-300x119.jpg 300w\" sizes=\"auto, (max-width: 630px) 100vw, 630px\" \/><br \/>\n<\/a><strong>Sa\u00fade \u00e9 um dos principais desafios no Butant\u00e3<\/strong><\/h2>\n<p style=\"text-align: justify\">Na manh\u00e3 deste s\u00e1bado, o CEU Butant\u00e3, localizado em Cidade dos Bandeirantes, zona oeste da capital, recebeu a nona edi\u00e7\u00e3o do programa C\u00e2mara no seu Bairro, projeto que visa aproximar o legislativo da popula\u00e7\u00e3o. Moradores dos distritos do Morumbi, Vila S\u00f4nia, Butant\u00e3, Raposo Tavares e Rio Pequeno expuseram as suas demandas aos vereadores, muitas delas na \u00e1rea da sa\u00fade.<\/p>\n<h3>Fotos:<br \/>\n<\/h3>\n<h5>Fotos: Luiz Fran\u00e7a\/CMSP<\/h5>\n","protected":false},"excerpt":{"rendered":"<p>Sa\u00fade \u00e9 um dos principais desafios no Butant\u00e3 Na manh\u00e3 deste s\u00e1bado, o CEU Butant\u00e3, localizado em Cidade dos Bandeirantes, zona oeste da capital, recebeu a nona edi\u00e7\u00e3o do programa C\u00e2mara no seu Bairro, projeto que visa aproximar o legislativo da popula\u00e7\u00e3o. Moradores dos distritos do Morumbi, Vila S\u00f4nia, Butant\u00e3, Raposo Tavares e Rio Pequeno&#8230;  <a class=\"excerpt-read-more\" href=\"https:\/\/www.saopaulo.sp.leg.br\/camaranoseubairro\/sessoes-publicas\/butanta\/\" title=\"Read Butant\u00e3\">Ler mais &raquo;<\/a><\/p>\n","protected":false},"author":59,"featured_media":0,"parent":20,"menu_order":15,"comment_status":"open","ping_status":"closed","template":"","meta":{"_acf_changed":false,"ngg_post_thumbnail":0,"footnotes":""},"class_list":["post-107","page","type-page","status-publish","hentry"],"acf":[],"_links":{"self":[{"href":"https:\/\/www.saopaulo.sp.leg.br\/camaranoseubairro\/wp-json\/wp\/v2\/pages\/107","targetHints":{"allow":["GET"]}}],"collection":[{"href":"https:\/\/www.saopaulo.sp.leg.br\/camaranoseubairro\/wp-json\/wp\/v2\/pages"}],"about":[{"href":"https:\/\/www.saopaulo.sp.leg.br\/camaranoseubairro\/wp-json\/wp\/v2\/types\/page"}],"author":[{"embeddable":true,"href":"https:\/\/www.saopaulo.sp.leg.br\/camaranoseubairro\/wp-json\/wp\/v2\/users\/59"}],"replies":[{"embeddable":true,"href":"https:\/\/www.saopaulo.sp.leg.br\/camaranoseubairro\/wp-json\/wp\/v2\/comments?post=107"}],"version-history":[{"count":0,"href":"https:\/\/www.saopaulo.sp.leg.br\/camaranoseubairro\/wp-json\/wp\/v2\/pages\/107\/revisions"}],"up":[{"embeddable":true,"href":"https:\/\/www.saopaulo.sp.leg.br\/camaranoseubairro\/wp-json\/wp\/v2\/pages\/20"}],"wp:attachment":[{"href":"https:\/\/www.saopaulo.sp.leg.br\/camaranoseubairro\/wp-json\/wp\/v2\/media?parent=107"}],"curies":[{"name":"wp","href":"https:\/\/api.w.org\/{rel}","templated":true}]}}