{"id":17,"date":"2025-02-28T10:39:58","date_gmt":"2025-02-28T13:39:58","guid":{"rendered":"https:\/\/www.saopaulo.sp.leg.br\/camaranarua\/?page_id=17"},"modified":"2025-03-26T16:17:55","modified_gmt":"2025-03-26T19:17:55","slug":"envie-sugestoes","status":"publish","type":"page","link":"https:\/\/www.saopaulo.sp.leg.br\/camaranarua\/envie-sugestoes\/","title":{"rendered":"Envie Sugest\u00f5es"},"content":{"rendered":"<div class=\"box-text\">\n<h2>Participe com suas sugest\u00f5es<\/h2>\n<p>A <strong>C\u00e2mara Municipal de S\u00e3o Paulo<\/strong> valoriza a participa\u00e7\u00e3o ativa dos cidad\u00e3os na constru\u00e7\u00e3o de uma cidade melhor. Por meio do projeto <strong>C\u00e2mara na Rua<\/strong>, o Legislativo paulistano busca se aproximar e ampliar o di\u00e1logo com o cidad\u00e3o.<\/p>\n<p>Portanto, sua opini\u00e3o \u00e9 fundamental para identificarmos as necessidades e implementarmos melhorias em nossa cidade.<\/p>\n<p><strong>Participe, compartilhe suas sugest\u00f5es e contribua para o desenvolvimento de S\u00e3o Paulo.<\/strong><\/p>\n<\/div>\n","protected":false},"excerpt":{"rendered":"<p>Participe com suas sugest\u00f5es A C\u00e2mara Municipal de S\u00e3o Paulo valoriza a participa\u00e7\u00e3o ativa dos cidad\u00e3os na constru\u00e7\u00e3o de uma cidade melhor. Por meio do projeto C\u00e2mara na Rua, o Legislativo paulistano busca se aproximar e ampliar o di\u00e1logo com o cidad\u00e3o. Portanto, sua opini\u00e3o \u00e9 fundamental para identificarmos as necessidades e implementarmos melhorias em&#8230;  <a class=\"excerpt-read-more\" href=\"https:\/\/www.saopaulo.sp.leg.br\/camaranarua\/envie-sugestoes\/\" title=\"Read Envie Sugest\u00f5es\">Ler mais &raquo;<\/a><\/p>\n","protected":false},"author":733,"featured_media":0,"parent":0,"menu_order":0,"comment_status":"closed","ping_status":"closed","template":"page-de-sua-sugestao.php","meta":{"_acf_changed":false,"footnotes":""},"class_list":["post-17","page","type-page","status-publish","hentry"],"acf":[],"_links":{"self":[{"href":"https:\/\/www.saopaulo.sp.leg.br\/camaranarua\/wp-json\/wp\/v2\/pages\/17","targetHints":{"allow":["GET"]}}],"collection":[{"href":"https:\/\/www.saopaulo.sp.leg.br\/camaranarua\/wp-json\/wp\/v2\/pages"}],"about":[{"href":"https:\/\/www.saopaulo.sp.leg.br\/camaranarua\/wp-json\/wp\/v2\/types\/page"}],"author":[{"embeddable":true,"href":"https:\/\/www.saopaulo.sp.leg.br\/camaranarua\/wp-json\/wp\/v2\/users\/733"}],"replies":[{"embeddable":true,"href":"https:\/\/www.saopaulo.sp.leg.br\/camaranarua\/wp-json\/wp\/v2\/comments?post=17"}],"version-history":[{"count":0,"href":"https:\/\/www.saopaulo.sp.leg.br\/camaranarua\/wp-json\/wp\/v2\/pages\/17\/revisions"}],"wp:attachment":[{"href":"https:\/\/www.saopaulo.sp.leg.br\/camaranarua\/wp-json\/wp\/v2\/media?parent=17"}],"curies":[{"name":"wp","href":"https:\/\/api.w.org\/{rel}","templated":true}]}}