{"id":15,"date":"2025-02-28T10:39:30","date_gmt":"2025-02-28T13:39:30","guid":{"rendered":"https:\/\/www.saopaulo.sp.leg.br\/camaranarua\/?page_id=15"},"modified":"2025-07-02T09:38:01","modified_gmt":"2025-07-02T12:38:01","slug":"entenda-o-projeto","status":"publish","type":"page","link":"https:\/\/www.saopaulo.sp.leg.br\/camaranarua\/entenda-o-projeto\/","title":{"rendered":"Entenda o Projeto"},"content":{"rendered":"<div class=\"box-text\">\n<h2>Entenda o que \u00e9 o projeto<\/h2>\n<p>O <strong>Projeto C\u00e2mara na Rua<\/strong> surgiu para aproximar os cidad\u00e3os do Legislativo paulistano.<\/p>\n<p>Com o intuito de percorrer diversas regi\u00f5es da capital paulista, a iniciativa vai proporcionar uma s\u00e9rie de a\u00e7\u00f5es e projetos em sintonia com os anseios da popula\u00e7\u00e3o, abrindo espa\u00e7o para os moradores locais falarem sobre as necessidades da regi\u00e3o onde moram. O principal objetivo \u00e9 ampliar o di\u00e1logo entre a <strong>Casa Legislativa e a popula\u00e7\u00e3o<\/strong>, especialmente com as pessoas que vivem na periferia, contribuindo para identificar problemas locais e formular pol\u00edticas p\u00fablicas.<\/p>\n<\/div>\n<div class=\"box-text\">\n<h2>Como vai funcionar?<\/h2>\n<p>O <strong>C\u00e2mara na Rua<\/strong> leva setores do <strong>Legislativo (Plen\u00e1rio, Comiss\u00f5es, Biblioteca, entre outros)<\/strong> para os <strong>CEUs (Centros Educacionais Unificados<\/strong>) da cidade, sempre no fim de cada m\u00eas. Assim, o cidad\u00e3o que vive naquela regi\u00e3o ter\u00e1 a oportunidade de contribuir com sugest\u00f5es para melhorar a cidade.<\/p>\n<p>Em uma esp\u00e9cie de feira interativa, os mun\u00edcipes poder\u00e3o tirar todas as d\u00favidas sobre o trabalho do <strong>Legislativo paulistano<\/strong>. \u00c9 uma \u00f3tima oportunidade para a comunidade falar diretamente com os vereadores.<\/p>\n<p>J\u00e1 na<strong> Tribuna Popular Local<\/strong>, os mun\u00edcipes poder\u00e3o participar, seguindo ordem cronol\u00f3gica de inscri\u00e7\u00e3o, e por at\u00e9 tr\u00eas minutos, apresentando as demandas de interesse local. De acordo com o <a href=\"https:\/\/plpconsulta.saopaulo.sp.leg.br\/Forms\/MostrarArquivo?ID=22247&amp;TipArq=1\">Ato n\u00ba 1.657\/2025<\/a>, se houver n\u00famero de inscri\u00e7\u00f5es que ultrapasse os 90 minutos de dura\u00e7\u00e3o da tribuna, haver\u00e1 sorteio para defini\u00e7\u00e3o dos oradores.<\/p>\n<p>Al\u00e9m disso, antes de finalizar a sess\u00e3o p\u00fablica especial, o presidente da sess\u00e3o poder\u00e1 passar a palavra \u00e0s autoridades presentes para eventuais esclarecimentos \u00e0 popula\u00e7\u00e3o.<\/p>\n<p>A <strong>C\u00e2mara Municipal<\/strong> desenvolveu ainda um aplicativo para ajudar nos registros das demandas da popula\u00e7\u00e3o e acelerar o processo de aprimoramento de projetos. O evento ocorre sempre no <strong>\u00faltimo s\u00e1bado de cada m\u00eas<\/strong>. A feira de exposi\u00e7\u00e3o acontece das <strong>9h \u00e0s 10h<\/strong> e, logo em seguida, abre-se espa\u00e7o para a tribuna popular, que tem, em m\u00e9dia, dura\u00e7\u00e3o de 90 minutos.<\/p>\n<\/div>\n<div class=\"box-text\">\n<h2>Foco na periferia<\/h2>\n<p>Por estar localizada no centro da cidade, a sede da <strong>C\u00e2mara Municipal<\/strong> pode parecer distante para muitas comunidades. O <strong>C\u00e2mara na Rua<\/strong> foi criado justamente para reduzir essa dist\u00e2ncia, levando a atua\u00e7\u00e3o legislativa para os bairros e fortalecendo a conex\u00e3o com os cidad\u00e3os. Al\u00e9m de aproximar o Legislativo da popula\u00e7\u00e3o, a iniciativa refor\u00e7a o compromisso da <strong>C\u00e2mara<\/strong> em construir uma cidade mais participativa e democr\u00e1tica.<\/p>\n<\/div>\n","protected":false},"excerpt":{"rendered":"<p>Entenda o que \u00e9 o projeto O Projeto C\u00e2mara na Rua surgiu para aproximar os cidad\u00e3os do Legislativo paulistano. Com o intuito de percorrer diversas regi\u00f5es da capital paulista, a iniciativa vai proporcionar uma s\u00e9rie de a\u00e7\u00f5es e projetos em sintonia com os anseios da popula\u00e7\u00e3o, abrindo espa\u00e7o para os moradores locais falarem sobre as&#8230;  <a class=\"excerpt-read-more\" href=\"https:\/\/www.saopaulo.sp.leg.br\/camaranarua\/entenda-o-projeto\/\" title=\"Read Entenda o Projeto\">Ler mais &raquo;<\/a><\/p>\n","protected":false},"author":733,"featured_media":0,"parent":0,"menu_order":0,"comment_status":"closed","ping_status":"closed","template":"","meta":{"_acf_changed":false,"footnotes":""},"class_list":["post-15","page","type-page","status-publish","hentry"],"acf":[],"_links":{"self":[{"href":"https:\/\/www.saopaulo.sp.leg.br\/camaranarua\/wp-json\/wp\/v2\/pages\/15","targetHints":{"allow":["GET"]}}],"collection":[{"href":"https:\/\/www.saopaulo.sp.leg.br\/camaranarua\/wp-json\/wp\/v2\/pages"}],"about":[{"href":"https:\/\/www.saopaulo.sp.leg.br\/camaranarua\/wp-json\/wp\/v2\/types\/page"}],"author":[{"embeddable":true,"href":"https:\/\/www.saopaulo.sp.leg.br\/camaranarua\/wp-json\/wp\/v2\/users\/733"}],"replies":[{"embeddable":true,"href":"https:\/\/www.saopaulo.sp.leg.br\/camaranarua\/wp-json\/wp\/v2\/comments?post=15"}],"version-history":[{"count":1,"href":"https:\/\/www.saopaulo.sp.leg.br\/camaranarua\/wp-json\/wp\/v2\/pages\/15\/revisions"}],"predecessor-version":[{"id":155,"href":"https:\/\/www.saopaulo.sp.leg.br\/camaranarua\/wp-json\/wp\/v2\/pages\/15\/revisions\/155"}],"wp:attachment":[{"href":"https:\/\/www.saopaulo.sp.leg.br\/camaranarua\/wp-json\/wp\/v2\/media?parent=15"}],"curies":[{"name":"wp","href":"https:\/\/api.w.org\/{rel}","templated":true}]}}