{"id":13,"date":"2025-02-28T10:39:12","date_gmt":"2025-02-28T13:39:12","guid":{"rendered":"https:\/\/www.saopaulo.sp.leg.br\/camaranarua\/?page_id=13"},"modified":"2025-07-22T11:48:49","modified_gmt":"2025-07-22T14:48:49","slug":"home","status":"publish","type":"page","link":"https:\/\/www.saopaulo.sp.leg.br\/camaranarua\/","title":{"rendered":"Home"},"content":{"rendered":"<h2 style=\"text-align: center\">Levando a\u00e7\u00e3o e participa\u00e7\u00e3o para os quatro cantos da cidade<\/h2>\n<p style=\"text-align: center\">A <strong>C\u00e2mara de Vereadores<\/strong> vai deslocar uma estrutura completa para ouvir voc\u00ea de perto e facilitar a sua participa\u00e7\u00e3o nas decis\u00f5es mais importantes.<\/p>\n","protected":false},"excerpt":{"rendered":"<p>Levando a\u00e7\u00e3o e participa\u00e7\u00e3o para os quatro cantos da cidade A C\u00e2mara de Vereadores vai deslocar uma estrutura completa para ouvir voc\u00ea de perto e facilitar a sua participa\u00e7\u00e3o nas decis\u00f5es mais importantes.<\/p>\n","protected":false},"author":733,"featured_media":0,"parent":0,"menu_order":0,"comment_status":"closed","ping_status":"closed","template":"page-home.php","meta":{"_acf_changed":false,"footnotes":""},"class_list":["post-13","page","type-page","status-publish","hentry"],"acf":[],"_links":{"self":[{"href":"https:\/\/www.saopaulo.sp.leg.br\/camaranarua\/wp-json\/wp\/v2\/pages\/13","targetHints":{"allow":["GET"]}}],"collection":[{"href":"https:\/\/www.saopaulo.sp.leg.br\/camaranarua\/wp-json\/wp\/v2\/pages"}],"about":[{"href":"https:\/\/www.saopaulo.sp.leg.br\/camaranarua\/wp-json\/wp\/v2\/types\/page"}],"author":[{"embeddable":true,"href":"https:\/\/www.saopaulo.sp.leg.br\/camaranarua\/wp-json\/wp\/v2\/users\/733"}],"replies":[{"embeddable":true,"href":"https:\/\/www.saopaulo.sp.leg.br\/camaranarua\/wp-json\/wp\/v2\/comments?post=13"}],"version-history":[{"count":6,"href":"https:\/\/www.saopaulo.sp.leg.br\/camaranarua\/wp-json\/wp\/v2\/pages\/13\/revisions"}],"predecessor-version":[{"id":166,"href":"https:\/\/www.saopaulo.sp.leg.br\/camaranarua\/wp-json\/wp\/v2\/pages\/13\/revisions\/166"}],"wp:attachment":[{"href":"https:\/\/www.saopaulo.sp.leg.br\/camaranarua\/wp-json\/wp\/v2\/media?parent=13"}],"curies":[{"name":"wp","href":"https:\/\/api.w.org\/{rel}","templated":true}]}}