{"id":128,"date":"2025-06-04T09:23:54","date_gmt":"2025-06-04T12:23:54","guid":{"rendered":"https:\/\/www.saopaulo.sp.leg.br\/camaranarua\/?page_id=128"},"modified":"2025-06-04T11:05:24","modified_gmt":"2025-06-04T14:05:24","slug":"fala-povo","status":"publish","type":"page","link":"https:\/\/www.saopaulo.sp.leg.br\/camaranarua\/fala-povo\/","title":{"rendered":"Fala Povo"},"content":{"rendered":"<div class=\"box-text\">\n<h2>Descubra como a participa\u00e7\u00e3o popular pode transformar a pol\u00edtica local<\/h2>\n<p>Durante o <strong>C\u00e2mara na Rua<\/strong>, montamos uma cabine interativa para ouvir diretamente quem mais importa: voc\u00ea, cidad\u00e3o paulistano.<\/p>\n<p>Nesta s\u00e9rie, moradores de diferentes regi\u00f5es de <strong>S\u00e3o Paulo<\/strong> compartilham opini\u00f5es, fazem perguntas e apresentam suas demandas para a cidade e para a <strong>C\u00e2mara Municipal<\/strong>. Quer saber o que pensam as pessoas sobre sa\u00fade, transporte, educa\u00e7\u00e3o, seguran\u00e7a, moradia e muito mais? D\u00e1 o play e descubra como a participa\u00e7\u00e3o popular pode transformar a pol\u00edtica local.<\/p>\n<p><strong>C\u00e2mara na Rua<\/strong> \u00e9 uma iniciativa da <strong>C\u00e2mara Municipal de S\u00e3o Paulo<\/strong> para fortalecer a transpar\u00eancia, a escuta ativa e a proximidade com a popula\u00e7\u00e3o.<\/p>\n\t\t\t<div \n\t\t\tclass=\"yotu-playlist yotuwp yotu-limit-min   yotu-thumb-169  yotu-template-grid\" \n\t\t\tdata-page=\"1\"\n\t\t\tid=\"yotuwp-6a045795a2c5c\"\n\t\t\tdata-yotu=\"modal\"\n\t\t\tdata-total=\"3\"\n\t\t\tdata-settings=\"eyJ0eXBlIjoicGxheWxpc3QiLCJpZCI6IlBMWXQzYTBmOXdqQ2xpUG44U1QwUmU0Qm1rQ3FlZTRhMkMiLCJwYWdpbmF0aW9uIjoib24iLCJwYWdpdHlwZSI6ImxvYWRtb3JlIiwiY29sdW1uIjoiNCIsInBlcl9wYWdlIjoiMjAiLCJ0ZW1wbGF0ZSI6ImdyaWQiLCJ0aXRsZSI6Im9uIiwiZGVzY3JpcHRpb24iOiJvZmYiLCJ0aHVtYnJhdGlvIjoiMTY5IiwibWV0YSI6Im9mZiIsIm1ldGFfZGF0YSI6Im9mZiIsIm1ldGFfcG9zaXRpb24iOiJvZmYiLCJkYXRlX2Zvcm1hdCI6Im9mZiIsIm1ldGFfYWxpZ24iOiJvZmYiLCJzdWJzY3JpYmUiOiJvZmYiLCJkdXJhdGlvbiI6Im9mZiIsIm1ldGFfaWNvbiI6Im9mZiIsIm5leHR0ZXh0IjoiIiwicHJldnRleHQiOiIiLCJsb2FkbW9yZXRleHQiOiIiLCJwbGF5ZXIiOnsibW9kZSI6InBvcHVwIiwid2lkdGgiOiI5MDAiLCJzY3JvbGxpbmciOiIxMDAiLCJhdXRvcGxheSI6MSwiY29udHJvbHMiOjEsIm1vZGVzdGJyYW5kaW5nIjoxLCJsb29wIjowLCJhdXRvbmV4dCI6MCwic2hvd2luZm8iOjEsInJlbCI6MSwicGxheWluZyI6MCwicGxheWluZ19kZXNjcmlwdGlvbiI6MCwidGh1bWJuYWlscyI6MSwiY2NfbG9hZF9wb2xpY3kiOiIxIiwiY2NfbGFuZ19wcmVmIjoiMSIsImhsIjoicHQiLCJpdl9sb2FkX3BvbGljeSI6IjEifSwibGFzdF90YWIiOiJjYWNoZSIsInVzZV9hc19tb2RhbCI6Im9mZiIsIm1vZGFsX2lkIjoib2ZmIiwibGFzdF91cGRhdGUiOiIxNzQ5MDQ1MDYxIiwic3R5bGluZyI6eyJwYWdlcl9sYXlvdXQiOiJkZWZhdWx0IiwiYnV0dG9uIjoiMSIsImJ1dHRvbl9jb2xvciI6IiIsImJ1dHRvbl9iZ19jb2xvciI6IiIsImJ1dHRvbl9jb2xvcl9ob3ZlciI6IiIsImJ1dHRvbl9iZ19jb2xvcl9ob3ZlciI6IiIsInZpZGVvX3N0eWxlIjoiIiwicGxheWljb25fY29sb3IiOiIiLCJob3Zlcl9pY29uIjoiIiwiZ2FsbGVyeV9iZyI6IiJ9LCJlZmZlY3RzIjp7InZpZGVvX2JveCI6Inl0ZWYtc2hhZG93LXJhZGlhbCIsImZsaXBfZWZmZWN0IjoiIn0sImdhbGxlcnlfaWQiOiI2YTA0NTc5NWEyYzVjIiwibmV4dCI6IkVBQWFIbEJVT2tOQ1VXbEZSVTVHVWtSQk5FMTZSa1JPVkVwR1QxVmFSMUpxWXciLCJwcmV2IjoiIn0=\"\n\t\t\tdata-player=\"popup\"\n\t\t\tdata-showdesc=\"off\" >\n\t\t\t\t<div>\n\t\t\t\t\t<div class=\"yotu-videos yotu-mode-grid yotu-column-4 yotu-player-mode-popup\">\n\t<ul>\n\t\t\t\t\t<li class=\" yotu-first\">\n\t\t\t\t\t\t\t\t<a href=\"#keS3HTGIyWk\" class=\"yotu-video ytef-shadow-radial\" data-videoid=\"keS3HTGIyWk\" data-title=\"C\u00e2mara na Rua (Itaquera) - Lucas Leandro\" title=\"C\u00e2mara na Rua (Itaquera) - Lucas Leandro\">\n\t\t\t\t\t<div class=\"yotu-video-thumb-wrp\">\n\t\t\t\t\t\t<div>\n\t\t\t\t\t\t\t\t\t\t\t\t\t\t<img decoding=\"async\" class=\"yotu-video-thumb\" src=\"https:\/\/i.ytimg.com\/vi\/keS3HTGIyWk\/sddefault.jpg\" alt=\"C\u00e2mara na Rua (Itaquera) - Lucas Leandro\">\t\n\t\t\t\t\t\t\t\t\t\t\t\t\t<\/div>\n\t\t\t\t\t<\/div>\n\t\t\t\t\t\t\t\t\t\t\t<h3 class=\"yotu-video-title\">C\u00e2mara na Rua (Itaquera) - Lucas Leandro<\/h3>\n\t\t\t\t\t\t\t\t\t\t\t\t\t\t\t\t\t\t\t<\/a>\n\t\t\t\t\t\t\t<\/li>\n\t\t\t\t\n\t\t\t\t\t\t<li class=\"\">\n\t\t\t\t\t\t\t\t<a href=\"#k7plboaepSk\" class=\"yotu-video ytef-shadow-radial\" data-videoid=\"k7plboaepSk\" data-title=\"C\u00e2mara na Rua (Itaquera) - Lucia Defoni\" title=\"C\u00e2mara na Rua (Itaquera) - Lucia Defoni\">\n\t\t\t\t\t<div class=\"yotu-video-thumb-wrp\">\n\t\t\t\t\t\t<div>\n\t\t\t\t\t\t\t\t\t\t\t\t\t\t<img decoding=\"async\" class=\"yotu-video-thumb\" src=\"https:\/\/i.ytimg.com\/vi\/k7plboaepSk\/sddefault.jpg\" alt=\"C\u00e2mara na Rua (Itaquera) - Lucia Defoni\">\t\n\t\t\t\t\t\t\t\t\t\t\t\t\t<\/div>\n\t\t\t\t\t<\/div>\n\t\t\t\t\t\t\t\t\t\t\t<h3 class=\"yotu-video-title\">C\u00e2mara na Rua (Itaquera) - Lucia Defoni<\/h3>\n\t\t\t\t\t\t\t\t\t\t\t\t\t\t\t\t\t\t\t<\/a>\n\t\t\t\t\t\t\t<\/li>\n\t\t\t\t\n\t\t\t\t\t\t<li class=\"\">\n\t\t\t\t\t\t\t\t<a href=\"#z_ucMqf5tkc\" class=\"yotu-video ytef-shadow-radial\" data-videoid=\"z_ucMqf5tkc\" data-title=\"C\u00e2mara na Rua (Itaquera) - Alessandra Porto\" title=\"C\u00e2mara na Rua (Itaquera) - Alessandra Porto\">\n\t\t\t\t\t<div class=\"yotu-video-thumb-wrp\">\n\t\t\t\t\t\t<div>\n\t\t\t\t\t\t\t\t\t\t\t\t\t\t<img decoding=\"async\" class=\"yotu-video-thumb\" src=\"https:\/\/i.ytimg.com\/vi\/z_ucMqf5tkc\/sddefault.jpg\" alt=\"C\u00e2mara na Rua (Itaquera) - Alessandra Porto\">\t\n\t\t\t\t\t\t\t\t\t\t\t\t\t<\/div>\n\t\t\t\t\t<\/div>\n\t\t\t\t\t\t\t\t\t\t\t<h3 class=\"yotu-video-title\">C\u00e2mara na Rua (Itaquera) - Alessandra Porto<\/h3>\n\t\t\t\t\t\t\t\t\t\t\t\t\t\t\t\t\t\t\t<\/a>\n\t\t\t\t\t\t\t<\/li>\n\t\t\t\t\n\t\t\t\t\t\t<li class=\"\">\n\t\t\t\t\t\t\t\t<a href=\"#YRwiqn1s11M\" class=\"yotu-video ytef-shadow-radial\" data-videoid=\"YRwiqn1s11M\" data-title=\"C\u00e2mara na Rua (Itaquera) - Carmem Guilherme\" title=\"C\u00e2mara na Rua (Itaquera) - Carmem Guilherme\">\n\t\t\t\t\t<div class=\"yotu-video-thumb-wrp\">\n\t\t\t\t\t\t<div>\n\t\t\t\t\t\t\t\t\t\t\t\t\t\t<img decoding=\"async\" class=\"yotu-video-thumb\" src=\"https:\/\/i.ytimg.com\/vi\/YRwiqn1s11M\/sddefault.jpg\" alt=\"C\u00e2mara na Rua (Itaquera) - Carmem Guilherme\">\t\n\t\t\t\t\t\t\t\t\t\t\t\t\t<\/div>\n\t\t\t\t\t<\/div>\n\t\t\t\t\t\t\t\t\t\t\t<h3 class=\"yotu-video-title\">C\u00e2mara na Rua (Itaquera) - Carmem Guilherme<\/h3>\n\t\t\t\t\t\t\t\t\t\t\t\t\t\t\t\t\t\t\t<\/a>\n\t\t\t\t\t\t\t<\/li>\n\t\t\t\t\n\t\t\t\t\t\t<li class=\"\">\n\t\t\t\t\t\t\t\t<a href=\"#W7Flf53ZNFg\" class=\"yotu-video ytef-shadow-radial\" data-videoid=\"W7Flf53ZNFg\" data-title=\"C\u00e2mara na Rua (Butant\u00e3) - RENATA CANDIDA FERREIRA\" title=\"C\u00e2mara na Rua (Butant\u00e3) - RENATA CANDIDA FERREIRA\">\n\t\t\t\t\t<div class=\"yotu-video-thumb-wrp\">\n\t\t\t\t\t\t<div>\n\t\t\t\t\t\t\t\t\t\t\t\t\t\t<img decoding=\"async\" class=\"yotu-video-thumb\" src=\"https:\/\/i.ytimg.com\/vi\/W7Flf53ZNFg\/sddefault.jpg\" alt=\"C\u00e2mara na Rua (Butant\u00e3) - RENATA CANDIDA FERREIRA\">\t\n\t\t\t\t\t\t\t\t\t\t\t\t\t<\/div>\n\t\t\t\t\t<\/div>\n\t\t\t\t\t\t\t\t\t\t\t<h3 class=\"yotu-video-title\">C\u00e2mara na Rua (Butant\u00e3) - RENATA CANDIDA FERREIRA<\/h3>\n\t\t\t\t\t\t\t\t\t\t\t\t\t\t\t\t\t\t\t<\/a>\n\t\t\t\t\t\t\t<\/li>\n\t\t\t\t\n\t\t\t\t\t\t<li class=\"\">\n\t\t\t\t\t\t\t\t<a href=\"#W7Flf53ZNFg\" class=\"yotu-video ytef-shadow-radial\" data-videoid=\"W7Flf53ZNFg\" data-title=\"C\u00e2mara na Rua (Butant\u00e3) - RENATA CANDIDA FERREIRA\" title=\"C\u00e2mara na Rua (Butant\u00e3) - RENATA CANDIDA FERREIRA\">\n\t\t\t\t\t<div class=\"yotu-video-thumb-wrp\">\n\t\t\t\t\t\t<div>\n\t\t\t\t\t\t\t\t\t\t\t\t\t\t<img decoding=\"async\" class=\"yotu-video-thumb\" src=\"https:\/\/i.ytimg.com\/vi\/W7Flf53ZNFg\/sddefault.jpg\" alt=\"C\u00e2mara na Rua (Butant\u00e3) - RENATA CANDIDA FERREIRA\">\t\n\t\t\t\t\t\t\t\t\t\t\t\t\t<\/div>\n\t\t\t\t\t<\/div>\n\t\t\t\t\t\t\t\t\t\t\t<h3 class=\"yotu-video-title\">C\u00e2mara na Rua (Butant\u00e3) - RENATA CANDIDA FERREIRA<\/h3>\n\t\t\t\t\t\t\t\t\t\t\t\t\t\t\t\t\t\t\t<\/a>\n\t\t\t\t\t\t\t<\/li>\n\t\t\t\t\n\t\t\t\t\t\t<li class=\"\">\n\t\t\t\t\t\t\t\t<a href=\"#VIsR00YpGlY\" class=\"yotu-video ytef-shadow-radial\" data-videoid=\"VIsR00YpGlY\" data-title=\"C\u00e2mara na Rua (Butant\u00e3) - SILVANETE APARECIDA\" title=\"C\u00e2mara na Rua (Butant\u00e3) - SILVANETE APARECIDA\">\n\t\t\t\t\t<div class=\"yotu-video-thumb-wrp\">\n\t\t\t\t\t\t<div>\n\t\t\t\t\t\t\t\t\t\t\t\t\t\t<img decoding=\"async\" class=\"yotu-video-thumb\" src=\"https:\/\/i.ytimg.com\/vi\/VIsR00YpGlY\/sddefault.jpg\" alt=\"C\u00e2mara na Rua (Butant\u00e3) - SILVANETE APARECIDA\">\t\n\t\t\t\t\t\t\t\t\t\t\t\t\t<\/div>\n\t\t\t\t\t<\/div>\n\t\t\t\t\t\t\t\t\t\t\t<h3 class=\"yotu-video-title\">C\u00e2mara na Rua (Butant\u00e3) - SILVANETE APARECIDA<\/h3>\n\t\t\t\t\t\t\t\t\t\t\t\t\t\t\t\t\t\t\t<\/a>\n\t\t\t\t\t\t\t<\/li>\n\t\t\t\t\n\t\t\t\t\t\t<li class=\"\">\n\t\t\t\t\t\t\t\t<a href=\"#JPthTdcsHus\" class=\"yotu-video ytef-shadow-radial\" data-videoid=\"JPthTdcsHus\" data-title=\"C\u00e2mara na Rua (Butant\u00e3) - Vereador RICARDO TEIXEIRA (UNI\u00c3O)\" title=\"C\u00e2mara na Rua (Butant\u00e3) - Vereador RICARDO TEIXEIRA (UNI\u00c3O)\">\n\t\t\t\t\t<div class=\"yotu-video-thumb-wrp\">\n\t\t\t\t\t\t<div>\n\t\t\t\t\t\t\t\t\t\t\t\t\t\t<img decoding=\"async\" class=\"yotu-video-thumb\" src=\"https:\/\/i.ytimg.com\/vi\/JPthTdcsHus\/sddefault.jpg\" alt=\"C\u00e2mara na Rua (Butant\u00e3) - Vereador RICARDO TEIXEIRA (UNI\u00c3O)\">\t\n\t\t\t\t\t\t\t\t\t\t\t\t\t<\/div>\n\t\t\t\t\t<\/div>\n\t\t\t\t\t\t\t\t\t\t\t<h3 class=\"yotu-video-title\">C\u00e2mara na Rua (Butant\u00e3) - Vereador RICARDO TEIXEIRA (UNI\u00c3O)<\/h3>\n\t\t\t\t\t\t\t\t\t\t\t\t\t\t\t\t\t\t\t<\/a>\n\t\t\t\t\t\t\t<\/li>\n\t\t\t\t\n\t\t\t\t\t\t<li class=\"\">\n\t\t\t\t\t\t\t\t<a href=\"#9r48iILnjMY\" class=\"yotu-video ytef-shadow-radial\" data-videoid=\"9r48iILnjMY\" data-title=\"C\u00e2mara na Rua (Butant\u00e3) - ZULEIDE MORAES\" title=\"C\u00e2mara na Rua (Butant\u00e3) - ZULEIDE MORAES\">\n\t\t\t\t\t<div class=\"yotu-video-thumb-wrp\">\n\t\t\t\t\t\t<div>\n\t\t\t\t\t\t\t\t\t\t\t\t\t\t<img decoding=\"async\" class=\"yotu-video-thumb\" src=\"https:\/\/i.ytimg.com\/vi\/9r48iILnjMY\/sddefault.jpg\" alt=\"C\u00e2mara na Rua (Butant\u00e3) - ZULEIDE MORAES\">\t\n\t\t\t\t\t\t\t\t\t\t\t\t\t<\/div>\n\t\t\t\t\t<\/div>\n\t\t\t\t\t\t\t\t\t\t\t<h3 class=\"yotu-video-title\">C\u00e2mara na Rua (Butant\u00e3) - ZULEIDE MORAES<\/h3>\n\t\t\t\t\t\t\t\t\t\t\t\t\t\t\t\t\t\t\t<\/a>\n\t\t\t\t\t\t\t<\/li>\n\t\t\t\t\n\t\t\t\t\t\t<li class=\"\">\n\t\t\t\t\t\t\t\t<a href=\"#YgEy2rWa2l8\" class=\"yotu-video ytef-shadow-radial\" data-videoid=\"YgEy2rWa2l8\" data-title=\"C\u00e2mara na Rua (Butant\u00e3) - CELSO GIANNAZI (PSOL)\" title=\"C\u00e2mara na Rua (Butant\u00e3) - CELSO GIANNAZI (PSOL)\">\n\t\t\t\t\t<div class=\"yotu-video-thumb-wrp\">\n\t\t\t\t\t\t<div>\n\t\t\t\t\t\t\t\t\t\t\t\t\t\t<img decoding=\"async\" class=\"yotu-video-thumb\" src=\"https:\/\/i.ytimg.com\/vi\/YgEy2rWa2l8\/sddefault.jpg\" alt=\"C\u00e2mara na Rua (Butant\u00e3) - CELSO GIANNAZI (PSOL)\">\t\n\t\t\t\t\t\t\t\t\t\t\t\t\t<\/div>\n\t\t\t\t\t<\/div>\n\t\t\t\t\t\t\t\t\t\t\t<h3 class=\"yotu-video-title\">C\u00e2mara na Rua (Butant\u00e3) - CELSO GIANNAZI (PSOL)<\/h3>\n\t\t\t\t\t\t\t\t\t\t\t\t\t\t\t\t\t\t\t<\/a>\n\t\t\t\t\t\t\t<\/li>\n\t\t\t\t\n\t\t\t\t\t\t<li class=\"\">\n\t\t\t\t\t\t\t\t<a href=\"#Ur7kKZtpF7E\" class=\"yotu-video ytef-shadow-radial\" data-videoid=\"Ur7kKZtpF7E\" data-title=\"C\u00e2mara na Rua (Butant\u00e3) - Vereador SARGENTO NANTES (PROGRESSISTAS)\" title=\"C\u00e2mara na Rua (Butant\u00e3) - Vereador SARGENTO NANTES (PROGRESSISTAS)\">\n\t\t\t\t\t<div class=\"yotu-video-thumb-wrp\">\n\t\t\t\t\t\t<div>\n\t\t\t\t\t\t\t\t\t\t\t\t\t\t<img decoding=\"async\" class=\"yotu-video-thumb\" src=\"https:\/\/i.ytimg.com\/vi\/Ur7kKZtpF7E\/sddefault.jpg\" alt=\"C\u00e2mara na Rua (Butant\u00e3) - Vereador SARGENTO NANTES (PROGRESSISTAS)\">\t\n\t\t\t\t\t\t\t\t\t\t\t\t\t<\/div>\n\t\t\t\t\t<\/div>\n\t\t\t\t\t\t\t\t\t\t\t<h3 class=\"yotu-video-title\">C\u00e2mara na Rua (Butant\u00e3) - Vereador SARGENTO NANTES (PROGRESSISTAS)<\/h3>\n\t\t\t\t\t\t\t\t\t\t\t\t\t\t\t\t\t\t\t<\/a>\n\t\t\t\t\t\t\t<\/li>\n\t\t\t\t\n\t\t\t\t\t\t<li class=\"\">\n\t\t\t\t\t\t\t\t<a href=\"#nUtOY_UC7jI\" class=\"yotu-video ytef-shadow-radial\" data-videoid=\"nUtOY_UC7jI\" data-title=\"C\u00e2mara na Rua (Butant\u00e3) - Vereadora LUANA ALVES (PSOL)\" title=\"C\u00e2mara na Rua (Butant\u00e3) - Vereadora LUANA ALVES (PSOL)\">\n\t\t\t\t\t<div class=\"yotu-video-thumb-wrp\">\n\t\t\t\t\t\t<div>\n\t\t\t\t\t\t\t\t\t\t\t\t\t\t<img decoding=\"async\" class=\"yotu-video-thumb\" src=\"https:\/\/i.ytimg.com\/vi\/nUtOY_UC7jI\/sddefault.jpg\" alt=\"C\u00e2mara na Rua (Butant\u00e3) - Vereadora LUANA ALVES (PSOL)\">\t\n\t\t\t\t\t\t\t\t\t\t\t\t\t<\/div>\n\t\t\t\t\t<\/div>\n\t\t\t\t\t\t\t\t\t\t\t<h3 class=\"yotu-video-title\">C\u00e2mara na Rua (Butant\u00e3) - Vereadora LUANA ALVES (PSOL)<\/h3>\n\t\t\t\t\t\t\t\t\t\t\t\t\t\t\t\t\t\t\t<\/a>\n\t\t\t\t\t\t\t<\/li>\n\t\t\t\t\n\t\t\t\t\t\t<li class=\"\">\n\t\t\t\t\t\t\t\t<a href=\"#y15_Bbd21CY\" class=\"yotu-video ytef-shadow-radial\" data-videoid=\"y15_Bbd21CY\" data-title=\"C\u00e2mara na Rua (Butant\u00e3) - Vereador DHEISON SILVA (PT)\" title=\"C\u00e2mara na Rua (Butant\u00e3) - Vereador DHEISON SILVA (PT)\">\n\t\t\t\t\t<div class=\"yotu-video-thumb-wrp\">\n\t\t\t\t\t\t<div>\n\t\t\t\t\t\t\t\t\t\t\t\t\t\t<img decoding=\"async\" class=\"yotu-video-thumb\" src=\"https:\/\/i.ytimg.com\/vi\/y15_Bbd21CY\/sddefault.jpg\" alt=\"C\u00e2mara na Rua (Butant\u00e3) - Vereador DHEISON SILVA (PT)\">\t\n\t\t\t\t\t\t\t\t\t\t\t\t\t<\/div>\n\t\t\t\t\t<\/div>\n\t\t\t\t\t\t\t\t\t\t\t<h3 class=\"yotu-video-title\">C\u00e2mara na Rua (Butant\u00e3) - Vereador DHEISON SILVA (PT)<\/h3>\n\t\t\t\t\t\t\t\t\t\t\t\t\t\t\t\t\t\t\t<\/a>\n\t\t\t\t\t\t\t<\/li>\n\t\t\t\t\n\t\t\t\t\t\t<li class=\"\">\n\t\t\t\t\t\t\t\t<a href=\"#RHWDFP8c3tE\" class=\"yotu-video ytef-shadow-radial\" data-videoid=\"RHWDFP8c3tE\" data-title=\"C\u00e2mara na Rua (Butant\u00e3) - WELTON OLIVEIRA\" title=\"C\u00e2mara na Rua (Butant\u00e3) - WELTON OLIVEIRA\">\n\t\t\t\t\t<div class=\"yotu-video-thumb-wrp\">\n\t\t\t\t\t\t<div>\n\t\t\t\t\t\t\t\t\t\t\t\t\t\t<img decoding=\"async\" class=\"yotu-video-thumb\" src=\"https:\/\/i.ytimg.com\/vi\/RHWDFP8c3tE\/sddefault.jpg\" alt=\"C\u00e2mara na Rua (Butant\u00e3) - WELTON OLIVEIRA\">\t\n\t\t\t\t\t\t\t\t\t\t\t\t\t<\/div>\n\t\t\t\t\t<\/div>\n\t\t\t\t\t\t\t\t\t\t\t<h3 class=\"yotu-video-title\">C\u00e2mara na Rua (Butant\u00e3) - WELTON OLIVEIRA<\/h3>\n\t\t\t\t\t\t\t\t\t\t\t\t\t\t\t\t\t\t\t<\/a>\n\t\t\t\t\t\t\t<\/li>\n\t\t\t\t\n\t\t\t\t\t\t<li class=\"\">\n\t\t\t\t\t\t\t\t<a href=\"#UPuouq5AG54\" class=\"yotu-video ytef-shadow-radial\" data-videoid=\"UPuouq5AG54\" data-title=\"C\u00e2mara na Rua (Butant\u00e3) - MAURICIO JOSE DA ROCHA\" title=\"C\u00e2mara na Rua (Butant\u00e3) - MAURICIO JOSE DA ROCHA\">\n\t\t\t\t\t<div class=\"yotu-video-thumb-wrp\">\n\t\t\t\t\t\t<div>\n\t\t\t\t\t\t\t\t\t\t\t\t\t\t<img decoding=\"async\" class=\"yotu-video-thumb\" src=\"https:\/\/i.ytimg.com\/vi\/UPuouq5AG54\/sddefault.jpg\" alt=\"C\u00e2mara na Rua (Butant\u00e3) - MAURICIO JOSE DA ROCHA\">\t\n\t\t\t\t\t\t\t\t\t\t\t\t\t<\/div>\n\t\t\t\t\t<\/div>\n\t\t\t\t\t\t\t\t\t\t\t<h3 class=\"yotu-video-title\">C\u00e2mara na Rua (Butant\u00e3) - MAURICIO JOSE DA ROCHA<\/h3>\n\t\t\t\t\t\t\t\t\t\t\t\t\t\t\t\t\t\t\t<\/a>\n\t\t\t\t\t\t\t<\/li>\n\t\t\t\t\n\t\t\t\t\t\t<li class=\"\">\n\t\t\t\t\t\t\t\t<a href=\"#QCXz1mXHcLg\" class=\"yotu-video ytef-shadow-radial\" data-videoid=\"QCXz1mXHcLg\" data-title=\"C\u00e2mara na Rua (Butant\u00e3) - MARLI FERREIRA\" title=\"C\u00e2mara na Rua (Butant\u00e3) - MARLI FERREIRA\">\n\t\t\t\t\t<div class=\"yotu-video-thumb-wrp\">\n\t\t\t\t\t\t<div>\n\t\t\t\t\t\t\t\t\t\t\t\t\t\t<img decoding=\"async\" class=\"yotu-video-thumb\" src=\"https:\/\/i.ytimg.com\/vi\/QCXz1mXHcLg\/sddefault.jpg\" alt=\"C\u00e2mara na Rua (Butant\u00e3) - MARLI FERREIRA\">\t\n\t\t\t\t\t\t\t\t\t\t\t\t\t<\/div>\n\t\t\t\t\t<\/div>\n\t\t\t\t\t\t\t\t\t\t\t<h3 class=\"yotu-video-title\">C\u00e2mara na Rua (Butant\u00e3) - MARLI FERREIRA<\/h3>\n\t\t\t\t\t\t\t\t\t\t\t\t\t\t\t\t\t\t\t<\/a>\n\t\t\t\t\t\t\t<\/li>\n\t\t\t\t\n\t\t\t\t\t\t<li class=\"\">\n\t\t\t\t\t\t\t\t<a href=\"#j2HREyCBcxU\" class=\"yotu-video ytef-shadow-radial\" data-videoid=\"j2HREyCBcxU\" data-title=\"C\u00e2mara na Rua (Butant\u00e3) - ROSE LEAL\" title=\"C\u00e2mara na Rua (Butant\u00e3) - ROSE LEAL\">\n\t\t\t\t\t<div class=\"yotu-video-thumb-wrp\">\n\t\t\t\t\t\t<div>\n\t\t\t\t\t\t\t\t\t\t\t\t\t\t<img decoding=\"async\" class=\"yotu-video-thumb\" src=\"https:\/\/i.ytimg.com\/vi\/j2HREyCBcxU\/sddefault.jpg\" alt=\"C\u00e2mara na Rua (Butant\u00e3) - ROSE LEAL\">\t\n\t\t\t\t\t\t\t\t\t\t\t\t\t<\/div>\n\t\t\t\t\t<\/div>\n\t\t\t\t\t\t\t\t\t\t\t<h3 class=\"yotu-video-title\">C\u00e2mara na Rua (Butant\u00e3) - ROSE LEAL<\/h3>\n\t\t\t\t\t\t\t\t\t\t\t\t\t\t\t\t\t\t\t<\/a>\n\t\t\t\t\t\t\t<\/li>\n\t\t\t\t\n\t\t\t\t\t\t<li class=\"\">\n\t\t\t\t\t\t\t\t<a href=\"#_FSIZWptWX8\" class=\"yotu-video ytef-shadow-radial\" data-videoid=\"_FSIZWptWX8\" data-title=\"C\u00e2mara na Rua (Butant\u00e3) - FELIPE FIDELES DE ALMEIDA\" title=\"C\u00e2mara na Rua (Butant\u00e3) - FELIPE FIDELES DE ALMEIDA\">\n\t\t\t\t\t<div class=\"yotu-video-thumb-wrp\">\n\t\t\t\t\t\t<div>\n\t\t\t\t\t\t\t\t\t\t\t\t\t\t<img decoding=\"async\" class=\"yotu-video-thumb\" src=\"https:\/\/i.ytimg.com\/vi\/_FSIZWptWX8\/sddefault.jpg\" alt=\"C\u00e2mara na Rua (Butant\u00e3) - FELIPE FIDELES DE ALMEIDA\">\t\n\t\t\t\t\t\t\t\t\t\t\t\t\t<\/div>\n\t\t\t\t\t<\/div>\n\t\t\t\t\t\t\t\t\t\t\t<h3 class=\"yotu-video-title\">C\u00e2mara na Rua (Butant\u00e3) - FELIPE FIDELES DE ALMEIDA<\/h3>\n\t\t\t\t\t\t\t\t\t\t\t\t\t\t\t\t\t\t\t<\/a>\n\t\t\t\t\t\t\t<\/li>\n\t\t\t\t\n\t\t\t\t\t\t<li class=\"\">\n\t\t\t\t\t\t\t\t<a href=\"#EN-S2v8V608\" class=\"yotu-video ytef-shadow-radial\" data-videoid=\"EN-S2v8V608\" data-title=\"C\u00e2mara na Rua (Butant\u00e3) - FABIO MOURA DUARTE\" title=\"C\u00e2mara na Rua (Butant\u00e3) - FABIO MOURA DUARTE\">\n\t\t\t\t\t<div class=\"yotu-video-thumb-wrp\">\n\t\t\t\t\t\t<div>\n\t\t\t\t\t\t\t\t\t\t\t\t\t\t<img decoding=\"async\" class=\"yotu-video-thumb\" src=\"https:\/\/i.ytimg.com\/vi\/EN-S2v8V608\/sddefault.jpg\" alt=\"C\u00e2mara na Rua (Butant\u00e3) - FABIO MOURA DUARTE\">\t\n\t\t\t\t\t\t\t\t\t\t\t\t\t<\/div>\n\t\t\t\t\t<\/div>\n\t\t\t\t\t\t\t\t\t\t\t<h3 class=\"yotu-video-title\">C\u00e2mara na Rua (Butant\u00e3) - FABIO MOURA DUARTE<\/h3>\n\t\t\t\t\t\t\t\t\t\t\t\t\t\t\t\t\t\t\t<\/a>\n\t\t\t\t\t\t\t<\/li>\n\t\t\t\t\n\t\t\t\t\t\t<li class=\" yotu-last\">\n\t\t\t\t\t\t\t\t<a href=\"#D0LmUIi3ZKc\" class=\"yotu-video ytef-shadow-radial\" data-videoid=\"D0LmUIi3ZKc\" data-title=\"C\u00e2mara na Rua (Butant\u00e3) - ERIKA ASSUMP\u00c7\u00c3O\" title=\"C\u00e2mara na Rua (Butant\u00e3) - ERIKA ASSUMP\u00c7\u00c3O\">\n\t\t\t\t\t<div class=\"yotu-video-thumb-wrp\">\n\t\t\t\t\t\t<div>\n\t\t\t\t\t\t\t\t\t\t\t\t\t\t<img decoding=\"async\" class=\"yotu-video-thumb\" src=\"https:\/\/i.ytimg.com\/vi\/D0LmUIi3ZKc\/sddefault.jpg\" alt=\"C\u00e2mara na Rua (Butant\u00e3) - ERIKA ASSUMP\u00c7\u00c3O\">\t\n\t\t\t\t\t\t\t\t\t\t\t\t\t<\/div>\n\t\t\t\t\t<\/div>\n\t\t\t\t\t\t\t\t\t\t\t<h3 class=\"yotu-video-title\">C\u00e2mara na Rua (Butant\u00e3) - ERIKA ASSUMP\u00c7\u00c3O<\/h3>\n\t\t\t\t\t\t\t\t\t\t\t\t\t\t\t\t\t\t\t<\/a>\n\t\t\t\t\t\t\t<\/li>\n\t\t\t\t\n\t\t\t\t<\/ul>\n<\/div><div class=\"yotu-pagination\">\n\t<a href=\"#\" class=\"yotu-pagination-more yotu-button-prs yotu-button-prs-1\" data-page=\"more\">Carregar mais<\/a>\n<\/div>\n\t\t\t\t<\/div>\n\t\t\t<\/div>\n\t\t\t<\/div>\n","protected":false},"excerpt":{"rendered":"<p>Descubra como a participa\u00e7\u00e3o popular pode transformar a pol\u00edtica local Durante o C\u00e2mara na Rua, montamos uma cabine interativa para ouvir diretamente quem mais importa: voc\u00ea, cidad\u00e3o paulistano. Nesta s\u00e9rie, moradores de diferentes regi\u00f5es de S\u00e3o Paulo compartilham opini\u00f5es, fazem perguntas e apresentam suas demandas para a cidade e para a C\u00e2mara Municipal. Quer saber&#8230;  <a class=\"excerpt-read-more\" href=\"https:\/\/www.saopaulo.sp.leg.br\/camaranarua\/fala-povo\/\" title=\"Read Fala Povo\">Ler mais &raquo;<\/a><\/p>\n","protected":false},"author":733,"featured_media":0,"parent":0,"menu_order":0,"comment_status":"closed","ping_status":"closed","template":"","meta":{"_acf_changed":false,"footnotes":""},"class_list":["post-128","page","type-page","status-publish","hentry"],"acf":[],"_links":{"self":[{"href":"https:\/\/www.saopaulo.sp.leg.br\/camaranarua\/wp-json\/wp\/v2\/pages\/128","targetHints":{"allow":["GET"]}}],"collection":[{"href":"https:\/\/www.saopaulo.sp.leg.br\/camaranarua\/wp-json\/wp\/v2\/pages"}],"about":[{"href":"https:\/\/www.saopaulo.sp.leg.br\/camaranarua\/wp-json\/wp\/v2\/types\/page"}],"author":[{"embeddable":true,"href":"https:\/\/www.saopaulo.sp.leg.br\/camaranarua\/wp-json\/wp\/v2\/users\/733"}],"replies":[{"embeddable":true,"href":"https:\/\/www.saopaulo.sp.leg.br\/camaranarua\/wp-json\/wp\/v2\/comments?post=128"}],"version-history":[{"count":5,"href":"https:\/\/www.saopaulo.sp.leg.br\/camaranarua\/wp-json\/wp\/v2\/pages\/128\/revisions"}],"predecessor-version":[{"id":143,"href":"https:\/\/www.saopaulo.sp.leg.br\/camaranarua\/wp-json\/wp\/v2\/pages\/128\/revisions\/143"}],"wp:attachment":[{"href":"https:\/\/www.saopaulo.sp.leg.br\/camaranarua\/wp-json\/wp\/v2\/media?parent=128"}],"curies":[{"name":"wp","href":"https:\/\/api.w.org\/{rel}","templated":true}]}}