{"id":105,"date":"2025-05-16T14:59:42","date_gmt":"2025-05-16T17:59:42","guid":{"rendered":"https:\/\/www.saopaulo.sp.leg.br\/camaranarua\/?page_id=105"},"modified":"2026-05-04T10:07:56","modified_gmt":"2026-05-04T13:07:56","slug":"calendario","status":"publish","type":"page","link":"https:\/\/www.saopaulo.sp.leg.br\/camaranarua\/calendario\/","title":{"rendered":"Calend\u00e1rio"},"content":{"rendered":"<div class=\"cmsp-rslides\">\n<article class=\"event-entry\"><span class=\"entry-time\">29\/03\/2025 &#8211; S\u00e1bado &#8211; 9:00<\/span><\/p>\n<h3>C\u00e2mara na Rua \u2013 Zona Leste<\/h3>\n<h4><strong>CEU S\u00e3o Miguel<\/strong><\/h4>\n<h4>Rua Jos\u00e9 Ferreira Crespo &#8211; 475 &#8211; Jd. S\u00e3o Vicente<\/h4>\n<\/article>\n<article class=\"event-entry\"><span class=\"entry-time\">26\/04\/25 &#8211; S\u00e1bado &#8211; 9:00<\/span><\/p>\n<h3>C\u00e2mara na Rua \u2013 Zona Sul<\/h3>\n<h4><strong>CEU Parelheiros<\/strong><\/h4>\n<h4>Rua Terezinha do Prado Oliveira &#8211; 25 &#8211; Jd. Novo Parelheiros<\/h4>\n<\/article>\n<article class=\"event-entry\"><span class=\"entry-time\">31\/05\/25 &#8211; S\u00e1bado &#8211; 9:00<\/span><\/p>\n<h3>C\u00e2mara na Rua \u2013 Zona Norte<\/h3>\n<h4><strong>CEU Perus<\/strong><\/h4>\n<h4>Rua Bernado Jos\u00e9 de Lorena &#8211; S\/N &#8211; Vila Fanton<\/h4>\n<\/article>\n<article class=\"event-entry\"><span class=\"entry-time\">28\/06\/25 &#8211; S\u00e1bado &#8211; 9:00<\/span><\/p>\n<h3>C\u00e2mara na Rua \u2013 Zona Oeste<\/h3>\n<h4><strong>CEU Uirapuru<\/strong><\/h4>\n<h4>Rua Nazir Miguel &#8211; 849 &#8211; Jardim Paulo VI<\/h4>\n<\/article>\n<article class=\"event-entry\"><span class=\"entry-time\">30\/08\/2025 &#8211; S\u00e1bado &#8211; 9:00<\/span><\/p>\n<h3>C\u00e2mara na Rua \u2013 Zona Leste<\/h3>\n<h4><strong>CEU Tiquatira<\/strong><\/h4>\n<h4>Av. Condessa Elizabeth de Robiano &#8211; 5280 &#8211; Vl. Moreira &#8211; Penha<\/h4>\n<\/article>\n<article class=\"event-entry\"><span class=\"entry-time\">27\/09\/2025 &#8211; S\u00e1bado &#8211; 9:00<\/span><\/p>\n<h3>C\u00e2mara na Rua \u2013 Zona Sul<\/h3>\n<h4><strong>CEU Guarapiranga<\/strong><\/h4>\n<h4>Estrada da Baronesa, 1.120, Parque Bologne<\/h4>\n<\/article>\n<article class=\"event-entry\"><span class=\"entry-time\">01\/11\/2025 &#8211; S\u00e1bado &#8211; 9:00<\/span><\/p>\n<h3>C\u00e2mara na Rua \u2013 Zona Oeste<\/h3>\n<h4><strong>CEU Parais\u00f3polis<\/strong><\/h4>\n<h4>R. Dr. Jos\u00e9 Augusto de Souza e Silva, S\/N &#8211; Jardim Parque Morumbi<\/h4>\n<\/article>\n<article class=\"event-entry\"><span class=\"entry-time\">29\/11\/2025 &#8211; S\u00e1bado &#8211; 9:00<\/span><\/p>\n<h3>C\u00e2mara na Rua \u2013 Zona Norte<\/h3>\n<h4><strong>CEU Freguesia<\/strong><\/h4>\n<h4>R. Crespo de Carvalho, 71 &#8211; Freguesia do \u00d3<\/h4>\n<\/article>\n<article class=\"event-entry\"><span class=\"entry-time\">28\/03\/2026 &#8211; S\u00e1bado &#8211; 9:00<\/span><\/p>\n<h3>C\u00e2mara na Rua \u2013 Zona Norte<\/h3>\n<h4><strong>CEU Ja\u00e7an\u00e3<\/strong><\/h4>\n<h4>R. Francisca Esp\u00f3sito Tonetti, 105 &#8211; Jardim Guapira &#8211; S\u00e3o Paulo<\/h4>\n<\/article>\n<article class=\"event-entry\"><span class=\"entry-time\">25\/04\/2026 &#8211; S\u00e1bado &#8211; 9:00<\/span><\/p>\n<h3>C\u00e2mara na Rua \u2013 Zona Leste<\/h3>\n<h4><strong>CEU Rei Pel\u00e9<\/strong><\/h4>\n<h4>Rua Camapu, 20 \u2013 Jardim Santa Maria &#8211; S\u00e3o Paulo<\/h4>\n<\/article>\n<\/div>\n","protected":false},"excerpt":{"rendered":"<p>29\/03\/2025 &#8211; S\u00e1bado &#8211; 9:00 C\u00e2mara na Rua \u2013 Zona Leste CEU S\u00e3o Miguel Rua Jos\u00e9 Ferreira Crespo &#8211; 475 &#8211; Jd. S\u00e3o Vicente 26\/04\/25 &#8211; S\u00e1bado &#8211; 9:00 C\u00e2mara na Rua \u2013 Zona Sul CEU Parelheiros Rua Terezinha do Prado Oliveira &#8211; 25 &#8211; Jd. Novo Parelheiros 31\/05\/25 &#8211; S\u00e1bado &#8211; 9:00 C\u00e2mara na&#8230;  <a class=\"excerpt-read-more\" href=\"https:\/\/www.saopaulo.sp.leg.br\/camaranarua\/calendario\/\" title=\"Read Calend\u00e1rio\">Ler mais &raquo;<\/a><\/p>\n","protected":false},"author":733,"featured_media":0,"parent":0,"menu_order":0,"comment_status":"closed","ping_status":"closed","template":"page-agenda.php","meta":{"_acf_changed":false,"footnotes":""},"class_list":["post-105","page","type-page","status-publish","hentry"],"acf":[],"_links":{"self":[{"href":"https:\/\/www.saopaulo.sp.leg.br\/camaranarua\/wp-json\/wp\/v2\/pages\/105","targetHints":{"allow":["GET"]}}],"collection":[{"href":"https:\/\/www.saopaulo.sp.leg.br\/camaranarua\/wp-json\/wp\/v2\/pages"}],"about":[{"href":"https:\/\/www.saopaulo.sp.leg.br\/camaranarua\/wp-json\/wp\/v2\/types\/page"}],"author":[{"embeddable":true,"href":"https:\/\/www.saopaulo.sp.leg.br\/camaranarua\/wp-json\/wp\/v2\/users\/733"}],"replies":[{"embeddable":true,"href":"https:\/\/www.saopaulo.sp.leg.br\/camaranarua\/wp-json\/wp\/v2\/comments?post=105"}],"version-history":[{"count":6,"href":"https:\/\/www.saopaulo.sp.leg.br\/camaranarua\/wp-json\/wp\/v2\/pages\/105\/revisions"}],"predecessor-version":[{"id":238,"href":"https:\/\/www.saopaulo.sp.leg.br\/camaranarua\/wp-json\/wp\/v2\/pages\/105\/revisions\/238"}],"wp:attachment":[{"href":"https:\/\/www.saopaulo.sp.leg.br\/camaranarua\/wp-json\/wp\/v2\/media?parent=105"}],"curies":[{"name":"wp","href":"https:\/\/api.w.org\/{rel}","templated":true}]}}