

{"id":928,"date":"2021-02-16T17:48:52","date_gmt":"2021-02-16T20:48:52","guid":{"rendered":"https:\/\/www.saopaulo.sp.leg.br\/camaraexplica\/?page_id=928"},"modified":"2022-10-17T18:36:26","modified_gmt":"2022-10-17T21:36:26","slug":"tudo-sobre-os-vereadores","status":"publish","type":"page","link":"https:\/\/www.saopaulo.sp.leg.br\/camaraexplica\/tudo-sobre-os-vereadores\/","title":{"rendered":"Vereadores"},"content":{"rendered":"\t\t<div data-elementor-type=\"wp-page\" data-elementor-id=\"928\" class=\"elementor elementor-928\">\n\t\t\t\t\t\t<section class=\"elementor-section elementor-top-section elementor-element elementor-element-a11f16d elementor-section-boxed elementor-section-height-default elementor-section-height-default\" data-id=\"a11f16d\" data-element_type=\"section\" data-e-type=\"section\">\n\t\t\t\t\t\t<div class=\"elementor-container elementor-column-gap-default\">\n\t\t\t\t\t<div class=\"elementor-column elementor-col-100 elementor-top-column elementor-element elementor-element-f2531b6\" data-id=\"f2531b6\" data-element_type=\"column\" data-e-type=\"column\">\n\t\t\t<div class=\"elementor-widget-wrap elementor-element-populated\">\n\t\t\t\t\t\t<div class=\"elementor-element elementor-element-41b5062 elementor-widget elementor-widget-html\" data-id=\"41b5062\" data-element_type=\"widget\" data-e-type=\"widget\" data-widget_type=\"html.default\">\n\t\t\t\t<div class=\"elementor-widget-container\">\n\t\t\t\t\t<div class=\"description-home\">\n<p class=\"text-description\">A C\u00e2mara Municipal de S\u00e3o Paulo tem 55 vereadores, que s\u00e3o eleitos pelo povo a cada quatro anos. \u00c9 dos parlamentares a miss\u00e3o de fiscalizar o dinheiro p\u00fablico do munic\u00edpio, acompanhar as a\u00e7\u00f5es da Prefeitura, buscar solu\u00e7\u00f5es para as demandas da popula\u00e7\u00e3o, al\u00e9m de analisar e elaborar propostas de lei<\/p>\n\n<\/div>\t\t\t\t<\/div>\n\t\t\t\t<\/div>\n\t\t\t\t\t<\/div>\n\t\t<\/div>\n\t\t\t\t\t<\/div>\n\t\t<\/section>\n\t\t\t\t<section class=\"elementor-section elementor-top-section elementor-element elementor-element-38f4f2b elementor-section-boxed elementor-section-height-default elementor-section-height-default\" data-id=\"38f4f2b\" data-element_type=\"section\" data-e-type=\"section\">\n\t\t\t\t\t\t<div class=\"elementor-container elementor-column-gap-default\">\n\t\t\t\t\t<div class=\"elementor-column elementor-col-100 elementor-top-column elementor-element elementor-element-77ae9e9\" data-id=\"77ae9e9\" data-element_type=\"column\" data-e-type=\"column\">\n\t\t\t<div class=\"elementor-widget-wrap elementor-element-populated\">\n\t\t\t\t\t\t<div class=\"elementor-element elementor-element-62050a5 elementor-widget elementor-widget-wp-widget-pods_widget_list\" data-id=\"62050a5\" data-element_type=\"widget\" data-e-type=\"widget\" data-widget_type=\"wp-widget-pods_widget_list.default\">\n\t\t\t\t<div class=\"elementor-widget-container\">\n\t\t\t\t\t<div class=\"page-icons\">\r\n<a title=\"Vereadores\" href=\"funcao-do-vereador\/\" rel=\"noopener\">\r\n\t<img decoding=\"async\" src=\"https:\/\/www.saopaulo.sp.leg.br\/camaraexplica\/wp-content\/uploads\/sites\/41\/2021\/02\/consulta.png\" alt=\"A fun\u00e7\u00e3o do Vereador\">\r\n\t<span>A fun\u00e7\u00e3o do Vereador<\/span>\r\n<\/a>\r\n<\/div><div class=\"page-icons\">\r\n<a title=\"Vereadores\" href=\"https:\/\/www.saopaulo.sp.leg.br\/vereadores\/\" rel=\"noopener\">\r\n\t<img decoding=\"async\" src=\"https:\/\/www.saopaulo.sp.leg.br\/camaraexplica\/wp-content\/uploads\/sites\/41\/2021\/02\/conheca.png\" alt=\"Conhe\u00e7a os Vereadores\">\r\n\t<span>Conhe\u00e7a os Vereadores<\/span>\r\n<\/a>\r\n<\/div><div class=\"page-icons\">\r\n<a title=\"Vereadores\" href=\"estrutura-do-gabinete\/\" rel=\"noopener\">\r\n\t<img decoding=\"async\" src=\"https:\/\/www.saopaulo.sp.leg.br\/camaraexplica\/wp-content\/uploads\/sites\/41\/2021\/02\/legislativo.png\" alt=\"Estrutura do Gabinete\">\r\n\t<span>Estrutura do Gabinete<\/span>\r\n<\/a>\r\n<\/div><div class=\"page-icons\">\r\n<a title=\"Vereadores\" href=\"mandato-participativo\" rel=\"noopener\">\r\n\t<img decoding=\"async\" src=\"https:\/\/www.saopaulo.sp.leg.br\/camaraexplica\/wp-content\/uploads\/sites\/41\/2021\/02\/procuradoria.png\" alt=\"Mandato participativo\">\r\n\t<span>Mandato participativo<\/span>\r\n<\/a>\r\n<\/div>\t\t\t\t<\/div>\n\t\t\t\t<\/div>\n\t\t\t\t\t<\/div>\n\t\t<\/div>\n\t\t\t\t\t<\/div>\n\t\t<\/section>\n\t\t\t\t<\/div>\n\t\t","protected":false},"excerpt":{"rendered":"<p>A C\u00e2mara Municipal de S\u00e3o Paulo tem 55 vereadores, que s\u00e3o eleitos pelo povo a cada quatro anos. \u00c9 dos parlamentares a miss\u00e3o de fiscalizar o dinheiro p\u00fablico do munic\u00edpio, acompanhar as a\u00e7\u00f5es da Prefeitura, buscar solu\u00e7\u00f5es para as demandas da popula\u00e7\u00e3o, al\u00e9m de analisar e elaborar propostas de lei<\/p>\n","protected":false},"author":733,"featured_media":0,"parent":0,"menu_order":0,"comment_status":"closed","ping_status":"closed","template":"","meta":{"_acf_changed":false,"footnotes":""},"class_list":["post-928","page","type-page","status-publish","hentry"],"acf":[],"_links":{"self":[{"href":"https:\/\/www.saopaulo.sp.leg.br\/camaraexplica\/wp-json\/wp\/v2\/pages\/928","targetHints":{"allow":["GET"]}}],"collection":[{"href":"https:\/\/www.saopaulo.sp.leg.br\/camaraexplica\/wp-json\/wp\/v2\/pages"}],"about":[{"href":"https:\/\/www.saopaulo.sp.leg.br\/camaraexplica\/wp-json\/wp\/v2\/types\/page"}],"author":[{"embeddable":true,"href":"https:\/\/www.saopaulo.sp.leg.br\/camaraexplica\/wp-json\/wp\/v2\/users\/733"}],"replies":[{"embeddable":true,"href":"https:\/\/www.saopaulo.sp.leg.br\/camaraexplica\/wp-json\/wp\/v2\/comments?post=928"}],"version-history":[{"count":0,"href":"https:\/\/www.saopaulo.sp.leg.br\/camaraexplica\/wp-json\/wp\/v2\/pages\/928\/revisions"}],"wp:attachment":[{"href":"https:\/\/www.saopaulo.sp.leg.br\/camaraexplica\/wp-json\/wp\/v2\/media?parent=928"}],"curies":[{"name":"wp","href":"https:\/\/api.w.org\/{rel}","templated":true}]}}