

{"id":883,"date":"2021-02-12T16:26:18","date_gmt":"2021-02-12T19:26:18","guid":{"rendered":"https:\/\/www.saopaulo.sp.leg.br\/camaraexplica\/?page_id=883"},"modified":"2024-07-15T13:04:13","modified_gmt":"2024-07-15T16:04:13","slug":"procuradoria","status":"publish","type":"page","link":"https:\/\/www.saopaulo.sp.leg.br\/camaraexplica\/camara-360\/procuradoria\/","title":{"rendered":"Procuradoria"},"content":{"rendered":"<div class=\"description\">\n<p class=\"text-description\">A Procuradoria da C\u00e2mara Municipal de S\u00e3o Paulo \u00e9 o \u00f3rg\u00e3o de representa\u00e7\u00e3o judicial e de consultoria jur\u00eddica do Legislativo paulistano. Cabe \u00e0 Procuradoria representar a C\u00e2mara em ju\u00edzo, defendendo as prerrogativas do Legislativo em a\u00e7\u00f5es diretas de inconstitucionalidade, mandados de seguran\u00e7a, a\u00e7\u00f5es populares e quaisquer outras a\u00e7\u00f5es em que a C\u00e2mara seja parte.<\/p>\n<p class=\"text-description\">A Procuradoria tamb\u00e9m exerce a consultoria jur\u00eddica tanto no suporte \u00e0 atividade parlamentar como no apoio jur\u00eddico \u00e0 administra\u00e7\u00e3o da Casa.<\/p>\n<p class=\"text-description\">No \u00e2mbito legislativo, oferece apoio t\u00e9cnico \u00e0 elabora\u00e7\u00e3o legislativa e assessora diretamente a CCJ (Comiss\u00e3o de Constitui\u00e7\u00e3o, Justi\u00e7a e Legisla\u00e7\u00e3o Participativa) na an\u00e1lise da legalidade ou constitucionalidade de todos os projetos apresentados pelos parlamentares ou pelo Poder Executivo. Al\u00e9m disso, faz a an\u00e1lise pr\u00e9via das proposituras, Projetos de Lei, decretos legislativos e resolu\u00e7\u00f5es.<\/p>\n<p class=\"text-description\">No \u00e2mbito parlamentar, a Procuradoria assessora regimentalmente o funcionamento de todas as comiss\u00f5es da Casa, acompanhando as reuni\u00f5es e audi\u00eancias p\u00fablicas de cada uma delas e dando suporte jur\u00eddico \u00e0s Comiss\u00f5es Parlamentares de Inqu\u00e9rito (CPIs) e \u00e0s Comiss\u00f5es de Estudo, al\u00e9m de assessorar a Corregedoria da C\u00e2mara Municipal.<\/p>\n<p class=\"text-description\">No \u00e2mbito administrativo, a Procuradoria analisa todos os Editais de Licita\u00e7\u00e3o da Casa e emite pareceres acerca de cada contrata\u00e7\u00e3o, prorroga\u00e7\u00e3o contratual, dispensa ou inexigibilidade de licita\u00e7\u00e3o.<\/p>\n<p class=\"text-description\">A Procuradoria \u00e9 regida pelas Leis 14.381\/07 e 14.259\/07 e pelo Ato da Mesa n\u00ba 981\/07, que especificam as atribui\u00e7\u00f5es de cada um dos sete setores e mais duas equipes que a comp\u00f5em.<\/p>\n<p class=\"text-description\">Atrav\u00e9s do Centro de Estudos Legislativos, a Procuradoria edita e publica a Revista da Procuradoria da C\u00e2mara Municipal de S\u00e3o Paulo, que est\u00e1 tamb\u00e9m est\u00e1 dispon\u00edvel on-line no <a href=\"http:\/\/www.saopaulo.sp.leg.br\/institucional\/procuradoria\/revista-procuradoria\" target=\"_blank\" rel=\"noopener\">Portal<\/a> da C\u00e2mara.<\/p>\n<p class=\"text-description\">Todos os pareceres emitidos pela Procuradoria, bem como as notas t\u00e9cnicas e adins, tamb\u00e9m est\u00e3o dispon\u00edveis para consulta no Portal, sendo acessados facilmente mediante a busca por palavras-chave.<\/p>\n<p class=\"text-description\">A Procuradoria da C\u00e2mara Municipal de S\u00e3o Paulo fica no 12\u00ba andar do Pal\u00e1cio Anchieta, nas salas 1217 e 1219. Para mais informa\u00e7\u00f5es, acesse<br \/>\n<a href=\"https:\/\/www.saopaulo.sp.leg.br\/institucional\/procuradoria\/\" target=\"_blank\" rel=\"noopener\">www.saopaulo.sp.leg.br\/institucional\/procuradoria<\/a> ou entre em contato pelo e-mail<br \/>\n<a href=\"mailto:procuradoria@saopaulo.sp.leg.br\">procuradoria@saopaulo.sp.leg.br<\/a><\/p>\n<\/div>\n","protected":false},"excerpt":{"rendered":"<p>A Procuradoria da C\u00e2mara Municipal de S\u00e3o Paulo \u00e9 o \u00f3rg\u00e3o de representa\u00e7\u00e3o judicial e de consultoria jur\u00eddica do Legislativo paulistano. Cabe \u00e0 Procuradoria representar a C\u00e2mara em ju\u00edzo, defendendo as prerrogativas do Legislativo em a\u00e7\u00f5es diretas de inconstitucionalidade, mandados de seguran\u00e7a, a\u00e7\u00f5es populares e quaisquer outras a\u00e7\u00f5es em que a C\u00e2mara seja parte. A&#8230;  <a class=\"excerpt-read-more\" href=\"https:\/\/www.saopaulo.sp.leg.br\/camaraexplica\/camara-360\/procuradoria\/\" title=\"Leia Procuradoria\">Leia Mais &raquo;<\/a><\/p>\n","protected":false},"author":733,"featured_media":0,"parent":117,"menu_order":0,"comment_status":"closed","ping_status":"closed","template":"page-camara360.php","meta":{"_acf_changed":false,"footnotes":""},"class_list":["post-883","page","type-page","status-publish","hentry"],"acf":[],"_links":{"self":[{"href":"https:\/\/www.saopaulo.sp.leg.br\/camaraexplica\/wp-json\/wp\/v2\/pages\/883","targetHints":{"allow":["GET"]}}],"collection":[{"href":"https:\/\/www.saopaulo.sp.leg.br\/camaraexplica\/wp-json\/wp\/v2\/pages"}],"about":[{"href":"https:\/\/www.saopaulo.sp.leg.br\/camaraexplica\/wp-json\/wp\/v2\/types\/page"}],"author":[{"embeddable":true,"href":"https:\/\/www.saopaulo.sp.leg.br\/camaraexplica\/wp-json\/wp\/v2\/users\/733"}],"replies":[{"embeddable":true,"href":"https:\/\/www.saopaulo.sp.leg.br\/camaraexplica\/wp-json\/wp\/v2\/comments?post=883"}],"version-history":[{"count":0,"href":"https:\/\/www.saopaulo.sp.leg.br\/camaraexplica\/wp-json\/wp\/v2\/pages\/883\/revisions"}],"up":[{"embeddable":true,"href":"https:\/\/www.saopaulo.sp.leg.br\/camaraexplica\/wp-json\/wp\/v2\/pages\/117"}],"wp:attachment":[{"href":"https:\/\/www.saopaulo.sp.leg.br\/camaraexplica\/wp-json\/wp\/v2\/media?parent=883"}],"curies":[{"name":"wp","href":"https:\/\/api.w.org\/{rel}","templated":true}]}}