

{"id":878,"date":"2021-02-12T16:00:19","date_gmt":"2021-02-12T19:00:19","guid":{"rendered":"https:\/\/www.saopaulo.sp.leg.br\/camaraexplica\/?page_id=878"},"modified":"2024-07-15T13:03:40","modified_gmt":"2024-07-15T16:03:40","slug":"cerimonial","status":"publish","type":"page","link":"https:\/\/www.saopaulo.sp.leg.br\/camaraexplica\/camara-360\/cerimonial\/","title":{"rendered":"Cerimonial"},"content":{"rendered":"<div class=\"description\">\n<p class=\"text-description\">O Cerimonial \u00e9 o \u00f3rg\u00e3o da C\u00e2mara Municipal de S\u00e3o Paulo respons\u00e1vel pela realiza\u00e7\u00e3o de eventos em sua sede, o Pal\u00e1cio Anchieta. A equipe atende \u00e0 demanda dos vereadores da Casa e tem como miss\u00e3o realizar os eventos cumprindo todos os protocolos necess\u00e1rios.<\/p>\n<p class=\"text-description\">A Agenda da C\u00e2mara tamb\u00e9m \u00e9 de responsabilidade do Cerimonial, que confere a lota\u00e7\u00e3o das salas e o uso dos espa\u00e7os, al\u00e9m de fazer a ponte entre os gabinetes dos vereadores e os diferentes setores do Legislativo, de acordo com a necessidade de cada evento.<\/p>\n<p class=\"text-description\">Para eventos que tenham a expectativa de autoridades ou sess\u00f5es solenes, o Cerimonial elabora o roteiro que cont\u00e9m o protocolo a ser seguido. O Cerimonial realiza ainda as posses dos vereadores eleitos e reeleitos, do prefeito e do<br \/>\nvice-prefeito, as cerim\u00f4nias de entregas de Projetos de Lei, al\u00e9m de acompanhar o presidente da C\u00e2mara em miss\u00f5es externas.<\/p>\n<p class=\"text-description\">Isto \u00e9, sess\u00f5es solenes e comemorativas, e audi\u00eancias p\u00fablicas realizadas fora do Pal\u00e1cio Anchieta tamb\u00e9m est\u00e3o sob responsabilidade do setor. O Cerimonial da C\u00e2mara cuida de cerca de 2 a 3 mil eventos por ano, alguns do come\u00e7o<br \/>\nao fim do processo.<\/p>\n<p class=\"text-description\">O Cerimonial da C\u00e2mara Municipal de S\u00e3o Paulo fica no 8\u00ba andar do Pal\u00e1cio Anchieta e para saber de todos os eventos, basta acessar a se\u00e7\u00e3o &#8220;Agenda do Cerimonial&#8221;, no Portal da C\u00e2mara, entrar em contato pelo telefone 3396-4557 ou enviar um e-mail para <a href=\"mailto:cerimonial@saopaulo.sp.leg.br\">cerimonial@saopaulo.sp.leg.br<\/a> .<\/p>\n<\/div>\n","protected":false},"excerpt":{"rendered":"<p>O Cerimonial \u00e9 o \u00f3rg\u00e3o da C\u00e2mara Municipal de S\u00e3o Paulo respons\u00e1vel pela realiza\u00e7\u00e3o de eventos em sua sede, o Pal\u00e1cio Anchieta. A equipe atende \u00e0 demanda dos vereadores da Casa e tem como miss\u00e3o realizar os eventos cumprindo todos os protocolos necess\u00e1rios. A Agenda da C\u00e2mara tamb\u00e9m \u00e9 de responsabilidade do Cerimonial, que confere&#8230;  <a class=\"excerpt-read-more\" href=\"https:\/\/www.saopaulo.sp.leg.br\/camaraexplica\/camara-360\/cerimonial\/\" title=\"Leia Cerimonial\">Leia Mais &raquo;<\/a><\/p>\n","protected":false},"author":733,"featured_media":0,"parent":117,"menu_order":0,"comment_status":"closed","ping_status":"closed","template":"page-camara360.php","meta":{"_acf_changed":false,"footnotes":""},"class_list":["post-878","page","type-page","status-publish","hentry"],"acf":[],"_links":{"self":[{"href":"https:\/\/www.saopaulo.sp.leg.br\/camaraexplica\/wp-json\/wp\/v2\/pages\/878","targetHints":{"allow":["GET"]}}],"collection":[{"href":"https:\/\/www.saopaulo.sp.leg.br\/camaraexplica\/wp-json\/wp\/v2\/pages"}],"about":[{"href":"https:\/\/www.saopaulo.sp.leg.br\/camaraexplica\/wp-json\/wp\/v2\/types\/page"}],"author":[{"embeddable":true,"href":"https:\/\/www.saopaulo.sp.leg.br\/camaraexplica\/wp-json\/wp\/v2\/users\/733"}],"replies":[{"embeddable":true,"href":"https:\/\/www.saopaulo.sp.leg.br\/camaraexplica\/wp-json\/wp\/v2\/comments?post=878"}],"version-history":[{"count":0,"href":"https:\/\/www.saopaulo.sp.leg.br\/camaraexplica\/wp-json\/wp\/v2\/pages\/878\/revisions"}],"up":[{"embeddable":true,"href":"https:\/\/www.saopaulo.sp.leg.br\/camaraexplica\/wp-json\/wp\/v2\/pages\/117"}],"wp:attachment":[{"href":"https:\/\/www.saopaulo.sp.leg.br\/camaraexplica\/wp-json\/wp\/v2\/media?parent=878"}],"curies":[{"name":"wp","href":"https:\/\/api.w.org\/{rel}","templated":true}]}}