

{"id":870,"date":"2021-02-12T15:42:45","date_gmt":"2021-02-12T18:42:45","guid":{"rendered":"https:\/\/www.saopaulo.sp.leg.br\/camaraexplica\/?page_id=870"},"modified":"2024-07-15T13:03:04","modified_gmt":"2024-07-15T16:03:04","slug":"restaurante-escola","status":"publish","type":"page","link":"https:\/\/www.saopaulo.sp.leg.br\/camaraexplica\/camara-360\/restaurante-escola\/","title":{"rendered":"Restaurante Escola"},"content":{"rendered":"<div class=\"description\">\n<p class=\"text-description\">Criado em 2004 pela Prefeitura, o Restaurante Escola \u00e9 um projeto social realizado pela C\u00e2mara Municipal de S\u00e3o Paulo.O Restaurante Escola realiza um curso gratuito, com dura\u00e7\u00e3o de 6 meses e turmas de 60 alunos, cujo objetivo \u00e9 capacitar jovens e adultos (de 17 a 21 anos) em situa\u00e7\u00e3o de vulnerabilidade social.<\/p>\n<p class=\"text-description\">Durante o curso, os alunos aprendem rotinas como carregar bandejas, servir mesas, preparar pratos e bebidas, al\u00e9m de t\u00e9cnicas de higiene, estocagem de alimentos e no\u00e7\u00f5es de cidadania. As aulas s\u00e3o de segunda a sexta-feira, com carga hor\u00e1ria de 4 horas di\u00e1rias.<\/p>\n<p class=\"text-description\">\u00c9 importante lembrar que o curso \u00e9 organizado e gerenciado pela Funda\u00e7\u00e3o Jovem Profissional, em um conv\u00eanio com a Secretaria Municipal de Assist\u00eancia e Desenvolvimento Social (SMADS).<\/p>\n<p class=\"text-description\">Desde a primeira turma, em 2004, o projeto j\u00e1 formou mais de 1,9 mil alunos. O card\u00e1pio do Restaurante Escola pode ser consultado tanto no local quanto pela internet, no espa\u00e7o reservado ao projeto no Portal da C\u00e2mara.<\/p>\n<p class=\"text-description\">O Restaurante Escola fica no 1\u00ba subsolo do Pal\u00e1cio Anchieta e para participar do curso oferecido pelo projeto, o interessado precisa ser morador de S\u00e3o Paulo h\u00e1 pelo menos dois anos e estar cursando ou ter conclu\u00eddo o Ensino M\u00e9dio.<\/p>\n<p class=\"text-description\">Devido ao calend\u00e1rio semestral, as inscri\u00e7\u00f5es s\u00e3o realizadas presencialmente no in\u00edcio e no meio de cada ano, na sede da Funda\u00e7\u00e3o Jovem Profissional, que fica na Avenida Nove de Julho, 399 &#8211; Bela Vista.<\/p>\n<p class=\"text-description\">O Restaurante Escola atende vereadores, funcion\u00e1rios e visitantes da C\u00e2mara Municipal de S\u00e3o Paulo.<\/p>\n<\/div>\n","protected":false},"excerpt":{"rendered":"<p>Criado em 2004 pela Prefeitura, o Restaurante Escola \u00e9 um projeto social realizado pela C\u00e2mara Municipal de S\u00e3o Paulo.O Restaurante Escola realiza um curso gratuito, com dura\u00e7\u00e3o de 6 meses e turmas de 60 alunos, cujo objetivo \u00e9 capacitar jovens e adultos (de 17 a 21 anos) em situa\u00e7\u00e3o de vulnerabilidade social. Durante o curso,&#8230;  <a class=\"excerpt-read-more\" href=\"https:\/\/www.saopaulo.sp.leg.br\/camaraexplica\/camara-360\/restaurante-escola\/\" title=\"Leia Restaurante Escola\">Leia Mais &raquo;<\/a><\/p>\n","protected":false},"author":733,"featured_media":0,"parent":117,"menu_order":0,"comment_status":"closed","ping_status":"closed","template":"page-camara360.php","meta":{"_acf_changed":false,"footnotes":""},"class_list":["post-870","page","type-page","status-publish","hentry"],"acf":[],"_links":{"self":[{"href":"https:\/\/www.saopaulo.sp.leg.br\/camaraexplica\/wp-json\/wp\/v2\/pages\/870","targetHints":{"allow":["GET"]}}],"collection":[{"href":"https:\/\/www.saopaulo.sp.leg.br\/camaraexplica\/wp-json\/wp\/v2\/pages"}],"about":[{"href":"https:\/\/www.saopaulo.sp.leg.br\/camaraexplica\/wp-json\/wp\/v2\/types\/page"}],"author":[{"embeddable":true,"href":"https:\/\/www.saopaulo.sp.leg.br\/camaraexplica\/wp-json\/wp\/v2\/users\/733"}],"replies":[{"embeddable":true,"href":"https:\/\/www.saopaulo.sp.leg.br\/camaraexplica\/wp-json\/wp\/v2\/comments?post=870"}],"version-history":[{"count":0,"href":"https:\/\/www.saopaulo.sp.leg.br\/camaraexplica\/wp-json\/wp\/v2\/pages\/870\/revisions"}],"up":[{"embeddable":true,"href":"https:\/\/www.saopaulo.sp.leg.br\/camaraexplica\/wp-json\/wp\/v2\/pages\/117"}],"wp:attachment":[{"href":"https:\/\/www.saopaulo.sp.leg.br\/camaraexplica\/wp-json\/wp\/v2\/media?parent=870"}],"curies":[{"name":"wp","href":"https:\/\/api.w.org\/{rel}","templated":true}]}}