

{"id":83,"date":"2020-11-23T15:24:15","date_gmt":"2020-11-23T18:24:15","guid":{"rendered":"http:\/\/www.saopaulo.sp.leg.br\/camaraexplica\/?page_id=83"},"modified":"2022-10-06T16:52:12","modified_gmt":"2022-10-06T19:52:12","slug":"funcao-do-vereador","status":"publish","type":"page","link":"https:\/\/www.saopaulo.sp.leg.br\/camaraexplica\/tudo-sobre-os-vereadores\/funcao-do-vereador\/","title":{"rendered":"A fun\u00e7\u00e3o do Vereador"},"content":{"rendered":"<div class=\"description\">\n<p class=\"text-description\">A C\u00e2mara Municipal de S\u00e3o Paulo tem 55 vereadores, que s\u00e3o eleitos pelo povo a cada quatro anos. \u00c9 dos parlamentares a miss\u00e3o de fiscalizar o dinheiro p\u00fablico do munic\u00edpio, acompanhar as a\u00e7\u00f5es da Prefeitura, buscar solu\u00e7\u00f5es para as demandas da popula\u00e7\u00e3o, al\u00e9m de analisar e elaborar propostas de lei.<\/p>\n<p class=\"text-description\">O Parlamento paulistano, maior Casa legislativa municipal do Brasil e da Am\u00e9rica Latina, tem regras a serem cumpridas. Todas as normas da C\u00e2mara est\u00e3o previstas no <a href=\"https:\/\/plpconsulta.saopaulo.sp.leg.br\/Forms\/MostrarArquivo?ID=168&amp;TipArq=1#T%C3%8DTULO_I%20-%20Da%20C%C3%A2mara%20Municipal\" target=\"_blank\" rel=\"noopener\">Regimento Interno<\/a>, documento que estabelece o funcionamento do Legislativo da capital paulista. Nele est\u00e3o especificados, por exemplo, os direitos e os deveres dos vereadores.<\/p>\n<p class=\"text-description\">Entre os direitos, um parlamentar tem autoridade para expor opini\u00f5es, se manifestar sobre assuntos p\u00fablicos e tem a liberdade de votar propostas que tramitam na Casa durante o exerc\u00edcio do mandato. J\u00e1 em rela\u00e7\u00e3o aos deveres, o Regimento Interno determina que o vereador resida na capital paulista.<\/p>\n<p class=\"text-description\">Os vereadores t\u00eam responsabilidades especificadas, como respeitar os hor\u00e1rios regimentais para a abertura e encerramento de atividades parlamentares, assim como justificar o motivo de eventual aus\u00eancia nas sess\u00f5es plen\u00e1rias e reuni\u00f5es de comiss\u00f5es.<\/p>\n<p class=\"text-description\">Tamb\u00e9m faz parte do trabalho dos parlamentares analisar todos os projetos protocolados na Casa. As propostas s\u00e3o avaliadas por <a href=\"https:\/\/www.saopaulo.sp.leg.br\/atividade-legislativa\/comissoes\/\" target=\"_blank\" rel=\"noopener\">comiss\u00f5es permanentes<\/a>, compostas por parlamentares, e tamb\u00e9m s\u00e3o debatidas com a sociedade em Audi\u00eancias P\u00fablicas.<\/p>\n<\/div>\n","protected":false},"excerpt":{"rendered":"<p>A C\u00e2mara Municipal de S\u00e3o Paulo tem 55 vereadores, que s\u00e3o eleitos pelo povo a cada quatro anos. \u00c9 dos parlamentares a miss\u00e3o de fiscalizar o dinheiro p\u00fablico do munic\u00edpio, acompanhar as a\u00e7\u00f5es da Prefeitura, buscar solu\u00e7\u00f5es para as demandas da popula\u00e7\u00e3o, al\u00e9m de analisar e elaborar propostas de lei. O Parlamento paulistano, maior Casa&#8230;  <a class=\"excerpt-read-more\" href=\"https:\/\/www.saopaulo.sp.leg.br\/camaraexplica\/tudo-sobre-os-vereadores\/funcao-do-vereador\/\" title=\"Leia A fun\u00e7\u00e3o do Vereador\">Leia Mais &raquo;<\/a><\/p>\n","protected":false},"author":733,"featured_media":0,"parent":928,"menu_order":0,"comment_status":"closed","ping_status":"closed","template":"page-vereadores.php","meta":{"_acf_changed":false,"footnotes":""},"class_list":["post-83","page","type-page","status-publish","hentry"],"acf":[],"_links":{"self":[{"href":"https:\/\/www.saopaulo.sp.leg.br\/camaraexplica\/wp-json\/wp\/v2\/pages\/83","targetHints":{"allow":["GET"]}}],"collection":[{"href":"https:\/\/www.saopaulo.sp.leg.br\/camaraexplica\/wp-json\/wp\/v2\/pages"}],"about":[{"href":"https:\/\/www.saopaulo.sp.leg.br\/camaraexplica\/wp-json\/wp\/v2\/types\/page"}],"author":[{"embeddable":true,"href":"https:\/\/www.saopaulo.sp.leg.br\/camaraexplica\/wp-json\/wp\/v2\/users\/733"}],"replies":[{"embeddable":true,"href":"https:\/\/www.saopaulo.sp.leg.br\/camaraexplica\/wp-json\/wp\/v2\/comments?post=83"}],"version-history":[{"count":1,"href":"https:\/\/www.saopaulo.sp.leg.br\/camaraexplica\/wp-json\/wp\/v2\/pages\/83\/revisions"}],"predecessor-version":[{"id":1552,"href":"https:\/\/www.saopaulo.sp.leg.br\/camaraexplica\/wp-json\/wp\/v2\/pages\/83\/revisions\/1552"}],"up":[{"embeddable":true,"href":"https:\/\/www.saopaulo.sp.leg.br\/camaraexplica\/wp-json\/wp\/v2\/pages\/928"}],"wp:attachment":[{"href":"https:\/\/www.saopaulo.sp.leg.br\/camaraexplica\/wp-json\/wp\/v2\/media?parent=83"}],"curies":[{"name":"wp","href":"https:\/\/api.w.org\/{rel}","templated":true}]}}