

{"id":76,"date":"2020-11-23T15:21:26","date_gmt":"2020-11-23T18:21:26","guid":{"rendered":"http:\/\/www.saopaulo.sp.leg.br\/camaraexplica\/?page_id=76"},"modified":"2022-10-19T14:47:38","modified_gmt":"2022-10-19T17:47:38","slug":"ldo","status":"publish","type":"page","link":"https:\/\/www.saopaulo.sp.leg.br\/camaraexplica\/orcamento-anual\/ldo\/","title":{"rendered":"LDO &#8211; Lei de Diretrizes Or\u00e7ament\u00e1rias"},"content":{"rendered":"<div class=\"description\">\n<p class=\"text-description\">A LDO (Lei de Diretrizes Or\u00e7ament\u00e1rias) tem como principal finalidade definir quais s\u00e3o as prioridades or\u00e7ament\u00e1rias da Prefeitura para o pr\u00f3ximo exerc\u00edcio (pr\u00f3ximo ano de governo), com base nas metas que foram estabelecidas pelo Executivo no PPA (Plano Plurianual).<\/p>\n<p class=\"text-description\">Na LDO devem ser estabelecidas as regras relativas aos valores que a administra\u00e7\u00e3o municipal pretende economizar para investir, os limites de despesas definidos para cada um dos Poderes (Executivo, Legislativo e Judici\u00e1rio) e do Minist\u00e9rio P\u00fablico, valores para despesas e pagamentos de pessoal e altera\u00e7\u00f5es tribut\u00e1rias, entre outros. Diferentemente do que ocorre com o PPA, a LDO \u00e9 elaborada todos os anos pelo governo.<\/p>\n<p class=\"text-description\">Al\u00e9m disso, a LDO deve garantir que as metas que foram previstas no PPA possam ser cumpridas. Ela \u00e9 usada como base para a elabora\u00e7\u00e3o da LOA (Lei Or\u00e7ament\u00e1ria Anual). Desse modo, a LDO funciona como uma liga\u00e7\u00e3o entre as metas do Plano Plurianual e a aplica\u00e7\u00e3o do or\u00e7amento definida pela Lei Or\u00e7ament\u00e1ria Anual.<\/p>\n<p class=\"text-description\">Elaborada pelo Poder Executivo, a LDO deve ser entregue \u00e0 C\u00e2mara at\u00e9 o dia 15 de abril de cada ano. O Poder Legislativo tem at\u00e9 30 de junho para votar e aprov\u00e1-la. Se os vereadores n\u00e3o aprovarem a LDO at\u00e9 esta data, o recesso do m\u00eas de julho poder\u00e1 ser suspenso at\u00e9 que a mesma seja votada.<\/p>\n<p class=\"text-description\">Saiba mais sobre a tramita\u00e7\u00e3o do Or\u00e7amento no Regimento Interno da C\u00e2mara Municipal (<a href=\"https:\/\/plpconsulta.saopaulo.sp.leg.br\/Forms\/MostrarArquivo?ID=168&amp;TipArq=1#Cap%C3%ADtulo%20I%20-%20Dos%20Or%C3%A7amentos\" target=\"_blank\" rel=\"noopener\">artigo 153 e artigos 329 a 346<\/a>)<\/p>\n<\/div>\n","protected":false},"excerpt":{"rendered":"<p>A LDO (Lei de Diretrizes Or\u00e7ament\u00e1rias) tem como principal finalidade definir quais s\u00e3o as prioridades or\u00e7ament\u00e1rias da Prefeitura para o pr\u00f3ximo exerc\u00edcio (pr\u00f3ximo ano de governo), com base nas metas que foram estabelecidas pelo Executivo no PPA (Plano Plurianual). Na LDO devem ser estabelecidas as regras relativas aos valores que a administra\u00e7\u00e3o municipal pretende economizar&#8230;  <a class=\"excerpt-read-more\" href=\"https:\/\/www.saopaulo.sp.leg.br\/camaraexplica\/orcamento-anual\/ldo\/\" title=\"Leia LDO &#8211; Lei de Diretrizes Or\u00e7ament\u00e1rias\">Leia Mais &raquo;<\/a><\/p>\n","protected":false},"author":733,"featured_media":0,"parent":1222,"menu_order":0,"comment_status":"closed","ping_status":"closed","template":"page-orcamento.php","meta":{"_acf_changed":false,"footnotes":""},"class_list":["post-76","page","type-page","status-publish","hentry"],"acf":[],"_links":{"self":[{"href":"https:\/\/www.saopaulo.sp.leg.br\/camaraexplica\/wp-json\/wp\/v2\/pages\/76","targetHints":{"allow":["GET"]}}],"collection":[{"href":"https:\/\/www.saopaulo.sp.leg.br\/camaraexplica\/wp-json\/wp\/v2\/pages"}],"about":[{"href":"https:\/\/www.saopaulo.sp.leg.br\/camaraexplica\/wp-json\/wp\/v2\/types\/page"}],"author":[{"embeddable":true,"href":"https:\/\/www.saopaulo.sp.leg.br\/camaraexplica\/wp-json\/wp\/v2\/users\/733"}],"replies":[{"embeddable":true,"href":"https:\/\/www.saopaulo.sp.leg.br\/camaraexplica\/wp-json\/wp\/v2\/comments?post=76"}],"version-history":[{"count":0,"href":"https:\/\/www.saopaulo.sp.leg.br\/camaraexplica\/wp-json\/wp\/v2\/pages\/76\/revisions"}],"up":[{"embeddable":true,"href":"https:\/\/www.saopaulo.sp.leg.br\/camaraexplica\/wp-json\/wp\/v2\/pages\/1222"}],"wp:attachment":[{"href":"https:\/\/www.saopaulo.sp.leg.br\/camaraexplica\/wp-json\/wp\/v2\/media?parent=76"}],"curies":[{"name":"wp","href":"https:\/\/api.w.org\/{rel}","templated":true}]}}