

{"id":73,"date":"2020-11-23T15:21:02","date_gmt":"2020-11-23T18:21:02","guid":{"rendered":"http:\/\/www.saopaulo.sp.leg.br\/camaraexplica\/?page_id=73"},"modified":"2021-02-17T18:59:51","modified_gmt":"2021-02-17T21:59:51","slug":"multimidia-portal","status":"publish","type":"page","link":"https:\/\/www.saopaulo.sp.leg.br\/camaraexplica\/conheca-o-legislativo\/multimidia-portal\/","title":{"rendered":"Multim\u00eddia &#8211; Portal"},"content":{"rendered":"<div class=\"description\">\n<p class=\"text-description\">Para as transmiss\u00f5es ao vivo, o Portal da C\u00e2mara Municipal de S\u00e3o Paulo concentra em um \u00fanico lugar todas as reuni\u00f5es de comiss\u00f5es, sess\u00f5es plen\u00e1rias, audi\u00eancias p\u00fablicas e sess\u00f5es solenes. \u00c9 o link \u201cAudit\u00f3rios Online\u201d, dispon\u00edvel na home page do portal. <\/p>\n<p><iframe title=\"Conhe\u00e7a o Legislativo - Multim\u00eddia no Portal da C\u00e2mara\" width=\"680\" height=\"383\" src=\"https:\/\/www.youtube.com\/embed\/CQyJGFbsa_Q?feature=oembed\" frameborder=\"0\" allow=\"accelerometer; autoplay; clipboard-write; encrypted-media; gyroscope; picture-in-picture\" allowfullscreen><\/iframe><\/p>\n<p class=\"text-description\">Caso n\u00e3o seja poss\u00edvel acompanhar uma transmiss\u00e3o em tempo real, \u00e9 poss\u00edvel acessar a \u00e1rea Multim\u00eddia, tamb\u00e9m localizada na p\u00e1gina principal, que oferece em seu menu as galerias de \u00e1udios, imagens e v\u00eddeos.<\/p>\n<\/div>\n","protected":false},"excerpt":{"rendered":"<p>Para as transmiss\u00f5es ao vivo, o Portal da C\u00e2mara Municipal de S\u00e3o Paulo concentra em um \u00fanico lugar todas as reuni\u00f5es de comiss\u00f5es, sess\u00f5es plen\u00e1rias, audi\u00eancias p\u00fablicas e sess\u00f5es solenes. \u00c9 o link \u201cAudit\u00f3rios Online\u201d, dispon\u00edvel na home page do portal. Caso n\u00e3o seja poss\u00edvel acompanhar uma transmiss\u00e3o em tempo real, \u00e9 poss\u00edvel acessar a&#8230;  <a class=\"excerpt-read-more\" href=\"https:\/\/www.saopaulo.sp.leg.br\/camaraexplica\/conheca-o-legislativo\/multimidia-portal\/\" title=\"Leia Multim\u00eddia &#8211; Portal\">Leia Mais &raquo;<\/a><\/p>\n","protected":false},"author":733,"featured_media":0,"parent":24,"menu_order":0,"comment_status":"closed","ping_status":"closed","template":"page-legislativo.php","meta":{"_acf_changed":false,"footnotes":""},"class_list":["post-73","page","type-page","status-publish","hentry"],"acf":[],"_links":{"self":[{"href":"https:\/\/www.saopaulo.sp.leg.br\/camaraexplica\/wp-json\/wp\/v2\/pages\/73","targetHints":{"allow":["GET"]}}],"collection":[{"href":"https:\/\/www.saopaulo.sp.leg.br\/camaraexplica\/wp-json\/wp\/v2\/pages"}],"about":[{"href":"https:\/\/www.saopaulo.sp.leg.br\/camaraexplica\/wp-json\/wp\/v2\/types\/page"}],"author":[{"embeddable":true,"href":"https:\/\/www.saopaulo.sp.leg.br\/camaraexplica\/wp-json\/wp\/v2\/users\/733"}],"replies":[{"embeddable":true,"href":"https:\/\/www.saopaulo.sp.leg.br\/camaraexplica\/wp-json\/wp\/v2\/comments?post=73"}],"version-history":[{"count":0,"href":"https:\/\/www.saopaulo.sp.leg.br\/camaraexplica\/wp-json\/wp\/v2\/pages\/73\/revisions"}],"up":[{"embeddable":true,"href":"https:\/\/www.saopaulo.sp.leg.br\/camaraexplica\/wp-json\/wp\/v2\/pages\/24"}],"wp:attachment":[{"href":"https:\/\/www.saopaulo.sp.leg.br\/camaraexplica\/wp-json\/wp\/v2\/media?parent=73"}],"curies":[{"name":"wp","href":"https:\/\/api.w.org\/{rel}","templated":true}]}}