

{"id":67,"date":"2020-11-23T15:19:57","date_gmt":"2020-11-23T18:19:57","guid":{"rendered":"http:\/\/www.saopaulo.sp.leg.br\/camaraexplica\/?page_id=67"},"modified":"2023-06-20T17:21:00","modified_gmt":"2023-06-20T20:21:00","slug":"projeto-de-lei","status":"publish","type":"page","link":"https:\/\/www.saopaulo.sp.leg.br\/camaraexplica\/conheca-o-legislativo\/projeto-de-lei\/","title":{"rendered":"Projeto de Lei"},"content":{"rendered":"<div class=\"description\">\n<p class=\"text-description\">Um PL (Projeto de Lei) \u00e9 um documento legislativo que tem por finalidade criar ou alterar alguma lei existente.<\/p>\n<p><iframe title=\"Conhe\u00e7a o Legislativo - Projeto de Lei\" width=\"680\" height=\"383\" src=\"https:\/\/www.youtube.com\/embed\/gaSQske78_g?feature=oembed\" frameborder=\"0\" allow=\"accelerometer; autoplay; clipboard-write; encrypted-media; gyroscope; picture-in-picture; web-share\" allowfullscreen><\/iframe><\/p>\n<p class=\"text-description\">Ao lado do Projeto de Lei, existem outros tr\u00eas tipos de proposta legislativa: o PDL (Projeto de Decreto Legislativo), o PR (Projeto de Resolu\u00e7\u00e3o) e o PLO (Projeto de Emenda \u00e0 Lei Org\u00e2nica).<\/p>\n<p class=\"text-description\">Os Projetos de Lei podem ser apresentados pelos vereadores da C\u00e2mara Municipal de S\u00e3o Paulo, pelas comiss\u00f5es da Casa, pela Prefeitura ou pelo pr\u00f3prio cidad\u00e3o por meio de iniciativa popular.<\/p>\n<\/div>\n","protected":false},"excerpt":{"rendered":"<p>Um PL (Projeto de Lei) \u00e9 um documento legislativo que tem por finalidade criar ou alterar alguma lei existente. Ao lado do Projeto de Lei, existem outros tr\u00eas tipos de proposta legislativa: o PDL (Projeto de Decreto Legislativo), o PR (Projeto de Resolu\u00e7\u00e3o) e o PLO (Projeto de Emenda \u00e0 Lei Org\u00e2nica). Os Projetos de&#8230;  <a class=\"excerpt-read-more\" href=\"https:\/\/www.saopaulo.sp.leg.br\/camaraexplica\/conheca-o-legislativo\/projeto-de-lei\/\" title=\"Leia Projeto de Lei\">Leia Mais &raquo;<\/a><\/p>\n","protected":false},"author":733,"featured_media":0,"parent":24,"menu_order":0,"comment_status":"closed","ping_status":"closed","template":"page-legislativo.php","meta":{"_acf_changed":false,"footnotes":""},"class_list":["post-67","page","type-page","status-publish","hentry"],"acf":[],"_links":{"self":[{"href":"https:\/\/www.saopaulo.sp.leg.br\/camaraexplica\/wp-json\/wp\/v2\/pages\/67","targetHints":{"allow":["GET"]}}],"collection":[{"href":"https:\/\/www.saopaulo.sp.leg.br\/camaraexplica\/wp-json\/wp\/v2\/pages"}],"about":[{"href":"https:\/\/www.saopaulo.sp.leg.br\/camaraexplica\/wp-json\/wp\/v2\/types\/page"}],"author":[{"embeddable":true,"href":"https:\/\/www.saopaulo.sp.leg.br\/camaraexplica\/wp-json\/wp\/v2\/users\/733"}],"replies":[{"embeddable":true,"href":"https:\/\/www.saopaulo.sp.leg.br\/camaraexplica\/wp-json\/wp\/v2\/comments?post=67"}],"version-history":[{"count":0,"href":"https:\/\/www.saopaulo.sp.leg.br\/camaraexplica\/wp-json\/wp\/v2\/pages\/67\/revisions"}],"up":[{"embeddable":true,"href":"https:\/\/www.saopaulo.sp.leg.br\/camaraexplica\/wp-json\/wp\/v2\/pages\/24"}],"wp:attachment":[{"href":"https:\/\/www.saopaulo.sp.leg.br\/camaraexplica\/wp-json\/wp\/v2\/media?parent=67"}],"curies":[{"name":"wp","href":"https:\/\/api.w.org\/{rel}","templated":true}]}}