

{"id":61,"date":"2020-11-23T15:19:12","date_gmt":"2020-11-23T18:19:12","guid":{"rendered":"http:\/\/www.saopaulo.sp.leg.br\/camaraexplica\/?page_id=61"},"modified":"2021-02-17T18:56:45","modified_gmt":"2021-02-17T21:56:45","slug":"honrarias","status":"publish","type":"page","link":"https:\/\/www.saopaulo.sp.leg.br\/camaraexplica\/conheca-o-legislativo\/honrarias\/","title":{"rendered":"Honrarias"},"content":{"rendered":"<div class=\"description\">\n<p class=\"text-description\">A C\u00e2mara Municipal de S\u00e3o Paulo concede honrarias para homenagear mun\u00edcipes e institui\u00e7\u00f5es que prestam servi\u00e7os relevantes \u00e0 cidade.<\/p>\n<p><iframe title=\"C\u00e2mara Municipal de S\u00e3o Paulo: Conhe\u00e7a o Legislativo - Honrarias\" width=\"680\" height=\"383\" src=\"https:\/\/www.youtube.com\/embed\/jsVsvELEiQs?feature=oembed\" frameborder=\"0\" allow=\"accelerometer; autoplay; clipboard-write; encrypted-media; gyroscope; picture-in-picture\" allowfullscreen><\/iframe><\/p>\n<p class=\"text-description\">S\u00e3o tr\u00eas os tipos de honrarias concedidas, que seguem crit\u00e9rios do Regimento Interno e s\u00e3o entregue em Sess\u00f5es Solenes: \u201cSalva de Prata\u201d, \u201cMedalha Anchieta e Diploma de Gratid\u00e3o\u201d e o \u201cT\u00edtulo de Cidad\u00e3o Paulistano\u201d.<\/p>\n<p class=\"text-description\">Todas as homenagens s\u00e3o propostas por meio de Projetos de Decreto Legislativo (PDL), aprovados por ao menos dois ter\u00e7os dos vereadores, com cada vereador da Casa podendo conceder no m\u00e1ximo oito honrarias em cada legislatura.<\/p>\n<\/div>\n","protected":false},"excerpt":{"rendered":"<p>A C\u00e2mara Municipal de S\u00e3o Paulo concede honrarias para homenagear mun\u00edcipes e institui\u00e7\u00f5es que prestam servi\u00e7os relevantes \u00e0 cidade. S\u00e3o tr\u00eas os tipos de honrarias concedidas, que seguem crit\u00e9rios do Regimento Interno e s\u00e3o entregue em Sess\u00f5es Solenes: \u201cSalva de Prata\u201d, \u201cMedalha Anchieta e Diploma de Gratid\u00e3o\u201d e o \u201cT\u00edtulo de Cidad\u00e3o Paulistano\u201d. Todas as&#8230;  <a class=\"excerpt-read-more\" href=\"https:\/\/www.saopaulo.sp.leg.br\/camaraexplica\/conheca-o-legislativo\/honrarias\/\" title=\"Leia Honrarias\">Leia Mais &raquo;<\/a><\/p>\n","protected":false},"author":733,"featured_media":0,"parent":24,"menu_order":0,"comment_status":"closed","ping_status":"closed","template":"page-legislativo.php","meta":{"_acf_changed":false,"footnotes":""},"class_list":["post-61","page","type-page","status-publish","hentry"],"acf":[],"_links":{"self":[{"href":"https:\/\/www.saopaulo.sp.leg.br\/camaraexplica\/wp-json\/wp\/v2\/pages\/61","targetHints":{"allow":["GET"]}}],"collection":[{"href":"https:\/\/www.saopaulo.sp.leg.br\/camaraexplica\/wp-json\/wp\/v2\/pages"}],"about":[{"href":"https:\/\/www.saopaulo.sp.leg.br\/camaraexplica\/wp-json\/wp\/v2\/types\/page"}],"author":[{"embeddable":true,"href":"https:\/\/www.saopaulo.sp.leg.br\/camaraexplica\/wp-json\/wp\/v2\/users\/733"}],"replies":[{"embeddable":true,"href":"https:\/\/www.saopaulo.sp.leg.br\/camaraexplica\/wp-json\/wp\/v2\/comments?post=61"}],"version-history":[{"count":0,"href":"https:\/\/www.saopaulo.sp.leg.br\/camaraexplica\/wp-json\/wp\/v2\/pages\/61\/revisions"}],"up":[{"embeddable":true,"href":"https:\/\/www.saopaulo.sp.leg.br\/camaraexplica\/wp-json\/wp\/v2\/pages\/24"}],"wp:attachment":[{"href":"https:\/\/www.saopaulo.sp.leg.br\/camaraexplica\/wp-json\/wp\/v2\/media?parent=61"}],"curies":[{"name":"wp","href":"https:\/\/api.w.org\/{rel}","templated":true}]}}