

{"id":58,"date":"2020-11-23T15:18:44","date_gmt":"2020-11-23T18:18:44","guid":{"rendered":"http:\/\/www.saopaulo.sp.leg.br\/camaraexplica\/?page_id=58"},"modified":"2024-07-15T12:42:26","modified_gmt":"2024-07-15T15:42:26","slug":"mesa-diretora","status":"publish","type":"page","link":"https:\/\/www.saopaulo.sp.leg.br\/camaraexplica\/conheca-o-legislativo\/mesa-diretora\/","title":{"rendered":"Mesa Diretora"},"content":{"rendered":"<div class=\"description\">\n<p class=\"text-description\">A Mesa Diretora da C\u00e2mara Municipal de S\u00e3o Paulo \u00e9 um conselho de vereadores respons\u00e1vel pela dire\u00e7\u00e3o dos trabalhos legislativos e pela ger\u00eancia dos servi\u00e7os administrativos da Casa.<\/p>\n<p><iframe title=\"Conhe\u00e7a o Legislativo \u2013 Mesa Diretora\" width=\"680\" height=\"383\" src=\"https:\/\/www.youtube.com\/embed\/NF_1Anmd8ek?feature=oembed\" frameborder=\"0\" allow=\"accelerometer; autoplay; clipboard-write; encrypted-media; gyroscope; picture-in-picture; web-share\" referrerpolicy=\"strict-origin-when-cross-origin\" allowfullscreen><\/iframe><\/p>\n<p class=\"text-description\">Presidente, primeiro e segundo vice-presidentes, e primeiro e segundo secret\u00e1rios s\u00e3o eleitos em uma Sess\u00e3o Extraordin\u00e1ria no dia 1\u00ba de janeiro do primeiro ano de cada legislatura e no dia 15 de dezembro dos anos subsequentes.<\/p>\n<p class=\"text-description\">Os integrantes do grupo s\u00e3o eleitos para mandatos de um ano com posse realizada sempre no dia primeiro de janeiro, com reelei\u00e7\u00e3o para o mesmo cargo permitida apenas para a mesma legislatura.<\/p>\n<\/div>\n","protected":false},"excerpt":{"rendered":"<p>A Mesa Diretora da C\u00e2mara Municipal de S\u00e3o Paulo \u00e9 um conselho de vereadores respons\u00e1vel pela dire\u00e7\u00e3o dos trabalhos legislativos e pela ger\u00eancia dos servi\u00e7os administrativos da Casa. Presidente, primeiro e segundo vice-presidentes, e primeiro e segundo secret\u00e1rios s\u00e3o eleitos em uma Sess\u00e3o Extraordin\u00e1ria no dia 1\u00ba de janeiro do primeiro ano de cada legislatura&#8230;  <a class=\"excerpt-read-more\" href=\"https:\/\/www.saopaulo.sp.leg.br\/camaraexplica\/conheca-o-legislativo\/mesa-diretora\/\" title=\"Leia Mesa Diretora\">Leia Mais &raquo;<\/a><\/p>\n","protected":false},"author":733,"featured_media":0,"parent":24,"menu_order":0,"comment_status":"closed","ping_status":"closed","template":"page-legislativo.php","meta":{"_acf_changed":false,"footnotes":""},"class_list":["post-58","page","type-page","status-publish","hentry"],"acf":[],"_links":{"self":[{"href":"https:\/\/www.saopaulo.sp.leg.br\/camaraexplica\/wp-json\/wp\/v2\/pages\/58","targetHints":{"allow":["GET"]}}],"collection":[{"href":"https:\/\/www.saopaulo.sp.leg.br\/camaraexplica\/wp-json\/wp\/v2\/pages"}],"about":[{"href":"https:\/\/www.saopaulo.sp.leg.br\/camaraexplica\/wp-json\/wp\/v2\/types\/page"}],"author":[{"embeddable":true,"href":"https:\/\/www.saopaulo.sp.leg.br\/camaraexplica\/wp-json\/wp\/v2\/users\/733"}],"replies":[{"embeddable":true,"href":"https:\/\/www.saopaulo.sp.leg.br\/camaraexplica\/wp-json\/wp\/v2\/comments?post=58"}],"version-history":[{"count":0,"href":"https:\/\/www.saopaulo.sp.leg.br\/camaraexplica\/wp-json\/wp\/v2\/pages\/58\/revisions"}],"up":[{"embeddable":true,"href":"https:\/\/www.saopaulo.sp.leg.br\/camaraexplica\/wp-json\/wp\/v2\/pages\/24"}],"wp:attachment":[{"href":"https:\/\/www.saopaulo.sp.leg.br\/camaraexplica\/wp-json\/wp\/v2\/media?parent=58"}],"curies":[{"name":"wp","href":"https:\/\/api.w.org\/{rel}","templated":true}]}}