

{"id":55,"date":"2020-11-23T15:17:37","date_gmt":"2020-11-23T18:17:37","guid":{"rendered":"http:\/\/www.saopaulo.sp.leg.br\/camaraexplica\/?page_id=55"},"modified":"2021-02-17T18:54:42","modified_gmt":"2021-02-17T21:54:42","slug":"colegio-de-lideres","status":"publish","type":"page","link":"https:\/\/www.saopaulo.sp.leg.br\/camaraexplica\/conheca-o-legislativo\/colegio-de-lideres\/","title":{"rendered":"Col\u00e9gio de L\u00edderes"},"content":{"rendered":"<div class=\"description\">\n<p class=\"text-description\">O Col\u00e9gio de L\u00edderes da C\u00e2mara Municipal de S\u00e3o Paulo \u00e9 composto pelos l\u00edderes dos partidos representados na Casa e tem a responsabilidade de discutir e negociar os interesses das categorias representadas pelos vereadores.<\/p>\n<p><iframe title=\"Conhe\u00e7a o Legislativo \u2013 Col\u00e9gio de L\u00edderes\" width=\"680\" height=\"383\" src=\"https:\/\/www.youtube.com\/embed\/HBQgDjPT_rQ?feature=oembed\" frameborder=\"0\" allow=\"accelerometer; autoplay; clipboard-write; encrypted-media; gyroscope; picture-in-picture\" allowfullscreen><\/iframe><\/p>\n<p class=\"text-description\">O grupo tem como responsabilidade a discuss\u00e3o, a negocia\u00e7\u00e3o e viabiliza\u00e7\u00e3o pol\u00edtica dos diversos interesses das categorias representadas pelos vereadores eleitos pela popula\u00e7\u00e3o.<\/p>\n<p class=\"text-description\">As reuni\u00f5es do Col\u00e9gio de L\u00edderes acontecem semanalmente \u00e0s ter\u00e7as-feiras e s\u00e3o transmitidas ao vivo tanto pelo Portal da C\u00e2mara Municipal de S\u00e3o Paulo quanto pelos canais oficiais da Casa.<\/p>\n<\/div>\n","protected":false},"excerpt":{"rendered":"<p>O Col\u00e9gio de L\u00edderes da C\u00e2mara Municipal de S\u00e3o Paulo \u00e9 composto pelos l\u00edderes dos partidos representados na Casa e tem a responsabilidade de discutir e negociar os interesses das categorias representadas pelos vereadores. O grupo tem como responsabilidade a discuss\u00e3o, a negocia\u00e7\u00e3o e viabiliza\u00e7\u00e3o pol\u00edtica dos diversos interesses das categorias representadas pelos vereadores eleitos&#8230;  <a class=\"excerpt-read-more\" href=\"https:\/\/www.saopaulo.sp.leg.br\/camaraexplica\/conheca-o-legislativo\/colegio-de-lideres\/\" title=\"Leia Col\u00e9gio de L\u00edderes\">Leia Mais &raquo;<\/a><\/p>\n","protected":false},"author":733,"featured_media":0,"parent":24,"menu_order":0,"comment_status":"closed","ping_status":"closed","template":"page-legislativo.php","meta":{"_acf_changed":false,"footnotes":""},"class_list":["post-55","page","type-page","status-publish","hentry"],"acf":[],"_links":{"self":[{"href":"https:\/\/www.saopaulo.sp.leg.br\/camaraexplica\/wp-json\/wp\/v2\/pages\/55","targetHints":{"allow":["GET"]}}],"collection":[{"href":"https:\/\/www.saopaulo.sp.leg.br\/camaraexplica\/wp-json\/wp\/v2\/pages"}],"about":[{"href":"https:\/\/www.saopaulo.sp.leg.br\/camaraexplica\/wp-json\/wp\/v2\/types\/page"}],"author":[{"embeddable":true,"href":"https:\/\/www.saopaulo.sp.leg.br\/camaraexplica\/wp-json\/wp\/v2\/users\/733"}],"replies":[{"embeddable":true,"href":"https:\/\/www.saopaulo.sp.leg.br\/camaraexplica\/wp-json\/wp\/v2\/comments?post=55"}],"version-history":[{"count":0,"href":"https:\/\/www.saopaulo.sp.leg.br\/camaraexplica\/wp-json\/wp\/v2\/pages\/55\/revisions"}],"up":[{"embeddable":true,"href":"https:\/\/www.saopaulo.sp.leg.br\/camaraexplica\/wp-json\/wp\/v2\/pages\/24"}],"wp:attachment":[{"href":"https:\/\/www.saopaulo.sp.leg.br\/camaraexplica\/wp-json\/wp\/v2\/media?parent=55"}],"curies":[{"name":"wp","href":"https:\/\/api.w.org\/{rel}","templated":true}]}}