

{"id":52,"date":"2020-11-23T15:17:12","date_gmt":"2020-11-23T18:17:12","guid":{"rendered":"http:\/\/www.saopaulo.sp.leg.br\/camaraexplica\/?page_id=52"},"modified":"2021-02-17T18:47:12","modified_gmt":"2021-02-17T21:47:12","slug":"corregedoria","status":"publish","type":"page","link":"https:\/\/www.saopaulo.sp.leg.br\/camaraexplica\/conheca-o-legislativo\/corregedoria\/","title":{"rendered":"Corregedoria"},"content":{"rendered":"<div class=\"description\">\n<p class=\"text-description\">A C\u00e2mara Municipal de S\u00e3o Paulo possui uma Corregedoria pr\u00f3pria que \u00e9 respons\u00e1vel pela promo\u00e7\u00e3o e manuten\u00e7\u00e3o do decoro parlamentar, al\u00e9m da ordem e disciplina do Legislativo.<\/p>\n<p><iframe title=\"Conhe\u00e7a o Legislativo - Corregedoria\" width=\"680\" height=\"383\" src=\"https:\/\/www.youtube.com\/embed\/JAc9Ri-Sx_E?feature=oembed\" frameborder=\"0\" allow=\"accelerometer; autoplay; clipboard-write; encrypted-media; gyroscope; picture-in-picture\" allowfullscreen><\/iframe><\/p>\n<p class=\"text-description\">Ap\u00f3s receber uma representa\u00e7\u00e3o, \u00e9 a Corregedoria o \u00f3rg\u00e3o que instaura o processo disciplinar parlamentar e procede \u00e0 eventual aplica\u00e7\u00e3o das san\u00e7\u00f5es em casos de sua compet\u00eancia.\u00a0<\/p>\n<p class=\"text-description\">Sete vereadores comp\u00f5em a inst\u00e2ncia colegiada da Corregedoria, com mandato de um ano, com o Corregedor Geral sendo escolhido em Plen\u00e1rio no dia 15 de dezembro, logo ap\u00f3s a elei\u00e7\u00e3o da Mesa Diretora.<\/p>\n<\/div>\n","protected":false},"excerpt":{"rendered":"<p>A C\u00e2mara Municipal de S\u00e3o Paulo possui uma Corregedoria pr\u00f3pria que \u00e9 respons\u00e1vel pela promo\u00e7\u00e3o e manuten\u00e7\u00e3o do decoro parlamentar, al\u00e9m da ordem e disciplina do Legislativo. Ap\u00f3s receber uma representa\u00e7\u00e3o, \u00e9 a Corregedoria o \u00f3rg\u00e3o que instaura o processo disciplinar parlamentar e procede \u00e0 eventual aplica\u00e7\u00e3o das san\u00e7\u00f5es em casos de sua compet\u00eancia.\u00a0 Sete&#8230;  <a class=\"excerpt-read-more\" href=\"https:\/\/www.saopaulo.sp.leg.br\/camaraexplica\/conheca-o-legislativo\/corregedoria\/\" title=\"Leia Corregedoria\">Leia Mais &raquo;<\/a><\/p>\n","protected":false},"author":733,"featured_media":0,"parent":24,"menu_order":0,"comment_status":"closed","ping_status":"closed","template":"page-legislativo.php","meta":{"_acf_changed":false,"footnotes":""},"class_list":["post-52","page","type-page","status-publish","hentry"],"acf":[],"_links":{"self":[{"href":"https:\/\/www.saopaulo.sp.leg.br\/camaraexplica\/wp-json\/wp\/v2\/pages\/52","targetHints":{"allow":["GET"]}}],"collection":[{"href":"https:\/\/www.saopaulo.sp.leg.br\/camaraexplica\/wp-json\/wp\/v2\/pages"}],"about":[{"href":"https:\/\/www.saopaulo.sp.leg.br\/camaraexplica\/wp-json\/wp\/v2\/types\/page"}],"author":[{"embeddable":true,"href":"https:\/\/www.saopaulo.sp.leg.br\/camaraexplica\/wp-json\/wp\/v2\/users\/733"}],"replies":[{"embeddable":true,"href":"https:\/\/www.saopaulo.sp.leg.br\/camaraexplica\/wp-json\/wp\/v2\/comments?post=52"}],"version-history":[{"count":0,"href":"https:\/\/www.saopaulo.sp.leg.br\/camaraexplica\/wp-json\/wp\/v2\/pages\/52\/revisions"}],"up":[{"embeddable":true,"href":"https:\/\/www.saopaulo.sp.leg.br\/camaraexplica\/wp-json\/wp\/v2\/pages\/24"}],"wp:attachment":[{"href":"https:\/\/www.saopaulo.sp.leg.br\/camaraexplica\/wp-json\/wp\/v2\/media?parent=52"}],"curies":[{"name":"wp","href":"https:\/\/api.w.org\/{rel}","templated":true}]}}