

{"id":45,"date":"2020-11-23T15:16:08","date_gmt":"2020-11-23T18:16:08","guid":{"rendered":"http:\/\/www.saopaulo.sp.leg.br\/camaraexplica\/?page_id=45"},"modified":"2021-02-17T18:39:31","modified_gmt":"2021-02-17T21:39:31","slug":"audiencias-publicas","status":"publish","type":"page","link":"https:\/\/www.saopaulo.sp.leg.br\/camaraexplica\/conheca-o-legislativo\/audiencias-publicas\/","title":{"rendered":"Audi\u00eancias P\u00fablicas"},"content":{"rendered":"<div class=\"description\">\n<p class=\"text-description\">As Audi\u00eancias P\u00fablicas s\u00e3o reuni\u00f5es onde s\u00e3o discutidos os assuntos de import\u00e2ncia para a cidade e contam com a participa\u00e7\u00e3o ativa da comunidade por meio de cidad\u00e3os e \/ ou grupos organizados.<\/p>\n<p><iframe title=\"Conhe\u00e7a o Legislativo \u2013 Audi\u00eancias P\u00fablicas\" width=\"680\" height=\"383\" src=\"https:\/\/www.youtube.com\/embed\/OMqmiffKPnI?feature=oembed\" frameborder=\"0\" allow=\"accelerometer; autoplay; clipboard-write; encrypted-media; gyroscope; picture-in-picture\" allowfullscreen><\/iframe><\/p>\n<p class=\"text-description\">As audi\u00eancias podem ser convocadas pelos vereadores ou pela pr\u00f3pria popula\u00e7\u00e3o por meio de requerimento nas comiss\u00f5es permanentes relacionadas ao assunto de interesse.<\/p>\n<\/div>\n","protected":false},"excerpt":{"rendered":"<p>As Audi\u00eancias P\u00fablicas s\u00e3o reuni\u00f5es onde s\u00e3o discutidos os assuntos de import\u00e2ncia para a cidade e contam com a participa\u00e7\u00e3o ativa da comunidade por meio de cidad\u00e3os e \/ ou grupos organizados. As audi\u00eancias podem ser convocadas pelos vereadores ou pela pr\u00f3pria popula\u00e7\u00e3o por meio de requerimento nas comiss\u00f5es permanentes relacionadas ao assunto de interesse.<\/p>\n","protected":false},"author":733,"featured_media":0,"parent":24,"menu_order":0,"comment_status":"closed","ping_status":"closed","template":"page-legislativo.php","meta":{"_acf_changed":false,"footnotes":""},"class_list":["post-45","page","type-page","status-publish","hentry"],"acf":[],"_links":{"self":[{"href":"https:\/\/www.saopaulo.sp.leg.br\/camaraexplica\/wp-json\/wp\/v2\/pages\/45","targetHints":{"allow":["GET"]}}],"collection":[{"href":"https:\/\/www.saopaulo.sp.leg.br\/camaraexplica\/wp-json\/wp\/v2\/pages"}],"about":[{"href":"https:\/\/www.saopaulo.sp.leg.br\/camaraexplica\/wp-json\/wp\/v2\/types\/page"}],"author":[{"embeddable":true,"href":"https:\/\/www.saopaulo.sp.leg.br\/camaraexplica\/wp-json\/wp\/v2\/users\/733"}],"replies":[{"embeddable":true,"href":"https:\/\/www.saopaulo.sp.leg.br\/camaraexplica\/wp-json\/wp\/v2\/comments?post=45"}],"version-history":[{"count":0,"href":"https:\/\/www.saopaulo.sp.leg.br\/camaraexplica\/wp-json\/wp\/v2\/pages\/45\/revisions"}],"up":[{"embeddable":true,"href":"https:\/\/www.saopaulo.sp.leg.br\/camaraexplica\/wp-json\/wp\/v2\/pages\/24"}],"wp:attachment":[{"href":"https:\/\/www.saopaulo.sp.leg.br\/camaraexplica\/wp-json\/wp\/v2\/media?parent=45"}],"curies":[{"name":"wp","href":"https:\/\/api.w.org\/{rel}","templated":true}]}}