

{"id":43,"date":"2020-11-23T15:15:37","date_gmt":"2020-11-23T18:15:37","guid":{"rendered":"http:\/\/www.saopaulo.sp.leg.br\/camaraexplica\/?page_id=43"},"modified":"2021-02-17T18:38:19","modified_gmt":"2021-02-17T21:38:19","slug":"plenario-virtual","status":"publish","type":"page","link":"https:\/\/www.saopaulo.sp.leg.br\/camaraexplica\/conheca-o-legislativo\/plenario-virtual\/","title":{"rendered":"Plen\u00e1rio Virtual"},"content":{"rendered":"<div class=\"description\">\n<p class=\"text-description\">O Plen\u00e1rio Virtual da C\u00e2mara Municipal de S\u00e3o Paulo \u00e9 uma plataforma que permite a vota\u00e7\u00e3o de alguns tipos de projetos de forma remota, sem a necessidade de discuss\u00e3o em Sess\u00e3o Plen\u00e1ria.<\/p>\n<p><iframe title=\"Conhe\u00e7a o Legislativo - Plen\u00e1rio Virtual\" width=\"680\" height=\"383\" src=\"https:\/\/www.youtube.com\/embed\/rNlf8dVtzeo?feature=oembed\" frameborder=\"0\" allow=\"accelerometer; autoplay; clipboard-write; encrypted-media; gyroscope; picture-in-picture\" allowfullscreen><\/iframe><\/p>\n<p class=\"text-description\">Os projetos apreciados no Plen\u00e1rio Virtual s\u00e3o restritos a denomina\u00e7\u00f5es de ruas, sugest\u00f5es de datas comemorativas e concess\u00f5es e t\u00edtulos e honrarias outorgados pela Casa.<\/p>\n<p class=\"text-description\">Essa ferramenta possibilita que propostas menores sejam aprovadas com mais agilidade e transpar\u00eancia, e, consequentemente, propostas de maior impacto para o munic\u00edpio tenham mais tempo para serem discutidas nas Sess\u00f5es Plen\u00e1rias.<\/p>\n<\/div>\n","protected":false},"excerpt":{"rendered":"<p>O Plen\u00e1rio Virtual da C\u00e2mara Municipal de S\u00e3o Paulo \u00e9 uma plataforma que permite a vota\u00e7\u00e3o de alguns tipos de projetos de forma remota, sem a necessidade de discuss\u00e3o em Sess\u00e3o Plen\u00e1ria. Os projetos apreciados no Plen\u00e1rio Virtual s\u00e3o restritos a denomina\u00e7\u00f5es de ruas, sugest\u00f5es de datas comemorativas e concess\u00f5es e t\u00edtulos e honrarias outorgados&#8230;  <a class=\"excerpt-read-more\" href=\"https:\/\/www.saopaulo.sp.leg.br\/camaraexplica\/conheca-o-legislativo\/plenario-virtual\/\" title=\"Leia Plen\u00e1rio Virtual\">Leia Mais &raquo;<\/a><\/p>\n","protected":false},"author":733,"featured_media":0,"parent":24,"menu_order":0,"comment_status":"closed","ping_status":"closed","template":"page-legislativo.php","meta":{"_acf_changed":false,"footnotes":""},"class_list":["post-43","page","type-page","status-publish","hentry"],"acf":[],"_links":{"self":[{"href":"https:\/\/www.saopaulo.sp.leg.br\/camaraexplica\/wp-json\/wp\/v2\/pages\/43","targetHints":{"allow":["GET"]}}],"collection":[{"href":"https:\/\/www.saopaulo.sp.leg.br\/camaraexplica\/wp-json\/wp\/v2\/pages"}],"about":[{"href":"https:\/\/www.saopaulo.sp.leg.br\/camaraexplica\/wp-json\/wp\/v2\/types\/page"}],"author":[{"embeddable":true,"href":"https:\/\/www.saopaulo.sp.leg.br\/camaraexplica\/wp-json\/wp\/v2\/users\/733"}],"replies":[{"embeddable":true,"href":"https:\/\/www.saopaulo.sp.leg.br\/camaraexplica\/wp-json\/wp\/v2\/comments?post=43"}],"version-history":[{"count":0,"href":"https:\/\/www.saopaulo.sp.leg.br\/camaraexplica\/wp-json\/wp\/v2\/pages\/43\/revisions"}],"up":[{"embeddable":true,"href":"https:\/\/www.saopaulo.sp.leg.br\/camaraexplica\/wp-json\/wp\/v2\/pages\/24"}],"wp:attachment":[{"href":"https:\/\/www.saopaulo.sp.leg.br\/camaraexplica\/wp-json\/wp\/v2\/media?parent=43"}],"curies":[{"name":"wp","href":"https:\/\/api.w.org\/{rel}","templated":true}]}}