

{"id":41,"date":"2020-11-23T15:15:18","date_gmt":"2020-11-23T18:15:18","guid":{"rendered":"http:\/\/www.saopaulo.sp.leg.br\/camaraexplica\/?page_id=41"},"modified":"2023-06-20T17:27:08","modified_gmt":"2023-06-20T20:27:08","slug":"cpis","status":"publish","type":"page","link":"https:\/\/www.saopaulo.sp.leg.br\/camaraexplica\/conheca-o-legislativo\/cpis\/","title":{"rendered":"CPIs"},"content":{"rendered":"<div class=\"description\">\n<p class=\"text-description\">A CPI (Comiss\u00e3o Parlamentar de Inqu\u00e9rito) \u00e9 uma comiss\u00e3o com poder de investiga\u00e7\u00e3o policial que \u00e9 instalada para apurar fatos e den\u00fancias em assuntos de interesse do munic\u00edpio.<\/p>\n<p><iframe title=\"Conhe\u00e7a o Legislativo - CPI\" width=\"680\" height=\"383\" src=\"https:\/\/www.youtube.com\/embed\/Yr6pQOjt1JQ?feature=oembed\" frameborder=\"0\" allow=\"accelerometer; autoplay; clipboard-write; encrypted-media; gyroscope; picture-in-picture; web-share\" allowfullscreen><\/iframe><\/p>\n<p class=\"text-description\">Para que seja instalada, \u00e9 necess\u00e1rio requerimento de ao menos um ter\u00e7o dos membros da C\u00e2mara Municipal de S\u00e3o Paulo e seu prazo de funcionamento \u00e9 fixado em 120 dias, com possibilidade de duas prorroga\u00e7\u00f5es pelo mesmo per\u00edodo.<\/p>\n<p class=\"text-description\">Ap\u00f3s as conclus\u00f5es do trabalho de uma CPI, \u00e9 elaborado, votado e publicado um relat\u00f3rio que pode ser encaminhado ao Minist\u00e9rio P\u00fablico para responsabilidade criminal ou civil dos investigados.<\/p>\n<\/div>\n","protected":false},"excerpt":{"rendered":"<p>A CPI (Comiss\u00e3o Parlamentar de Inqu\u00e9rito) \u00e9 uma comiss\u00e3o com poder de investiga\u00e7\u00e3o policial que \u00e9 instalada para apurar fatos e den\u00fancias em assuntos de interesse do munic\u00edpio. Para que seja instalada, \u00e9 necess\u00e1rio requerimento de ao menos um ter\u00e7o dos membros da C\u00e2mara Municipal de S\u00e3o Paulo e seu prazo de funcionamento \u00e9 fixado&#8230;  <a class=\"excerpt-read-more\" href=\"https:\/\/www.saopaulo.sp.leg.br\/camaraexplica\/conheca-o-legislativo\/cpis\/\" title=\"Leia CPIs\">Leia Mais &raquo;<\/a><\/p>\n","protected":false},"author":733,"featured_media":0,"parent":24,"menu_order":0,"comment_status":"closed","ping_status":"closed","template":"page-legislativo.php","meta":{"_acf_changed":false,"footnotes":""},"class_list":["post-41","page","type-page","status-publish","hentry"],"acf":[],"_links":{"self":[{"href":"https:\/\/www.saopaulo.sp.leg.br\/camaraexplica\/wp-json\/wp\/v2\/pages\/41","targetHints":{"allow":["GET"]}}],"collection":[{"href":"https:\/\/www.saopaulo.sp.leg.br\/camaraexplica\/wp-json\/wp\/v2\/pages"}],"about":[{"href":"https:\/\/www.saopaulo.sp.leg.br\/camaraexplica\/wp-json\/wp\/v2\/types\/page"}],"author":[{"embeddable":true,"href":"https:\/\/www.saopaulo.sp.leg.br\/camaraexplica\/wp-json\/wp\/v2\/users\/733"}],"replies":[{"embeddable":true,"href":"https:\/\/www.saopaulo.sp.leg.br\/camaraexplica\/wp-json\/wp\/v2\/comments?post=41"}],"version-history":[{"count":0,"href":"https:\/\/www.saopaulo.sp.leg.br\/camaraexplica\/wp-json\/wp\/v2\/pages\/41\/revisions"}],"up":[{"embeddable":true,"href":"https:\/\/www.saopaulo.sp.leg.br\/camaraexplica\/wp-json\/wp\/v2\/pages\/24"}],"wp:attachment":[{"href":"https:\/\/www.saopaulo.sp.leg.br\/camaraexplica\/wp-json\/wp\/v2\/media?parent=41"}],"curies":[{"name":"wp","href":"https:\/\/api.w.org\/{rel}","templated":true}]}}