

{"id":37,"date":"2020-11-23T15:14:54","date_gmt":"2020-11-23T18:14:54","guid":{"rendered":"http:\/\/www.saopaulo.sp.leg.br\/camaraexplica\/?page_id=37"},"modified":"2021-02-17T18:34:19","modified_gmt":"2021-02-17T21:34:19","slug":"comissoes-permanentes","status":"publish","type":"page","link":"https:\/\/www.saopaulo.sp.leg.br\/camaraexplica\/conheca-o-legislativo\/comissoes-permanentes\/","title":{"rendered":"Comiss\u00f5es Permanentes"},"content":{"rendered":"<div class=\"description\">\n<p class=\"text-description\">A C\u00e2mara possui sete <strong>Comiss\u00f5es Permanentes de car\u00e1ter t\u00e9cnico-legislativo<\/strong>, dedicadas a diferentes campos tem\u00e1ticos. Elas s\u00e3o respons\u00e1veis por analisar, discutir e votar pareceres sobre os projetos em tramita\u00e7\u00e3o. Ap\u00f3s essa fase da tramita\u00e7\u00e3o, a mat\u00e9ria segue para discuss\u00e3o no Plen\u00e1rio.<\/p>\n<p><iframe title=\"Conhe\u00e7a o Legislativo \u2013 Comiss\u00f5es Permanentes\" width=\"680\" height=\"383\" src=\"https:\/\/www.youtube.com\/embed\/eP2stVBLEcM?feature=oembed\" frameborder=\"0\" allow=\"accelerometer; autoplay; clipboard-write; encrypted-media; gyroscope; picture-in-picture\" allowfullscreen><\/iframe><\/p>\n<p class=\"text-description\">Elas tamb\u00e9m podem convocar representantes da administra\u00e7\u00e3o p\u00fablica para a presta\u00e7\u00e3o de esclarecimentos sobre assuntos pertinentes ao colegiado, al\u00e9m de poderem criar subcomiss\u00f5es para tratar de t\u00f3picos espec\u00edficos.<\/p>\n<p class=\"text-description\">As Comiss\u00f5es Permanentes criadas pelo Regimento Interno da C\u00e2mara s\u00e3o: CCJ (Comiss\u00e3o de Constitui\u00e7\u00e3o, Justi\u00e7a e Legisla\u00e7\u00e3o Participativa); Comiss\u00e3o de Finan\u00e7as e Or\u00e7amento; Comiss\u00e3o de Pol\u00edtica Urbana, Metropolitana e Meio Ambiente; Comiss\u00e3o de Administra\u00e7\u00e3o P\u00fablica; Comiss\u00e3o de Tr\u00e2nsito, Transporte e Atividade Econ\u00f4mica; Comiss\u00e3o de Educa\u00e7\u00e3o, Cultura e Esportes e Comiss\u00e3o de Sa\u00fade, Promo\u00e7\u00e3o Social, Trabalho e Mulher.<\/p>\n<p class=\"text-description\">Tamb\u00e9m existem sete Comiss\u00f5es Extraordin\u00e1rias, de car\u00e1ter permanente, que promovem estudos e debates sobre assuntos em suas \u00e1reas de atua\u00e7\u00e3o. Essas comiss\u00f5es n\u00e3o emitem parecer sobre projetos que tramitam na C\u00e2mara, mas podem propor pol\u00edticas p\u00fablicas ao Legislativo e Executivo.<\/p>\n<p class=\"text-description\">S\u00e3o elas: Comiss\u00e3o Extraordin\u00e1ria de Apoio ao Desenvolvimento do Turismo, do Lazer e da Gastronomia; Comiss\u00e3o Extraordin\u00e1ria de Rela\u00e7\u00f5es Internacionais; Comiss\u00e3o Extraordin\u00e1ria de Direitos Humanos e Cidadania; Comiss\u00e3o Extraordin\u00e1ria de Defesa dos Direitos da Crian\u00e7a, do Adolescente e da Juventude; Comiss\u00e3o Extraordin\u00e1ria do Idoso e de Assist\u00eancia Social; Comiss\u00e3o Extraordin\u00e1ria de Seguran\u00e7a P\u00fablica; Comiss\u00e3o Extraordin\u00e1ria de Meio Ambiente e Direito dos Animais.<\/p>\n<\/div>\n","protected":false},"excerpt":{"rendered":"<p>A C\u00e2mara possui sete Comiss\u00f5es Permanentes de car\u00e1ter t\u00e9cnico-legislativo, dedicadas a diferentes campos tem\u00e1ticos. Elas s\u00e3o respons\u00e1veis por analisar, discutir e votar pareceres sobre os projetos em tramita\u00e7\u00e3o. Ap\u00f3s essa fase da tramita\u00e7\u00e3o, a mat\u00e9ria segue para discuss\u00e3o no Plen\u00e1rio. Elas tamb\u00e9m podem convocar representantes da administra\u00e7\u00e3o p\u00fablica para a presta\u00e7\u00e3o de esclarecimentos sobre assuntos&#8230;  <a class=\"excerpt-read-more\" href=\"https:\/\/www.saopaulo.sp.leg.br\/camaraexplica\/conheca-o-legislativo\/comissoes-permanentes\/\" title=\"Leia Comiss\u00f5es Permanentes\">Leia Mais &raquo;<\/a><\/p>\n","protected":false},"author":733,"featured_media":0,"parent":24,"menu_order":0,"comment_status":"closed","ping_status":"closed","template":"page-legislativo.php","meta":{"_acf_changed":false,"footnotes":""},"class_list":["post-37","page","type-page","status-publish","hentry"],"acf":[],"_links":{"self":[{"href":"https:\/\/www.saopaulo.sp.leg.br\/camaraexplica\/wp-json\/wp\/v2\/pages\/37","targetHints":{"allow":["GET"]}}],"collection":[{"href":"https:\/\/www.saopaulo.sp.leg.br\/camaraexplica\/wp-json\/wp\/v2\/pages"}],"about":[{"href":"https:\/\/www.saopaulo.sp.leg.br\/camaraexplica\/wp-json\/wp\/v2\/types\/page"}],"author":[{"embeddable":true,"href":"https:\/\/www.saopaulo.sp.leg.br\/camaraexplica\/wp-json\/wp\/v2\/users\/733"}],"replies":[{"embeddable":true,"href":"https:\/\/www.saopaulo.sp.leg.br\/camaraexplica\/wp-json\/wp\/v2\/comments?post=37"}],"version-history":[{"count":0,"href":"https:\/\/www.saopaulo.sp.leg.br\/camaraexplica\/wp-json\/wp\/v2\/pages\/37\/revisions"}],"up":[{"embeddable":true,"href":"https:\/\/www.saopaulo.sp.leg.br\/camaraexplica\/wp-json\/wp\/v2\/pages\/24"}],"wp:attachment":[{"href":"https:\/\/www.saopaulo.sp.leg.br\/camaraexplica\/wp-json\/wp\/v2\/media?parent=37"}],"curies":[{"name":"wp","href":"https:\/\/api.w.org\/{rel}","templated":true}]}}