

{"id":34,"date":"2020-11-23T15:14:24","date_gmt":"2020-11-23T18:14:24","guid":{"rendered":"http:\/\/www.saopaulo.sp.leg.br\/camaraexplica\/?page_id=34"},"modified":"2021-02-17T18:33:18","modified_gmt":"2021-02-17T21:33:18","slug":"sessao-plenaria","status":"publish","type":"page","link":"https:\/\/www.saopaulo.sp.leg.br\/camaraexplica\/conheca-o-legislativo\/sessao-plenaria\/","title":{"rendered":"Sess\u00e3o Plen\u00e1ria"},"content":{"rendered":"<div class=\"description\">\n<p class=\"text-description\">A Sess\u00e3o Plen\u00e1ria \u00e9 a reuni\u00e3o onde ocorrem as discuss\u00f5es e delibera\u00e7\u00f5es do Poder Legislativo paulistano para a elabora\u00e7\u00e3o de leis e a fiscaliza\u00e7\u00e3o dos atos da Prefeitura, al\u00e9m de manifesta\u00e7\u00f5es de diversas opini\u00f5es e posi\u00e7\u00f5es partid\u00e1rias e da sociedade.<\/p>\n<p><iframe title=\"Conhe\u00e7a o Legislativo - Sess\u00e3o Plen\u00e1ria\" width=\"680\" height=\"383\" src=\"https:\/\/www.youtube.com\/embed\/xVjkHxW0Jmk?feature=oembed\" frameborder=\"0\" allow=\"accelerometer; autoplay; clipboard-write; encrypted-media; gyroscope; picture-in-picture\" allowfullscreen><\/iframe><\/p>\n<p class=\"text-description\">As Sess\u00f5es podem ser classificadas como deliberativas, quando h\u00e1 discuss\u00e3o e vota\u00e7\u00e3o de projetos, ou n\u00e3o deliberativas. As deliberativas podem ainda ser ordin\u00e1rias, quando s\u00e3o convocadas previamente com pauta definida, ou extraordin\u00e1rias, convocadas previamente, mas com pauta indicada pelo Col\u00e9gio de L\u00edderes.<\/p>\n<p class=\"text-description\">As Sess\u00f5es Ordin\u00e1rias da C\u00e2mara Municipal de S\u00e3o Paulo s\u00e3o convocadas semanalmente \u00e0s ter\u00e7as, quartas e quintas-feiras, \u00e0s 15h, e acontecem no Plen\u00e1rio 1\u00ba de Maio.<\/p>\n<\/div>\n","protected":false},"excerpt":{"rendered":"<p>A Sess\u00e3o Plen\u00e1ria \u00e9 a reuni\u00e3o onde ocorrem as discuss\u00f5es e delibera\u00e7\u00f5es do Poder Legislativo paulistano para a elabora\u00e7\u00e3o de leis e a fiscaliza\u00e7\u00e3o dos atos da Prefeitura, al\u00e9m de manifesta\u00e7\u00f5es de diversas opini\u00f5es e posi\u00e7\u00f5es partid\u00e1rias e da sociedade. As Sess\u00f5es podem ser classificadas como deliberativas, quando h\u00e1 discuss\u00e3o e vota\u00e7\u00e3o de projetos, ou&#8230;  <a class=\"excerpt-read-more\" href=\"https:\/\/www.saopaulo.sp.leg.br\/camaraexplica\/conheca-o-legislativo\/sessao-plenaria\/\" title=\"Leia Sess\u00e3o Plen\u00e1ria\">Leia Mais &raquo;<\/a><\/p>\n","protected":false},"author":733,"featured_media":0,"parent":24,"menu_order":0,"comment_status":"closed","ping_status":"closed","template":"page-legislativo.php","meta":{"_acf_changed":false,"footnotes":""},"class_list":["post-34","page","type-page","status-publish","hentry"],"acf":[],"_links":{"self":[{"href":"https:\/\/www.saopaulo.sp.leg.br\/camaraexplica\/wp-json\/wp\/v2\/pages\/34","targetHints":{"allow":["GET"]}}],"collection":[{"href":"https:\/\/www.saopaulo.sp.leg.br\/camaraexplica\/wp-json\/wp\/v2\/pages"}],"about":[{"href":"https:\/\/www.saopaulo.sp.leg.br\/camaraexplica\/wp-json\/wp\/v2\/types\/page"}],"author":[{"embeddable":true,"href":"https:\/\/www.saopaulo.sp.leg.br\/camaraexplica\/wp-json\/wp\/v2\/users\/733"}],"replies":[{"embeddable":true,"href":"https:\/\/www.saopaulo.sp.leg.br\/camaraexplica\/wp-json\/wp\/v2\/comments?post=34"}],"version-history":[{"count":0,"href":"https:\/\/www.saopaulo.sp.leg.br\/camaraexplica\/wp-json\/wp\/v2\/pages\/34\/revisions"}],"up":[{"embeddable":true,"href":"https:\/\/www.saopaulo.sp.leg.br\/camaraexplica\/wp-json\/wp\/v2\/pages\/24"}],"wp:attachment":[{"href":"https:\/\/www.saopaulo.sp.leg.br\/camaraexplica\/wp-json\/wp\/v2\/media?parent=34"}],"curies":[{"name":"wp","href":"https:\/\/api.w.org\/{rel}","templated":true}]}}