

{"id":311,"date":"2020-12-23T10:54:53","date_gmt":"2020-12-23T13:54:53","guid":{"rendered":"http:\/\/www.saopaulo.sp.leg.br\/camaraexplica\/?page_id=311"},"modified":"2021-02-17T18:33:46","modified_gmt":"2021-02-17T21:33:46","slug":"comissoes-parlamentares","status":"publish","type":"page","link":"https:\/\/www.saopaulo.sp.leg.br\/camaraexplica\/conheca-o-legislativo\/comissoes-parlamentares\/","title":{"rendered":"Comiss\u00f5es Parlamentares"},"content":{"rendered":"<div class=\"description\">\n<p class=\"text-description\">As Comiss\u00f5es Parlamentares da C\u00e2mara Municipal de S\u00e3o Paulo s\u00e3o grupos com representa\u00e7\u00e3o das bancadas partid\u00e1rias que t\u00eam, entre suas fun\u00e7\u00f5es, a discuss\u00e3o e a emiss\u00e3o de pareceres sobre os Projetos de Lei apresentados na Casa, a realiza\u00e7\u00e3o de Audi\u00eancias P\u00fablicas e a fiscaliza\u00e7\u00e3o do Poder P\u00fablico. Para abranger os detalhes de cada assunto tratado nas mais diversas fases da tramita\u00e7\u00e3o legislativa, as comiss\u00f5es s\u00e3o organizadas em diferentes \u00e1reas tem\u00e1ticas e divididas em dois grandes grupos: as comiss\u00f5es permanentes e as tempor\u00e1rias. <\/p>\n<p><iframe title=\"Conhe\u00e7a o Legislativo \u2013 Comiss\u00f5es Parlamentares\" width=\"680\" height=\"383\" src=\"https:\/\/www.youtube.com\/embed\/rRnUiFcQlFc?feature=oembed\" frameborder=\"0\" allow=\"accelerometer; autoplay; clipboard-write; encrypted-media; gyroscope; picture-in-picture\" allowfullscreen><\/iframe><\/p>\n<p class=\"text-description\">Al\u00e9m de fiscalizar o funcionamento dos servi\u00e7os p\u00fablicos submetidos aos seus temas, as Comiss\u00f5es promovem estudos e audi\u00eancias p\u00fablicas antes de emitirem os respectivos pareceres.<\/p>\n<\/div>\n","protected":false},"excerpt":{"rendered":"<p>As Comiss\u00f5es Parlamentares da C\u00e2mara Municipal de S\u00e3o Paulo s\u00e3o grupos com representa\u00e7\u00e3o das bancadas partid\u00e1rias que t\u00eam, entre suas fun\u00e7\u00f5es, a discuss\u00e3o e a emiss\u00e3o de pareceres sobre os Projetos de Lei apresentados na Casa, a realiza\u00e7\u00e3o de Audi\u00eancias P\u00fablicas e a fiscaliza\u00e7\u00e3o do Poder P\u00fablico. Para abranger os detalhes de cada assunto tratado&#8230;  <a class=\"excerpt-read-more\" href=\"https:\/\/www.saopaulo.sp.leg.br\/camaraexplica\/conheca-o-legislativo\/comissoes-parlamentares\/\" title=\"Leia Comiss\u00f5es Parlamentares\">Leia Mais &raquo;<\/a><\/p>\n","protected":false},"author":733,"featured_media":0,"parent":24,"menu_order":0,"comment_status":"closed","ping_status":"closed","template":"page-legislativo.php","meta":{"_acf_changed":false,"footnotes":""},"class_list":["post-311","page","type-page","status-publish","hentry"],"acf":[],"_links":{"self":[{"href":"https:\/\/www.saopaulo.sp.leg.br\/camaraexplica\/wp-json\/wp\/v2\/pages\/311","targetHints":{"allow":["GET"]}}],"collection":[{"href":"https:\/\/www.saopaulo.sp.leg.br\/camaraexplica\/wp-json\/wp\/v2\/pages"}],"about":[{"href":"https:\/\/www.saopaulo.sp.leg.br\/camaraexplica\/wp-json\/wp\/v2\/types\/page"}],"author":[{"embeddable":true,"href":"https:\/\/www.saopaulo.sp.leg.br\/camaraexplica\/wp-json\/wp\/v2\/users\/733"}],"replies":[{"embeddable":true,"href":"https:\/\/www.saopaulo.sp.leg.br\/camaraexplica\/wp-json\/wp\/v2\/comments?post=311"}],"version-history":[{"count":0,"href":"https:\/\/www.saopaulo.sp.leg.br\/camaraexplica\/wp-json\/wp\/v2\/pages\/311\/revisions"}],"up":[{"embeddable":true,"href":"https:\/\/www.saopaulo.sp.leg.br\/camaraexplica\/wp-json\/wp\/v2\/pages\/24"}],"wp:attachment":[{"href":"https:\/\/www.saopaulo.sp.leg.br\/camaraexplica\/wp-json\/wp\/v2\/media?parent=311"}],"curies":[{"name":"wp","href":"https:\/\/api.w.org\/{rel}","templated":true}]}}