

{"id":31,"date":"2020-11-23T15:13:16","date_gmt":"2020-11-23T18:13:16","guid":{"rendered":"http:\/\/www.saopaulo.sp.leg.br\/camaraexplica\/?page_id=31"},"modified":"2023-06-21T13:12:19","modified_gmt":"2023-06-21T16:12:19","slug":"regimento-interno","status":"publish","type":"page","link":"https:\/\/www.saopaulo.sp.leg.br\/camaraexplica\/conheca-o-legislativo\/regimento-interno\/","title":{"rendered":"Regimento Interno"},"content":{"rendered":"<div class=\"description\">\n<p class=\"text-description\">O Regimento Interno da C\u00e2mara Municipal de S\u00e3o Paulo re\u00fane as normas que regulamentam o funcionamento da Casa e a atua\u00e7\u00e3o dos 55 vereadores do Legislativo paulistano.<\/p>\n<p><iframe title=\"Conhe\u00e7a o Legislativo \u2013 Regimento Interno\" width=\"680\" height=\"383\" src=\"https:\/\/www.youtube.com\/embed\/plzpjTLA1JY?feature=oembed\" frameborder=\"0\" allow=\"accelerometer; autoplay; clipboard-write; encrypted-media; gyroscope; picture-in-picture; web-share\" allowfullscreen><\/iframe><\/p>\n<p class=\"text-description\">Orienta\u00e7\u00f5es para realiza\u00e7\u00e3o das sess\u00f5es legislativas, a tramita\u00e7\u00e3o das propostas parlamentares, as regras de elei\u00e7\u00e3o e atua\u00e7\u00e3o da Mesa Diretora, o trabalho das comiss\u00f5es e a conduta dos parlamentares s\u00e3o abordadas pelo documento.<\/p>\n<p class=\"text-description\">O Regimento Interno pode eventualmente receber mudan\u00e7as ou atualiza\u00e7\u00f5es por meio de PRs (Projetos de Resolu\u00e7\u00e3o), que devem seguir o tr\u00e2mite legal antes de produzir efeito.<\/p>\n<\/div>\n","protected":false},"excerpt":{"rendered":"<p>O Regimento Interno da C\u00e2mara Municipal de S\u00e3o Paulo re\u00fane as normas que regulamentam o funcionamento da Casa e a atua\u00e7\u00e3o dos 55 vereadores do Legislativo paulistano. Orienta\u00e7\u00f5es para realiza\u00e7\u00e3o das sess\u00f5es legislativas, a tramita\u00e7\u00e3o das propostas parlamentares, as regras de elei\u00e7\u00e3o e atua\u00e7\u00e3o da Mesa Diretora, o trabalho das comiss\u00f5es e a conduta dos&#8230;  <a class=\"excerpt-read-more\" href=\"https:\/\/www.saopaulo.sp.leg.br\/camaraexplica\/conheca-o-legislativo\/regimento-interno\/\" title=\"Leia Regimento Interno\">Leia Mais &raquo;<\/a><\/p>\n","protected":false},"author":733,"featured_media":0,"parent":24,"menu_order":0,"comment_status":"closed","ping_status":"closed","template":"page-legislativo.php","meta":{"_acf_changed":false,"footnotes":""},"class_list":["post-31","page","type-page","status-publish","hentry"],"acf":[],"_links":{"self":[{"href":"https:\/\/www.saopaulo.sp.leg.br\/camaraexplica\/wp-json\/wp\/v2\/pages\/31","targetHints":{"allow":["GET"]}}],"collection":[{"href":"https:\/\/www.saopaulo.sp.leg.br\/camaraexplica\/wp-json\/wp\/v2\/pages"}],"about":[{"href":"https:\/\/www.saopaulo.sp.leg.br\/camaraexplica\/wp-json\/wp\/v2\/types\/page"}],"author":[{"embeddable":true,"href":"https:\/\/www.saopaulo.sp.leg.br\/camaraexplica\/wp-json\/wp\/v2\/users\/733"}],"replies":[{"embeddable":true,"href":"https:\/\/www.saopaulo.sp.leg.br\/camaraexplica\/wp-json\/wp\/v2\/comments?post=31"}],"version-history":[{"count":0,"href":"https:\/\/www.saopaulo.sp.leg.br\/camaraexplica\/wp-json\/wp\/v2\/pages\/31\/revisions"}],"up":[{"embeddable":true,"href":"https:\/\/www.saopaulo.sp.leg.br\/camaraexplica\/wp-json\/wp\/v2\/pages\/24"}],"wp:attachment":[{"href":"https:\/\/www.saopaulo.sp.leg.br\/camaraexplica\/wp-json\/wp\/v2\/media?parent=31"}],"curies":[{"name":"wp","href":"https:\/\/api.w.org\/{rel}","templated":true}]}}