

{"id":24,"date":"2020-11-23T15:05:24","date_gmt":"2020-11-23T18:05:24","guid":{"rendered":"http:\/\/www.saopaulo.sp.leg.br\/camaraexplica\/?page_id=24"},"modified":"2022-10-18T17:52:25","modified_gmt":"2022-10-18T20:52:25","slug":"conheca-o-legislativo","status":"publish","type":"page","link":"https:\/\/www.saopaulo.sp.leg.br\/camaraexplica\/conheca-o-legislativo\/","title":{"rendered":"Conhe\u00e7a o Legislativo"},"content":{"rendered":"\t\t<div data-elementor-type=\"wp-page\" data-elementor-id=\"24\" class=\"elementor elementor-24\">\n\t\t\t\t\t\t<section class=\"elementor-section elementor-top-section elementor-element elementor-element-84f9624 elementor-section-boxed elementor-section-height-default elementor-section-height-default\" data-id=\"84f9624\" data-element_type=\"section\" data-e-type=\"section\">\n\t\t\t\t\t\t<div class=\"elementor-container elementor-column-gap-default\">\n\t\t\t\t\t<div class=\"elementor-column elementor-col-100 elementor-top-column elementor-element elementor-element-14cb77e\" data-id=\"14cb77e\" data-element_type=\"column\" data-e-type=\"column\">\n\t\t\t<div class=\"elementor-widget-wrap elementor-element-populated\">\n\t\t\t\t\t\t<div class=\"elementor-element elementor-element-b46ec44 elementor-widget elementor-widget-html\" data-id=\"b46ec44\" data-element_type=\"widget\" data-e-type=\"widget\" data-widget_type=\"html.default\">\n\t\t\t\t<div class=\"elementor-widget-container\">\n\t\t\t\t\t<div class=\"description-home\">\n\n<p class=\"text-description\">Com linguagem acess\u00edvel, o Conhe\u00e7a o Legislativo \u00e9 um conte\u00fado audiovisual, que convida o cidad\u00e3o a ampliar seus conhecimentos e entender a din\u00e2mica das atividades na C\u00e2mara de Vereadores <\/p>\n\n<\/div>\t\t\t\t<\/div>\n\t\t\t\t<\/div>\n\t\t\t\t<div class=\"elementor-element elementor-element-5e248d8 elementor-widget elementor-widget-wp-widget-pods_widget_list\" data-id=\"5e248d8\" data-element_type=\"widget\" data-e-type=\"widget\" data-widget_type=\"wp-widget-pods_widget_list.default\">\n\t\t\t\t<div class=\"elementor-widget-container\">\n\t\t\t\t\t<div class=\"page-icons\">\r\n<a title=\"C\u00e2mara Explica\" href=\"https:\/\/www.saopaulo.sp.leg.br\/camaraexplica\/o-legislativo-paulistano\/\" rel=\"noopener\">\r\n\t<img decoding=\"async\" src=\"https:\/\/www.saopaulo.sp.leg.br\/camaraexplica\/wp-content\/uploads\/sites\/41\/2021\/02\/legislativo.png\" alt=\"O Legislativo Paulistano\">\r\n\t<span>O Legislativo Paulistano<\/span>\r\n<\/a>\r\n<\/div><div class=\"page-icons\">\r\n<a title=\"C\u00e2mara Explica\" href=\"https:\/\/www.saopaulo.sp.leg.br\/camaraexplica\/regimento-interno\" rel=\"noopener\">\r\n\t<img decoding=\"async\" src=\"https:\/\/www.saopaulo.sp.leg.br\/camaraexplica\/wp-content\/uploads\/sites\/41\/2021\/02\/regimento.png\" alt=\"Regimento Interno\">\r\n\t<span>Regimento Interno<\/span>\r\n<\/a>\r\n<\/div><div class=\"page-icons\">\r\n<a title=\"C\u00e2mara Explica\" href=\"https:\/\/www.saopaulo.sp.leg.br\/camaraexplica\/sessao-plenaria\" rel=\"noopener\">\r\n\t<img decoding=\"async\" src=\"https:\/\/www.saopaulo.sp.leg.br\/camaraexplica\/wp-content\/uploads\/sites\/41\/2021\/02\/ouvidoria.png\" alt=\"Sess\u00e3o Plen\u00e1ria\">\r\n\t<span>Sess\u00e3o Plen\u00e1ria<\/span>\r\n<\/a>\r\n<\/div><div class=\"page-icons\">\r\n<a title=\"C\u00e2mara Explica\" href=\"https:\/\/www.saopaulo.sp.leg.br\/camaraexplica\/comissoes-parlamentares\" rel=\"noopener\">\r\n\t<img decoding=\"async\" src=\"https:\/\/www.saopaulo.sp.leg.br\/camaraexplica\/wp-content\/uploads\/sites\/41\/2021\/02\/vereadores.png\" alt=\"Comiss\u00f5es Parlamentares\">\r\n\t<span>Comiss\u00f5es Parlamentares<\/span>\r\n<\/a>\r\n<\/div><div class=\"page-icons\">\r\n<a title=\"C\u00e2mara Explica\" href=\"https:\/\/www.saopaulo.sp.leg.br\/camaraexplica\/comissoes-permanentes\" rel=\"noopener\">\r\n\t<img decoding=\"async\" src=\"https:\/\/www.saopaulo.sp.leg.br\/camaraexplica\/wp-content\/uploads\/sites\/41\/2021\/02\/cteo.png\" alt=\"Comiss\u00f5es Permanentes\">\r\n\t<span>Comiss\u00f5es Permanentes<\/span>\r\n<\/a>\r\n<\/div><div class=\"page-icons\">\r\n<a title=\"C\u00e2mara Explica\" href=\"https:\/\/www.saopaulo.sp.leg.br\/camaraexplica\/comissoes-extraordinarias\" rel=\"noopener\">\r\n\t<img decoding=\"async\" src=\"https:\/\/www.saopaulo.sp.leg.br\/camaraexplica\/wp-content\/uploads\/sites\/41\/2021\/02\/camara360.png\" alt=\"Comiss\u00f5es Extraordin\u00e1rias\">\r\n\t<span>Comiss\u00f5es Extraordin\u00e1rias<\/span>\r\n<\/a>\r\n<\/div><div class=\"page-icons\">\r\n<a title=\"C\u00e2mara Explica\" href=\"https:\/\/www.saopaulo.sp.leg.br\/camaraexplica\/cpis\" rel=\"noopener\">\r\n\t<img decoding=\"async\" src=\"https:\/\/www.saopaulo.sp.leg.br\/camaraexplica\/wp-content\/uploads\/sites\/41\/2021\/02\/comissoes.png\" alt=\"CPIs\">\r\n\t<span>CPIs<\/span>\r\n<\/a>\r\n<\/div><div class=\"page-icons\">\r\n<a title=\"C\u00e2mara Explica\" href=\"https:\/\/www.saopaulo.sp.leg.br\/camaraexplica\/plenario-virtual\" rel=\"noopener\">\r\n\t<img decoding=\"async\" src=\"https:\/\/www.saopaulo.sp.leg.br\/camaraexplica\/wp-content\/uploads\/sites\/41\/2021\/02\/audiencia.png\" alt=\"Plen\u00e1rio Virtual\">\r\n\t<span>Plen\u00e1rio Virtual<\/span>\r\n<\/a>\r\n<\/div><div class=\"page-icons\">\r\n<a title=\"C\u00e2mara Explica\" href=\"https:\/\/www.saopaulo.sp.leg.br\/camaraexplica\/audiencias-publicas\" rel=\"noopener\">\r\n\t<img decoding=\"async\" src=\"https:\/\/www.saopaulo.sp.leg.br\/camaraexplica\/wp-content\/uploads\/sites\/41\/2021\/02\/inscricao.png\" alt=\"Audi\u00eancias P\u00fablicas\">\r\n\t<span>Audi\u00eancias P\u00fablicas<\/span>\r\n<\/a>\r\n<\/div><div class=\"page-icons\">\r\n<a title=\"C\u00e2mara Explica\" href=\"https:\/\/www.saopaulo.sp.leg.br\/camaraexplica\/corregedoria\" rel=\"noopener\">\r\n\t<img decoding=\"async\" src=\"https:\/\/www.saopaulo.sp.leg.br\/camaraexplica\/wp-content\/uploads\/sites\/41\/2021\/02\/setores.png\" alt=\"Corregedoria\">\r\n\t<span>Corregedoria<\/span>\r\n<\/a>\r\n<\/div><div class=\"page-icons\">\r\n<a title=\"C\u00e2mara Explica\" href=\"https:\/\/www.saopaulo.sp.leg.br\/camaraexplica\/colegio-de-lideres\" rel=\"noopener\">\r\n\t<img decoding=\"async\" src=\"https:\/\/www.saopaulo.sp.leg.br\/camaraexplica\/wp-content\/uploads\/sites\/41\/2021\/02\/parlamento.png\" alt=\"Col\u00e9gio de L\u00edderes\">\r\n\t<span>Col\u00e9gio de L\u00edderes<\/span>\r\n<\/a>\r\n<\/div><div class=\"page-icons\">\r\n<a title=\"C\u00e2mara Explica\" href=\"https:\/\/www.saopaulo.sp.leg.br\/camaraexplica\/honrarias\" rel=\"noopener\">\r\n\t<img decoding=\"async\" src=\"https:\/\/www.saopaulo.sp.leg.br\/camaraexplica\/wp-content\/uploads\/sites\/41\/2021\/02\/servico.png\" alt=\"Honrarias\">\r\n\t<span>Honrarias<\/span>\r\n<\/a>\r\n<\/div><div class=\"page-icons\">\r\n<a title=\"C\u00e2mara Explica\" href=\"https:\/\/www.saopaulo.sp.leg.br\/camaraexplica\/premios-institucionais\" rel=\"noopener\">\r\n\t<img decoding=\"async\" src=\"https:\/\/www.saopaulo.sp.leg.br\/camaraexplica\/wp-content\/uploads\/sites\/41\/2021\/02\/escola.png\" alt=\"Pr\u00eamios Institucionais\">\r\n\t<span>Pr\u00eamios Institucionais<\/span>\r\n<\/a>\r\n<\/div><div class=\"page-icons\">\r\n<a title=\"C\u00e2mara Explica\" href=\"https:\/\/www.saopaulo.sp.leg.br\/camaraexplica\/projeto-de-lei\" rel=\"noopener\">\r\n\t<img decoding=\"async\" src=\"https:\/\/www.saopaulo.sp.leg.br\/camaraexplica\/wp-content\/uploads\/sites\/41\/2021\/02\/consulta.png\" alt=\"Projeto de Lei\">\r\n\t<span>Projeto de Lei<\/span>\r\n<\/a>\r\n<\/div><div class=\"page-icons\">\r\n<a title=\"C\u00e2mara Explica\" href=\"https:\/\/www.saopaulo.sp.leg.br\/camaraexplica\/auditorios-online\" rel=\"noopener\">\r\n\t<img decoding=\"async\" src=\"https:\/\/www.saopaulo.sp.leg.br\/camaraexplica\/wp-content\/uploads\/sites\/41\/2021\/02\/noticias.png\" alt=\"Audit\u00f3rios Online\">\r\n\t<span>Audit\u00f3rios Online<\/span>\r\n<\/a>\r\n<\/div><div class=\"page-icons\">\r\n<a title=\"C\u00e2mara Explica\" href=\"https:\/\/www.saopaulo.sp.leg.br\/camaraexplica\/multimidia-portal\" rel=\"noopener\">\r\n\t<img decoding=\"async\" src=\"https:\/\/www.saopaulo.sp.leg.br\/camaraexplica\/wp-content\/uploads\/sites\/41\/2021\/02\/comunicacao.png\" alt=\"Multim\u00eddia \u2013 Portal\">\r\n\t<span>Multim\u00eddia \u2013 Portal<\/span>\r\n<\/a>\r\n<\/div>\t\t\t\t<\/div>\n\t\t\t\t<\/div>\n\t\t\t\t\t<\/div>\n\t\t<\/div>\n\t\t\t\t\t<\/div>\n\t\t<\/section>\n\t\t\t\t<\/div>\n\t\t","protected":false},"excerpt":{"rendered":"<p>Com linguagem acess\u00edvel, o Conhe\u00e7a o Legislativo \u00e9 um conte\u00fado audiovisual, que convida o cidad\u00e3o a ampliar seus conhecimentos e entender a din\u00e2mica das atividades na C\u00e2mara de Vereadores<\/p>\n","protected":false},"author":733,"featured_media":0,"parent":0,"menu_order":0,"comment_status":"closed","ping_status":"closed","template":"","meta":{"_acf_changed":false,"footnotes":""},"class_list":["post-24","page","type-page","status-publish","hentry"],"acf":[],"_links":{"self":[{"href":"https:\/\/www.saopaulo.sp.leg.br\/camaraexplica\/wp-json\/wp\/v2\/pages\/24","targetHints":{"allow":["GET"]}}],"collection":[{"href":"https:\/\/www.saopaulo.sp.leg.br\/camaraexplica\/wp-json\/wp\/v2\/pages"}],"about":[{"href":"https:\/\/www.saopaulo.sp.leg.br\/camaraexplica\/wp-json\/wp\/v2\/types\/page"}],"author":[{"embeddable":true,"href":"https:\/\/www.saopaulo.sp.leg.br\/camaraexplica\/wp-json\/wp\/v2\/users\/733"}],"replies":[{"embeddable":true,"href":"https:\/\/www.saopaulo.sp.leg.br\/camaraexplica\/wp-json\/wp\/v2\/comments?post=24"}],"version-history":[{"count":0,"href":"https:\/\/www.saopaulo.sp.leg.br\/camaraexplica\/wp-json\/wp\/v2\/pages\/24\/revisions"}],"wp:attachment":[{"href":"https:\/\/www.saopaulo.sp.leg.br\/camaraexplica\/wp-json\/wp\/v2\/media?parent=24"}],"curies":[{"name":"wp","href":"https:\/\/api.w.org\/{rel}","templated":true}]}}