

{"id":1386,"date":"2023-07-10T14:29:06","date_gmt":"2023-07-10T17:29:06","guid":{"rendered":"https:\/\/www.saopaulo.sp.leg.br\/camaraexplica\/?page_id=1386"},"modified":"2024-07-15T13:21:46","modified_gmt":"2024-07-15T16:21:46","slug":"quero-saber","status":"publish","type":"page","link":"https:\/\/www.saopaulo.sp.leg.br\/camaraexplica\/quero-saber\/","title":{"rendered":"Quero Saber"},"content":{"rendered":"\t\t<div data-elementor-type=\"wp-page\" data-elementor-id=\"1386\" class=\"elementor elementor-1386\">\n\t\t\t\t\t\t<section class=\"elementor-section elementor-top-section elementor-element elementor-element-672a3d2a elementor-section-boxed elementor-section-height-default elementor-section-height-default\" data-id=\"672a3d2a\" data-element_type=\"section\" data-e-type=\"section\">\n\t\t\t\t\t\t<div class=\"elementor-container elementor-column-gap-default\">\n\t\t\t\t\t<div class=\"elementor-column elementor-col-100 elementor-top-column elementor-element elementor-element-e0f923c\" data-id=\"e0f923c\" data-element_type=\"column\" data-e-type=\"column\">\n\t\t\t<div class=\"elementor-widget-wrap elementor-element-populated\">\n\t\t\t\t\t\t<div class=\"elementor-element elementor-element-12e237e6 elementor-widget elementor-widget-text-editor\" data-id=\"12e237e6\" data-element_type=\"widget\" data-e-type=\"widget\" data-widget_type=\"text-editor.default\">\n\t\t\t\t<div class=\"elementor-widget-container\">\n\t\t\t\t\t\t\t\t\t<p class=\"text-description\" style=\"text-align: center\">O C\u00e2mara Explica \u00e9 uma plataforma de conte\u00fados sobre o Legislativo paulistano. Com o intuito de distribuir informa\u00e7\u00e3o sobre o funcionamento, setores e express\u00f5es legislativas, buscamos utilizar linguagem simplificada, objetiva e inclusiva. Caso a busca por informa\u00e7\u00e3o n\u00e3o tenha a profundidade necess\u00e1ria para voc\u00ea, acesse <strong><a href=\"https:\/\/www.saopaulo.sp.leg.br\/atividade-legislativa\/splegis-consulta\/\">SPLEGIS<\/a>, <a href=\"https:\/\/www.saopaulo.sp.leg.br\/institucional\/procuradoria\/plp-portal-da-legislacao-paulistana\/\">PLP<\/a>, <a href=\"https:\/\/www.saopaulo.sp.leg.br\/biblioteca\/\">Biblioteca<\/a>, ou <a href=\"https:\/\/www.saopaulo.sp.leg.br\/memoria\/\">Centro de Mem\u00f3ria.<\/a><\/strong><\/p>\t\t\t\t\t\t\t\t<\/div>\n\t\t\t\t<\/div>\n\t\t\t\t\t<\/div>\n\t\t<\/div>\n\t\t\t\t\t<\/div>\n\t\t<\/section>\n\t\t\t\t<\/div>\n\t\t","protected":false},"excerpt":{"rendered":"<p>O C\u00e2mara Explica \u00e9 uma plataforma de conte\u00fados sobre o Legislativo paulistano. Com o intuito de distribuir informa\u00e7\u00e3o sobre o funcionamento, setores e express\u00f5es legislativas, buscamos utilizar linguagem simplificada, objetiva e inclusiva. Caso a busca por informa\u00e7\u00e3o n\u00e3o tenha a profundidade necess\u00e1ria para voc\u00ea, acesse SPLEGIS, PLP, Biblioteca, ou Centro de Mem\u00f3ria.<\/p>\n","protected":false},"author":733,"featured_media":0,"parent":0,"menu_order":0,"comment_status":"closed","ping_status":"closed","template":"","meta":{"_acf_changed":false,"footnotes":""},"class_list":["post-1386","page","type-page","status-publish","hentry"],"acf":[],"_links":{"self":[{"href":"https:\/\/www.saopaulo.sp.leg.br\/camaraexplica\/wp-json\/wp\/v2\/pages\/1386","targetHints":{"allow":["GET"]}}],"collection":[{"href":"https:\/\/www.saopaulo.sp.leg.br\/camaraexplica\/wp-json\/wp\/v2\/pages"}],"about":[{"href":"https:\/\/www.saopaulo.sp.leg.br\/camaraexplica\/wp-json\/wp\/v2\/types\/page"}],"author":[{"embeddable":true,"href":"https:\/\/www.saopaulo.sp.leg.br\/camaraexplica\/wp-json\/wp\/v2\/users\/733"}],"replies":[{"embeddable":true,"href":"https:\/\/www.saopaulo.sp.leg.br\/camaraexplica\/wp-json\/wp\/v2\/comments?post=1386"}],"version-history":[{"count":0,"href":"https:\/\/www.saopaulo.sp.leg.br\/camaraexplica\/wp-json\/wp\/v2\/pages\/1386\/revisions"}],"wp:attachment":[{"href":"https:\/\/www.saopaulo.sp.leg.br\/camaraexplica\/wp-json\/wp\/v2\/media?parent=1386"}],"curies":[{"name":"wp","href":"https:\/\/api.w.org\/{rel}","templated":true}]}}